{"id":477665,"date":"2026-03-31T18:53:11","date_gmt":"2026-03-31T16:53:11","guid":{"rendered":"https:\/\/klimavex.eu\/sk\/katalog\/vzduchova-clona-vortice-ad-2000-230v\/"},"modified":"2026-03-31T18:54:24","modified_gmt":"2026-03-31T16:54:24","slug":"vzduchova-clona-vortice-ad-2000-230v","status":"publish","type":"product","link":"https:\/\/klimavex.eu\/sk\/katalog\/vzduchova-clona-vortice-ad-2000-230v\/","title":{"rendered":"Vzduchov\u00e1 clona Vortice AD 2000 (230V)"},"content":{"rendered":"<p style=\"text-align: justify;\"><strong>K\u013e&uacute;\u010dov&eacute; vlastnosti: <\/strong><\/p>\n<ul>\n<li style=\"text-align: justify;\">Motor s dvoma hriade\u013emi vybaven&yacute; tepelnou poistkou.<\/li>\n<li style=\"text-align: justify;\">Obsahuje nap&aacute;jac&iacute; k&aacute;bel so &scaron;tandardnou z&aacute;str\u010dkou.<\/li>\n<li style=\"text-align: justify;\">M&ocirc;\u017ee by\u0165 pou\u017eit&aacute; v&nbsp;s&uacute;\u010dinnosti s dvern&yacute;m sn&iacute;ma\u010dom.<\/li>\n<li style=\"text-align: justify;\">Tangenci&aacute;lne ventil&aacute;tory zabezpe\u010duj&uacute;ce tich&uacute; prev&aacute;dzku.<\/li>\n<li style=\"text-align: justify;\">Dvojot&aacute;\u010dkov&eacute; motory.<\/li>\n<li style=\"text-align: justify;\">Infra\u010derven&yacute; dia\u013ekov&yacute; ovl&aacute;da\u010d s jedn&yacute;m tla\u010didlom umo\u017e\u0148uj&uacute;cim zapnutie\/vypnutie zariadenia a zvolenie ot&aacute;\u010dok v slede: zapnut&eacute; \/ max ot&aacute;\u010dky \/ min ot&aacute;\u010dky \/ vypnut&eacute;.<\/li>\n<li style=\"text-align: justify;\">Predn&yacute; panel obsahuje tri tla\u010didl&aacute; &#8211; zapnutie\/vypnutie zariadenia a zmena ot&aacute;\u010dok.<\/li>\n<li style=\"text-align: justify;\">LED kontrolka na prednom paneli signalizuj&uacute;ca prev&aacute;dzku.<\/li>\n<li style=\"text-align: justify;\">Minim&aacute;lna in&scaron;tala\u010dn&aacute; v&yacute;&scaron;ka od podlahy 2,3m. Maxim&aacute;lna in&scaron;tala\u010dn&aacute; v&yacute;&scaron;ka 4m.<\/li>\n<\/ul>\n","protected":false},"excerpt":{"rendered":"<p style=\"text-align: justify;\">Vzduchov&eacute; clona <strong>Vortice AD<\/strong> so &scaron;t&yacute;lov&yacute;m predn&yacute;m panelom s&uacute; vhodn&eacute; pre ak&yacute;ko\u013evek interi&eacute;r. Vzduchov&eacute; clony vytv&aacute;raj&uacute; <strong>nevidite\u013en&yacute; pr&uacute;d vzduchu<\/strong> &#8211; bari&eacute;ru, sl&uacute;\u017eiacu na oddelenie prostred&iacute; s r&ocirc;znou teplotou, \u010d&iacute;m zabra\u0148uj&uacute; prenosu tepla medzi t&yacute;mito dvoma prostrediami. Pom&aacute;haj&uacute; tak <strong>eliminova\u0165 energetick&eacute; n&aacute;roky<\/strong> pre chladenie \/ vykurovanie miestnost&iacute; a&nbsp;z&aacute;rove\u0148 zabezpe\u010duj&uacute;, aby sa do vn&uacute;torn&eacute;ho prostredia nedostali r&ocirc;zne z&aacute;pachy, dym, hmyz alebo in&eacute;. S&nbsp;nastavite\u013enou klapkou pre nasmerovanie pr&uacute;diaceho vzduchu. <strong>D\u013a\u017eka clony 2000mm<\/strong>.<\/p>\n","protected":false},"featured_media":485689,"template":"","meta":[],"product_cat":[1297,6039],"product_tag":[],"class_list":{"0":"post-477665","1":"product","2":"type-product","3":"status-publish","4":"has-post-thumbnail","6":"product_cat-ventilatory","7":"product_cat-vzduchove-clony-ventilatory","8":"pa_krytie-ipx0","9":"pa_prevedenie-vzduchova-clona","10":"pa_typ-ad","11":"pa_vzduchovy-vykon-qv-m3-2900-3600","12":"pa_znacka-vortice","14":"first","15":"instock","16":"taxable","17":"shipping-taxable","18":"purchasable","19":"product-type-simple"},"yoast_head":"<!-- This site is optimized with the Yoast SEO plugin v23.9 - https:\/\/yoast.com\/wordpress\/plugins\/seo\/ -->\n<title>Vzduchov\u00e1 clona Vortice AD 2000 (230V) - KLIMAVEX GROUP - Slovensko<\/title>\n<meta name=\"robots\" content=\"index, follow, max-snippet:-1, max-image-preview:large, max-video-preview:-1\" \/>\n<link rel=\"canonical\" href=\"https:\/\/klimavex.eu\/sk\/katalog\/vzduchova-clona-vortice-ad-2000-230v\/\" \/>\n<meta property=\"og:locale\" content=\"sk_SK\" \/>\n<meta property=\"og:type\" content=\"article\" \/>\n<meta property=\"og:title\" content=\"Vzduchov\u00e1 clona Vortice AD 2000 (230V) - KLIMAVEX GROUP - Slovensko\" \/>\n<meta property=\"og:description\" content=\"Vzduchov&eacute; clona Vortice AD so &scaron;t&yacute;lov&yacute;m predn&yacute;m panelom s&uacute; vhodn&eacute; pre ak&yacute;ko\u013evek interi&eacute;r. Vzduchov&eacute; clony vytv&aacute;raj&uacute; nevidite\u013en&yacute; pr&uacute;d vzduchu - bari&eacute;ru, sl&uacute;\u017eiacu na oddelenie prostred&iacute; s r&ocirc;znou teplotou, \u010d&iacute;m zabra\u0148uj&uacute; prenosu tepla medzi t&yacute;mito dvoma prostrediami. Pom&aacute;haj&uacute; tak eliminova\u0165 energetick&eacute; n&aacute;roky pre chladenie \/ vykurovanie miestnost&iacute; a&nbsp;z&aacute;rove\u0148 zabezpe\u010duj&uacute;, aby sa do vn&uacute;torn&eacute;ho prostredia nedostali r&ocirc;zne z&aacute;pachy, dym, hmyz alebo in&eacute;. S&nbsp;nastavite\u013enou klapkou pre nasmerovanie pr&uacute;diaceho vzduchu. D\u013a\u017eka clony 2000mm.\" \/>\n<meta property=\"og:url\" content=\"https:\/\/klimavex.eu\/sk\/katalog\/vzduchova-clona-vortice-ad-2000-230v\/\" \/>\n<meta property=\"og:site_name\" content=\"KLIMAVEX GROUP - Slovensko\" \/>\n<meta property=\"article:publisher\" content=\"https:\/\/www.facebook.com\/klimavex\" \/>\n<meta property=\"article:modified_time\" content=\"2026-03-31T16:54:24+00:00\" \/>\n<meta property=\"og:image\" content=\"https:\/\/klimavex.eu\/sk\/wp-content\/uploads\/2025\/09\/9c1f6uCSzdrDv5G3J0L1gtoPtbnwizIZ-au2C7H1xzI.png\" \/>\n\t<meta property=\"og:image:width\" content=\"572\" \/>\n\t<meta property=\"og:image:height\" content=\"512\" \/>\n\t<meta property=\"og:image:type\" content=\"image\/png\" \/>\n<meta name=\"twitter:card\" content=\"summary_large_image\" \/>\n<meta name=\"twitter:label1\" content=\"Predpokladan\u00fd \u010das \u010d\u00edtania\" \/>\n\t<meta name=\"twitter:data1\" content=\"1 min\u00fata\" \/>\n<script type=\"application\/ld+json\" class=\"yoast-schema-graph\">{\"@context\":\"https:\/\/schema.org\",\"@graph\":[{\"@type\":\"WebPage\",\"@id\":\"https:\/\/klimavex.eu\/sk\/katalog\/vzduchova-clona-vortice-ad-2000-230v\/\",\"url\":\"https:\/\/klimavex.eu\/sk\/katalog\/vzduchova-clona-vortice-ad-2000-230v\/\",\"name\":\"Vzduchov\u00e1 clona Vortice AD 2000 (230V) - KLIMAVEX GROUP - Slovensko\",\"isPartOf\":{\"@id\":\"https:\/\/klimavex.eu\/sk\/#website\"},\"primaryImageOfPage\":{\"@id\":\"https:\/\/klimavex.eu\/sk\/katalog\/vzduchova-clona-vortice-ad-2000-230v\/#primaryimage\"},\"image\":{\"@id\":\"https:\/\/klimavex.eu\/sk\/katalog\/vzduchova-clona-vortice-ad-2000-230v\/#primaryimage\"},\"thumbnailUrl\":\"https:\/\/klimavex.eu\/sk\/wp-content\/uploads\/2025\/09\/9c1f6uCSzdrDv5G3J0L1gtoPtbnwizIZ-au2C7H1xzI.png\",\"datePublished\":\"2026-03-31T16:53:11+00:00\",\"dateModified\":\"2026-03-31T16:54:24+00:00\",\"breadcrumb\":{\"@id\":\"https:\/\/klimavex.eu\/sk\/katalog\/vzduchova-clona-vortice-ad-2000-230v\/#breadcrumb\"},\"inLanguage\":\"sk-SK\",\"potentialAction\":[{\"@type\":\"ReadAction\",\"target\":[\"https:\/\/klimavex.eu\/sk\/katalog\/vzduchova-clona-vortice-ad-2000-230v\/\"]}]},{\"@type\":\"ImageObject\",\"inLanguage\":\"sk-SK\",\"@id\":\"https:\/\/klimavex.eu\/sk\/katalog\/vzduchova-clona-vortice-ad-2000-230v\/#primaryimage\",\"url\":\"https:\/\/klimavex.eu\/sk\/wp-content\/uploads\/2025\/09\/9c1f6uCSzdrDv5G3J0L1gtoPtbnwizIZ-au2C7H1xzI.png\",\"contentUrl\":\"https:\/\/klimavex.eu\/sk\/wp-content\/uploads\/2025\/09\/9c1f6uCSzdrDv5G3J0L1gtoPtbnwizIZ-au2C7H1xzI.png\",\"width\":572,\"height\":512},{\"@type\":\"BreadcrumbList\",\"@id\":\"https:\/\/klimavex.eu\/sk\/katalog\/vzduchova-clona-vortice-ad-2000-230v\/#breadcrumb\",\"itemListElement\":[{\"@type\":\"ListItem\",\"position\":1,\"name\":\"Domovsk\u00e1 str\u00e1nka\",\"item\":\"https:\/\/klimavex.eu\/sk\/\"},{\"@type\":\"ListItem\",\"position\":2,\"name\":\"Eshop\",\"item\":\"https:\/\/klimavex.eu\/sk\/eshop\/\"},{\"@type\":\"ListItem\",\"position\":3,\"name\":\"Vzduchov\u00e1 clona Vortice AD 2000 (230V)\"}]},{\"@type\":\"WebSite\",\"@id\":\"https:\/\/klimavex.eu\/sk\/#website\",\"url\":\"https:\/\/klimavex.eu\/sk\/\",\"name\":\"KLIMAVEX GROUP - Slovensko\",\"description\":\"\",\"publisher\":{\"@id\":\"https:\/\/klimavex.eu\/sk\/#organization\"},\"alternateName\":\"KLIMAVEX a.s.\",\"potentialAction\":[{\"@type\":\"SearchAction\",\"target\":{\"@type\":\"EntryPoint\",\"urlTemplate\":\"https:\/\/klimavex.eu\/sk\/?s={search_term_string}\"},\"query-input\":{\"@type\":\"PropertyValueSpecification\",\"valueRequired\":true,\"valueName\":\"search_term_string\"}}],\"inLanguage\":\"sk-SK\"},{\"@type\":\"Organization\",\"@id\":\"https:\/\/klimavex.eu\/sk\/#organization\",\"name\":\"KLIMAVEX GROUP\",\"alternateName\":\"KLIMAVEX a.s.\",\"url\":\"https:\/\/klimavex.eu\/sk\/\",\"logo\":{\"@type\":\"ImageObject\",\"inLanguage\":\"sk-SK\",\"@id\":\"https:\/\/klimavex.eu\/sk\/#\/schema\/logo\/image\/\",\"url\":\"https:\/\/klimavex.eu\/sk\/wp-content\/uploads\/2024\/04\/Klimavex-Group-logo.png\",\"contentUrl\":\"https:\/\/klimavex.eu\/sk\/wp-content\/uploads\/2024\/04\/Klimavex-Group-logo.png\",\"width\":1681,\"height\":472,\"caption\":\"KLIMAVEX GROUP\"},\"image\":{\"@id\":\"https:\/\/klimavex.eu\/sk\/#\/schema\/logo\/image\/\"},\"sameAs\":[\"https:\/\/www.facebook.com\/klimavex\",\"https:\/\/www.instagram.com\/klimavex_sk\/\"]}]}<\/script>\n<!-- \/ Yoast SEO plugin. -->","yoast_head_json":{"title":"Vzduchov\u00e1 clona Vortice AD 2000 (230V) - KLIMAVEX GROUP - Slovensko","robots":{"index":"index","follow":"follow","max-snippet":"max-snippet:-1","max-image-preview":"max-image-preview:large","max-video-preview":"max-video-preview:-1"},"canonical":"https:\/\/klimavex.eu\/sk\/katalog\/vzduchova-clona-vortice-ad-2000-230v\/","og_locale":"sk_SK","og_type":"article","og_title":"Vzduchov\u00e1 clona Vortice AD 2000 (230V) - KLIMAVEX GROUP - Slovensko","og_description":"Vzduchov&eacute; clona Vortice AD so &scaron;t&yacute;lov&yacute;m predn&yacute;m panelom s&uacute; vhodn&eacute; pre ak&yacute;ko\u013evek interi&eacute;r. Vzduchov&eacute; clony vytv&aacute;raj&uacute; nevidite\u013en&yacute; pr&uacute;d vzduchu - bari&eacute;ru, sl&uacute;\u017eiacu na oddelenie prostred&iacute; s r&ocirc;znou teplotou, \u010d&iacute;m zabra\u0148uj&uacute; prenosu tepla medzi t&yacute;mito dvoma prostrediami. Pom&aacute;haj&uacute; tak eliminova\u0165 energetick&eacute; n&aacute;roky pre chladenie \/ vykurovanie miestnost&iacute; a&nbsp;z&aacute;rove\u0148 zabezpe\u010duj&uacute;, aby sa do vn&uacute;torn&eacute;ho prostredia nedostali r&ocirc;zne z&aacute;pachy, dym, hmyz alebo in&eacute;. S&nbsp;nastavite\u013enou klapkou pre nasmerovanie pr&uacute;diaceho vzduchu. D\u013a\u017eka clony 2000mm.","og_url":"https:\/\/klimavex.eu\/sk\/katalog\/vzduchova-clona-vortice-ad-2000-230v\/","og_site_name":"KLIMAVEX GROUP - Slovensko","article_publisher":"https:\/\/www.facebook.com\/klimavex","article_modified_time":"2026-03-31T16:54:24+00:00","og_image":[{"width":572,"height":512,"url":"https:\/\/klimavex.eu\/sk\/wp-content\/uploads\/2025\/09\/9c1f6uCSzdrDv5G3J0L1gtoPtbnwizIZ-au2C7H1xzI.png","type":"image\/png"}],"twitter_card":"summary_large_image","twitter_misc":{"Predpokladan\u00fd \u010das \u010d\u00edtania":"1 min\u00fata"},"schema":{"@context":"https:\/\/schema.org","@graph":[{"@type":"WebPage","@id":"https:\/\/klimavex.eu\/sk\/katalog\/vzduchova-clona-vortice-ad-2000-230v\/","url":"https:\/\/klimavex.eu\/sk\/katalog\/vzduchova-clona-vortice-ad-2000-230v\/","name":"Vzduchov\u00e1 clona Vortice AD 2000 (230V) - KLIMAVEX GROUP - Slovensko","isPartOf":{"@id":"https:\/\/klimavex.eu\/sk\/#website"},"primaryImageOfPage":{"@id":"https:\/\/klimavex.eu\/sk\/katalog\/vzduchova-clona-vortice-ad-2000-230v\/#primaryimage"},"image":{"@id":"https:\/\/klimavex.eu\/sk\/katalog\/vzduchova-clona-vortice-ad-2000-230v\/#primaryimage"},"thumbnailUrl":"https:\/\/klimavex.eu\/sk\/wp-content\/uploads\/2025\/09\/9c1f6uCSzdrDv5G3J0L1gtoPtbnwizIZ-au2C7H1xzI.png","datePublished":"2026-03-31T16:53:11+00:00","dateModified":"2026-03-31T16:54:24+00:00","breadcrumb":{"@id":"https:\/\/klimavex.eu\/sk\/katalog\/vzduchova-clona-vortice-ad-2000-230v\/#breadcrumb"},"inLanguage":"sk-SK","potentialAction":[{"@type":"ReadAction","target":["https:\/\/klimavex.eu\/sk\/katalog\/vzduchova-clona-vortice-ad-2000-230v\/"]}]},{"@type":"ImageObject","inLanguage":"sk-SK","@id":"https:\/\/klimavex.eu\/sk\/katalog\/vzduchova-clona-vortice-ad-2000-230v\/#primaryimage","url":"https:\/\/klimavex.eu\/sk\/wp-content\/uploads\/2025\/09\/9c1f6uCSzdrDv5G3J0L1gtoPtbnwizIZ-au2C7H1xzI.png","contentUrl":"https:\/\/klimavex.eu\/sk\/wp-content\/uploads\/2025\/09\/9c1f6uCSzdrDv5G3J0L1gtoPtbnwizIZ-au2C7H1xzI.png","width":572,"height":512},{"@type":"BreadcrumbList","@id":"https:\/\/klimavex.eu\/sk\/katalog\/vzduchova-clona-vortice-ad-2000-230v\/#breadcrumb","itemListElement":[{"@type":"ListItem","position":1,"name":"Domovsk\u00e1 str\u00e1nka","item":"https:\/\/klimavex.eu\/sk\/"},{"@type":"ListItem","position":2,"name":"Eshop","item":"https:\/\/klimavex.eu\/sk\/eshop\/"},{"@type":"ListItem","position":3,"name":"Vzduchov\u00e1 clona Vortice AD 2000 (230V)"}]},{"@type":"WebSite","@id":"https:\/\/klimavex.eu\/sk\/#website","url":"https:\/\/klimavex.eu\/sk\/","name":"KLIMAVEX GROUP - Slovensko","description":"","publisher":{"@id":"https:\/\/klimavex.eu\/sk\/#organization"},"alternateName":"KLIMAVEX a.s.","potentialAction":[{"@type":"SearchAction","target":{"@type":"EntryPoint","urlTemplate":"https:\/\/klimavex.eu\/sk\/?s={search_term_string}"},"query-input":{"@type":"PropertyValueSpecification","valueRequired":true,"valueName":"search_term_string"}}],"inLanguage":"sk-SK"},{"@type":"Organization","@id":"https:\/\/klimavex.eu\/sk\/#organization","name":"KLIMAVEX GROUP","alternateName":"KLIMAVEX a.s.","url":"https:\/\/klimavex.eu\/sk\/","logo":{"@type":"ImageObject","inLanguage":"sk-SK","@id":"https:\/\/klimavex.eu\/sk\/#\/schema\/logo\/image\/","url":"https:\/\/klimavex.eu\/sk\/wp-content\/uploads\/2024\/04\/Klimavex-Group-logo.png","contentUrl":"https:\/\/klimavex.eu\/sk\/wp-content\/uploads\/2024\/04\/Klimavex-Group-logo.png","width":1681,"height":472,"caption":"KLIMAVEX GROUP"},"image":{"@id":"https:\/\/klimavex.eu\/sk\/#\/schema\/logo\/image\/"},"sameAs":["https:\/\/www.facebook.com\/klimavex","https:\/\/www.instagram.com\/klimavex_sk\/"]}]}},"_links":{"self":[{"href":"https:\/\/klimavex.eu\/sk\/wp-json\/wp\/v2\/product\/477665","targetHints":{"allow":["GET"]}}],"collection":[{"href":"https:\/\/klimavex.eu\/sk\/wp-json\/wp\/v2\/product"}],"about":[{"href":"https:\/\/klimavex.eu\/sk\/wp-json\/wp\/v2\/types\/product"}],"version-history":[{"count":0,"href":"https:\/\/klimavex.eu\/sk\/wp-json\/wp\/v2\/product\/477665\/revisions"}],"wp:featuredmedia":[{"embeddable":true,"href":"https:\/\/klimavex.eu\/sk\/wp-json\/wp\/v2\/media\/485689"}],"wp:attachment":[{"href":"https:\/\/klimavex.eu\/sk\/wp-json\/wp\/v2\/media?parent=477665"}],"wp:term":[{"taxonomy":"product_cat","embeddable":true,"href":"https:\/\/klimavex.eu\/sk\/wp-json\/wp\/v2\/product_cat?post=477665"},{"taxonomy":"product_tag","embeddable":true,"href":"https:\/\/klimavex.eu\/sk\/wp-json\/wp\/v2\/product_tag?post=477665"}],"curies":[{"name":"wp","href":"https:\/\/api.w.org\/{rel}","templated":true}]}}