{"id":477732,"date":"2026-04-02T16:08:41","date_gmt":"2026-04-02T14:08:41","guid":{"rendered":"https:\/\/klimavex.eu\/sk\/katalog\/ventilator-vortice-nordik-hvls-super-blade-700-280-s-l\/"},"modified":"2026-04-02T16:09:25","modified_gmt":"2026-04-02T14:09:25","slug":"ventilator-vortice-nordik-hvls-super-blade-700-280-s-l","status":"publish","type":"product","link":"https:\/\/klimavex.eu\/sk\/katalog\/ventilator-vortice-nordik-hvls-super-blade-700-280-s-l\/","title":{"rendered":"Ventil\u00e1tor Vortice Nordik HVLS SUPER BLADE 700\/280&#8243; S L"},"content":{"rendered":"<p style=\"text-align:justify\"><span style=\"font-size:11pt\"><span style=\"font-family:Calibri,sans-serif\"><strong><span style=\"color:black\">K\u013e&uacute;\u010dov&eacute; vlastnosti:<\/span><\/strong><\/span><\/span><\/p>\n<ul>\n<li style=\"text-align:justify\"><span style=\"font-size:11pt\"><span style=\"font-family:Calibri,sans-serif\"><span style=\"color:black\">Menovit&yacute; priemer lopatiek: 7000mm<\/span><\/span><\/span><\/li>\n<li style=\"text-align:justify\"><span style=\"font-size:11pt\"><span style=\"font-family:Calibri,sans-serif\"><span style=\"color:black\">Trojf&aacute;zov&yacute; tepelne izolovan&yacute; EC motor<\/span><\/span><\/span><\/li>\n<li style=\"text-align:justify\"><span style=\"font-size:11pt\"><span style=\"font-family:Calibri,sans-serif\"><span style=\"color:black\">Aerodynamick&eacute; lopatky z lisovan&eacute;ho hlin&iacute;ka<\/span><\/span><\/span><\/li>\n<li style=\"text-align:justify\"><span style=\"font-size:11pt\"><span style=\"font-family:Calibri,sans-serif\"><span style=\"color:black\">Elektronick&aacute; doska umo\u017e\u0148uj&uacute;ca riadenie motora, s EMI\/EMC filtrami, ktor&eacute; zabra\u0148uj&uacute; riziku elektromagnetick&eacute;ho ru&scaron;enia, elektronick&aacute; doska obsahuje:<\/span><\/span><\/span>\n<ul style=\"list-style-type:circle\">\n<li style=\"text-align:justify\"><span style=\"font-size:11pt\"><span style=\"font-family:Calibri,sans-serif\"><span style=\"color:black\">Komunika\u010dn&yacute; port ModBus RTU 485, ktor&yacute; umo\u017e\u0148uje integr&aacute;ciu BMS<\/span><\/span><\/span><\/li>\n<li style=\"text-align:justify\"><span style=\"font-size:11pt\"><span style=\"font-family:Calibri,sans-serif\"><span style=\"color:black\">Izolovan&yacute; anal&oacute;gov&yacute; port umo\u017e\u0148uj&uacute;ci regul&aacute;ciu ot&aacute;\u010dok ventil&aacute;tora pomocou extern&eacute;ho potenciometra (volite\u013en&eacute;) alebo in&eacute;ho zariadenia pracuj&uacute;ceho so sign&aacute;lom 0-10V<\/span><\/span><\/span><\/li>\n<li style=\"text-align:justify\"><span style=\"font-size:11pt\"><span style=\"font-family:Calibri,sans-serif\"><span style=\"color:black\">Bezpe\u010dnostn&yacute; syst&eacute;m integrovan&yacute; do elektronickej dosky vr&aacute;tane ochrany proti nadpr&uacute;du, skratu, prehriatiu, prep&auml;tiu a podp&auml;tiu<\/span><\/span><\/span><\/li>\n<li style=\"text-align:justify\"><span style=\"font-size:11pt\"><span style=\"font-family:Calibri,sans-serif\"><span style=\"color:black\">Extern&aacute; sveteln&aacute; di&oacute;da zobrazuj&uacute;ca pr&iacute;padn&uacute; poruchu v&yacute;robku<\/span><\/span><\/span><\/li>\n<\/ul>\n<\/li>\n<li style=\"text-align:justify\"><span style=\"font-size:11pt\"><span style=\"font-family:Calibri,sans-serif\"><span style=\"color:black\">Krytie motora IP65<\/span><\/span><\/span><\/li>\n<li style=\"text-align:justify\"><span style=\"font-size:11pt\"><span style=\"font-family:Calibri,sans-serif\"><span style=\"color:black\">Nastavite\u013en&aacute; r&yacute;chlos\u0165 pomocou potenciometra alebo dia\u013ekovej riadiacej jednotky (VORT T) schopn&eacute; obsl&uacute;\u017ei\u0165 a\u017e 20 jednotiek (volite\u013en&eacute;)<\/span><\/span><\/span><\/li>\n<li style=\"text-align:justify\"><span style=\"font-size:11pt\"><span style=\"font-family:Calibri,sans-serif\"><span style=\"color:black\">In&scaron;tala\u010dn&aacute; sada na strop z oce\u013eov&eacute;ho plechu obsahuj&uacute;ca:<\/span><\/span><\/span>\n<ul style=\"list-style-type:circle\">\n<li style=\"text-align:justify\"><span style=\"font-size:11pt\"><span style=\"font-family:Calibri,sans-serif\"><span style=\"color:black\">Ty\u010d, dvojica dr\u017eiakov a s&uacute;visiacich kovov&yacute;ch dielov<\/span><\/span><\/span><\/li>\n<li style=\"text-align:justify\"><span style=\"font-size:11pt\"><span style=\"font-family:Calibri,sans-serif\"><span style=\"color:black\">T&aacute;to sada umo\u017e\u0148uje robustn&uacute; mont&aacute;\u017e na strop pri be\u017en&yacute;ch typoch in&scaron;tal&aacute;cie<\/span><\/span><\/span><\/li>\n<\/ul>\n<\/li>\n<li style=\"text-align:justify\"><span style=\"font-size:11pt\"><span style=\"font-family:Calibri,sans-serif\"><span style=\"color:black\">Volite\u013en&aacute; in&scaron;tala\u010dn&aacute; sada pre mont&aacute;\u017ee, kde hroz&iacute;:<\/span><\/span><\/span>\n<ul style=\"list-style-type:circle\">\n<li style=\"text-align:justify\"><span style=\"font-size:11pt\"><span style=\"font-family:Calibri,sans-serif\"><span style=\"color:black\">Siln&yacute; vietor<\/span><\/span><\/span><\/li>\n<li style=\"text-align:justify\"><span style=\"font-size:11pt\"><span style=\"font-family:Calibri,sans-serif\"><span style=\"color:black\">Nebezpe\u010denstvo n&aacute;hodnej kol&iacute;zie so strojmi alebo s predmetmi v pohybe<\/span><\/span><\/span><\/li>\n<li style=\"text-align:justify\"><span style=\"font-size:11pt\"><span style=\"font-family:Calibri,sans-serif\"><span style=\"color:black\">Pr&iacute;tomnos\u0165 vt&aacute;kov<\/span><\/span><\/span><\/li>\n<li style=\"text-align:justify\"><span style=\"font-size:11pt\"><span style=\"font-family:Calibri,sans-serif\"><span style=\"color:black\">Zemetrasenie, vibr&aacute;cie<\/span><\/span><\/span><\/li>\n<\/ul>\n<\/li>\n<\/ul>\n","protected":false},"excerpt":{"rendered":"<p style=\"text-align:justify\"><span style=\"font-size:11pt\"><span style=\"font-family:Calibri,sans-serif\"><span style=\"color:black\">Ventil&aacute;tor <strong>NORDIK HVLS SUPER BLADE <\/strong>je v\u010faka ve\u013ek&eacute;mu menovit&eacute;mu <strong>priemeru lopatiek (7m)<\/strong>, svojej odolnosti a schopnosti pracova\u0165 aj <strong>pri extr&eacute;mnych teplot&aacute;ch <\/strong>(-10&deg;C &ndash; 50&deg;C) vhodn&yacute; na rozpr&uacute;denie vzduchu <strong>v priemyseln&yacute;ch priestoroch<\/strong>. Pre in&scaron;tal&aacute;cie, kde hroz&iacute; vych&yacute;lenie osovej stability alebo kol&iacute;zie s predmetmi, je mo\u017en&eacute; objedna\u0165 volite\u013en&uacute; mont&aacute;\u017enu sadu.<\/span><\/span><\/span><\/p>\n","protected":false},"featured_media":485977,"template":"","meta":[],"product_cat":[6064,6056,6065],"product_tag":[],"class_list":{"0":"post-477732","1":"product","2":"type-product","3":"status-publish","4":"has-post-thumbnail","6":"product_cat-ventilatory-archivovane-produkty","7":"product_cat-archivovane-produkty","8":"product_cat-archivovane-produkty-ventilatory","9":"pa_krytie-ip65","10":"pa_prevedenie-stropny","11":"pa_typ-nordik-hvls","12":"pa_vzduchovy-vykon-qv-m3-5174","13":"pa_znacka-vortice","15":"first","16":"outofstock","17":"taxable","18":"shipping-taxable","19":"purchasable","20":"product-type-simple"},"yoast_head":"<!-- This site is optimized with the Yoast SEO plugin v23.9 - https:\/\/yoast.com\/wordpress\/plugins\/seo\/ -->\n<title>Ventil\u00e1tor Vortice Nordik HVLS SUPER BLADE 700\/280&quot; S L - KLIMAVEX GROUP - Slovensko<\/title>\n<meta name=\"robots\" content=\"index, follow, max-snippet:-1, max-image-preview:large, max-video-preview:-1\" \/>\n<link rel=\"canonical\" href=\"https:\/\/klimavex.eu\/sk\/katalog\/ventilator-vortice-nordik-hvls-super-blade-700-280-s-l\/\" \/>\n<meta property=\"og:locale\" content=\"sk_SK\" \/>\n<meta property=\"og:type\" content=\"article\" \/>\n<meta property=\"og:title\" content=\"Ventil\u00e1tor Vortice Nordik HVLS SUPER BLADE 700\/280&quot; S L - KLIMAVEX GROUP - Slovensko\" \/>\n<meta property=\"og:description\" content=\"Ventil&aacute;tor NORDIK HVLS SUPER BLADE je v\u010faka ve\u013ek&eacute;mu menovit&eacute;mu priemeru lopatiek (7m), svojej odolnosti a schopnosti pracova\u0165 aj pri extr&eacute;mnych teplot&aacute;ch (-10&deg;C &ndash; 50&deg;C) vhodn&yacute; na rozpr&uacute;denie vzduchu v priemyseln&yacute;ch priestoroch. Pre in&scaron;tal&aacute;cie, kde hroz&iacute; vych&yacute;lenie osovej stability alebo kol&iacute;zie s predmetmi, je mo\u017en&eacute; objedna\u0165 volite\u013en&uacute; mont&aacute;\u017enu sadu.\" \/>\n<meta property=\"og:url\" content=\"https:\/\/klimavex.eu\/sk\/katalog\/ventilator-vortice-nordik-hvls-super-blade-700-280-s-l\/\" \/>\n<meta property=\"og:site_name\" content=\"KLIMAVEX GROUP - Slovensko\" \/>\n<meta property=\"article:publisher\" content=\"https:\/\/www.facebook.com\/klimavex\" \/>\n<meta property=\"article:modified_time\" content=\"2026-04-02T14:09:25+00:00\" \/>\n<meta property=\"og:image\" content=\"https:\/\/klimavex.eu\/sk\/wp-content\/uploads\/2025\/09\/k_1hX9nJlIu5nux2P7uK9ktlFJ5pqESMTXDoWNjwbqs-9.png\" \/>\n\t<meta property=\"og:image:width\" content=\"572\" \/>\n\t<meta property=\"og:image:height\" content=\"512\" \/>\n\t<meta property=\"og:image:type\" content=\"image\/png\" \/>\n<meta name=\"twitter:card\" content=\"summary_large_image\" \/>\n<meta name=\"twitter:label1\" content=\"Predpokladan\u00fd \u010das \u010d\u00edtania\" \/>\n\t<meta name=\"twitter:data1\" content=\"1 min\u00fata\" \/>\n<script type=\"application\/ld+json\" class=\"yoast-schema-graph\">{\"@context\":\"https:\/\/schema.org\",\"@graph\":[{\"@type\":\"WebPage\",\"@id\":\"https:\/\/klimavex.eu\/sk\/katalog\/ventilator-vortice-nordik-hvls-super-blade-700-280-s-l\/\",\"url\":\"https:\/\/klimavex.eu\/sk\/katalog\/ventilator-vortice-nordik-hvls-super-blade-700-280-s-l\/\",\"name\":\"Ventil\u00e1tor Vortice Nordik HVLS SUPER BLADE 700\/280\\\" S L - KLIMAVEX GROUP - Slovensko\",\"isPartOf\":{\"@id\":\"https:\/\/klimavex.eu\/sk\/#website\"},\"primaryImageOfPage\":{\"@id\":\"https:\/\/klimavex.eu\/sk\/katalog\/ventilator-vortice-nordik-hvls-super-blade-700-280-s-l\/#primaryimage\"},\"image\":{\"@id\":\"https:\/\/klimavex.eu\/sk\/katalog\/ventilator-vortice-nordik-hvls-super-blade-700-280-s-l\/#primaryimage\"},\"thumbnailUrl\":\"https:\/\/klimavex.eu\/sk\/wp-content\/uploads\/2025\/09\/k_1hX9nJlIu5nux2P7uK9ktlFJ5pqESMTXDoWNjwbqs-9.png\",\"datePublished\":\"2026-04-02T14:08:41+00:00\",\"dateModified\":\"2026-04-02T14:09:25+00:00\",\"breadcrumb\":{\"@id\":\"https:\/\/klimavex.eu\/sk\/katalog\/ventilator-vortice-nordik-hvls-super-blade-700-280-s-l\/#breadcrumb\"},\"inLanguage\":\"sk-SK\",\"potentialAction\":[{\"@type\":\"ReadAction\",\"target\":[\"https:\/\/klimavex.eu\/sk\/katalog\/ventilator-vortice-nordik-hvls-super-blade-700-280-s-l\/\"]}]},{\"@type\":\"ImageObject\",\"inLanguage\":\"sk-SK\",\"@id\":\"https:\/\/klimavex.eu\/sk\/katalog\/ventilator-vortice-nordik-hvls-super-blade-700-280-s-l\/#primaryimage\",\"url\":\"https:\/\/klimavex.eu\/sk\/wp-content\/uploads\/2025\/09\/k_1hX9nJlIu5nux2P7uK9ktlFJ5pqESMTXDoWNjwbqs-9.png\",\"contentUrl\":\"https:\/\/klimavex.eu\/sk\/wp-content\/uploads\/2025\/09\/k_1hX9nJlIu5nux2P7uK9ktlFJ5pqESMTXDoWNjwbqs-9.png\",\"width\":572,\"height\":512},{\"@type\":\"BreadcrumbList\",\"@id\":\"https:\/\/klimavex.eu\/sk\/katalog\/ventilator-vortice-nordik-hvls-super-blade-700-280-s-l\/#breadcrumb\",\"itemListElement\":[{\"@type\":\"ListItem\",\"position\":1,\"name\":\"Domovsk\u00e1 str\u00e1nka\",\"item\":\"https:\/\/klimavex.eu\/sk\/\"},{\"@type\":\"ListItem\",\"position\":2,\"name\":\"Eshop\",\"item\":\"https:\/\/klimavex.eu\/sk\/eshop\/\"},{\"@type\":\"ListItem\",\"position\":3,\"name\":\"Ventil\u00e1tor Vortice Nordik HVLS SUPER BLADE 700\/280&#8243; S L\"}]},{\"@type\":\"WebSite\",\"@id\":\"https:\/\/klimavex.eu\/sk\/#website\",\"url\":\"https:\/\/klimavex.eu\/sk\/\",\"name\":\"KLIMAVEX GROUP - Slovensko\",\"description\":\"\",\"publisher\":{\"@id\":\"https:\/\/klimavex.eu\/sk\/#organization\"},\"alternateName\":\"KLIMAVEX a.s.\",\"potentialAction\":[{\"@type\":\"SearchAction\",\"target\":{\"@type\":\"EntryPoint\",\"urlTemplate\":\"https:\/\/klimavex.eu\/sk\/?s={search_term_string}\"},\"query-input\":{\"@type\":\"PropertyValueSpecification\",\"valueRequired\":true,\"valueName\":\"search_term_string\"}}],\"inLanguage\":\"sk-SK\"},{\"@type\":\"Organization\",\"@id\":\"https:\/\/klimavex.eu\/sk\/#organization\",\"name\":\"KLIMAVEX GROUP\",\"alternateName\":\"KLIMAVEX a.s.\",\"url\":\"https:\/\/klimavex.eu\/sk\/\",\"logo\":{\"@type\":\"ImageObject\",\"inLanguage\":\"sk-SK\",\"@id\":\"https:\/\/klimavex.eu\/sk\/#\/schema\/logo\/image\/\",\"url\":\"https:\/\/klimavex.eu\/sk\/wp-content\/uploads\/2024\/04\/Klimavex-Group-logo.png\",\"contentUrl\":\"https:\/\/klimavex.eu\/sk\/wp-content\/uploads\/2024\/04\/Klimavex-Group-logo.png\",\"width\":1681,\"height\":472,\"caption\":\"KLIMAVEX GROUP\"},\"image\":{\"@id\":\"https:\/\/klimavex.eu\/sk\/#\/schema\/logo\/image\/\"},\"sameAs\":[\"https:\/\/www.facebook.com\/klimavex\",\"https:\/\/www.instagram.com\/klimavex_sk\/\"]}]}<\/script>\n<!-- \/ Yoast SEO plugin. -->","yoast_head_json":{"title":"Ventil\u00e1tor Vortice Nordik HVLS SUPER BLADE 700\/280\" S L - KLIMAVEX GROUP - Slovensko","robots":{"index":"index","follow":"follow","max-snippet":"max-snippet:-1","max-image-preview":"max-image-preview:large","max-video-preview":"max-video-preview:-1"},"canonical":"https:\/\/klimavex.eu\/sk\/katalog\/ventilator-vortice-nordik-hvls-super-blade-700-280-s-l\/","og_locale":"sk_SK","og_type":"article","og_title":"Ventil\u00e1tor Vortice Nordik HVLS SUPER BLADE 700\/280\" S L - KLIMAVEX GROUP - Slovensko","og_description":"Ventil&aacute;tor NORDIK HVLS SUPER BLADE je v\u010faka ve\u013ek&eacute;mu menovit&eacute;mu priemeru lopatiek (7m), svojej odolnosti a schopnosti pracova\u0165 aj pri extr&eacute;mnych teplot&aacute;ch (-10&deg;C &ndash; 50&deg;C) vhodn&yacute; na rozpr&uacute;denie vzduchu v priemyseln&yacute;ch priestoroch. Pre in&scaron;tal&aacute;cie, kde hroz&iacute; vych&yacute;lenie osovej stability alebo kol&iacute;zie s predmetmi, je mo\u017en&eacute; objedna\u0165 volite\u013en&uacute; mont&aacute;\u017enu sadu.","og_url":"https:\/\/klimavex.eu\/sk\/katalog\/ventilator-vortice-nordik-hvls-super-blade-700-280-s-l\/","og_site_name":"KLIMAVEX GROUP - Slovensko","article_publisher":"https:\/\/www.facebook.com\/klimavex","article_modified_time":"2026-04-02T14:09:25+00:00","og_image":[{"width":572,"height":512,"url":"https:\/\/klimavex.eu\/sk\/wp-content\/uploads\/2025\/09\/k_1hX9nJlIu5nux2P7uK9ktlFJ5pqESMTXDoWNjwbqs-9.png","type":"image\/png"}],"twitter_card":"summary_large_image","twitter_misc":{"Predpokladan\u00fd \u010das \u010d\u00edtania":"1 min\u00fata"},"schema":{"@context":"https:\/\/schema.org","@graph":[{"@type":"WebPage","@id":"https:\/\/klimavex.eu\/sk\/katalog\/ventilator-vortice-nordik-hvls-super-blade-700-280-s-l\/","url":"https:\/\/klimavex.eu\/sk\/katalog\/ventilator-vortice-nordik-hvls-super-blade-700-280-s-l\/","name":"Ventil\u00e1tor Vortice Nordik HVLS SUPER BLADE 700\/280\" S L - KLIMAVEX GROUP - Slovensko","isPartOf":{"@id":"https:\/\/klimavex.eu\/sk\/#website"},"primaryImageOfPage":{"@id":"https:\/\/klimavex.eu\/sk\/katalog\/ventilator-vortice-nordik-hvls-super-blade-700-280-s-l\/#primaryimage"},"image":{"@id":"https:\/\/klimavex.eu\/sk\/katalog\/ventilator-vortice-nordik-hvls-super-blade-700-280-s-l\/#primaryimage"},"thumbnailUrl":"https:\/\/klimavex.eu\/sk\/wp-content\/uploads\/2025\/09\/k_1hX9nJlIu5nux2P7uK9ktlFJ5pqESMTXDoWNjwbqs-9.png","datePublished":"2026-04-02T14:08:41+00:00","dateModified":"2026-04-02T14:09:25+00:00","breadcrumb":{"@id":"https:\/\/klimavex.eu\/sk\/katalog\/ventilator-vortice-nordik-hvls-super-blade-700-280-s-l\/#breadcrumb"},"inLanguage":"sk-SK","potentialAction":[{"@type":"ReadAction","target":["https:\/\/klimavex.eu\/sk\/katalog\/ventilator-vortice-nordik-hvls-super-blade-700-280-s-l\/"]}]},{"@type":"ImageObject","inLanguage":"sk-SK","@id":"https:\/\/klimavex.eu\/sk\/katalog\/ventilator-vortice-nordik-hvls-super-blade-700-280-s-l\/#primaryimage","url":"https:\/\/klimavex.eu\/sk\/wp-content\/uploads\/2025\/09\/k_1hX9nJlIu5nux2P7uK9ktlFJ5pqESMTXDoWNjwbqs-9.png","contentUrl":"https:\/\/klimavex.eu\/sk\/wp-content\/uploads\/2025\/09\/k_1hX9nJlIu5nux2P7uK9ktlFJ5pqESMTXDoWNjwbqs-9.png","width":572,"height":512},{"@type":"BreadcrumbList","@id":"https:\/\/klimavex.eu\/sk\/katalog\/ventilator-vortice-nordik-hvls-super-blade-700-280-s-l\/#breadcrumb","itemListElement":[{"@type":"ListItem","position":1,"name":"Domovsk\u00e1 str\u00e1nka","item":"https:\/\/klimavex.eu\/sk\/"},{"@type":"ListItem","position":2,"name":"Eshop","item":"https:\/\/klimavex.eu\/sk\/eshop\/"},{"@type":"ListItem","position":3,"name":"Ventil\u00e1tor Vortice Nordik HVLS SUPER BLADE 700\/280&#8243; S L"}]},{"@type":"WebSite","@id":"https:\/\/klimavex.eu\/sk\/#website","url":"https:\/\/klimavex.eu\/sk\/","name":"KLIMAVEX GROUP - Slovensko","description":"","publisher":{"@id":"https:\/\/klimavex.eu\/sk\/#organization"},"alternateName":"KLIMAVEX a.s.","potentialAction":[{"@type":"SearchAction","target":{"@type":"EntryPoint","urlTemplate":"https:\/\/klimavex.eu\/sk\/?s={search_term_string}"},"query-input":{"@type":"PropertyValueSpecification","valueRequired":true,"valueName":"search_term_string"}}],"inLanguage":"sk-SK"},{"@type":"Organization","@id":"https:\/\/klimavex.eu\/sk\/#organization","name":"KLIMAVEX GROUP","alternateName":"KLIMAVEX a.s.","url":"https:\/\/klimavex.eu\/sk\/","logo":{"@type":"ImageObject","inLanguage":"sk-SK","@id":"https:\/\/klimavex.eu\/sk\/#\/schema\/logo\/image\/","url":"https:\/\/klimavex.eu\/sk\/wp-content\/uploads\/2024\/04\/Klimavex-Group-logo.png","contentUrl":"https:\/\/klimavex.eu\/sk\/wp-content\/uploads\/2024\/04\/Klimavex-Group-logo.png","width":1681,"height":472,"caption":"KLIMAVEX GROUP"},"image":{"@id":"https:\/\/klimavex.eu\/sk\/#\/schema\/logo\/image\/"},"sameAs":["https:\/\/www.facebook.com\/klimavex","https:\/\/www.instagram.com\/klimavex_sk\/"]}]}},"_links":{"self":[{"href":"https:\/\/klimavex.eu\/sk\/wp-json\/wp\/v2\/product\/477732","targetHints":{"allow":["GET"]}}],"collection":[{"href":"https:\/\/klimavex.eu\/sk\/wp-json\/wp\/v2\/product"}],"about":[{"href":"https:\/\/klimavex.eu\/sk\/wp-json\/wp\/v2\/types\/product"}],"version-history":[{"count":0,"href":"https:\/\/klimavex.eu\/sk\/wp-json\/wp\/v2\/product\/477732\/revisions"}],"wp:featuredmedia":[{"embeddable":true,"href":"https:\/\/klimavex.eu\/sk\/wp-json\/wp\/v2\/media\/485977"}],"wp:attachment":[{"href":"https:\/\/klimavex.eu\/sk\/wp-json\/wp\/v2\/media?parent=477732"}],"wp:term":[{"taxonomy":"product_cat","embeddable":true,"href":"https:\/\/klimavex.eu\/sk\/wp-json\/wp\/v2\/product_cat?post=477732"},{"taxonomy":"product_tag","embeddable":true,"href":"https:\/\/klimavex.eu\/sk\/wp-json\/wp\/v2\/product_tag?post=477732"}],"curies":[{"name":"wp","href":"https:\/\/api.w.org\/{rel}","templated":true}]}}