{"id":477751,"date":"2026-03-31T18:55:52","date_gmt":"2026-03-31T16:55:52","guid":{"rendered":"https:\/\/klimavex.eu\/sk\/katalog\/ventilator-vortice-super-t\/"},"modified":"2026-03-31T18:56:26","modified_gmt":"2026-03-31T16:56:26","slug":"ventilator-vortice-super-t","status":"publish","type":"product","link":"https:\/\/klimavex.eu\/sk\/katalog\/ventilator-vortice-super-t\/","title":{"rendered":"Ventil\u00e1tor Vortice SUPER T"},"content":{"rendered":"<p style=\"text-align:justify\"><span style=\"font-size:11pt\"><span style=\"font-family:Calibri,sans-serif\"><strong><span style=\"color:black\">K\u013e&uacute;\u010dov&eacute; vlastnosti:<\/span><\/strong><\/span><\/span><\/p>\n<ul>\n<li style=\"text-align:justify\"><span style=\"font-size:11pt\"><span style=\"font-family:Calibri,sans-serif\"><span style=\"color:black\">N&aacute;stenn&aacute; alebo stropn&aacute; mont&aacute;\u017e.<\/span><\/span><\/span><\/li>\n<li style=\"text-align:justify\"><span style=\"font-size:11pt\"><span style=\"font-family:Calibri,sans-serif\"><span style=\"color:black\">Pripojenie na potrubie &Oslash;100 mm.<\/span><\/span><\/span><\/li>\n<li style=\"text-align:justify\"><span style=\"font-size:11pt\"><span style=\"font-family:Calibri,sans-serif\">Vybaven&eacute; asynchr&oacute;nnym motorom.<\/span><\/span><\/li>\n<li style=\"text-align:justify\"><span style=\"font-size:11pt\"><span style=\"font-family:Calibri,sans-serif\">S nastavite\u013en&yacute;m 3 a\u017e 20 min&uacute;tov&yacute;m \u010dasov&yacute;m sp&iacute;na\u010dom oneskoren&eacute;ho vypnutia. Ventil&aacute;tor sa uvedie do \u010dinnosti spolu s osvetlen&iacute;m, ale zostane v \u010dinnosti aj po vypnut&iacute; svetla po dobu prednastaven&eacute;ho \u010dasov&eacute;ho oneskorenia.<\/span><\/span><\/li>\n<li style=\"text-align:justify\"><span style=\"font-size:11pt\"><span style=\"font-family:Calibri,sans-serif\">Regul&aacute;cia ot&aacute;\u010dok je zabezpe\u010den&aacute; cez trojstup\u0148ov&yacute; regul&aacute;tor ot&aacute;\u010dok TRIO-QS &#8211; povinn&eacute; pr&iacute;slu&scaron;enstvo.<\/span><\/span><\/li>\n<li style=\"text-align:justify\"><span style=\"font-size:11pt\"><span style=\"font-family:Calibri,sans-serif\">Zabudovan&aacute; sp&auml;tn&aacute; klapka (plastov&aacute; membr&aacute;na) pre zabr&aacute;nenie sp&auml;tn&eacute;ho pr&uacute;denia vzduchu, ak ventil&aacute;tor nie je v prev&aacute;dzke.<\/span><\/span><\/li>\n<li style=\"text-align:justify\"><span style=\"font-size:11pt\"><span style=\"font-family:Calibri,sans-serif\">LED signaliz&aacute;cia zanesenia filtra.<\/span><\/span><\/li>\n<li style=\"text-align:justify\"><span style=\"font-size:11pt\"><span style=\"font-family:Calibri,sans-serif\">Krytie IPX4 (ochrana proti striekaj&uacute;cej vode).<\/span><\/span><\/li>\n<li style=\"text-align:justify\"><span style=\"font-size:11pt\"><span style=\"font-family:Calibri,sans-serif\">Zariadenia vyhovuj&uacute; ERP nariadeniu &#8211; Erp. Reg. N&deg; 1253\/2014, 2. stupe\u0148).<\/span><\/span><\/li>\n<\/ul>\n","protected":false},"excerpt":{"rendered":"<p style=\"text-align:justify\"><span style=\"font-size:11pt\"><span style=\"font-family:Calibri,sans-serif\"><span style=\"color:black\">Trojot&aacute;\u010dkov&yacute; radi&aacute;lny ods&aacute;vac&iacute; ventil&aacute;tor <strong>Vortice Quadro<\/strong>, vhodn&yacute; pre ods&aacute;vanie <strong>mal&yacute;ch a stredn&yacute;ch miestnost&iacute; v&nbsp;dom&aacute;cej aj komer\u010dnej sf&eacute;re<\/strong>, vr&aacute;tane miestnost&iacute; s&nbsp;vysokou relat&iacute;vnou vlhkos\u0165ou (k&uacute;pe\u013ene, WC, pivnice). S&nbsp;\u010dasov&yacute;m sn&iacute;ma\u010dom. S&nbsp;v&yacute;fukom do potrubia. Vhodn&yacute; na pripojenie na potrubie s&nbsp;vy&scaron;&scaron;ou tlakovou stratou (dlh&scaron;ie potrubie, nad 4m, koleno). Dosahuje <strong>vysok&yacute; vzduchov&yacute; v&yacute;kon<\/strong> pri s&uacute;\u010dasnom dodr\u017ean&iacute; <strong>n&iacute;zkej hlu\u010dnosti<\/strong>.<\/span><\/span><\/span><\/p>\n","protected":false},"featured_media":486055,"template":"","meta":[],"product_cat":[1323,1322,1297],"product_tag":[],"class_list":{"0":"post-477751","1":"product","2":"type-product","3":"status-publish","4":"has-post-thumbnail","6":"product_cat-quadro","7":"product_cat-ventilatory-do-kupelne-radialne","8":"product_cat-ventilatory","9":"pa_casovy-dobeh-t-ano","10":"pa_dostupny-tlak-pa-226-490","11":"pa_hlucnost-lp-3m-419-486","12":"pa_krytie-ipx4","13":"pa_prevedenie-radialny","14":"pa_priemer-napojenia-mm-3846","15":"pa_typ-quadro","16":"pa_vzduchovy-vykon-qv-m3-140-280","17":"pa_znacka-vortice","19":"first","20":"instock","21":"taxable","22":"shipping-taxable","23":"purchasable","24":"product-type-simple"},"yoast_head":"<!-- This site is optimized with the Yoast SEO plugin v23.9 - https:\/\/yoast.com\/wordpress\/plugins\/seo\/ -->\n<title>Ventil\u00e1tor Vortice SUPER T - KLIMAVEX GROUP - Slovensko<\/title>\n<meta name=\"robots\" content=\"index, follow, max-snippet:-1, max-image-preview:large, max-video-preview:-1\" \/>\n<link rel=\"canonical\" href=\"https:\/\/klimavex.eu\/sk\/katalog\/ventilator-vortice-super-t\/\" \/>\n<meta property=\"og:locale\" content=\"sk_SK\" \/>\n<meta property=\"og:type\" content=\"article\" \/>\n<meta property=\"og:title\" content=\"Ventil\u00e1tor Vortice SUPER T - KLIMAVEX GROUP - Slovensko\" \/>\n<meta property=\"og:description\" content=\"Trojot&aacute;\u010dkov&yacute; radi&aacute;lny ods&aacute;vac&iacute; ventil&aacute;tor Vortice Quadro, vhodn&yacute; pre ods&aacute;vanie mal&yacute;ch a stredn&yacute;ch miestnost&iacute; v&nbsp;dom&aacute;cej aj komer\u010dnej sf&eacute;re, vr&aacute;tane miestnost&iacute; s&nbsp;vysokou relat&iacute;vnou vlhkos\u0165ou (k&uacute;pe\u013ene, WC, pivnice). S&nbsp;\u010dasov&yacute;m sn&iacute;ma\u010dom. S&nbsp;v&yacute;fukom do potrubia. Vhodn&yacute; na pripojenie na potrubie s&nbsp;vy&scaron;&scaron;ou tlakovou stratou (dlh&scaron;ie potrubie, nad 4m, koleno). Dosahuje vysok&yacute; vzduchov&yacute; v&yacute;kon pri s&uacute;\u010dasnom dodr\u017ean&iacute; n&iacute;zkej hlu\u010dnosti.\" \/>\n<meta property=\"og:url\" content=\"https:\/\/klimavex.eu\/sk\/katalog\/ventilator-vortice-super-t\/\" \/>\n<meta property=\"og:site_name\" content=\"KLIMAVEX GROUP - Slovensko\" \/>\n<meta property=\"article:publisher\" content=\"https:\/\/www.facebook.com\/klimavex\" \/>\n<meta property=\"article:modified_time\" content=\"2026-03-31T16:56:26+00:00\" \/>\n<meta property=\"og:image\" content=\"https:\/\/klimavex.eu\/sk\/wp-content\/uploads\/2024\/02\/LOGO-KLIMAVEX-modra-kostka-1.png\" \/>\n\t<meta property=\"og:image:width\" content=\"9184\" \/>\n\t<meta property=\"og:image:height\" content=\"9184\" \/>\n\t<meta property=\"og:image:type\" content=\"image\/png\" \/>\n<meta name=\"twitter:card\" content=\"summary_large_image\" \/>\n<meta name=\"twitter:label1\" content=\"Predpokladan\u00fd \u010das \u010d\u00edtania\" \/>\n\t<meta name=\"twitter:data1\" content=\"1 min\u00fata\" \/>\n<script type=\"application\/ld+json\" class=\"yoast-schema-graph\">{\"@context\":\"https:\/\/schema.org\",\"@graph\":[{\"@type\":\"WebPage\",\"@id\":\"https:\/\/klimavex.eu\/sk\/katalog\/ventilator-vortice-super-t\/\",\"url\":\"https:\/\/klimavex.eu\/sk\/katalog\/ventilator-vortice-super-t\/\",\"name\":\"Ventil\u00e1tor Vortice SUPER T - KLIMAVEX GROUP - Slovensko\",\"isPartOf\":{\"@id\":\"https:\/\/klimavex.eu\/sk\/#website\"},\"primaryImageOfPage\":{\"@id\":\"https:\/\/klimavex.eu\/sk\/katalog\/ventilator-vortice-super-t\/#primaryimage\"},\"image\":{\"@id\":\"https:\/\/klimavex.eu\/sk\/katalog\/ventilator-vortice-super-t\/#primaryimage\"},\"thumbnailUrl\":\"https:\/\/klimavex.eu\/sk\/wp-content\/uploads\/2025\/09\/XyRfxOZW7dzLiNypRCvH70HB1_0sP1rD1AVz0Wfll5U-11.png\",\"datePublished\":\"2026-03-31T16:55:52+00:00\",\"dateModified\":\"2026-03-31T16:56:26+00:00\",\"breadcrumb\":{\"@id\":\"https:\/\/klimavex.eu\/sk\/katalog\/ventilator-vortice-super-t\/#breadcrumb\"},\"inLanguage\":\"sk-SK\",\"potentialAction\":[{\"@type\":\"ReadAction\",\"target\":[\"https:\/\/klimavex.eu\/sk\/katalog\/ventilator-vortice-super-t\/\"]}]},{\"@type\":\"ImageObject\",\"inLanguage\":\"sk-SK\",\"@id\":\"https:\/\/klimavex.eu\/sk\/katalog\/ventilator-vortice-super-t\/#primaryimage\",\"url\":\"https:\/\/klimavex.eu\/sk\/wp-content\/uploads\/2025\/09\/XyRfxOZW7dzLiNypRCvH70HB1_0sP1rD1AVz0Wfll5U-11.png\",\"contentUrl\":\"https:\/\/klimavex.eu\/sk\/wp-content\/uploads\/2025\/09\/XyRfxOZW7dzLiNypRCvH70HB1_0sP1rD1AVz0Wfll5U-11.png\",\"width\":572,\"height\":512},{\"@type\":\"BreadcrumbList\",\"@id\":\"https:\/\/klimavex.eu\/sk\/katalog\/ventilator-vortice-super-t\/#breadcrumb\",\"itemListElement\":[{\"@type\":\"ListItem\",\"position\":1,\"name\":\"Domovsk\u00e1 str\u00e1nka\",\"item\":\"https:\/\/klimavex.eu\/sk\/\"},{\"@type\":\"ListItem\",\"position\":2,\"name\":\"Eshop\",\"item\":\"https:\/\/klimavex.eu\/sk\/eshop\/\"},{\"@type\":\"ListItem\",\"position\":3,\"name\":\"Ventil\u00e1tor Vortice SUPER T\"}]},{\"@type\":\"WebSite\",\"@id\":\"https:\/\/klimavex.eu\/sk\/#website\",\"url\":\"https:\/\/klimavex.eu\/sk\/\",\"name\":\"KLIMAVEX GROUP - Slovensko\",\"description\":\"\",\"publisher\":{\"@id\":\"https:\/\/klimavex.eu\/sk\/#organization\"},\"alternateName\":\"KLIMAVEX a.s.\",\"potentialAction\":[{\"@type\":\"SearchAction\",\"target\":{\"@type\":\"EntryPoint\",\"urlTemplate\":\"https:\/\/klimavex.eu\/sk\/?s={search_term_string}\"},\"query-input\":{\"@type\":\"PropertyValueSpecification\",\"valueRequired\":true,\"valueName\":\"search_term_string\"}}],\"inLanguage\":\"sk-SK\"},{\"@type\":\"Organization\",\"@id\":\"https:\/\/klimavex.eu\/sk\/#organization\",\"name\":\"KLIMAVEX GROUP\",\"alternateName\":\"KLIMAVEX a.s.\",\"url\":\"https:\/\/klimavex.eu\/sk\/\",\"logo\":{\"@type\":\"ImageObject\",\"inLanguage\":\"sk-SK\",\"@id\":\"https:\/\/klimavex.eu\/sk\/#\/schema\/logo\/image\/\",\"url\":\"https:\/\/klimavex.eu\/sk\/wp-content\/uploads\/2024\/04\/Klimavex-Group-logo.png\",\"contentUrl\":\"https:\/\/klimavex.eu\/sk\/wp-content\/uploads\/2024\/04\/Klimavex-Group-logo.png\",\"width\":1681,\"height\":472,\"caption\":\"KLIMAVEX GROUP\"},\"image\":{\"@id\":\"https:\/\/klimavex.eu\/sk\/#\/schema\/logo\/image\/\"},\"sameAs\":[\"https:\/\/www.facebook.com\/klimavex\",\"https:\/\/www.instagram.com\/klimavex_sk\/\"]}]}<\/script>\n<!-- \/ Yoast SEO plugin. -->","yoast_head_json":{"title":"Ventil\u00e1tor Vortice SUPER T - KLIMAVEX GROUP - Slovensko","robots":{"index":"index","follow":"follow","max-snippet":"max-snippet:-1","max-image-preview":"max-image-preview:large","max-video-preview":"max-video-preview:-1"},"canonical":"https:\/\/klimavex.eu\/sk\/katalog\/ventilator-vortice-super-t\/","og_locale":"sk_SK","og_type":"article","og_title":"Ventil\u00e1tor Vortice SUPER T - KLIMAVEX GROUP - Slovensko","og_description":"Trojot&aacute;\u010dkov&yacute; radi&aacute;lny ods&aacute;vac&iacute; ventil&aacute;tor Vortice Quadro, vhodn&yacute; pre ods&aacute;vanie mal&yacute;ch a stredn&yacute;ch miestnost&iacute; v&nbsp;dom&aacute;cej aj komer\u010dnej sf&eacute;re, vr&aacute;tane miestnost&iacute; s&nbsp;vysokou relat&iacute;vnou vlhkos\u0165ou (k&uacute;pe\u013ene, WC, pivnice). S&nbsp;\u010dasov&yacute;m sn&iacute;ma\u010dom. S&nbsp;v&yacute;fukom do potrubia. Vhodn&yacute; na pripojenie na potrubie s&nbsp;vy&scaron;&scaron;ou tlakovou stratou (dlh&scaron;ie potrubie, nad 4m, koleno). Dosahuje vysok&yacute; vzduchov&yacute; v&yacute;kon pri s&uacute;\u010dasnom dodr\u017ean&iacute; n&iacute;zkej hlu\u010dnosti.","og_url":"https:\/\/klimavex.eu\/sk\/katalog\/ventilator-vortice-super-t\/","og_site_name":"KLIMAVEX GROUP - Slovensko","article_publisher":"https:\/\/www.facebook.com\/klimavex","article_modified_time":"2026-03-31T16:56:26+00:00","og_image":[{"width":9184,"height":9184,"url":"https:\/\/klimavex.eu\/sk\/wp-content\/uploads\/2024\/02\/LOGO-KLIMAVEX-modra-kostka-1.png","type":"image\/png"}],"twitter_card":"summary_large_image","twitter_misc":{"Predpokladan\u00fd \u010das \u010d\u00edtania":"1 min\u00fata"},"schema":{"@context":"https:\/\/schema.org","@graph":[{"@type":"WebPage","@id":"https:\/\/klimavex.eu\/sk\/katalog\/ventilator-vortice-super-t\/","url":"https:\/\/klimavex.eu\/sk\/katalog\/ventilator-vortice-super-t\/","name":"Ventil\u00e1tor Vortice SUPER T - KLIMAVEX GROUP - Slovensko","isPartOf":{"@id":"https:\/\/klimavex.eu\/sk\/#website"},"primaryImageOfPage":{"@id":"https:\/\/klimavex.eu\/sk\/katalog\/ventilator-vortice-super-t\/#primaryimage"},"image":{"@id":"https:\/\/klimavex.eu\/sk\/katalog\/ventilator-vortice-super-t\/#primaryimage"},"thumbnailUrl":"https:\/\/klimavex.eu\/sk\/wp-content\/uploads\/2025\/09\/XyRfxOZW7dzLiNypRCvH70HB1_0sP1rD1AVz0Wfll5U-11.png","datePublished":"2026-03-31T16:55:52+00:00","dateModified":"2026-03-31T16:56:26+00:00","breadcrumb":{"@id":"https:\/\/klimavex.eu\/sk\/katalog\/ventilator-vortice-super-t\/#breadcrumb"},"inLanguage":"sk-SK","potentialAction":[{"@type":"ReadAction","target":["https:\/\/klimavex.eu\/sk\/katalog\/ventilator-vortice-super-t\/"]}]},{"@type":"ImageObject","inLanguage":"sk-SK","@id":"https:\/\/klimavex.eu\/sk\/katalog\/ventilator-vortice-super-t\/#primaryimage","url":"https:\/\/klimavex.eu\/sk\/wp-content\/uploads\/2025\/09\/XyRfxOZW7dzLiNypRCvH70HB1_0sP1rD1AVz0Wfll5U-11.png","contentUrl":"https:\/\/klimavex.eu\/sk\/wp-content\/uploads\/2025\/09\/XyRfxOZW7dzLiNypRCvH70HB1_0sP1rD1AVz0Wfll5U-11.png","width":572,"height":512},{"@type":"BreadcrumbList","@id":"https:\/\/klimavex.eu\/sk\/katalog\/ventilator-vortice-super-t\/#breadcrumb","itemListElement":[{"@type":"ListItem","position":1,"name":"Domovsk\u00e1 str\u00e1nka","item":"https:\/\/klimavex.eu\/sk\/"},{"@type":"ListItem","position":2,"name":"Eshop","item":"https:\/\/klimavex.eu\/sk\/eshop\/"},{"@type":"ListItem","position":3,"name":"Ventil\u00e1tor Vortice SUPER T"}]},{"@type":"WebSite","@id":"https:\/\/klimavex.eu\/sk\/#website","url":"https:\/\/klimavex.eu\/sk\/","name":"KLIMAVEX GROUP - Slovensko","description":"","publisher":{"@id":"https:\/\/klimavex.eu\/sk\/#organization"},"alternateName":"KLIMAVEX a.s.","potentialAction":[{"@type":"SearchAction","target":{"@type":"EntryPoint","urlTemplate":"https:\/\/klimavex.eu\/sk\/?s={search_term_string}"},"query-input":{"@type":"PropertyValueSpecification","valueRequired":true,"valueName":"search_term_string"}}],"inLanguage":"sk-SK"},{"@type":"Organization","@id":"https:\/\/klimavex.eu\/sk\/#organization","name":"KLIMAVEX GROUP","alternateName":"KLIMAVEX a.s.","url":"https:\/\/klimavex.eu\/sk\/","logo":{"@type":"ImageObject","inLanguage":"sk-SK","@id":"https:\/\/klimavex.eu\/sk\/#\/schema\/logo\/image\/","url":"https:\/\/klimavex.eu\/sk\/wp-content\/uploads\/2024\/04\/Klimavex-Group-logo.png","contentUrl":"https:\/\/klimavex.eu\/sk\/wp-content\/uploads\/2024\/04\/Klimavex-Group-logo.png","width":1681,"height":472,"caption":"KLIMAVEX GROUP"},"image":{"@id":"https:\/\/klimavex.eu\/sk\/#\/schema\/logo\/image\/"},"sameAs":["https:\/\/www.facebook.com\/klimavex","https:\/\/www.instagram.com\/klimavex_sk\/"]}]}},"_links":{"self":[{"href":"https:\/\/klimavex.eu\/sk\/wp-json\/wp\/v2\/product\/477751","targetHints":{"allow":["GET"]}}],"collection":[{"href":"https:\/\/klimavex.eu\/sk\/wp-json\/wp\/v2\/product"}],"about":[{"href":"https:\/\/klimavex.eu\/sk\/wp-json\/wp\/v2\/types\/product"}],"version-history":[{"count":0,"href":"https:\/\/klimavex.eu\/sk\/wp-json\/wp\/v2\/product\/477751\/revisions"}],"wp:featuredmedia":[{"embeddable":true,"href":"https:\/\/klimavex.eu\/sk\/wp-json\/wp\/v2\/media\/486055"}],"wp:attachment":[{"href":"https:\/\/klimavex.eu\/sk\/wp-json\/wp\/v2\/media?parent=477751"}],"wp:term":[{"taxonomy":"product_cat","embeddable":true,"href":"https:\/\/klimavex.eu\/sk\/wp-json\/wp\/v2\/product_cat?post=477751"},{"taxonomy":"product_tag","embeddable":true,"href":"https:\/\/klimavex.eu\/sk\/wp-json\/wp\/v2\/product_tag?post=477751"}],"curies":[{"name":"wp","href":"https:\/\/api.w.org\/{rel}","templated":true}]}}