{"id":477764,"date":"2026-03-18T09:53:20","date_gmt":"2026-03-18T08:53:20","guid":{"rendered":"https:\/\/klimavex.eu\/sk\/katalog\/vetracia-rekuperacna-jednotka-vortice-vort-invisible-mini-top\/"},"modified":"2026-03-18T09:54:27","modified_gmt":"2026-03-18T08:54:27","slug":"vetracia-rekuperacna-jednotka-vortice-vort-invisible-mini-top","status":"publish","type":"product","link":"https:\/\/klimavex.eu\/sk\/katalog\/vetracia-rekuperacna-jednotka-vortice-vort-invisible-mini-top\/","title":{"rendered":"Vetracia rekupera\u010dn\u00e1 jednotka Vortice VORT INVISIBLE MINI TOP"},"content":{"rendered":"<p style=\"margin-left:0cm;text-align:justify;\"><span style=\"font-family:Calibri, sans-serif;font-size:11pt;\"><span lang=\"SK\" dir=\"ltr\"><strong>K\u013e\u00fa\u010dov\u00e9 vlastnosti<\/strong><\/span><\/span><\/p>\n<ul>\n<li>\n<p style=\"text-align:justify;\"><span style=\"font-family:Calibri, sans-serif;font-size:11pt;\"><span lang=\"SK\" dir=\"ltr\">Bielo lakovan\u00fd oce\u013eov\u00fd kryt<\/span><\/span><\/p>\n<\/li>\n<li>\n<p style=\"text-align:justify;\"><span style=\"font-family:Calibri, sans-serif;font-size:11pt;\"><span lang=\"SK\" dir=\"ltr\">2 EC motory s hriade\u013emi ulo\u017een\u00fdmi na gu\u013e\u00f4\u010dkov\u00fdch<strong>&nbsp;<\/strong>lo\u017eisk\u00e1ch, ka\u017ed\u00fd pripojen\u00fd k vrtuli s dopredu zahnut\u00fdmi lopatkami<\/span><\/span><\/p>\n<\/li>\n<li>\n<p style=\"text-align:justify;\"><span style=\"font-family:Calibri, sans-serif;font-size:11pt;\"><span lang=\"SK\" dir=\"ltr\">Automatick\u00fd aktivovan\u00fd syst\u00e9m zabra\u0148uj\u00faci tvorbe n\u00e1mrazy na v\u00fdmenn\u00edku tepla<\/span><\/span><\/p>\n<\/li>\n<li>\n<p style=\"text-align:justify;\"><span style=\"font-family:Calibri, sans-serif;font-size:11pt;\"><span lang=\"SK\" dir=\"ltr\">Automaticky aktivovan\u00fd 100% filtrovan\u00fd by-pass<\/span><\/span><\/p>\n<\/li>\n<li>\n<p style=\"text-align:justify;\"><span style=\"font-family:Calibri, sans-serif;font-size:11pt;\"><span lang=\"SK\" dir=\"ltr\">2 x filter ISO COARSE 45% (G3), na ods\u00e1vanom (znehodnotenom) a na priv\u00e1dzanom (\u010derstvom) vzduchu; filter ISO COARSE 65% (G4) je k dispoz\u00edcii pre od\u0165ahov\u00fd port, filtre ePM10 50% (M5), ePM1 55% (F7) a ePM1 80% (F9) pre pr\u00edvodn\u00fd port s\u00fa k dispoz\u00edcii ako volite\u013en\u00e9 vybavenie<\/span><\/span><\/p>\n<\/li>\n<li>\n<p style=\"text-align:justify;\"><span style=\"font-family:Calibri, sans-serif;font-size:11pt;\"><span lang=\"SK\" dir=\"ltr\">Z\u00e1sobn\u00edk na kondenz\u00e1t s vyp\u00fa\u0161\u0165ac\u00edm zariaden\u00edm<\/span><\/span><\/p>\n<\/li>\n<li>\n<p style=\"text-align:justify;\"><span style=\"font-family:Calibri, sans-serif;font-size:11pt;\"><span lang=\"SK\" dir=\"ltr\">Pokro\u010dil\u00e1 elektronick\u00e1 sada, \u013eahko pr\u00edstupn\u00e1 pre prv\u00e9 nastavenie a be\u017en\u00fa \u00fadr\u017ebu; pon\u00fakan\u00e9 funkcie:<\/span><\/span><\/p>\n<ul>\n<li>\n<p style=\"text-align:justify;\"><span style=\"font-family:Calibri, sans-serif;font-size:11pt;\"><span lang=\"SK\" dir=\"ltr\">nastavenie prev\u00e1dzkov\u00fdch parametrov (r\u00fdchlos\u0165 ventil\u00e1tora, prahov\u00e1 hodnota relat\u00edvnej vlhkosti at\u010f.),<\/span><\/span><\/p>\n<\/li>\n<li>\n<p style=\"text-align:justify;\"><span style=\"font-family:Calibri, sans-serif;font-size:11pt;\"><span lang=\"SK\" dir=\"ltr\">automatick\u00e9 riadenie by-passu,<\/span><\/span><\/p>\n<\/li>\n<li>\n<p style=\"text-align:justify;\"><span style=\"font-family:Calibri, sans-serif;font-size:11pt;\"><span lang=\"SK\" dir=\"ltr\">ochrana v\u00fdmenn\u00edka tepla proti zamrznutiu,<\/span><\/span><\/p>\n<\/li>\n<li>\n<p style=\"text-align:justify;\"><span style=\"font-family:Calibri, sans-serif;font-size:11pt;\"><span lang=\"SK\" dir=\"ltr\">automatick\u00e9 riadenie (volite\u013en\u00e9ho) predohrevu, ak je in\u0161talovan\u00fd<\/span><\/span><\/p>\n<\/li>\n<\/ul>\n<\/li>\n<\/ul>\n","protected":false},"excerpt":{"rendered":"<p style=\"margin-left:0cm;text-align:justify;\"><span style=\"font-family:Calibri, sans-serif;font-size:11pt;\"><span lang=\"SK\" dir=\"ltr\">Rekupera\u010dn\u00e1 jednotka <strong>VORT INVISIBLE MINI TOP&nbsp;<\/strong>s <strong>vysoko \u00fa\u010dinn\u00fdm protipr\u00fadov\u00fdm v\u00fdmenn\u00edkom tepla<\/strong>. Pripojovacie otvory vstupn\u00e9ho a v\u00fdstupn\u00e9ho potrubia s\u00fa kompatibiln\u00e9 s menovit\u00fdmi <strong>priemermi 100 mm a 125 mm<\/strong>.<\/span><\/span><\/p>\n","protected":false},"featured_media":0,"template":"","meta":[],"product_cat":[1297],"product_tag":[],"class_list":{"0":"post-477764","1":"product","2":"type-product","3":"status-publish","5":"product_cat-ventilatory","6":"pa_dostupny-tlak-pa-4099","7":"pa_hlucnost-lp-3m-4865","8":"pa_krytie-ipx2","9":"pa_typ-rekuperacia","10":"pa_vzduchovy-vykon-qv-m3-50-120","11":"pa_znacka-vortice","13":"first","14":"instock","15":"taxable","16":"shipping-taxable","17":"purchasable","18":"product-type-simple"},"yoast_head":"<!-- This site is optimized with the Yoast SEO plugin v23.9 - https:\/\/yoast.com\/wordpress\/plugins\/seo\/ -->\n<title>Vetracia rekupera\u010dn\u00e1 jednotka Vortice VORT INVISIBLE MINI TOP - KLIMAVEX GROUP - Slovensko<\/title>\n<meta name=\"robots\" content=\"index, follow, max-snippet:-1, max-image-preview:large, max-video-preview:-1\" \/>\n<link rel=\"canonical\" href=\"https:\/\/klimavex.eu\/sk\/katalog\/vetracia-rekuperacna-jednotka-vortice-vort-invisible-mini-top\/\" \/>\n<meta property=\"og:locale\" content=\"sk_SK\" \/>\n<meta property=\"og:type\" content=\"article\" \/>\n<meta property=\"og:title\" content=\"Vetracia rekupera\u010dn\u00e1 jednotka Vortice VORT INVISIBLE MINI TOP - KLIMAVEX GROUP - Slovensko\" \/>\n<meta property=\"og:description\" content=\"Rekupera\u010dn\u00e1 jednotka VORT INVISIBLE MINI TOP&nbsp;s vysoko \u00fa\u010dinn\u00fdm protipr\u00fadov\u00fdm v\u00fdmenn\u00edkom tepla. Pripojovacie otvory vstupn\u00e9ho a v\u00fdstupn\u00e9ho potrubia s\u00fa kompatibiln\u00e9 s menovit\u00fdmi priemermi 100 mm a 125 mm.\" \/>\n<meta property=\"og:url\" content=\"https:\/\/klimavex.eu\/sk\/katalog\/vetracia-rekuperacna-jednotka-vortice-vort-invisible-mini-top\/\" \/>\n<meta property=\"og:site_name\" content=\"KLIMAVEX GROUP - Slovensko\" \/>\n<meta property=\"article:publisher\" content=\"https:\/\/www.facebook.com\/klimavex\" \/>\n<meta property=\"article:modified_time\" content=\"2026-03-18T08:54:27+00:00\" \/>\n<meta property=\"og:image\" content=\"https:\/\/klimavex.eu\/sk\/wp-content\/uploads\/2024\/02\/LOGO-KLIMAVEX-modra-kostka-1.png\" \/>\n\t<meta property=\"og:image:width\" content=\"9184\" \/>\n\t<meta property=\"og:image:height\" content=\"9184\" \/>\n\t<meta property=\"og:image:type\" content=\"image\/png\" \/>\n<meta name=\"twitter:card\" content=\"summary_large_image\" \/>\n<meta name=\"twitter:label1\" content=\"Predpokladan\u00fd \u010das \u010d\u00edtania\" \/>\n\t<meta name=\"twitter:data1\" content=\"1 min\u00fata\" \/>\n<script type=\"application\/ld+json\" class=\"yoast-schema-graph\">{\"@context\":\"https:\/\/schema.org\",\"@graph\":[{\"@type\":\"WebPage\",\"@id\":\"https:\/\/klimavex.eu\/sk\/katalog\/vetracia-rekuperacna-jednotka-vortice-vort-invisible-mini-top\/\",\"url\":\"https:\/\/klimavex.eu\/sk\/katalog\/vetracia-rekuperacna-jednotka-vortice-vort-invisible-mini-top\/\",\"name\":\"Vetracia rekupera\u010dn\u00e1 jednotka Vortice VORT INVISIBLE MINI TOP - KLIMAVEX GROUP - Slovensko\",\"isPartOf\":{\"@id\":\"https:\/\/klimavex.eu\/sk\/#website\"},\"datePublished\":\"2026-03-18T08:53:20+00:00\",\"dateModified\":\"2026-03-18T08:54:27+00:00\",\"breadcrumb\":{\"@id\":\"https:\/\/klimavex.eu\/sk\/katalog\/vetracia-rekuperacna-jednotka-vortice-vort-invisible-mini-top\/#breadcrumb\"},\"inLanguage\":\"sk-SK\",\"potentialAction\":[{\"@type\":\"ReadAction\",\"target\":[\"https:\/\/klimavex.eu\/sk\/katalog\/vetracia-rekuperacna-jednotka-vortice-vort-invisible-mini-top\/\"]}]},{\"@type\":\"BreadcrumbList\",\"@id\":\"https:\/\/klimavex.eu\/sk\/katalog\/vetracia-rekuperacna-jednotka-vortice-vort-invisible-mini-top\/#breadcrumb\",\"itemListElement\":[{\"@type\":\"ListItem\",\"position\":1,\"name\":\"Domovsk\u00e1 str\u00e1nka\",\"item\":\"https:\/\/klimavex.eu\/sk\/\"},{\"@type\":\"ListItem\",\"position\":2,\"name\":\"Eshop\",\"item\":\"https:\/\/klimavex.eu\/sk\/eshop\/\"},{\"@type\":\"ListItem\",\"position\":3,\"name\":\"Vetracia rekupera\u010dn\u00e1 jednotka Vortice VORT INVISIBLE MINI TOP\"}]},{\"@type\":\"WebSite\",\"@id\":\"https:\/\/klimavex.eu\/sk\/#website\",\"url\":\"https:\/\/klimavex.eu\/sk\/\",\"name\":\"KLIMAVEX GROUP - Slovensko\",\"description\":\"\",\"publisher\":{\"@id\":\"https:\/\/klimavex.eu\/sk\/#organization\"},\"alternateName\":\"KLIMAVEX a.s.\",\"potentialAction\":[{\"@type\":\"SearchAction\",\"target\":{\"@type\":\"EntryPoint\",\"urlTemplate\":\"https:\/\/klimavex.eu\/sk\/?s={search_term_string}\"},\"query-input\":{\"@type\":\"PropertyValueSpecification\",\"valueRequired\":true,\"valueName\":\"search_term_string\"}}],\"inLanguage\":\"sk-SK\"},{\"@type\":\"Organization\",\"@id\":\"https:\/\/klimavex.eu\/sk\/#organization\",\"name\":\"KLIMAVEX GROUP\",\"alternateName\":\"KLIMAVEX a.s.\",\"url\":\"https:\/\/klimavex.eu\/sk\/\",\"logo\":{\"@type\":\"ImageObject\",\"inLanguage\":\"sk-SK\",\"@id\":\"https:\/\/klimavex.eu\/sk\/#\/schema\/logo\/image\/\",\"url\":\"https:\/\/klimavex.eu\/sk\/wp-content\/uploads\/2024\/04\/Klimavex-Group-logo.png\",\"contentUrl\":\"https:\/\/klimavex.eu\/sk\/wp-content\/uploads\/2024\/04\/Klimavex-Group-logo.png\",\"width\":1681,\"height\":472,\"caption\":\"KLIMAVEX GROUP\"},\"image\":{\"@id\":\"https:\/\/klimavex.eu\/sk\/#\/schema\/logo\/image\/\"},\"sameAs\":[\"https:\/\/www.facebook.com\/klimavex\",\"https:\/\/www.instagram.com\/klimavex_sk\/\"]}]}<\/script>\n<!-- \/ Yoast SEO plugin. -->","yoast_head_json":{"title":"Vetracia rekupera\u010dn\u00e1 jednotka Vortice VORT INVISIBLE MINI TOP - KLIMAVEX GROUP - Slovensko","robots":{"index":"index","follow":"follow","max-snippet":"max-snippet:-1","max-image-preview":"max-image-preview:large","max-video-preview":"max-video-preview:-1"},"canonical":"https:\/\/klimavex.eu\/sk\/katalog\/vetracia-rekuperacna-jednotka-vortice-vort-invisible-mini-top\/","og_locale":"sk_SK","og_type":"article","og_title":"Vetracia rekupera\u010dn\u00e1 jednotka Vortice VORT INVISIBLE MINI TOP - KLIMAVEX GROUP - Slovensko","og_description":"Rekupera\u010dn\u00e1 jednotka VORT INVISIBLE MINI TOP&nbsp;s vysoko \u00fa\u010dinn\u00fdm protipr\u00fadov\u00fdm v\u00fdmenn\u00edkom tepla. Pripojovacie otvory vstupn\u00e9ho a v\u00fdstupn\u00e9ho potrubia s\u00fa kompatibiln\u00e9 s menovit\u00fdmi priemermi 100 mm a 125 mm.","og_url":"https:\/\/klimavex.eu\/sk\/katalog\/vetracia-rekuperacna-jednotka-vortice-vort-invisible-mini-top\/","og_site_name":"KLIMAVEX GROUP - Slovensko","article_publisher":"https:\/\/www.facebook.com\/klimavex","article_modified_time":"2026-03-18T08:54:27+00:00","og_image":[{"width":9184,"height":9184,"url":"https:\/\/klimavex.eu\/sk\/wp-content\/uploads\/2024\/02\/LOGO-KLIMAVEX-modra-kostka-1.png","type":"image\/png"}],"twitter_card":"summary_large_image","twitter_misc":{"Predpokladan\u00fd \u010das \u010d\u00edtania":"1 min\u00fata"},"schema":{"@context":"https:\/\/schema.org","@graph":[{"@type":"WebPage","@id":"https:\/\/klimavex.eu\/sk\/katalog\/vetracia-rekuperacna-jednotka-vortice-vort-invisible-mini-top\/","url":"https:\/\/klimavex.eu\/sk\/katalog\/vetracia-rekuperacna-jednotka-vortice-vort-invisible-mini-top\/","name":"Vetracia rekupera\u010dn\u00e1 jednotka Vortice VORT INVISIBLE MINI TOP - KLIMAVEX GROUP - Slovensko","isPartOf":{"@id":"https:\/\/klimavex.eu\/sk\/#website"},"datePublished":"2026-03-18T08:53:20+00:00","dateModified":"2026-03-18T08:54:27+00:00","breadcrumb":{"@id":"https:\/\/klimavex.eu\/sk\/katalog\/vetracia-rekuperacna-jednotka-vortice-vort-invisible-mini-top\/#breadcrumb"},"inLanguage":"sk-SK","potentialAction":[{"@type":"ReadAction","target":["https:\/\/klimavex.eu\/sk\/katalog\/vetracia-rekuperacna-jednotka-vortice-vort-invisible-mini-top\/"]}]},{"@type":"BreadcrumbList","@id":"https:\/\/klimavex.eu\/sk\/katalog\/vetracia-rekuperacna-jednotka-vortice-vort-invisible-mini-top\/#breadcrumb","itemListElement":[{"@type":"ListItem","position":1,"name":"Domovsk\u00e1 str\u00e1nka","item":"https:\/\/klimavex.eu\/sk\/"},{"@type":"ListItem","position":2,"name":"Eshop","item":"https:\/\/klimavex.eu\/sk\/eshop\/"},{"@type":"ListItem","position":3,"name":"Vetracia rekupera\u010dn\u00e1 jednotka Vortice VORT INVISIBLE MINI TOP"}]},{"@type":"WebSite","@id":"https:\/\/klimavex.eu\/sk\/#website","url":"https:\/\/klimavex.eu\/sk\/","name":"KLIMAVEX GROUP - Slovensko","description":"","publisher":{"@id":"https:\/\/klimavex.eu\/sk\/#organization"},"alternateName":"KLIMAVEX a.s.","potentialAction":[{"@type":"SearchAction","target":{"@type":"EntryPoint","urlTemplate":"https:\/\/klimavex.eu\/sk\/?s={search_term_string}"},"query-input":{"@type":"PropertyValueSpecification","valueRequired":true,"valueName":"search_term_string"}}],"inLanguage":"sk-SK"},{"@type":"Organization","@id":"https:\/\/klimavex.eu\/sk\/#organization","name":"KLIMAVEX GROUP","alternateName":"KLIMAVEX a.s.","url":"https:\/\/klimavex.eu\/sk\/","logo":{"@type":"ImageObject","inLanguage":"sk-SK","@id":"https:\/\/klimavex.eu\/sk\/#\/schema\/logo\/image\/","url":"https:\/\/klimavex.eu\/sk\/wp-content\/uploads\/2024\/04\/Klimavex-Group-logo.png","contentUrl":"https:\/\/klimavex.eu\/sk\/wp-content\/uploads\/2024\/04\/Klimavex-Group-logo.png","width":1681,"height":472,"caption":"KLIMAVEX GROUP"},"image":{"@id":"https:\/\/klimavex.eu\/sk\/#\/schema\/logo\/image\/"},"sameAs":["https:\/\/www.facebook.com\/klimavex","https:\/\/www.instagram.com\/klimavex_sk\/"]}]}},"_links":{"self":[{"href":"https:\/\/klimavex.eu\/sk\/wp-json\/wp\/v2\/product\/477764","targetHints":{"allow":["GET"]}}],"collection":[{"href":"https:\/\/klimavex.eu\/sk\/wp-json\/wp\/v2\/product"}],"about":[{"href":"https:\/\/klimavex.eu\/sk\/wp-json\/wp\/v2\/types\/product"}],"version-history":[{"count":0,"href":"https:\/\/klimavex.eu\/sk\/wp-json\/wp\/v2\/product\/477764\/revisions"}],"wp:attachment":[{"href":"https:\/\/klimavex.eu\/sk\/wp-json\/wp\/v2\/media?parent=477764"}],"wp:term":[{"taxonomy":"product_cat","embeddable":true,"href":"https:\/\/klimavex.eu\/sk\/wp-json\/wp\/v2\/product_cat?post=477764"},{"taxonomy":"product_tag","embeddable":true,"href":"https:\/\/klimavex.eu\/sk\/wp-json\/wp\/v2\/product_tag?post=477764"}],"curies":[{"name":"wp","href":"https:\/\/api.w.org\/{rel}","templated":true}]}}