{"id":477805,"date":"2026-04-15T16:03:05","date_gmt":"2026-04-15T14:03:05","guid":{"rendered":"https:\/\/klimavex.eu\/sk\/katalog\/susic-vlasov-vortice-vort-dry\/"},"modified":"2026-04-15T16:03:13","modified_gmt":"2026-04-15T14:03:13","slug":"susic-vlasov-vortice-vort-dry","status":"publish","type":"product","link":"https:\/\/klimavex.eu\/sk\/katalog\/susic-vlasov-vortice-vort-dry\/","title":{"rendered":"Su\u0161i\u010d vlasov Vortice Vort dry"},"content":{"rendered":"<p style=\"text-align: justify;\"><strong>K\u013e&uacute;\u010dov&eacute; vlastnosti:<\/strong><\/p>\n<ul>\n<li style=\"text-align: justify;\">1 model s max tepeln&yacute;m v&yacute;konom 700W a prietokom vzduchu 42m<sup>3<\/sup>\/h.<\/li>\n<li style=\"text-align: justify;\">Kon&scaron;trukcia (predn&yacute; panel, zadn&aacute; pr&iacute;ruba a vn&uacute;torn&yacute; dif&uacute;zor z plastovej \u017eivice (ABS plast).<\/li>\n<li style=\"text-align: justify;\">Predn&yacute; panel a v&yacute;fukov&yacute; dif&uacute;zor v bielej farbe RAL 9010.<\/li>\n<li style=\"text-align: justify;\">Ergonomick&yacute; v&yacute;fukov&yacute; dif&uacute;zor pre pohodln&eacute; a pevn&eacute; uchytenie aj mokrou rukou.<\/li>\n<li style=\"text-align: justify;\">Optimalizovan&aacute; geometria v&yacute;fukovej &scaron;trbiny pre lep&scaron;iu koncentr&aacute;ciu vyfukovan&eacute;ho vzduchu.<\/li>\n<li style=\"text-align: justify;\">V&yacute;fukov&yacute; dif&uacute;zor z polypropyl&eacute;nu (PP) s vn&uacute;torn&yacute;m tepelnoizola\u010dn&yacute;m povlakom pre zn&iacute;\u017eenie povrchovej teploty pri dlhom pou\u017e&iacute;van&iacute; su&scaron;i\u010da.<\/li>\n<li style=\"text-align: justify;\">Flexibiln&aacute; hadica z polyuret&aacute;nu (PU) umo\u017e\u0148uj&uacute;ca pred\u013a\u017eenie od cca 70cm do 130cm.<\/li>\n<li style=\"text-align: justify;\">Vysokokvalitn&yacute; kolektorov&yacute; motor s dvojitou tepelnou ochranou.<\/li>\n<li style=\"text-align: justify;\">Axi&aacute;lny ventil&aacute;tor.<\/li>\n<li style=\"text-align: justify;\">Integrovan&aacute; elektrick&aacute; &scaron;pir&aacute;la s tepeln&yacute;m obmedzova\u010dom, automatick&yacute;m resetom a bezpe\u010dnostnou tepelnou poistkou.<\/li>\n<li style=\"text-align: justify;\">Potenciometer (oto\u010dn&eacute; koliesko umiestnen&eacute; v sedle pre v&yacute;fukov&yacute; dif&uacute;zor) pre s&uacute;\u010dasn&uacute; regul&aacute;ciu r&yacute;chlosti pr&uacute;denia a teploty vyfukovan&eacute;ho vzduchu.<\/li>\n<li style=\"text-align: justify;\">Automatick&eacute; zapnutie su&scaron;i\u010da vybrat&iacute;m dif&uacute;zora a automatick&eacute; vypnutie ulo\u017een&iacute;m dif&uacute;zora sp&auml;\u0165 namiesto.<\/li>\n<li style=\"text-align: justify;\">Elektronika vybaven&aacute; \u010dasova\u010dom, zabezpe\u010duj&uacute;cim automatick&eacute; vypnutie su&scaron;i\u010da po 12min nepretr\u017eitej prev&aacute;dzky.<\/li>\n<li style=\"text-align: justify;\">Jednoduch&aacute; in&scaron;tal&aacute;cia na stenu.<\/li>\n<li style=\"text-align: justify;\">Krytie IP24.<\/li>\n<li style=\"text-align: justify;\">Zariadenie nemus&iacute; by\u0165 uzemnen&eacute;, m&aacute; dvojit&uacute; izol&aacute;ciu.<\/li>\n<\/ul>\n","protected":false},"excerpt":{"rendered":"<p style=\"text-align: justify;\">N&aacute;stenn&yacute; automatick&yacute; su&scaron;i\u010d vlasov <strong>Vortice Vortdry<\/strong> s&nbsp;flexibilnou hadicou je vhodn&yacute; pre pou\u017eitie v&nbsp;<strong>&scaron;portov&yacute;ch centr&aacute;ch, hotelov&yacute;ch zariadeniach, apartm&aacute;noch, dom&aacute;cnostiach<\/strong> alebo in&yacute;ch ubytovac&iacute;ch zariadeniach. Zapne sa automaticky zvesen&iacute;m a potiahnut&iacute;m hadice z&nbsp;pr&iacute;stroja smerom k&nbsp;u\u017e&iacute;vate\u013eovi. Integrovan&eacute; automatick&eacute; vypnutie zavesen&iacute;m hadice do pr&iacute;stroja, pr&iacute;p. po cca 12min kontinu&aacute;lnej prev&aacute;dzky.<\/p>\n","protected":false},"featured_media":486260,"template":"","meta":[],"product_cat":[2012,1297,1444],"product_tag":[],"class_list":{"0":"post-477805","1":"product","2":"type-product","3":"status-publish","4":"has-post-thumbnail","6":"product_cat-susice-vlasov","7":"product_cat-ventilatory","8":"product_cat-susic-ruk-vlasov-davkovace-mydla","9":"pa_el-prikon-spiraly-w-5201","10":"pa_hlucnost-lp-1m-5202","11":"pa_krytie-ip24","12":"pa_prevedenie-susic-vlasov","13":"pa_typ-susit-vlasov","14":"pa_vzduchovy-vykon-qv-m3-5200","15":"pa_znacka-vortice","17":"first","18":"instock","19":"taxable","20":"shipping-taxable","21":"purchasable","22":"product-type-simple"},"yoast_head":"<!-- This site is optimized with the Yoast SEO plugin v23.9 - https:\/\/yoast.com\/wordpress\/plugins\/seo\/ -->\n<title>Su\u0161i\u010d vlasov Vortice Vort dry - KLIMAVEX GROUP - Slovensko<\/title>\n<meta name=\"robots\" content=\"index, follow, max-snippet:-1, max-image-preview:large, max-video-preview:-1\" \/>\n<link rel=\"canonical\" href=\"https:\/\/klimavex.eu\/sk\/katalog\/susic-vlasov-vortice-vort-dry\/\" \/>\n<meta property=\"og:locale\" content=\"sk_SK\" \/>\n<meta property=\"og:type\" content=\"article\" \/>\n<meta property=\"og:title\" content=\"Su\u0161i\u010d vlasov Vortice Vort dry - KLIMAVEX GROUP - Slovensko\" \/>\n<meta property=\"og:description\" content=\"N&aacute;stenn&yacute; automatick&yacute; su&scaron;i\u010d vlasov Vortice Vortdry s&nbsp;flexibilnou hadicou je vhodn&yacute; pre pou\u017eitie v&nbsp;&scaron;portov&yacute;ch centr&aacute;ch, hotelov&yacute;ch zariadeniach, apartm&aacute;noch, dom&aacute;cnostiach alebo in&yacute;ch ubytovac&iacute;ch zariadeniach. Zapne sa automaticky zvesen&iacute;m a potiahnut&iacute;m hadice z&nbsp;pr&iacute;stroja smerom k&nbsp;u\u017e&iacute;vate\u013eovi. Integrovan&eacute; automatick&eacute; vypnutie zavesen&iacute;m hadice do pr&iacute;stroja, pr&iacute;p. po cca 12min kontinu&aacute;lnej prev&aacute;dzky.\" \/>\n<meta property=\"og:url\" content=\"https:\/\/klimavex.eu\/sk\/katalog\/susic-vlasov-vortice-vort-dry\/\" \/>\n<meta property=\"og:site_name\" content=\"KLIMAVEX GROUP - Slovensko\" \/>\n<meta property=\"article:publisher\" content=\"https:\/\/www.facebook.com\/klimavex\" \/>\n<meta property=\"article:modified_time\" content=\"2026-04-15T14:03:13+00:00\" \/>\n<meta property=\"og:image\" content=\"https:\/\/klimavex.eu\/sk\/wp-content\/uploads\/2025\/09\/OVpMH00dKc_yownYTXIu8pg6JL20m6wuHV6KhnudrxM.png\" \/>\n\t<meta property=\"og:image:width\" content=\"572\" \/>\n\t<meta property=\"og:image:height\" content=\"512\" \/>\n\t<meta property=\"og:image:type\" content=\"image\/png\" \/>\n<meta name=\"twitter:card\" content=\"summary_large_image\" \/>\n<meta name=\"twitter:label1\" content=\"Predpokladan\u00fd \u010das \u010d\u00edtania\" \/>\n\t<meta name=\"twitter:data1\" content=\"2 min\u00faty\" \/>\n<script type=\"application\/ld+json\" class=\"yoast-schema-graph\">{\"@context\":\"https:\/\/schema.org\",\"@graph\":[{\"@type\":\"WebPage\",\"@id\":\"https:\/\/klimavex.eu\/sk\/katalog\/susic-vlasov-vortice-vort-dry\/\",\"url\":\"https:\/\/klimavex.eu\/sk\/katalog\/susic-vlasov-vortice-vort-dry\/\",\"name\":\"Su\u0161i\u010d vlasov Vortice Vort dry - KLIMAVEX GROUP - Slovensko\",\"isPartOf\":{\"@id\":\"https:\/\/klimavex.eu\/sk\/#website\"},\"primaryImageOfPage\":{\"@id\":\"https:\/\/klimavex.eu\/sk\/katalog\/susic-vlasov-vortice-vort-dry\/#primaryimage\"},\"image\":{\"@id\":\"https:\/\/klimavex.eu\/sk\/katalog\/susic-vlasov-vortice-vort-dry\/#primaryimage\"},\"thumbnailUrl\":\"https:\/\/klimavex.eu\/sk\/wp-content\/uploads\/2025\/09\/OVpMH00dKc_yownYTXIu8pg6JL20m6wuHV6KhnudrxM.png\",\"datePublished\":\"2026-04-15T14:03:05+00:00\",\"dateModified\":\"2026-04-15T14:03:13+00:00\",\"breadcrumb\":{\"@id\":\"https:\/\/klimavex.eu\/sk\/katalog\/susic-vlasov-vortice-vort-dry\/#breadcrumb\"},\"inLanguage\":\"sk-SK\",\"potentialAction\":[{\"@type\":\"ReadAction\",\"target\":[\"https:\/\/klimavex.eu\/sk\/katalog\/susic-vlasov-vortice-vort-dry\/\"]}]},{\"@type\":\"ImageObject\",\"inLanguage\":\"sk-SK\",\"@id\":\"https:\/\/klimavex.eu\/sk\/katalog\/susic-vlasov-vortice-vort-dry\/#primaryimage\",\"url\":\"https:\/\/klimavex.eu\/sk\/wp-content\/uploads\/2025\/09\/OVpMH00dKc_yownYTXIu8pg6JL20m6wuHV6KhnudrxM.png\",\"contentUrl\":\"https:\/\/klimavex.eu\/sk\/wp-content\/uploads\/2025\/09\/OVpMH00dKc_yownYTXIu8pg6JL20m6wuHV6KhnudrxM.png\",\"width\":572,\"height\":512},{\"@type\":\"BreadcrumbList\",\"@id\":\"https:\/\/klimavex.eu\/sk\/katalog\/susic-vlasov-vortice-vort-dry\/#breadcrumb\",\"itemListElement\":[{\"@type\":\"ListItem\",\"position\":1,\"name\":\"Domovsk\u00e1 str\u00e1nka\",\"item\":\"https:\/\/klimavex.eu\/sk\/\"},{\"@type\":\"ListItem\",\"position\":2,\"name\":\"Eshop\",\"item\":\"https:\/\/klimavex.eu\/sk\/eshop\/\"},{\"@type\":\"ListItem\",\"position\":3,\"name\":\"Su\u0161i\u010d vlasov Vortice Vort dry\"}]},{\"@type\":\"WebSite\",\"@id\":\"https:\/\/klimavex.eu\/sk\/#website\",\"url\":\"https:\/\/klimavex.eu\/sk\/\",\"name\":\"KLIMAVEX GROUP - Slovensko\",\"description\":\"\",\"publisher\":{\"@id\":\"https:\/\/klimavex.eu\/sk\/#organization\"},\"alternateName\":\"KLIMAVEX a.s.\",\"potentialAction\":[{\"@type\":\"SearchAction\",\"target\":{\"@type\":\"EntryPoint\",\"urlTemplate\":\"https:\/\/klimavex.eu\/sk\/?s={search_term_string}\"},\"query-input\":{\"@type\":\"PropertyValueSpecification\",\"valueRequired\":true,\"valueName\":\"search_term_string\"}}],\"inLanguage\":\"sk-SK\"},{\"@type\":\"Organization\",\"@id\":\"https:\/\/klimavex.eu\/sk\/#organization\",\"name\":\"KLIMAVEX GROUP\",\"alternateName\":\"KLIMAVEX a.s.\",\"url\":\"https:\/\/klimavex.eu\/sk\/\",\"logo\":{\"@type\":\"ImageObject\",\"inLanguage\":\"sk-SK\",\"@id\":\"https:\/\/klimavex.eu\/sk\/#\/schema\/logo\/image\/\",\"url\":\"https:\/\/klimavex.eu\/sk\/wp-content\/uploads\/2024\/04\/Klimavex-Group-logo.png\",\"contentUrl\":\"https:\/\/klimavex.eu\/sk\/wp-content\/uploads\/2024\/04\/Klimavex-Group-logo.png\",\"width\":1681,\"height\":472,\"caption\":\"KLIMAVEX GROUP\"},\"image\":{\"@id\":\"https:\/\/klimavex.eu\/sk\/#\/schema\/logo\/image\/\"},\"sameAs\":[\"https:\/\/www.facebook.com\/klimavex\",\"https:\/\/www.instagram.com\/klimavex_sk\/\"]}]}<\/script>\n<!-- \/ Yoast SEO plugin. -->","yoast_head_json":{"title":"Su\u0161i\u010d vlasov Vortice Vort dry - KLIMAVEX GROUP - Slovensko","robots":{"index":"index","follow":"follow","max-snippet":"max-snippet:-1","max-image-preview":"max-image-preview:large","max-video-preview":"max-video-preview:-1"},"canonical":"https:\/\/klimavex.eu\/sk\/katalog\/susic-vlasov-vortice-vort-dry\/","og_locale":"sk_SK","og_type":"article","og_title":"Su\u0161i\u010d vlasov Vortice Vort dry - KLIMAVEX GROUP - Slovensko","og_description":"N&aacute;stenn&yacute; automatick&yacute; su&scaron;i\u010d vlasov Vortice Vortdry s&nbsp;flexibilnou hadicou je vhodn&yacute; pre pou\u017eitie v&nbsp;&scaron;portov&yacute;ch centr&aacute;ch, hotelov&yacute;ch zariadeniach, apartm&aacute;noch, dom&aacute;cnostiach alebo in&yacute;ch ubytovac&iacute;ch zariadeniach. Zapne sa automaticky zvesen&iacute;m a potiahnut&iacute;m hadice z&nbsp;pr&iacute;stroja smerom k&nbsp;u\u017e&iacute;vate\u013eovi. Integrovan&eacute; automatick&eacute; vypnutie zavesen&iacute;m hadice do pr&iacute;stroja, pr&iacute;p. po cca 12min kontinu&aacute;lnej prev&aacute;dzky.","og_url":"https:\/\/klimavex.eu\/sk\/katalog\/susic-vlasov-vortice-vort-dry\/","og_site_name":"KLIMAVEX GROUP - Slovensko","article_publisher":"https:\/\/www.facebook.com\/klimavex","article_modified_time":"2026-04-15T14:03:13+00:00","og_image":[{"width":572,"height":512,"url":"https:\/\/klimavex.eu\/sk\/wp-content\/uploads\/2025\/09\/OVpMH00dKc_yownYTXIu8pg6JL20m6wuHV6KhnudrxM.png","type":"image\/png"}],"twitter_card":"summary_large_image","twitter_misc":{"Predpokladan\u00fd \u010das \u010d\u00edtania":"2 min\u00faty"},"schema":{"@context":"https:\/\/schema.org","@graph":[{"@type":"WebPage","@id":"https:\/\/klimavex.eu\/sk\/katalog\/susic-vlasov-vortice-vort-dry\/","url":"https:\/\/klimavex.eu\/sk\/katalog\/susic-vlasov-vortice-vort-dry\/","name":"Su\u0161i\u010d vlasov Vortice Vort dry - KLIMAVEX GROUP - Slovensko","isPartOf":{"@id":"https:\/\/klimavex.eu\/sk\/#website"},"primaryImageOfPage":{"@id":"https:\/\/klimavex.eu\/sk\/katalog\/susic-vlasov-vortice-vort-dry\/#primaryimage"},"image":{"@id":"https:\/\/klimavex.eu\/sk\/katalog\/susic-vlasov-vortice-vort-dry\/#primaryimage"},"thumbnailUrl":"https:\/\/klimavex.eu\/sk\/wp-content\/uploads\/2025\/09\/OVpMH00dKc_yownYTXIu8pg6JL20m6wuHV6KhnudrxM.png","datePublished":"2026-04-15T14:03:05+00:00","dateModified":"2026-04-15T14:03:13+00:00","breadcrumb":{"@id":"https:\/\/klimavex.eu\/sk\/katalog\/susic-vlasov-vortice-vort-dry\/#breadcrumb"},"inLanguage":"sk-SK","potentialAction":[{"@type":"ReadAction","target":["https:\/\/klimavex.eu\/sk\/katalog\/susic-vlasov-vortice-vort-dry\/"]}]},{"@type":"ImageObject","inLanguage":"sk-SK","@id":"https:\/\/klimavex.eu\/sk\/katalog\/susic-vlasov-vortice-vort-dry\/#primaryimage","url":"https:\/\/klimavex.eu\/sk\/wp-content\/uploads\/2025\/09\/OVpMH00dKc_yownYTXIu8pg6JL20m6wuHV6KhnudrxM.png","contentUrl":"https:\/\/klimavex.eu\/sk\/wp-content\/uploads\/2025\/09\/OVpMH00dKc_yownYTXIu8pg6JL20m6wuHV6KhnudrxM.png","width":572,"height":512},{"@type":"BreadcrumbList","@id":"https:\/\/klimavex.eu\/sk\/katalog\/susic-vlasov-vortice-vort-dry\/#breadcrumb","itemListElement":[{"@type":"ListItem","position":1,"name":"Domovsk\u00e1 str\u00e1nka","item":"https:\/\/klimavex.eu\/sk\/"},{"@type":"ListItem","position":2,"name":"Eshop","item":"https:\/\/klimavex.eu\/sk\/eshop\/"},{"@type":"ListItem","position":3,"name":"Su\u0161i\u010d vlasov Vortice Vort dry"}]},{"@type":"WebSite","@id":"https:\/\/klimavex.eu\/sk\/#website","url":"https:\/\/klimavex.eu\/sk\/","name":"KLIMAVEX GROUP - Slovensko","description":"","publisher":{"@id":"https:\/\/klimavex.eu\/sk\/#organization"},"alternateName":"KLIMAVEX a.s.","potentialAction":[{"@type":"SearchAction","target":{"@type":"EntryPoint","urlTemplate":"https:\/\/klimavex.eu\/sk\/?s={search_term_string}"},"query-input":{"@type":"PropertyValueSpecification","valueRequired":true,"valueName":"search_term_string"}}],"inLanguage":"sk-SK"},{"@type":"Organization","@id":"https:\/\/klimavex.eu\/sk\/#organization","name":"KLIMAVEX GROUP","alternateName":"KLIMAVEX a.s.","url":"https:\/\/klimavex.eu\/sk\/","logo":{"@type":"ImageObject","inLanguage":"sk-SK","@id":"https:\/\/klimavex.eu\/sk\/#\/schema\/logo\/image\/","url":"https:\/\/klimavex.eu\/sk\/wp-content\/uploads\/2024\/04\/Klimavex-Group-logo.png","contentUrl":"https:\/\/klimavex.eu\/sk\/wp-content\/uploads\/2024\/04\/Klimavex-Group-logo.png","width":1681,"height":472,"caption":"KLIMAVEX GROUP"},"image":{"@id":"https:\/\/klimavex.eu\/sk\/#\/schema\/logo\/image\/"},"sameAs":["https:\/\/www.facebook.com\/klimavex","https:\/\/www.instagram.com\/klimavex_sk\/"]}]}},"_links":{"self":[{"href":"https:\/\/klimavex.eu\/sk\/wp-json\/wp\/v2\/product\/477805","targetHints":{"allow":["GET"]}}],"collection":[{"href":"https:\/\/klimavex.eu\/sk\/wp-json\/wp\/v2\/product"}],"about":[{"href":"https:\/\/klimavex.eu\/sk\/wp-json\/wp\/v2\/types\/product"}],"version-history":[{"count":0,"href":"https:\/\/klimavex.eu\/sk\/wp-json\/wp\/v2\/product\/477805\/revisions"}],"wp:featuredmedia":[{"embeddable":true,"href":"https:\/\/klimavex.eu\/sk\/wp-json\/wp\/v2\/media\/486260"}],"wp:attachment":[{"href":"https:\/\/klimavex.eu\/sk\/wp-json\/wp\/v2\/media?parent=477805"}],"wp:term":[{"taxonomy":"product_cat","embeddable":true,"href":"https:\/\/klimavex.eu\/sk\/wp-json\/wp\/v2\/product_cat?post=477805"},{"taxonomy":"product_tag","embeddable":true,"href":"https:\/\/klimavex.eu\/sk\/wp-json\/wp\/v2\/product_tag?post=477805"}],"curies":[{"name":"wp","href":"https:\/\/api.w.org\/{rel}","templated":true}]}}