{"id":477829,"date":"2026-04-10T16:03:05","date_gmt":"2026-04-10T14:03:05","guid":{"rendered":"https:\/\/klimavex.eu\/sk\/katalog\/ventilator-vortice-micro-100-i\/"},"modified":"2026-04-10T16:03:19","modified_gmt":"2026-04-10T14:03:19","slug":"ventilator-vortice-micro-100-i","status":"publish","type":"product","link":"https:\/\/klimavex.eu\/sk\/katalog\/ventilator-vortice-micro-100-i\/","title":{"rendered":"Ventil\u00e1tor Vortice MICRO 100 I"},"content":{"rendered":"<p style=\"text-align:justify\"><span style=\"font-size:11pt\"><span style=\"font-family:Calibri,sans-serif\"><strong><span style=\"color:black\">K\u013e&uacute;\u010dov&eacute; vlastnosti:<\/span><\/strong><\/span><\/span><\/p>\n<ul>\n<li style=\"text-align:justify\"><span style=\"font-size:11pt\"><span style=\"font-family:Calibri,sans-serif\"><span style=\"color:black\">Zabudovanie do steny &ndash; mo\u017enos\u0165 ods&aacute;vania z&nbsp;dvoch miestnost&iacute; s&uacute;\u010dasne.<\/span><\/span><\/span><\/li>\n<li style=\"text-align:justify\"><span style=\"font-size:11pt\"><span style=\"font-family:Calibri,sans-serif\"><span style=\"color:black\">Pripojenie na potrubie &Oslash;100 mm.<\/span><\/span><\/span><\/li>\n<li style=\"text-align:justify\"><span style=\"font-size:11pt\"><span style=\"font-family:Calibri,sans-serif\">Vybaven&eacute; asynchr&oacute;nnym motorom.<\/span><\/span><\/li>\n<li style=\"text-align:justify\"><span style=\"font-size:11pt\"><span style=\"font-family:Calibri,sans-serif\">Maxim&aacute;lna prev&aacute;dzkov&aacute; teplota 50&deg;C.<\/span><\/span><\/li>\n<li style=\"text-align:justify\"><span style=\"font-size:11pt\"><span style=\"font-family:Calibri,sans-serif\">Zabudovan&aacute; sp&auml;tn&aacute; klapka (plastov&aacute; membr&aacute;na) pre zabr&aacute;nenie sp&auml;tn&eacute;ho pr&uacute;denia vzduchu, ak ventil&aacute;tor nie je v prev&aacute;dzke.<\/span><\/span><\/li>\n<li style=\"text-align:justify\"><span style=\"font-size:11pt\"><span style=\"font-family:Calibri,sans-serif\">Krytie IPX4 (ochrana proti striekaj&uacute;cej vode).<\/span><\/span><\/li>\n<li style=\"text-align:justify\"><span style=\"font-size:11pt\"><span style=\"font-family:Calibri,sans-serif\">Zariadenia vyhovuj&uacute; ERP nariadeniu &#8211; Erp. Reg. N&deg; 1253\/2014, 2. stupe\u0148).<\/span><\/span><\/li>\n<\/ul>\n","protected":false},"excerpt":{"rendered":"<p style=\"text-align:justify\"><span style=\"font-size:11pt\"><span style=\"font-family:Calibri,sans-serif\"><span style=\"color:black\">Dvojot&aacute;\u010dkov&yacute; radi&aacute;lny ods&aacute;vac&iacute; ventil&aacute;tor <strong>Vortice Quadro<\/strong>, vhodn&yacute; pre ods&aacute;vanie <strong>mal&yacute;ch a stredn&yacute;ch miestnost&iacute; v&nbsp;dom&aacute;cej aj komer\u010dnej sf&eacute;re<\/strong>, vr&aacute;tane miestnost&iacute; s&nbsp;vysokou relat&iacute;vnou vlhkos\u0165ou (k&uacute;pe\u013ene, WC, pivnice). Ventil&aacute;tor je schopn&yacute; ods&aacute;va\u0165 z&nbsp;dvoch miestnost&iacute; s&uacute;\u010dasne. Vhodn&yacute; na pripojenie na potrubie s&nbsp;vy&scaron;&scaron;ou tlakovou stratou (dlh&scaron;ie potrubie, nad 4m, koleno). S&nbsp;v&yacute;fukom do potrubia. Dosahuje <strong>vysok&yacute; vzduchov&yacute; v&yacute;kon<\/strong> pri s&uacute;\u010dasnom dodr\u017ean&iacute; <strong>n&iacute;zkej hlu\u010dnosti<\/strong>.<\/span><\/span><\/span><\/p>\n","protected":false},"featured_media":507767,"template":"","meta":[],"product_cat":[1323,1322,1297],"product_tag":[],"class_list":{"0":"post-477829","1":"product","2":"type-product","3":"status-publish","4":"has-post-thumbnail","6":"product_cat-quadro","7":"product_cat-ventilatory-do-kupelne-radialne","8":"product_cat-ventilatory","9":"pa_dostupny-tlak-pa-196-245","10":"pa_hl-lp-15m-nas-zap-m-263-343-259-335","11":"pa_hl-lp-3m-vyfuk-pri-zboku-263-343-259-335","12":"pa_krytie-ipx4","13":"pa_prevedenie-radialny","14":"pa_priemer-napojenia-mm-3846","15":"pa_typ-quadro-i","16":"pa_vzduchovy-vykon-qv-m3-75-110","17":"pa_znacka-vortice","19":"first","20":"instock","21":"taxable","22":"shipping-taxable","23":"purchasable","24":"product-type-simple"},"yoast_head":"<!-- This site is optimized with the Yoast SEO plugin v23.9 - https:\/\/yoast.com\/wordpress\/plugins\/seo\/ -->\n<title>Ventil\u00e1tor Vortice MICRO 100 I - KLIMAVEX GROUP - Slovensko<\/title>\n<meta name=\"robots\" content=\"index, follow, max-snippet:-1, max-image-preview:large, max-video-preview:-1\" \/>\n<link rel=\"canonical\" href=\"https:\/\/klimavex.eu\/sk\/katalog\/ventilator-vortice-micro-100-i\/\" \/>\n<meta property=\"og:locale\" content=\"sk_SK\" \/>\n<meta property=\"og:type\" content=\"article\" \/>\n<meta property=\"og:title\" content=\"Ventil\u00e1tor Vortice MICRO 100 I - KLIMAVEX GROUP - Slovensko\" \/>\n<meta property=\"og:description\" content=\"Dvojot&aacute;\u010dkov&yacute; radi&aacute;lny ods&aacute;vac&iacute; ventil&aacute;tor Vortice Quadro, vhodn&yacute; pre ods&aacute;vanie mal&yacute;ch a stredn&yacute;ch miestnost&iacute; v&nbsp;dom&aacute;cej aj komer\u010dnej sf&eacute;re, vr&aacute;tane miestnost&iacute; s&nbsp;vysokou relat&iacute;vnou vlhkos\u0165ou (k&uacute;pe\u013ene, WC, pivnice). Ventil&aacute;tor je schopn&yacute; ods&aacute;va\u0165 z&nbsp;dvoch miestnost&iacute; s&uacute;\u010dasne. Vhodn&yacute; na pripojenie na potrubie s&nbsp;vy&scaron;&scaron;ou tlakovou stratou (dlh&scaron;ie potrubie, nad 4m, koleno). S&nbsp;v&yacute;fukom do potrubia. Dosahuje vysok&yacute; vzduchov&yacute; v&yacute;kon pri s&uacute;\u010dasnom dodr\u017ean&iacute; n&iacute;zkej hlu\u010dnosti.\" \/>\n<meta property=\"og:url\" content=\"https:\/\/klimavex.eu\/sk\/katalog\/ventilator-vortice-micro-100-i\/\" \/>\n<meta property=\"og:site_name\" content=\"KLIMAVEX GROUP - Slovensko\" \/>\n<meta property=\"article:publisher\" content=\"https:\/\/www.facebook.com\/klimavex\" \/>\n<meta property=\"article:modified_time\" content=\"2026-04-10T14:03:19+00:00\" \/>\n<meta property=\"og:image\" content=\"https:\/\/klimavex.eu\/sk\/wp-content\/uploads\/2025\/09\/u8pkg6hA8_A22QTTQpKRC_P_LDnIFCMvRDPYC8Hdt1U-4.png\" \/>\n\t<meta property=\"og:image:width\" content=\"572\" \/>\n\t<meta property=\"og:image:height\" content=\"512\" \/>\n\t<meta property=\"og:image:type\" content=\"image\/png\" \/>\n<meta name=\"twitter:card\" content=\"summary_large_image\" \/>\n<script type=\"application\/ld+json\" class=\"yoast-schema-graph\">{\"@context\":\"https:\/\/schema.org\",\"@graph\":[{\"@type\":\"WebPage\",\"@id\":\"https:\/\/klimavex.eu\/sk\/katalog\/ventilator-vortice-micro-100-i\/\",\"url\":\"https:\/\/klimavex.eu\/sk\/katalog\/ventilator-vortice-micro-100-i\/\",\"name\":\"Ventil\u00e1tor Vortice MICRO 100 I - KLIMAVEX GROUP - Slovensko\",\"isPartOf\":{\"@id\":\"https:\/\/klimavex.eu\/sk\/#website\"},\"primaryImageOfPage\":{\"@id\":\"https:\/\/klimavex.eu\/sk\/katalog\/ventilator-vortice-micro-100-i\/#primaryimage\"},\"image\":{\"@id\":\"https:\/\/klimavex.eu\/sk\/katalog\/ventilator-vortice-micro-100-i\/#primaryimage\"},\"thumbnailUrl\":\"https:\/\/klimavex.eu\/sk\/wp-content\/uploads\/2026\/03\/BGXhGz0wxuM7agg6Jwq0ihYi6a9YFXpZummkwvzF33I-2.png\",\"datePublished\":\"2026-04-10T14:03:05+00:00\",\"dateModified\":\"2026-04-10T14:03:19+00:00\",\"breadcrumb\":{\"@id\":\"https:\/\/klimavex.eu\/sk\/katalog\/ventilator-vortice-micro-100-i\/#breadcrumb\"},\"inLanguage\":\"sk-SK\",\"potentialAction\":[{\"@type\":\"ReadAction\",\"target\":[\"https:\/\/klimavex.eu\/sk\/katalog\/ventilator-vortice-micro-100-i\/\"]}]},{\"@type\":\"ImageObject\",\"inLanguage\":\"sk-SK\",\"@id\":\"https:\/\/klimavex.eu\/sk\/katalog\/ventilator-vortice-micro-100-i\/#primaryimage\",\"url\":\"https:\/\/klimavex.eu\/sk\/wp-content\/uploads\/2026\/03\/BGXhGz0wxuM7agg6Jwq0ihYi6a9YFXpZummkwvzF33I-2.png\",\"contentUrl\":\"https:\/\/klimavex.eu\/sk\/wp-content\/uploads\/2026\/03\/BGXhGz0wxuM7agg6Jwq0ihYi6a9YFXpZummkwvzF33I-2.png\",\"width\":572,\"height\":512},{\"@type\":\"BreadcrumbList\",\"@id\":\"https:\/\/klimavex.eu\/sk\/katalog\/ventilator-vortice-micro-100-i\/#breadcrumb\",\"itemListElement\":[{\"@type\":\"ListItem\",\"position\":1,\"name\":\"Domovsk\u00e1 str\u00e1nka\",\"item\":\"https:\/\/klimavex.eu\/sk\/\"},{\"@type\":\"ListItem\",\"position\":2,\"name\":\"Eshop\",\"item\":\"https:\/\/klimavex.eu\/sk\/eshop\/\"},{\"@type\":\"ListItem\",\"position\":3,\"name\":\"Ventil\u00e1tor Vortice MICRO 100 I\"}]},{\"@type\":\"WebSite\",\"@id\":\"https:\/\/klimavex.eu\/sk\/#website\",\"url\":\"https:\/\/klimavex.eu\/sk\/\",\"name\":\"KLIMAVEX GROUP - Slovensko\",\"description\":\"\",\"publisher\":{\"@id\":\"https:\/\/klimavex.eu\/sk\/#organization\"},\"alternateName\":\"KLIMAVEX a.s.\",\"potentialAction\":[{\"@type\":\"SearchAction\",\"target\":{\"@type\":\"EntryPoint\",\"urlTemplate\":\"https:\/\/klimavex.eu\/sk\/?s={search_term_string}\"},\"query-input\":{\"@type\":\"PropertyValueSpecification\",\"valueRequired\":true,\"valueName\":\"search_term_string\"}}],\"inLanguage\":\"sk-SK\"},{\"@type\":\"Organization\",\"@id\":\"https:\/\/klimavex.eu\/sk\/#organization\",\"name\":\"KLIMAVEX GROUP\",\"alternateName\":\"KLIMAVEX a.s.\",\"url\":\"https:\/\/klimavex.eu\/sk\/\",\"logo\":{\"@type\":\"ImageObject\",\"inLanguage\":\"sk-SK\",\"@id\":\"https:\/\/klimavex.eu\/sk\/#\/schema\/logo\/image\/\",\"url\":\"https:\/\/klimavex.eu\/sk\/wp-content\/uploads\/2024\/04\/Klimavex-Group-logo.png\",\"contentUrl\":\"https:\/\/klimavex.eu\/sk\/wp-content\/uploads\/2024\/04\/Klimavex-Group-logo.png\",\"width\":1681,\"height\":472,\"caption\":\"KLIMAVEX GROUP\"},\"image\":{\"@id\":\"https:\/\/klimavex.eu\/sk\/#\/schema\/logo\/image\/\"},\"sameAs\":[\"https:\/\/www.facebook.com\/klimavex\",\"https:\/\/www.instagram.com\/klimavex_sk\/\"]}]}<\/script>\n<!-- \/ Yoast SEO plugin. -->","yoast_head_json":{"title":"Ventil\u00e1tor Vortice MICRO 100 I - KLIMAVEX GROUP - Slovensko","robots":{"index":"index","follow":"follow","max-snippet":"max-snippet:-1","max-image-preview":"max-image-preview:large","max-video-preview":"max-video-preview:-1"},"canonical":"https:\/\/klimavex.eu\/sk\/katalog\/ventilator-vortice-micro-100-i\/","og_locale":"sk_SK","og_type":"article","og_title":"Ventil\u00e1tor Vortice MICRO 100 I - KLIMAVEX GROUP - Slovensko","og_description":"Dvojot&aacute;\u010dkov&yacute; radi&aacute;lny ods&aacute;vac&iacute; ventil&aacute;tor Vortice Quadro, vhodn&yacute; pre ods&aacute;vanie mal&yacute;ch a stredn&yacute;ch miestnost&iacute; v&nbsp;dom&aacute;cej aj komer\u010dnej sf&eacute;re, vr&aacute;tane miestnost&iacute; s&nbsp;vysokou relat&iacute;vnou vlhkos\u0165ou (k&uacute;pe\u013ene, WC, pivnice). Ventil&aacute;tor je schopn&yacute; ods&aacute;va\u0165 z&nbsp;dvoch miestnost&iacute; s&uacute;\u010dasne. Vhodn&yacute; na pripojenie na potrubie s&nbsp;vy&scaron;&scaron;ou tlakovou stratou (dlh&scaron;ie potrubie, nad 4m, koleno). S&nbsp;v&yacute;fukom do potrubia. Dosahuje vysok&yacute; vzduchov&yacute; v&yacute;kon pri s&uacute;\u010dasnom dodr\u017ean&iacute; n&iacute;zkej hlu\u010dnosti.","og_url":"https:\/\/klimavex.eu\/sk\/katalog\/ventilator-vortice-micro-100-i\/","og_site_name":"KLIMAVEX GROUP - Slovensko","article_publisher":"https:\/\/www.facebook.com\/klimavex","article_modified_time":"2026-04-10T14:03:19+00:00","og_image":[{"width":572,"height":512,"url":"https:\/\/klimavex.eu\/sk\/wp-content\/uploads\/2025\/09\/u8pkg6hA8_A22QTTQpKRC_P_LDnIFCMvRDPYC8Hdt1U-4.png","type":"image\/png"}],"twitter_card":"summary_large_image","schema":{"@context":"https:\/\/schema.org","@graph":[{"@type":"WebPage","@id":"https:\/\/klimavex.eu\/sk\/katalog\/ventilator-vortice-micro-100-i\/","url":"https:\/\/klimavex.eu\/sk\/katalog\/ventilator-vortice-micro-100-i\/","name":"Ventil\u00e1tor Vortice MICRO 100 I - KLIMAVEX GROUP - Slovensko","isPartOf":{"@id":"https:\/\/klimavex.eu\/sk\/#website"},"primaryImageOfPage":{"@id":"https:\/\/klimavex.eu\/sk\/katalog\/ventilator-vortice-micro-100-i\/#primaryimage"},"image":{"@id":"https:\/\/klimavex.eu\/sk\/katalog\/ventilator-vortice-micro-100-i\/#primaryimage"},"thumbnailUrl":"https:\/\/klimavex.eu\/sk\/wp-content\/uploads\/2026\/03\/BGXhGz0wxuM7agg6Jwq0ihYi6a9YFXpZummkwvzF33I-2.png","datePublished":"2026-04-10T14:03:05+00:00","dateModified":"2026-04-10T14:03:19+00:00","breadcrumb":{"@id":"https:\/\/klimavex.eu\/sk\/katalog\/ventilator-vortice-micro-100-i\/#breadcrumb"},"inLanguage":"sk-SK","potentialAction":[{"@type":"ReadAction","target":["https:\/\/klimavex.eu\/sk\/katalog\/ventilator-vortice-micro-100-i\/"]}]},{"@type":"ImageObject","inLanguage":"sk-SK","@id":"https:\/\/klimavex.eu\/sk\/katalog\/ventilator-vortice-micro-100-i\/#primaryimage","url":"https:\/\/klimavex.eu\/sk\/wp-content\/uploads\/2026\/03\/BGXhGz0wxuM7agg6Jwq0ihYi6a9YFXpZummkwvzF33I-2.png","contentUrl":"https:\/\/klimavex.eu\/sk\/wp-content\/uploads\/2026\/03\/BGXhGz0wxuM7agg6Jwq0ihYi6a9YFXpZummkwvzF33I-2.png","width":572,"height":512},{"@type":"BreadcrumbList","@id":"https:\/\/klimavex.eu\/sk\/katalog\/ventilator-vortice-micro-100-i\/#breadcrumb","itemListElement":[{"@type":"ListItem","position":1,"name":"Domovsk\u00e1 str\u00e1nka","item":"https:\/\/klimavex.eu\/sk\/"},{"@type":"ListItem","position":2,"name":"Eshop","item":"https:\/\/klimavex.eu\/sk\/eshop\/"},{"@type":"ListItem","position":3,"name":"Ventil\u00e1tor Vortice MICRO 100 I"}]},{"@type":"WebSite","@id":"https:\/\/klimavex.eu\/sk\/#website","url":"https:\/\/klimavex.eu\/sk\/","name":"KLIMAVEX GROUP - Slovensko","description":"","publisher":{"@id":"https:\/\/klimavex.eu\/sk\/#organization"},"alternateName":"KLIMAVEX a.s.","potentialAction":[{"@type":"SearchAction","target":{"@type":"EntryPoint","urlTemplate":"https:\/\/klimavex.eu\/sk\/?s={search_term_string}"},"query-input":{"@type":"PropertyValueSpecification","valueRequired":true,"valueName":"search_term_string"}}],"inLanguage":"sk-SK"},{"@type":"Organization","@id":"https:\/\/klimavex.eu\/sk\/#organization","name":"KLIMAVEX GROUP","alternateName":"KLIMAVEX a.s.","url":"https:\/\/klimavex.eu\/sk\/","logo":{"@type":"ImageObject","inLanguage":"sk-SK","@id":"https:\/\/klimavex.eu\/sk\/#\/schema\/logo\/image\/","url":"https:\/\/klimavex.eu\/sk\/wp-content\/uploads\/2024\/04\/Klimavex-Group-logo.png","contentUrl":"https:\/\/klimavex.eu\/sk\/wp-content\/uploads\/2024\/04\/Klimavex-Group-logo.png","width":1681,"height":472,"caption":"KLIMAVEX GROUP"},"image":{"@id":"https:\/\/klimavex.eu\/sk\/#\/schema\/logo\/image\/"},"sameAs":["https:\/\/www.facebook.com\/klimavex","https:\/\/www.instagram.com\/klimavex_sk\/"]}]}},"_links":{"self":[{"href":"https:\/\/klimavex.eu\/sk\/wp-json\/wp\/v2\/product\/477829","targetHints":{"allow":["GET"]}}],"collection":[{"href":"https:\/\/klimavex.eu\/sk\/wp-json\/wp\/v2\/product"}],"about":[{"href":"https:\/\/klimavex.eu\/sk\/wp-json\/wp\/v2\/types\/product"}],"version-history":[{"count":0,"href":"https:\/\/klimavex.eu\/sk\/wp-json\/wp\/v2\/product\/477829\/revisions"}],"wp:featuredmedia":[{"embeddable":true,"href":"https:\/\/klimavex.eu\/sk\/wp-json\/wp\/v2\/media\/507767"}],"wp:attachment":[{"href":"https:\/\/klimavex.eu\/sk\/wp-json\/wp\/v2\/media?parent=477829"}],"wp:term":[{"taxonomy":"product_cat","embeddable":true,"href":"https:\/\/klimavex.eu\/sk\/wp-json\/wp\/v2\/product_cat?post=477829"},{"taxonomy":"product_tag","embeddable":true,"href":"https:\/\/klimavex.eu\/sk\/wp-json\/wp\/v2\/product_tag?post=477829"}],"curies":[{"name":"wp","href":"https:\/\/api.w.org\/{rel}","templated":true}]}}