{"id":477873,"date":"2026-03-31T18:58:10","date_gmt":"2026-03-31T16:58:10","guid":{"rendered":"https:\/\/klimavex.eu\/sk\/katalog\/ventilator-vortice-mf-120-5-t\/"},"modified":"2026-03-31T18:59:17","modified_gmt":"2026-03-31T16:59:17","slug":"ventilator-vortice-mf-120-5-t","status":"publish","type":"product","link":"https:\/\/klimavex.eu\/sk\/katalog\/ventilator-vortice-mf-120-5-t\/","title":{"rendered":"Ventil\u00e1tor Vortice MF 120\/5&#8243; T"},"content":{"rendered":"<p style=\"text-align:justify\"><span style=\"font-size:11pt\"><span style=\"font-family:Calibri,sans-serif\"><strong>K\u013e&uacute;\u010dov&eacute; vlastnosti<\/strong><\/span><\/span><\/p>\n<ul>\n<li style=\"text-align:justify\"><span style=\"font-size:11pt\"><span style=\"font-family:Calibri,sans-serif\">Axi&aacute;lne ventil&aacute;tory s hr&uacute;bkou prednej mrie\u017eky len 17mm a zaoblen&iacute;m zo v&scaron;etk&yacute;ch &scaron;tyroch str&aacute;n, vytv&aacute;raj&uacute; pocit, akoby bol ventil&aacute;tor &bdquo;nevidite\u013en&yacute;&ldquo;. Jeho hr&uacute;bka sa nemen&iacute; ani pri pou\u017eit&iacute; verzie s \u010dasova\u010dom a to v\u010faka jeho &scaron;peci&aacute;lnej, rozmerovo nen&aacute;ro\u010dnej kon&scaron;trukcii.<\/span><\/span><\/li>\n<li style=\"text-align:justify\"><span style=\"font-size:11pt\"><span style=\"font-family:Calibri,sans-serif\">Mont&aacute;\u017e na stenu alebo do stropu.<\/span><\/span><\/li>\n<li style=\"text-align:justify\"><span style=\"font-size:11pt\"><span style=\"font-family:Calibri,sans-serif\">Nen&aacute;ro\u010dn&uacute; in&scaron;tal&aacute;ciu a &uacute;dr\u017ebu zaru\u010duje uchytenie prednej mrie\u017eky len jednou skrutkou.<\/span><\/span><\/li>\n<li style=\"text-align:justify\"><span style=\"font-size:11pt\"><span style=\"font-family:Calibri,sans-serif\">Profil lopatiek ventil&aacute;tora a telesa ventil&aacute;tora zabezpe\u010duje vysok&yacute; prietok vzduchu, n&iacute;zku prev&aacute;dzkov&uacute; hlu\u010dnos\u0165 a n&iacute;zku spotrebu energie.<\/span><\/span><\/li>\n<li style=\"text-align:justify\"><span style=\"font-size:11pt\"><span style=\"font-family:Calibri,sans-serif\">Zabudovan&aacute; sp&auml;tn&aacute; klapka pre zabr&aacute;nenie sp&auml;tn&eacute;ho pr&uacute;denia vzduchu, ak ventil&aacute;tor nie je v prev&aacute;dzke.<\/span><\/span><\/li>\n<li style=\"text-align:justify\"><span style=\"font-size:11pt\"><span style=\"font-family:Calibri,sans-serif\">V&scaron;etky modely maj&uacute; krytie IPX4 (ochrana proti striekaj&uacute;cej vode).<\/span><\/span><\/li>\n<li style=\"text-align:justify\"><span style=\"font-size:11pt\"><span style=\"font-family:Calibri,sans-serif\">Zariadenie nemus&iacute; by\u0165 uzemnen&eacute;, m&aacute; dvojit&uacute; izol&aacute;ciu.<\/span><\/span><\/li>\n<\/ul>\n","protected":false},"excerpt":{"rendered":"<p style=\"text-align:justify\"><span style=\"font-size:11pt\"><span style=\"font-family:Calibri,sans-serif\">Mal&yacute; axi&aacute;lny ventil&aacute;tor Vortice PUNTO FILO do k&uacute;pe\u013ene alebo WC s&nbsp;tenkou prednou mrie\u017ekou (len 17 mm) pre &bdquo;<strong>nevidite\u013en&uacute;&ldquo; in&scaron;tal&aacute;ciu<\/strong>. <strong>Sp&auml;tn&aacute; klapka <\/strong>a nastavite\u013en&yacute; <strong>\u010dasov&yacute; dobeh<\/strong>. <strong>Tich&yacute;<\/strong> ventil&aacute;tor s <strong>n&iacute;zkou spotrebou energie<\/strong>. Ochrana <strong>IPX4<\/strong>. Na pripojenie k <strong>potrubiu s priemerom 120 mm<\/strong>. <strong>Prietok vzduchu 175 m3\/h<\/strong>.<\/span><\/span><\/p>\n","protected":false},"featured_media":486550,"template":"","meta":[],"product_cat":[1298,1416,1297],"product_tag":[],"class_list":{"0":"post-477873","1":"product","2":"type-product","3":"status-publish","4":"has-post-thumbnail","6":"product_cat-ventilatory-do-kupelne-axialne","7":"product_cat-punto-filo","8":"product_cat-ventilatory","9":"pa_casovy-dobeh-t-ano","10":"pa_dostupny-tlak-pa-4042","11":"pa_hlucnost-lp-3m-4043","12":"pa_krytie-ipx4","13":"pa_prevedenie-axialny","14":"pa_priemer-napojenia-mm-3842","15":"pa_typ-punto-filo","16":"pa_vzduchovy-vykon-qv-m3-3898","17":"pa_znacka-vortice","19":"first","20":"instock","21":"taxable","22":"shipping-taxable","23":"purchasable","24":"product-type-simple"},"yoast_head":"<!-- This site is optimized with the Yoast SEO plugin v23.9 - https:\/\/yoast.com\/wordpress\/plugins\/seo\/ -->\n<title>Ventil\u00e1tor Vortice MF 120\/5&quot; T - KLIMAVEX GROUP - Slovensko<\/title>\n<meta name=\"robots\" content=\"index, follow, max-snippet:-1, max-image-preview:large, max-video-preview:-1\" \/>\n<link rel=\"canonical\" href=\"https:\/\/klimavex.eu\/sk\/katalog\/ventilator-vortice-mf-120-5-t\/\" \/>\n<meta property=\"og:locale\" content=\"sk_SK\" \/>\n<meta property=\"og:type\" content=\"article\" \/>\n<meta property=\"og:title\" content=\"Ventil\u00e1tor Vortice MF 120\/5&quot; T - KLIMAVEX GROUP - Slovensko\" \/>\n<meta property=\"og:description\" content=\"Mal&yacute; axi&aacute;lny ventil&aacute;tor Vortice PUNTO FILO do k&uacute;pe\u013ene alebo WC s&nbsp;tenkou prednou mrie\u017ekou (len 17 mm) pre &bdquo;nevidite\u013en&uacute;&ldquo; in&scaron;tal&aacute;ciu. Sp&auml;tn&aacute; klapka a nastavite\u013en&yacute; \u010dasov&yacute; dobeh. Tich&yacute; ventil&aacute;tor s n&iacute;zkou spotrebou energie. Ochrana IPX4. Na pripojenie k potrubiu s priemerom 120 mm. Prietok vzduchu 175 m3\/h.\" \/>\n<meta property=\"og:url\" content=\"https:\/\/klimavex.eu\/sk\/katalog\/ventilator-vortice-mf-120-5-t\/\" \/>\n<meta property=\"og:site_name\" content=\"KLIMAVEX GROUP - Slovensko\" \/>\n<meta property=\"article:publisher\" content=\"https:\/\/www.facebook.com\/klimavex\" \/>\n<meta property=\"article:modified_time\" content=\"2026-03-31T16:59:17+00:00\" \/>\n<meta property=\"og:image\" content=\"https:\/\/klimavex.eu\/sk\/wp-content\/uploads\/2025\/09\/PQEbhM0j99-gkpSN2dYk9p4JzL-O8gL14hQjaeSONBA-19.png\" \/>\n\t<meta property=\"og:image:width\" content=\"572\" \/>\n\t<meta property=\"og:image:height\" content=\"512\" \/>\n\t<meta property=\"og:image:type\" content=\"image\/png\" \/>\n<meta name=\"twitter:card\" content=\"summary_large_image\" \/>\n<meta name=\"twitter:label1\" content=\"Predpokladan\u00fd \u010das \u010d\u00edtania\" \/>\n\t<meta name=\"twitter:data1\" content=\"1 min\u00fata\" \/>\n<script type=\"application\/ld+json\" class=\"yoast-schema-graph\">{\"@context\":\"https:\/\/schema.org\",\"@graph\":[{\"@type\":\"WebPage\",\"@id\":\"https:\/\/klimavex.eu\/sk\/katalog\/ventilator-vortice-mf-120-5-t\/\",\"url\":\"https:\/\/klimavex.eu\/sk\/katalog\/ventilator-vortice-mf-120-5-t\/\",\"name\":\"Ventil\u00e1tor Vortice MF 120\/5\\\" T - KLIMAVEX GROUP - Slovensko\",\"isPartOf\":{\"@id\":\"https:\/\/klimavex.eu\/sk\/#website\"},\"primaryImageOfPage\":{\"@id\":\"https:\/\/klimavex.eu\/sk\/katalog\/ventilator-vortice-mf-120-5-t\/#primaryimage\"},\"image\":{\"@id\":\"https:\/\/klimavex.eu\/sk\/katalog\/ventilator-vortice-mf-120-5-t\/#primaryimage\"},\"thumbnailUrl\":\"https:\/\/klimavex.eu\/sk\/wp-content\/uploads\/2025\/09\/PQEbhM0j99-gkpSN2dYk9p4JzL-O8gL14hQjaeSONBA-19.png\",\"datePublished\":\"2026-03-31T16:58:10+00:00\",\"dateModified\":\"2026-03-31T16:59:17+00:00\",\"breadcrumb\":{\"@id\":\"https:\/\/klimavex.eu\/sk\/katalog\/ventilator-vortice-mf-120-5-t\/#breadcrumb\"},\"inLanguage\":\"sk-SK\",\"potentialAction\":[{\"@type\":\"ReadAction\",\"target\":[\"https:\/\/klimavex.eu\/sk\/katalog\/ventilator-vortice-mf-120-5-t\/\"]}]},{\"@type\":\"ImageObject\",\"inLanguage\":\"sk-SK\",\"@id\":\"https:\/\/klimavex.eu\/sk\/katalog\/ventilator-vortice-mf-120-5-t\/#primaryimage\",\"url\":\"https:\/\/klimavex.eu\/sk\/wp-content\/uploads\/2025\/09\/PQEbhM0j99-gkpSN2dYk9p4JzL-O8gL14hQjaeSONBA-19.png\",\"contentUrl\":\"https:\/\/klimavex.eu\/sk\/wp-content\/uploads\/2025\/09\/PQEbhM0j99-gkpSN2dYk9p4JzL-O8gL14hQjaeSONBA-19.png\",\"width\":572,\"height\":512},{\"@type\":\"BreadcrumbList\",\"@id\":\"https:\/\/klimavex.eu\/sk\/katalog\/ventilator-vortice-mf-120-5-t\/#breadcrumb\",\"itemListElement\":[{\"@type\":\"ListItem\",\"position\":1,\"name\":\"Domovsk\u00e1 str\u00e1nka\",\"item\":\"https:\/\/klimavex.eu\/sk\/\"},{\"@type\":\"ListItem\",\"position\":2,\"name\":\"Eshop\",\"item\":\"https:\/\/klimavex.eu\/sk\/eshop\/\"},{\"@type\":\"ListItem\",\"position\":3,\"name\":\"Ventil\u00e1tor Vortice MF 120\/5&#8243; T\"}]},{\"@type\":\"WebSite\",\"@id\":\"https:\/\/klimavex.eu\/sk\/#website\",\"url\":\"https:\/\/klimavex.eu\/sk\/\",\"name\":\"KLIMAVEX GROUP - Slovensko\",\"description\":\"\",\"publisher\":{\"@id\":\"https:\/\/klimavex.eu\/sk\/#organization\"},\"alternateName\":\"KLIMAVEX a.s.\",\"potentialAction\":[{\"@type\":\"SearchAction\",\"target\":{\"@type\":\"EntryPoint\",\"urlTemplate\":\"https:\/\/klimavex.eu\/sk\/?s={search_term_string}\"},\"query-input\":{\"@type\":\"PropertyValueSpecification\",\"valueRequired\":true,\"valueName\":\"search_term_string\"}}],\"inLanguage\":\"sk-SK\"},{\"@type\":\"Organization\",\"@id\":\"https:\/\/klimavex.eu\/sk\/#organization\",\"name\":\"KLIMAVEX GROUP\",\"alternateName\":\"KLIMAVEX a.s.\",\"url\":\"https:\/\/klimavex.eu\/sk\/\",\"logo\":{\"@type\":\"ImageObject\",\"inLanguage\":\"sk-SK\",\"@id\":\"https:\/\/klimavex.eu\/sk\/#\/schema\/logo\/image\/\",\"url\":\"https:\/\/klimavex.eu\/sk\/wp-content\/uploads\/2024\/04\/Klimavex-Group-logo.png\",\"contentUrl\":\"https:\/\/klimavex.eu\/sk\/wp-content\/uploads\/2024\/04\/Klimavex-Group-logo.png\",\"width\":1681,\"height\":472,\"caption\":\"KLIMAVEX GROUP\"},\"image\":{\"@id\":\"https:\/\/klimavex.eu\/sk\/#\/schema\/logo\/image\/\"},\"sameAs\":[\"https:\/\/www.facebook.com\/klimavex\",\"https:\/\/www.instagram.com\/klimavex_sk\/\"]}]}<\/script>\n<!-- \/ Yoast SEO plugin. -->","yoast_head_json":{"title":"Ventil\u00e1tor Vortice MF 120\/5\" T - KLIMAVEX GROUP - Slovensko","robots":{"index":"index","follow":"follow","max-snippet":"max-snippet:-1","max-image-preview":"max-image-preview:large","max-video-preview":"max-video-preview:-1"},"canonical":"https:\/\/klimavex.eu\/sk\/katalog\/ventilator-vortice-mf-120-5-t\/","og_locale":"sk_SK","og_type":"article","og_title":"Ventil\u00e1tor Vortice MF 120\/5\" T - KLIMAVEX GROUP - Slovensko","og_description":"Mal&yacute; axi&aacute;lny ventil&aacute;tor Vortice PUNTO FILO do k&uacute;pe\u013ene alebo WC s&nbsp;tenkou prednou mrie\u017ekou (len 17 mm) pre &bdquo;nevidite\u013en&uacute;&ldquo; in&scaron;tal&aacute;ciu. Sp&auml;tn&aacute; klapka a nastavite\u013en&yacute; \u010dasov&yacute; dobeh. Tich&yacute; ventil&aacute;tor s n&iacute;zkou spotrebou energie. Ochrana IPX4. Na pripojenie k potrubiu s priemerom 120 mm. Prietok vzduchu 175 m3\/h.","og_url":"https:\/\/klimavex.eu\/sk\/katalog\/ventilator-vortice-mf-120-5-t\/","og_site_name":"KLIMAVEX GROUP - Slovensko","article_publisher":"https:\/\/www.facebook.com\/klimavex","article_modified_time":"2026-03-31T16:59:17+00:00","og_image":[{"width":572,"height":512,"url":"https:\/\/klimavex.eu\/sk\/wp-content\/uploads\/2025\/09\/PQEbhM0j99-gkpSN2dYk9p4JzL-O8gL14hQjaeSONBA-19.png","type":"image\/png"}],"twitter_card":"summary_large_image","twitter_misc":{"Predpokladan\u00fd \u010das \u010d\u00edtania":"1 min\u00fata"},"schema":{"@context":"https:\/\/schema.org","@graph":[{"@type":"WebPage","@id":"https:\/\/klimavex.eu\/sk\/katalog\/ventilator-vortice-mf-120-5-t\/","url":"https:\/\/klimavex.eu\/sk\/katalog\/ventilator-vortice-mf-120-5-t\/","name":"Ventil\u00e1tor Vortice MF 120\/5\" T - KLIMAVEX GROUP - Slovensko","isPartOf":{"@id":"https:\/\/klimavex.eu\/sk\/#website"},"primaryImageOfPage":{"@id":"https:\/\/klimavex.eu\/sk\/katalog\/ventilator-vortice-mf-120-5-t\/#primaryimage"},"image":{"@id":"https:\/\/klimavex.eu\/sk\/katalog\/ventilator-vortice-mf-120-5-t\/#primaryimage"},"thumbnailUrl":"https:\/\/klimavex.eu\/sk\/wp-content\/uploads\/2025\/09\/PQEbhM0j99-gkpSN2dYk9p4JzL-O8gL14hQjaeSONBA-19.png","datePublished":"2026-03-31T16:58:10+00:00","dateModified":"2026-03-31T16:59:17+00:00","breadcrumb":{"@id":"https:\/\/klimavex.eu\/sk\/katalog\/ventilator-vortice-mf-120-5-t\/#breadcrumb"},"inLanguage":"sk-SK","potentialAction":[{"@type":"ReadAction","target":["https:\/\/klimavex.eu\/sk\/katalog\/ventilator-vortice-mf-120-5-t\/"]}]},{"@type":"ImageObject","inLanguage":"sk-SK","@id":"https:\/\/klimavex.eu\/sk\/katalog\/ventilator-vortice-mf-120-5-t\/#primaryimage","url":"https:\/\/klimavex.eu\/sk\/wp-content\/uploads\/2025\/09\/PQEbhM0j99-gkpSN2dYk9p4JzL-O8gL14hQjaeSONBA-19.png","contentUrl":"https:\/\/klimavex.eu\/sk\/wp-content\/uploads\/2025\/09\/PQEbhM0j99-gkpSN2dYk9p4JzL-O8gL14hQjaeSONBA-19.png","width":572,"height":512},{"@type":"BreadcrumbList","@id":"https:\/\/klimavex.eu\/sk\/katalog\/ventilator-vortice-mf-120-5-t\/#breadcrumb","itemListElement":[{"@type":"ListItem","position":1,"name":"Domovsk\u00e1 str\u00e1nka","item":"https:\/\/klimavex.eu\/sk\/"},{"@type":"ListItem","position":2,"name":"Eshop","item":"https:\/\/klimavex.eu\/sk\/eshop\/"},{"@type":"ListItem","position":3,"name":"Ventil\u00e1tor Vortice MF 120\/5&#8243; T"}]},{"@type":"WebSite","@id":"https:\/\/klimavex.eu\/sk\/#website","url":"https:\/\/klimavex.eu\/sk\/","name":"KLIMAVEX GROUP - Slovensko","description":"","publisher":{"@id":"https:\/\/klimavex.eu\/sk\/#organization"},"alternateName":"KLIMAVEX a.s.","potentialAction":[{"@type":"SearchAction","target":{"@type":"EntryPoint","urlTemplate":"https:\/\/klimavex.eu\/sk\/?s={search_term_string}"},"query-input":{"@type":"PropertyValueSpecification","valueRequired":true,"valueName":"search_term_string"}}],"inLanguage":"sk-SK"},{"@type":"Organization","@id":"https:\/\/klimavex.eu\/sk\/#organization","name":"KLIMAVEX GROUP","alternateName":"KLIMAVEX a.s.","url":"https:\/\/klimavex.eu\/sk\/","logo":{"@type":"ImageObject","inLanguage":"sk-SK","@id":"https:\/\/klimavex.eu\/sk\/#\/schema\/logo\/image\/","url":"https:\/\/klimavex.eu\/sk\/wp-content\/uploads\/2024\/04\/Klimavex-Group-logo.png","contentUrl":"https:\/\/klimavex.eu\/sk\/wp-content\/uploads\/2024\/04\/Klimavex-Group-logo.png","width":1681,"height":472,"caption":"KLIMAVEX GROUP"},"image":{"@id":"https:\/\/klimavex.eu\/sk\/#\/schema\/logo\/image\/"},"sameAs":["https:\/\/www.facebook.com\/klimavex","https:\/\/www.instagram.com\/klimavex_sk\/"]}]}},"_links":{"self":[{"href":"https:\/\/klimavex.eu\/sk\/wp-json\/wp\/v2\/product\/477873","targetHints":{"allow":["GET"]}}],"collection":[{"href":"https:\/\/klimavex.eu\/sk\/wp-json\/wp\/v2\/product"}],"about":[{"href":"https:\/\/klimavex.eu\/sk\/wp-json\/wp\/v2\/types\/product"}],"version-history":[{"count":0,"href":"https:\/\/klimavex.eu\/sk\/wp-json\/wp\/v2\/product\/477873\/revisions"}],"wp:featuredmedia":[{"embeddable":true,"href":"https:\/\/klimavex.eu\/sk\/wp-json\/wp\/v2\/media\/486550"}],"wp:attachment":[{"href":"https:\/\/klimavex.eu\/sk\/wp-json\/wp\/v2\/media?parent=477873"}],"wp:term":[{"taxonomy":"product_cat","embeddable":true,"href":"https:\/\/klimavex.eu\/sk\/wp-json\/wp\/v2\/product_cat?post=477873"},{"taxonomy":"product_tag","embeddable":true,"href":"https:\/\/klimavex.eu\/sk\/wp-json\/wp\/v2\/product_tag?post=477873"}],"curies":[{"name":"wp","href":"https:\/\/api.w.org\/{rel}","templated":true}]}}