{"id":477909,"date":"2026-03-31T18:59:27","date_gmt":"2026-03-31T16:59:27","guid":{"rendered":"https:\/\/klimavex.eu\/sk\/katalog\/odvlhcovac-dantherm-cdp-135-wcc-3f\/"},"modified":"2026-03-31T19:00:15","modified_gmt":"2026-03-31T17:00:15","slug":"odvlhcovac-dantherm-bazenovy-potrubny-do-strojovne-s-vodou-chladenym-kondenzatorom-400v-cdp-135-3f-wcc","status":"publish","type":"product","link":"https:\/\/klimavex.eu\/sk\/katalog\/odvlhcovac-dantherm-bazenovy-potrubny-do-strojovne-s-vodou-chladenym-kondenzatorom-400v-cdp-135-3f-wcc\/","title":{"rendered":"Odvlh\u010dova\u010d Dantherm baz\u00e9nov\u00fd potrubn\u00fd do strojovne s vodou chladen\u00fdm kondenz\u00e1torom 400V CDP 135 3F WCC"},"content":{"rendered":"<p style=\"text-align: justify;\"><strong>K\u013e&uacute;\u010dov&eacute; vlastnosti<\/strong><\/p>\n<ul style=\"text-align: justify;\">\n<li>Odvlh\u010dovac&iacute; v&yacute;kon 155 l\/ 24h (pri teplote 30 &deg;C a vlhkosti 60% RH)<\/li>\n<li>Prev&aacute;dzkov&yacute; teplotn&yacute; rozsah 15-38 &deg;C<\/li>\n<li>Vzduchov&yacute; v&yacute;kon 2500 m&sup3;\/h<\/li>\n<li>WCC &ndash; vodou chladen&yacute; kondenz&aacute;tor<\/li>\n<li>Sendvi\u010dov&eacute; panely s 45mm izol&aacute;ciou<\/li>\n<li>N&iacute;zka spotreba energie<\/li>\n<li>Radi&aacute;lny EC ventil&aacute;tor s riaden&iacute;m na kon&scaron;tantn&yacute; prietok<\/li>\n<li>Tich&aacute; prev&aacute;dzka<\/li>\n<li>Zabudovan&yacute; hygrostat<\/li>\n<li>Integrovan&yacute; dotykov&yacute; ovl&aacute;da\u010d<\/li>\n<li>Zabudovan&yacute; filter na sanie<\/li>\n<li>V&yacute;menn&iacute;ky o&scaron;etren&eacute; epoxidov&yacute;m n&aacute;terom<\/li>\n<li>Trieda odolnosti vo\u010di kor&oacute;zii C4<\/li>\n<li>Servisn&yacute; ventil na chladiacom okruhu<\/li>\n<li>Aktualiz&aacute;cia a ulo\u017eenie parametrov na SD kartu<\/li>\n<li>Kompatibilita s BMS (ModBus)<\/li>\n<li>Servisn&eacute; dvere s mo\u017enos\u0165ou mont&aacute;\u017ee na opa\u010dn&uacute; stranu<\/li>\n<li>Nas&aacute;vanie v horizont&aacute;lnom smere<\/li>\n<li>V&yacute;fuk v horizont&aacute;lnom alebo vertik&aacute;lnom smere<\/li>\n<li>Krytie IPX4<\/li>\n<\/ul>\n<p style=\"text-align: justify;\"><strong>Pr&iacute;slu&scaron;enstvo<\/strong><\/p>\n<ul>\n<li style=\"text-align: justify;\">Dia\u013ekov&yacute; bezdr&ocirc;tov&yacute; ovl&aacute;da\u010d DRC<\/li>\n<li style=\"text-align: justify;\">Extern&yacute; sn&iacute;ma\u010d vlhkosti a teploty s 20m k&aacute;blom<\/li>\n<li style=\"text-align: justify;\">N&aacute;stenn&eacute; konzoly<\/li>\n<li style=\"text-align: justify;\">Antivibra\u010dn&eacute; podpery<\/li>\n<li style=\"text-align: justify;\">Vykurovac&iacute; vodn&yacute; v&yacute;menn&iacute;k<\/li>\n<li style=\"text-align: justify;\">2-cestn&yacute; ventil s pohonom pre vykurovac&iacute; vodn&yacute; v&yacute;menn&iacute;k<\/li>\n<\/ul>\n","protected":false},"excerpt":{"rendered":"<p style=\"text-align: justify;\">Odvlh\u010dova\u010d&nbsp;<strong>Dantherm CDP 135 WCC 3F&nbsp;<\/strong>je&nbsp;<strong>baz&eacute;nov&yacute; odvlh\u010dova\u010d&nbsp;<\/strong>vhodn&yacute;&nbsp;<strong>pre ve\u013ek&eacute; priv&aacute;tne baz&eacute;ny, hotelov&eacute; baz&eacute;ny a wellness centr&aacute; s&nbsp;vodnou plochou baz&eacute;na cca do 85 m<sup>2<\/sup><\/strong>. Taktie\u017e je mo\u017en&eacute; ho vyu\u017ei\u0165 v telocvi\u010dniach, s&aacute;lach \u010di v&yacute;robn&yacute;ch hal&aacute;ch s vysokou vlhkos\u0165ou. In&scaron;taluje sa do strojovne s napojen&iacute;m na potrubie. El. nap&aacute;janie 3x400V\/50Hz. Tento model je navy&scaron;e vybaven&yacute; vo&shy;dou chladen&yacute;m kondenz&aacute;torom (WCC), ktor&yacute; umo\u017e\u0148uje vyu\u017eitie pre&shy;bytku tepla pre vyhrievanie baz&eacute;nu alebo pr&iacute;pravu teplej vody.<\/p>\n","protected":false},"featured_media":487434,"template":"","meta":[],"product_cat":[2615,2609],"product_tag":[],"class_list":{"0":"post-477909","1":"product","2":"type-product","3":"status-publish","4":"has-post-thumbnail","6":"product_cat-potrubne-bazenove-odvlhcovace","7":"product_cat-odvlhcovace","8":"pa_akusticky-tlak-lp-1m-6125","9":"pa_odvlhcovaci-vykon-pri-30c-6127","10":"pa_pre-plochu-m2-orientacne-6126","11":"pa_prevadzkovy-rozsah-teplota-c-15c-38c","12":"pa_prevedenie-potrubny-bazenovy","13":"pa_typ-cdp","14":"pa_vzduchovy-vykon-qv-m3-4211","15":"pa_znacka-dantherm","17":"first","18":"instock","19":"taxable","20":"shipping-taxable","21":"purchasable","22":"product-type-simple"},"yoast_head":"<!-- This site is optimized with the Yoast SEO plugin v23.9 - https:\/\/yoast.com\/wordpress\/plugins\/seo\/ -->\n<title>Odvlh\u010dova\u010d Dantherm baz\u00e9nov\u00fd potrubn\u00fd do strojovne s vodou chladen\u00fdm kondenz\u00e1torom 400V CDP 135 3F WCC - KLIMAVEX GROUP - Slovensko<\/title>\n<meta name=\"robots\" content=\"index, follow, max-snippet:-1, max-image-preview:large, max-video-preview:-1\" \/>\n<link rel=\"canonical\" href=\"https:\/\/klimavex.eu\/sk\/katalog\/odvlhcovac-dantherm-cdp-135-wcc-3f\/\" \/>\n<meta property=\"og:locale\" content=\"sk_SK\" \/>\n<meta property=\"og:type\" content=\"article\" \/>\n<meta property=\"og:title\" content=\"Odvlh\u010dova\u010d Dantherm baz\u00e9nov\u00fd potrubn\u00fd do strojovne s vodou chladen\u00fdm kondenz\u00e1torom 400V CDP 135 3F WCC - KLIMAVEX GROUP - Slovensko\" \/>\n<meta property=\"og:description\" content=\"Odvlh\u010dova\u010d&nbsp;Dantherm CDP 135 WCC 3F&nbsp;je&nbsp;baz&eacute;nov&yacute; odvlh\u010dova\u010d&nbsp;vhodn&yacute;&nbsp;pre ve\u013ek&eacute; priv&aacute;tne baz&eacute;ny, hotelov&eacute; baz&eacute;ny a wellness centr&aacute; s&nbsp;vodnou plochou baz&eacute;na cca do 85 m2. Taktie\u017e je mo\u017en&eacute; ho vyu\u017ei\u0165 v telocvi\u010dniach, s&aacute;lach \u010di v&yacute;robn&yacute;ch hal&aacute;ch s vysokou vlhkos\u0165ou. In&scaron;taluje sa do strojovne s napojen&iacute;m na potrubie. El. nap&aacute;janie 3x400V\/50Hz. Tento model je navy&scaron;e vybaven&yacute; vo&shy;dou chladen&yacute;m kondenz&aacute;torom (WCC), ktor&yacute; umo\u017e\u0148uje vyu\u017eitie pre&shy;bytku tepla pre vyhrievanie baz&eacute;nu alebo pr&iacute;pravu teplej vody.\" \/>\n<meta property=\"og:url\" content=\"https:\/\/klimavex.eu\/sk\/katalog\/odvlhcovac-dantherm-cdp-135-wcc-3f\/\" \/>\n<meta property=\"og:site_name\" content=\"KLIMAVEX GROUP - Slovensko\" \/>\n<meta property=\"article:publisher\" content=\"https:\/\/www.facebook.com\/klimavex\" \/>\n<meta property=\"article:modified_time\" content=\"2026-03-31T17:00:15+00:00\" \/>\n<meta property=\"og:image\" content=\"https:\/\/klimavex.eu\/sk\/wp-content\/uploads\/2025\/09\/Z3N9LmtuPlgGRa1FpgVnOuRwloZ7YsndZGDRKwlWJMA.jpeg\" \/>\n\t<meta property=\"og:image:width\" content=\"512\" \/>\n\t<meta property=\"og:image:height\" content=\"512\" \/>\n\t<meta property=\"og:image:type\" content=\"image\/jpeg\" \/>\n<meta name=\"twitter:card\" content=\"summary_large_image\" \/>\n<meta name=\"twitter:label1\" content=\"Predpokladan\u00fd \u010das \u010d\u00edtania\" \/>\n\t<meta name=\"twitter:data1\" content=\"1 min\u00fata\" \/>\n<script type=\"application\/ld+json\" class=\"yoast-schema-graph\">{\"@context\":\"https:\/\/schema.org\",\"@graph\":[{\"@type\":\"WebPage\",\"@id\":\"https:\/\/klimavex.eu\/sk\/katalog\/odvlhcovac-dantherm-cdp-135-wcc-3f\/\",\"url\":\"https:\/\/klimavex.eu\/sk\/katalog\/odvlhcovac-dantherm-cdp-135-wcc-3f\/\",\"name\":\"Odvlh\u010dova\u010d Dantherm baz\u00e9nov\u00fd potrubn\u00fd do strojovne s vodou chladen\u00fdm kondenz\u00e1torom 400V CDP 135 3F WCC - KLIMAVEX GROUP - Slovensko\",\"isPartOf\":{\"@id\":\"https:\/\/klimavex.eu\/sk\/#website\"},\"primaryImageOfPage\":{\"@id\":\"https:\/\/klimavex.eu\/sk\/katalog\/odvlhcovac-dantherm-cdp-135-wcc-3f\/#primaryimage\"},\"image\":{\"@id\":\"https:\/\/klimavex.eu\/sk\/katalog\/odvlhcovac-dantherm-cdp-135-wcc-3f\/#primaryimage\"},\"thumbnailUrl\":\"https:\/\/klimavex.eu\/sk\/wp-content\/uploads\/2025\/09\/Z3N9LmtuPlgGRa1FpgVnOuRwloZ7YsndZGDRKwlWJMA.jpeg\",\"datePublished\":\"2026-03-31T16:59:27+00:00\",\"dateModified\":\"2026-03-31T17:00:15+00:00\",\"breadcrumb\":{\"@id\":\"https:\/\/klimavex.eu\/sk\/katalog\/odvlhcovac-dantherm-cdp-135-wcc-3f\/#breadcrumb\"},\"inLanguage\":\"sk-SK\",\"potentialAction\":[{\"@type\":\"ReadAction\",\"target\":[\"https:\/\/klimavex.eu\/sk\/katalog\/odvlhcovac-dantherm-cdp-135-wcc-3f\/\"]}]},{\"@type\":\"ImageObject\",\"inLanguage\":\"sk-SK\",\"@id\":\"https:\/\/klimavex.eu\/sk\/katalog\/odvlhcovac-dantherm-cdp-135-wcc-3f\/#primaryimage\",\"url\":\"https:\/\/klimavex.eu\/sk\/wp-content\/uploads\/2025\/09\/Z3N9LmtuPlgGRa1FpgVnOuRwloZ7YsndZGDRKwlWJMA.jpeg\",\"contentUrl\":\"https:\/\/klimavex.eu\/sk\/wp-content\/uploads\/2025\/09\/Z3N9LmtuPlgGRa1FpgVnOuRwloZ7YsndZGDRKwlWJMA.jpeg\",\"width\":512,\"height\":512},{\"@type\":\"BreadcrumbList\",\"@id\":\"https:\/\/klimavex.eu\/sk\/katalog\/odvlhcovac-dantherm-cdp-135-wcc-3f\/#breadcrumb\",\"itemListElement\":[{\"@type\":\"ListItem\",\"position\":1,\"name\":\"Domovsk\u00e1 str\u00e1nka\",\"item\":\"https:\/\/klimavex.eu\/sk\/\"},{\"@type\":\"ListItem\",\"position\":2,\"name\":\"Eshop\",\"item\":\"https:\/\/klimavex.eu\/sk\/eshop\/\"},{\"@type\":\"ListItem\",\"position\":3,\"name\":\"Odvlh\u010dova\u010d Dantherm CDP 135 WCC 3F\"}]},{\"@type\":\"WebSite\",\"@id\":\"https:\/\/klimavex.eu\/sk\/#website\",\"url\":\"https:\/\/klimavex.eu\/sk\/\",\"name\":\"KLIMAVEX GROUP - Slovensko\",\"description\":\"\",\"publisher\":{\"@id\":\"https:\/\/klimavex.eu\/sk\/#organization\"},\"alternateName\":\"KLIMAVEX a.s.\",\"potentialAction\":[{\"@type\":\"SearchAction\",\"target\":{\"@type\":\"EntryPoint\",\"urlTemplate\":\"https:\/\/klimavex.eu\/sk\/?s={search_term_string}\"},\"query-input\":{\"@type\":\"PropertyValueSpecification\",\"valueRequired\":true,\"valueName\":\"search_term_string\"}}],\"inLanguage\":\"sk-SK\"},{\"@type\":\"Organization\",\"@id\":\"https:\/\/klimavex.eu\/sk\/#organization\",\"name\":\"KLIMAVEX GROUP\",\"alternateName\":\"KLIMAVEX a.s.\",\"url\":\"https:\/\/klimavex.eu\/sk\/\",\"logo\":{\"@type\":\"ImageObject\",\"inLanguage\":\"sk-SK\",\"@id\":\"https:\/\/klimavex.eu\/sk\/#\/schema\/logo\/image\/\",\"url\":\"https:\/\/klimavex.eu\/sk\/wp-content\/uploads\/2024\/04\/Klimavex-Group-logo.png\",\"contentUrl\":\"https:\/\/klimavex.eu\/sk\/wp-content\/uploads\/2024\/04\/Klimavex-Group-logo.png\",\"width\":1681,\"height\":472,\"caption\":\"KLIMAVEX GROUP\"},\"image\":{\"@id\":\"https:\/\/klimavex.eu\/sk\/#\/schema\/logo\/image\/\"},\"sameAs\":[\"https:\/\/www.facebook.com\/klimavex\",\"https:\/\/www.instagram.com\/klimavex_sk\/\"]}]}<\/script>\n<!-- \/ Yoast SEO plugin. -->","yoast_head_json":{"title":"Odvlh\u010dova\u010d Dantherm baz\u00e9nov\u00fd potrubn\u00fd do strojovne s vodou chladen\u00fdm kondenz\u00e1torom 400V CDP 135 3F WCC - KLIMAVEX GROUP - Slovensko","robots":{"index":"index","follow":"follow","max-snippet":"max-snippet:-1","max-image-preview":"max-image-preview:large","max-video-preview":"max-video-preview:-1"},"canonical":"https:\/\/klimavex.eu\/sk\/katalog\/odvlhcovac-dantherm-cdp-135-wcc-3f\/","og_locale":"sk_SK","og_type":"article","og_title":"Odvlh\u010dova\u010d Dantherm baz\u00e9nov\u00fd potrubn\u00fd do strojovne s vodou chladen\u00fdm kondenz\u00e1torom 400V CDP 135 3F WCC - KLIMAVEX GROUP - Slovensko","og_description":"Odvlh\u010dova\u010d&nbsp;Dantherm CDP 135 WCC 3F&nbsp;je&nbsp;baz&eacute;nov&yacute; odvlh\u010dova\u010d&nbsp;vhodn&yacute;&nbsp;pre ve\u013ek&eacute; priv&aacute;tne baz&eacute;ny, hotelov&eacute; baz&eacute;ny a wellness centr&aacute; s&nbsp;vodnou plochou baz&eacute;na cca do 85 m2. Taktie\u017e je mo\u017en&eacute; ho vyu\u017ei\u0165 v telocvi\u010dniach, s&aacute;lach \u010di v&yacute;robn&yacute;ch hal&aacute;ch s vysokou vlhkos\u0165ou. In&scaron;taluje sa do strojovne s napojen&iacute;m na potrubie. El. nap&aacute;janie 3x400V\/50Hz. Tento model je navy&scaron;e vybaven&yacute; vo&shy;dou chladen&yacute;m kondenz&aacute;torom (WCC), ktor&yacute; umo\u017e\u0148uje vyu\u017eitie pre&shy;bytku tepla pre vyhrievanie baz&eacute;nu alebo pr&iacute;pravu teplej vody.","og_url":"https:\/\/klimavex.eu\/sk\/katalog\/odvlhcovac-dantherm-cdp-135-wcc-3f\/","og_site_name":"KLIMAVEX GROUP - Slovensko","article_publisher":"https:\/\/www.facebook.com\/klimavex","article_modified_time":"2026-03-31T17:00:15+00:00","og_image":[{"width":512,"height":512,"url":"https:\/\/klimavex.eu\/sk\/wp-content\/uploads\/2025\/09\/Z3N9LmtuPlgGRa1FpgVnOuRwloZ7YsndZGDRKwlWJMA.jpeg","type":"image\/jpeg"}],"twitter_card":"summary_large_image","twitter_misc":{"Predpokladan\u00fd \u010das \u010d\u00edtania":"1 min\u00fata"},"schema":{"@context":"https:\/\/schema.org","@graph":[{"@type":"WebPage","@id":"https:\/\/klimavex.eu\/sk\/katalog\/odvlhcovac-dantherm-cdp-135-wcc-3f\/","url":"https:\/\/klimavex.eu\/sk\/katalog\/odvlhcovac-dantherm-cdp-135-wcc-3f\/","name":"Odvlh\u010dova\u010d Dantherm baz\u00e9nov\u00fd potrubn\u00fd do strojovne s vodou chladen\u00fdm kondenz\u00e1torom 400V CDP 135 3F WCC - KLIMAVEX GROUP - Slovensko","isPartOf":{"@id":"https:\/\/klimavex.eu\/sk\/#website"},"primaryImageOfPage":{"@id":"https:\/\/klimavex.eu\/sk\/katalog\/odvlhcovac-dantherm-cdp-135-wcc-3f\/#primaryimage"},"image":{"@id":"https:\/\/klimavex.eu\/sk\/katalog\/odvlhcovac-dantherm-cdp-135-wcc-3f\/#primaryimage"},"thumbnailUrl":"https:\/\/klimavex.eu\/sk\/wp-content\/uploads\/2025\/09\/Z3N9LmtuPlgGRa1FpgVnOuRwloZ7YsndZGDRKwlWJMA.jpeg","datePublished":"2026-03-31T16:59:27+00:00","dateModified":"2026-03-31T17:00:15+00:00","breadcrumb":{"@id":"https:\/\/klimavex.eu\/sk\/katalog\/odvlhcovac-dantherm-cdp-135-wcc-3f\/#breadcrumb"},"inLanguage":"sk-SK","potentialAction":[{"@type":"ReadAction","target":["https:\/\/klimavex.eu\/sk\/katalog\/odvlhcovac-dantherm-cdp-135-wcc-3f\/"]}]},{"@type":"ImageObject","inLanguage":"sk-SK","@id":"https:\/\/klimavex.eu\/sk\/katalog\/odvlhcovac-dantherm-cdp-135-wcc-3f\/#primaryimage","url":"https:\/\/klimavex.eu\/sk\/wp-content\/uploads\/2025\/09\/Z3N9LmtuPlgGRa1FpgVnOuRwloZ7YsndZGDRKwlWJMA.jpeg","contentUrl":"https:\/\/klimavex.eu\/sk\/wp-content\/uploads\/2025\/09\/Z3N9LmtuPlgGRa1FpgVnOuRwloZ7YsndZGDRKwlWJMA.jpeg","width":512,"height":512},{"@type":"BreadcrumbList","@id":"https:\/\/klimavex.eu\/sk\/katalog\/odvlhcovac-dantherm-cdp-135-wcc-3f\/#breadcrumb","itemListElement":[{"@type":"ListItem","position":1,"name":"Domovsk\u00e1 str\u00e1nka","item":"https:\/\/klimavex.eu\/sk\/"},{"@type":"ListItem","position":2,"name":"Eshop","item":"https:\/\/klimavex.eu\/sk\/eshop\/"},{"@type":"ListItem","position":3,"name":"Odvlh\u010dova\u010d Dantherm CDP 135 WCC 3F"}]},{"@type":"WebSite","@id":"https:\/\/klimavex.eu\/sk\/#website","url":"https:\/\/klimavex.eu\/sk\/","name":"KLIMAVEX GROUP - Slovensko","description":"","publisher":{"@id":"https:\/\/klimavex.eu\/sk\/#organization"},"alternateName":"KLIMAVEX a.s.","potentialAction":[{"@type":"SearchAction","target":{"@type":"EntryPoint","urlTemplate":"https:\/\/klimavex.eu\/sk\/?s={search_term_string}"},"query-input":{"@type":"PropertyValueSpecification","valueRequired":true,"valueName":"search_term_string"}}],"inLanguage":"sk-SK"},{"@type":"Organization","@id":"https:\/\/klimavex.eu\/sk\/#organization","name":"KLIMAVEX GROUP","alternateName":"KLIMAVEX a.s.","url":"https:\/\/klimavex.eu\/sk\/","logo":{"@type":"ImageObject","inLanguage":"sk-SK","@id":"https:\/\/klimavex.eu\/sk\/#\/schema\/logo\/image\/","url":"https:\/\/klimavex.eu\/sk\/wp-content\/uploads\/2024\/04\/Klimavex-Group-logo.png","contentUrl":"https:\/\/klimavex.eu\/sk\/wp-content\/uploads\/2024\/04\/Klimavex-Group-logo.png","width":1681,"height":472,"caption":"KLIMAVEX GROUP"},"image":{"@id":"https:\/\/klimavex.eu\/sk\/#\/schema\/logo\/image\/"},"sameAs":["https:\/\/www.facebook.com\/klimavex","https:\/\/www.instagram.com\/klimavex_sk\/"]}]}},"_links":{"self":[{"href":"https:\/\/klimavex.eu\/sk\/wp-json\/wp\/v2\/product\/477909","targetHints":{"allow":["GET"]}}],"collection":[{"href":"https:\/\/klimavex.eu\/sk\/wp-json\/wp\/v2\/product"}],"about":[{"href":"https:\/\/klimavex.eu\/sk\/wp-json\/wp\/v2\/types\/product"}],"version-history":[{"count":0,"href":"https:\/\/klimavex.eu\/sk\/wp-json\/wp\/v2\/product\/477909\/revisions"}],"wp:featuredmedia":[{"embeddable":true,"href":"https:\/\/klimavex.eu\/sk\/wp-json\/wp\/v2\/media\/487434"}],"wp:attachment":[{"href":"https:\/\/klimavex.eu\/sk\/wp-json\/wp\/v2\/media?parent=477909"}],"wp:term":[{"taxonomy":"product_cat","embeddable":true,"href":"https:\/\/klimavex.eu\/sk\/wp-json\/wp\/v2\/product_cat?post=477909"},{"taxonomy":"product_tag","embeddable":true,"href":"https:\/\/klimavex.eu\/sk\/wp-json\/wp\/v2\/product_tag?post=477909"}],"curies":[{"name":"wp","href":"https:\/\/api.w.org\/{rel}","templated":true}]}}