{"id":477931,"date":"2026-03-31T19:00:45","date_gmt":"2026-03-31T17:00:45","guid":{"rendered":"https:\/\/klimavex.eu\/sk\/katalog\/dantherm-danx-1-xd-bazenova-jednotka\/"},"modified":"2026-03-31T19:00:52","modified_gmt":"2026-03-31T17:00:52","slug":"vzduchotechnicka-jednotka-dantherm-bazenova-vetracia-odvlhcovacia-kompaktna-danx-1-xd","status":"publish","type":"product","link":"https:\/\/klimavex.eu\/sk\/katalog\/vzduchotechnicka-jednotka-dantherm-bazenova-vetracia-odvlhcovacia-kompaktna-danx-1-xd\/","title":{"rendered":"Vzduchotechnick\u00e1 jednotka Dantherm baz\u00e9nov\u00e1 vetracia odvlh\u010dovacia kompaktn\u00e1 DanX 1 XD"},"content":{"rendered":"<p style=\"text-align:justify\"><span style=\"font-size:11pt\"><span style=\"font-family:Calibri,sans-serif\"><strong><span style=\"color:black\">K\u013e&uacute;\u010dov&eacute; vlastnosti<\/span><\/strong><\/span><\/span><\/p>\n<ul>\n<li style=\"text-align:justify\"><span style=\"font-size:11pt\"><span style=\"font-family:Calibri,sans-serif\"><span style=\"color:black\">Vstavan&yacute; u\u017e&iacute;vate\u013esky pr&iacute;vetiv&yacute; riadiaci syst&eacute;m pre vysoko kvalitn&eacute; riadenie po\u017eiadaviek. Automatick&eacute; sledovanie a riadenie teploty a vlhkosti baz&eacute;novej haly. Vlastn&yacute; softv&eacute;r prev&aacute;dzkuje jednotku \u010do najefekt&iacute;vnej&scaron;ie za r&ocirc;znych podmienok.<\/span><\/span><\/span><\/li>\n<li style=\"text-align:justify\"><span style=\"font-size:11pt\"><span style=\"font-family:Calibri,sans-serif\"><span style=\"color:black\">Dvojit&eacute; kr&iacute;\u017eov&eacute; v&yacute;menn&iacute;ky tepla s vysokou &uacute;\u010dinnos\u0165ou viac ako 85% a n&iacute;zkou tlakovou stratou.<\/span><\/span><\/span><\/li>\n<li style=\"text-align:justify\"><span style=\"font-size:11pt\"><span style=\"font-family:Calibri,sans-serif\"><span style=\"color:black\">Vstavan&yacute; bypass na vo\u013en&eacute; chladenie v lete.<\/span><\/span><\/span><\/li>\n<li style=\"text-align:justify\"><span style=\"font-size:11pt\"><span style=\"font-family:Calibri,sans-serif\"><span style=\"color:black\">Vysoko energeticky &uacute;\u010dinn&eacute; EC z&aacute;str\u010dkov&eacute; ventil&aacute;tory.<\/span><\/span><\/span><\/li>\n<li style=\"text-align:justify\"><span style=\"font-size:11pt\"><span style=\"font-family:Calibri,sans-serif\"><span style=\"color:black\">&Uacute;\u010dinn&eacute; kompaktn&eacute; filtre M5\/ePM10 70% a F7\/ePM1 55% s n&iacute;zkou tlakovou stratou.<\/span><\/span><\/span><\/li>\n<li style=\"text-align:justify\"><span style=\"font-size:11pt\"><span style=\"font-family:Calibri,sans-serif\"><span style=\"color:black\">Samonosn&aacute; skri\u0148a so \u017eiarovo zinkovan&yacute;mi, pr&aacute;&scaron;kovo lakovan&yacute;mi sendvi\u010dov&yacute;mi panelmi s 50 mm izol&aacute;ciou z miner&aacute;lnej vlny, vn&uacute;torn&yacute;mi prie\u010dkami 30 mm a spodn&yacute;m r&aacute;mom s nastavite\u013en&yacute;mi no\u017ei\u010dkami.<\/span><\/span><\/span><\/li>\n<li style=\"text-align:justify\"><span style=\"font-size:11pt\"><span style=\"font-family:Calibri,sans-serif\"><span style=\"color:black\">Navrhnut&eacute; tak, aby odolalo agres&iacute;vnemu prostrediu baz&eacute;na (trieda kor&oacute;zie C4 pod\u013ea EN\/ISO 12944-2), s epoxidom potiahnut&yacute;m kr&iacute;\u017eov&yacute;m v&yacute;menn&iacute;kom tepla, vykurovacou &scaron;pir&aacute;lou s hlin&iacute;kov&yacute;m r&aacute;mom, vopred natret&yacute;mi rebrami a epoxidov&yacute;m n&aacute;terom na ochranu v&scaron;etk&yacute;ch upev\u0148ovac&iacute;ch prvkov.<\/span><\/span><\/span><\/li>\n<li style=\"text-align:justify\"><span style=\"font-size:11pt\"><span style=\"font-family:Calibri,sans-serif\"><span style=\"color:black\">Dve ve\u013ek&eacute; rev&iacute;zne dvierka so siln&yacute;mi p&aacute;ntami a jaz&yacute;\u010dkov&yacute;mi z&aacute;mkami a rukov&auml;\u0165ou pre \u013eahk&yacute; pr&iacute;stup pre servis.<\/span><\/span><\/span><\/li>\n<li style=\"text-align:justify\"><span style=\"font-size:11pt\"><span style=\"font-family:Calibri,sans-serif\"><span style=\"color:black\">Rie&scaron;enie typu &bdquo;v&scaron;etko v jednom&ldquo; pre jednoduch&uacute; a r&yacute;chlu in&scaron;tal&aacute;ciu &ndash; v&scaron;etky senzory a elektrick&eacute; komponenty s&uacute; vopred pripojen&eacute;.<\/span><\/span><\/span><\/li>\n<li style=\"text-align:justify\"><span style=\"font-size:11pt\"><span style=\"font-family:Calibri,sans-serif\"><span style=\"color:black\">BMS komunik&aacute;cia s Modbus alebo BACnet.<\/span><\/span><\/span><\/li>\n<\/ul>\n","protected":false},"excerpt":{"rendered":"<p style=\"text-align:justify\"><span style=\"font-size:11pt\"><span style=\"font-family:Calibri,sans-serif\"><span style=\"color:black\">Vzduchotechnick&aacute; jednotka <strong>Dantherm DanX 1 XD<\/strong> je ve\u013emi &uacute;\u010dinn&yacute; ventila\u010dn&yacute; syst&eacute;m, ktor&yacute; vyu\u017e&iacute;va vonkaj&scaron;&iacute; vzduch na odvlh\u010dovanie pomocou <strong>dvojit&eacute;ho v&yacute;menn&iacute;ka tepla<\/strong>, ktor&yacute; poskytuje <strong>a\u017e 95% rekuper&aacute;ciu tepla<\/strong>. To zni\u017euje spotrebu energie a celkov&eacute; prev&aacute;dzkov&eacute; n&aacute;klady. V\u010faka tomu je jednotka ide&aacute;lna na riadenie vlhkosti a teploty <strong>v miestnosti s baz&eacute;nom<\/strong>.<\/span><\/span><\/span><\/p>\n","protected":false},"featured_media":487482,"template":"","meta":[],"product_cat":[2617],"product_tag":[],"class_list":{"0":"post-477931","1":"product","2":"type-product","3":"status-publish","4":"has-post-thumbnail","6":"product_cat-vzt-bazenove-jednotky-danx-odvlhcovace","7":"pa_vzduchovy-vykon-qv-m3-4163","8":"pa_znacka-dantherm","10":"first","11":"instock","12":"taxable","13":"shipping-taxable","14":"purchasable","15":"product-type-simple"},"yoast_head":"<!-- This site is optimized with the Yoast SEO plugin v23.9 - https:\/\/yoast.com\/wordpress\/plugins\/seo\/ -->\n<title>Vzduchotechnick\u00e1 jednotka Dantherm baz\u00e9nov\u00e1 vetracia odvlh\u010dovacia kompaktn\u00e1 DanX 1 XD - KLIMAVEX GROUP - Slovensko<\/title>\n<meta name=\"robots\" content=\"index, follow, max-snippet:-1, max-image-preview:large, max-video-preview:-1\" \/>\n<link rel=\"canonical\" href=\"https:\/\/klimavex.eu\/sk\/katalog\/dantherm-danx-1-xd-bazenova-jednotka\/\" \/>\n<meta property=\"og:locale\" content=\"sk_SK\" \/>\n<meta property=\"og:type\" content=\"article\" \/>\n<meta property=\"og:title\" content=\"Vzduchotechnick\u00e1 jednotka Dantherm baz\u00e9nov\u00e1 vetracia odvlh\u010dovacia kompaktn\u00e1 DanX 1 XD - KLIMAVEX GROUP - Slovensko\" \/>\n<meta property=\"og:description\" content=\"Vzduchotechnick&aacute; jednotka Dantherm DanX 1 XD je ve\u013emi &uacute;\u010dinn&yacute; ventila\u010dn&yacute; syst&eacute;m, ktor&yacute; vyu\u017e&iacute;va vonkaj&scaron;&iacute; vzduch na odvlh\u010dovanie pomocou dvojit&eacute;ho v&yacute;menn&iacute;ka tepla, ktor&yacute; poskytuje a\u017e 95% rekuper&aacute;ciu tepla. To zni\u017euje spotrebu energie a celkov&eacute; prev&aacute;dzkov&eacute; n&aacute;klady. V\u010faka tomu je jednotka ide&aacute;lna na riadenie vlhkosti a teploty v miestnosti s baz&eacute;nom.\" \/>\n<meta property=\"og:url\" content=\"https:\/\/klimavex.eu\/sk\/katalog\/dantherm-danx-1-xd-bazenova-jednotka\/\" \/>\n<meta property=\"og:site_name\" content=\"KLIMAVEX GROUP - Slovensko\" \/>\n<meta property=\"article:publisher\" content=\"https:\/\/www.facebook.com\/klimavex\" \/>\n<meta property=\"article:modified_time\" content=\"2026-03-31T17:00:52+00:00\" \/>\n<meta property=\"og:image\" content=\"https:\/\/klimavex.eu\/sk\/wp-content\/uploads\/2025\/09\/hGJyZHbNwMQ2HNzo3L6xzuDcffmKVh6Kvp8X5P1b8zw-3.png\" \/>\n\t<meta property=\"og:image:width\" content=\"608\" \/>\n\t<meta property=\"og:image:height\" content=\"512\" \/>\n\t<meta property=\"og:image:type\" content=\"image\/png\" \/>\n<meta name=\"twitter:card\" content=\"summary_large_image\" \/>\n<meta name=\"twitter:label1\" content=\"Predpokladan\u00fd \u010das \u010d\u00edtania\" \/>\n\t<meta name=\"twitter:data1\" content=\"2 min\u00faty\" \/>\n<script type=\"application\/ld+json\" class=\"yoast-schema-graph\">{\"@context\":\"https:\/\/schema.org\",\"@graph\":[{\"@type\":\"WebPage\",\"@id\":\"https:\/\/klimavex.eu\/sk\/katalog\/dantherm-danx-1-xd-bazenova-jednotka\/\",\"url\":\"https:\/\/klimavex.eu\/sk\/katalog\/dantherm-danx-1-xd-bazenova-jednotka\/\",\"name\":\"Vzduchotechnick\u00e1 jednotka Dantherm baz\u00e9nov\u00e1 vetracia odvlh\u010dovacia kompaktn\u00e1 DanX 1 XD - KLIMAVEX GROUP - Slovensko\",\"isPartOf\":{\"@id\":\"https:\/\/klimavex.eu\/sk\/#website\"},\"primaryImageOfPage\":{\"@id\":\"https:\/\/klimavex.eu\/sk\/katalog\/dantherm-danx-1-xd-bazenova-jednotka\/#primaryimage\"},\"image\":{\"@id\":\"https:\/\/klimavex.eu\/sk\/katalog\/dantherm-danx-1-xd-bazenova-jednotka\/#primaryimage\"},\"thumbnailUrl\":\"https:\/\/klimavex.eu\/sk\/wp-content\/uploads\/2025\/09\/hGJyZHbNwMQ2HNzo3L6xzuDcffmKVh6Kvp8X5P1b8zw-3.png\",\"datePublished\":\"2026-03-31T17:00:45+00:00\",\"dateModified\":\"2026-03-31T17:00:52+00:00\",\"breadcrumb\":{\"@id\":\"https:\/\/klimavex.eu\/sk\/katalog\/dantherm-danx-1-xd-bazenova-jednotka\/#breadcrumb\"},\"inLanguage\":\"sk-SK\",\"potentialAction\":[{\"@type\":\"ReadAction\",\"target\":[\"https:\/\/klimavex.eu\/sk\/katalog\/dantherm-danx-1-xd-bazenova-jednotka\/\"]}]},{\"@type\":\"ImageObject\",\"inLanguage\":\"sk-SK\",\"@id\":\"https:\/\/klimavex.eu\/sk\/katalog\/dantherm-danx-1-xd-bazenova-jednotka\/#primaryimage\",\"url\":\"https:\/\/klimavex.eu\/sk\/wp-content\/uploads\/2025\/09\/hGJyZHbNwMQ2HNzo3L6xzuDcffmKVh6Kvp8X5P1b8zw-3.png\",\"contentUrl\":\"https:\/\/klimavex.eu\/sk\/wp-content\/uploads\/2025\/09\/hGJyZHbNwMQ2HNzo3L6xzuDcffmKVh6Kvp8X5P1b8zw-3.png\",\"width\":608,\"height\":512},{\"@type\":\"BreadcrumbList\",\"@id\":\"https:\/\/klimavex.eu\/sk\/katalog\/dantherm-danx-1-xd-bazenova-jednotka\/#breadcrumb\",\"itemListElement\":[{\"@type\":\"ListItem\",\"position\":1,\"name\":\"Domovsk\u00e1 str\u00e1nka\",\"item\":\"https:\/\/klimavex.eu\/sk\/\"},{\"@type\":\"ListItem\",\"position\":2,\"name\":\"Eshop\",\"item\":\"https:\/\/klimavex.eu\/sk\/eshop\/\"},{\"@type\":\"ListItem\",\"position\":3,\"name\":\"Dantherm DanX 1 XD baz\u00e9nov\u00e1 jednotka\"}]},{\"@type\":\"WebSite\",\"@id\":\"https:\/\/klimavex.eu\/sk\/#website\",\"url\":\"https:\/\/klimavex.eu\/sk\/\",\"name\":\"KLIMAVEX GROUP - Slovensko\",\"description\":\"\",\"publisher\":{\"@id\":\"https:\/\/klimavex.eu\/sk\/#organization\"},\"alternateName\":\"KLIMAVEX a.s.\",\"potentialAction\":[{\"@type\":\"SearchAction\",\"target\":{\"@type\":\"EntryPoint\",\"urlTemplate\":\"https:\/\/klimavex.eu\/sk\/?s={search_term_string}\"},\"query-input\":{\"@type\":\"PropertyValueSpecification\",\"valueRequired\":true,\"valueName\":\"search_term_string\"}}],\"inLanguage\":\"sk-SK\"},{\"@type\":\"Organization\",\"@id\":\"https:\/\/klimavex.eu\/sk\/#organization\",\"name\":\"KLIMAVEX GROUP\",\"alternateName\":\"KLIMAVEX a.s.\",\"url\":\"https:\/\/klimavex.eu\/sk\/\",\"logo\":{\"@type\":\"ImageObject\",\"inLanguage\":\"sk-SK\",\"@id\":\"https:\/\/klimavex.eu\/sk\/#\/schema\/logo\/image\/\",\"url\":\"https:\/\/klimavex.eu\/sk\/wp-content\/uploads\/2024\/04\/Klimavex-Group-logo.png\",\"contentUrl\":\"https:\/\/klimavex.eu\/sk\/wp-content\/uploads\/2024\/04\/Klimavex-Group-logo.png\",\"width\":1681,\"height\":472,\"caption\":\"KLIMAVEX GROUP\"},\"image\":{\"@id\":\"https:\/\/klimavex.eu\/sk\/#\/schema\/logo\/image\/\"},\"sameAs\":[\"https:\/\/www.facebook.com\/klimavex\",\"https:\/\/www.instagram.com\/klimavex_sk\/\"]}]}<\/script>\n<!-- \/ Yoast SEO plugin. -->","yoast_head_json":{"title":"Vzduchotechnick\u00e1 jednotka Dantherm baz\u00e9nov\u00e1 vetracia odvlh\u010dovacia kompaktn\u00e1 DanX 1 XD - KLIMAVEX GROUP - Slovensko","robots":{"index":"index","follow":"follow","max-snippet":"max-snippet:-1","max-image-preview":"max-image-preview:large","max-video-preview":"max-video-preview:-1"},"canonical":"https:\/\/klimavex.eu\/sk\/katalog\/dantherm-danx-1-xd-bazenova-jednotka\/","og_locale":"sk_SK","og_type":"article","og_title":"Vzduchotechnick\u00e1 jednotka Dantherm baz\u00e9nov\u00e1 vetracia odvlh\u010dovacia kompaktn\u00e1 DanX 1 XD - KLIMAVEX GROUP - Slovensko","og_description":"Vzduchotechnick&aacute; jednotka Dantherm DanX 1 XD je ve\u013emi &uacute;\u010dinn&yacute; ventila\u010dn&yacute; syst&eacute;m, ktor&yacute; vyu\u017e&iacute;va vonkaj&scaron;&iacute; vzduch na odvlh\u010dovanie pomocou dvojit&eacute;ho v&yacute;menn&iacute;ka tepla, ktor&yacute; poskytuje a\u017e 95% rekuper&aacute;ciu tepla. To zni\u017euje spotrebu energie a celkov&eacute; prev&aacute;dzkov&eacute; n&aacute;klady. V\u010faka tomu je jednotka ide&aacute;lna na riadenie vlhkosti a teploty v miestnosti s baz&eacute;nom.","og_url":"https:\/\/klimavex.eu\/sk\/katalog\/dantherm-danx-1-xd-bazenova-jednotka\/","og_site_name":"KLIMAVEX GROUP - Slovensko","article_publisher":"https:\/\/www.facebook.com\/klimavex","article_modified_time":"2026-03-31T17:00:52+00:00","og_image":[{"width":608,"height":512,"url":"https:\/\/klimavex.eu\/sk\/wp-content\/uploads\/2025\/09\/hGJyZHbNwMQ2HNzo3L6xzuDcffmKVh6Kvp8X5P1b8zw-3.png","type":"image\/png"}],"twitter_card":"summary_large_image","twitter_misc":{"Predpokladan\u00fd \u010das \u010d\u00edtania":"2 min\u00faty"},"schema":{"@context":"https:\/\/schema.org","@graph":[{"@type":"WebPage","@id":"https:\/\/klimavex.eu\/sk\/katalog\/dantherm-danx-1-xd-bazenova-jednotka\/","url":"https:\/\/klimavex.eu\/sk\/katalog\/dantherm-danx-1-xd-bazenova-jednotka\/","name":"Vzduchotechnick\u00e1 jednotka Dantherm baz\u00e9nov\u00e1 vetracia odvlh\u010dovacia kompaktn\u00e1 DanX 1 XD - KLIMAVEX GROUP - Slovensko","isPartOf":{"@id":"https:\/\/klimavex.eu\/sk\/#website"},"primaryImageOfPage":{"@id":"https:\/\/klimavex.eu\/sk\/katalog\/dantherm-danx-1-xd-bazenova-jednotka\/#primaryimage"},"image":{"@id":"https:\/\/klimavex.eu\/sk\/katalog\/dantherm-danx-1-xd-bazenova-jednotka\/#primaryimage"},"thumbnailUrl":"https:\/\/klimavex.eu\/sk\/wp-content\/uploads\/2025\/09\/hGJyZHbNwMQ2HNzo3L6xzuDcffmKVh6Kvp8X5P1b8zw-3.png","datePublished":"2026-03-31T17:00:45+00:00","dateModified":"2026-03-31T17:00:52+00:00","breadcrumb":{"@id":"https:\/\/klimavex.eu\/sk\/katalog\/dantherm-danx-1-xd-bazenova-jednotka\/#breadcrumb"},"inLanguage":"sk-SK","potentialAction":[{"@type":"ReadAction","target":["https:\/\/klimavex.eu\/sk\/katalog\/dantherm-danx-1-xd-bazenova-jednotka\/"]}]},{"@type":"ImageObject","inLanguage":"sk-SK","@id":"https:\/\/klimavex.eu\/sk\/katalog\/dantherm-danx-1-xd-bazenova-jednotka\/#primaryimage","url":"https:\/\/klimavex.eu\/sk\/wp-content\/uploads\/2025\/09\/hGJyZHbNwMQ2HNzo3L6xzuDcffmKVh6Kvp8X5P1b8zw-3.png","contentUrl":"https:\/\/klimavex.eu\/sk\/wp-content\/uploads\/2025\/09\/hGJyZHbNwMQ2HNzo3L6xzuDcffmKVh6Kvp8X5P1b8zw-3.png","width":608,"height":512},{"@type":"BreadcrumbList","@id":"https:\/\/klimavex.eu\/sk\/katalog\/dantherm-danx-1-xd-bazenova-jednotka\/#breadcrumb","itemListElement":[{"@type":"ListItem","position":1,"name":"Domovsk\u00e1 str\u00e1nka","item":"https:\/\/klimavex.eu\/sk\/"},{"@type":"ListItem","position":2,"name":"Eshop","item":"https:\/\/klimavex.eu\/sk\/eshop\/"},{"@type":"ListItem","position":3,"name":"Dantherm DanX 1 XD baz\u00e9nov\u00e1 jednotka"}]},{"@type":"WebSite","@id":"https:\/\/klimavex.eu\/sk\/#website","url":"https:\/\/klimavex.eu\/sk\/","name":"KLIMAVEX GROUP - Slovensko","description":"","publisher":{"@id":"https:\/\/klimavex.eu\/sk\/#organization"},"alternateName":"KLIMAVEX a.s.","potentialAction":[{"@type":"SearchAction","target":{"@type":"EntryPoint","urlTemplate":"https:\/\/klimavex.eu\/sk\/?s={search_term_string}"},"query-input":{"@type":"PropertyValueSpecification","valueRequired":true,"valueName":"search_term_string"}}],"inLanguage":"sk-SK"},{"@type":"Organization","@id":"https:\/\/klimavex.eu\/sk\/#organization","name":"KLIMAVEX GROUP","alternateName":"KLIMAVEX a.s.","url":"https:\/\/klimavex.eu\/sk\/","logo":{"@type":"ImageObject","inLanguage":"sk-SK","@id":"https:\/\/klimavex.eu\/sk\/#\/schema\/logo\/image\/","url":"https:\/\/klimavex.eu\/sk\/wp-content\/uploads\/2024\/04\/Klimavex-Group-logo.png","contentUrl":"https:\/\/klimavex.eu\/sk\/wp-content\/uploads\/2024\/04\/Klimavex-Group-logo.png","width":1681,"height":472,"caption":"KLIMAVEX GROUP"},"image":{"@id":"https:\/\/klimavex.eu\/sk\/#\/schema\/logo\/image\/"},"sameAs":["https:\/\/www.facebook.com\/klimavex","https:\/\/www.instagram.com\/klimavex_sk\/"]}]}},"_links":{"self":[{"href":"https:\/\/klimavex.eu\/sk\/wp-json\/wp\/v2\/product\/477931","targetHints":{"allow":["GET"]}}],"collection":[{"href":"https:\/\/klimavex.eu\/sk\/wp-json\/wp\/v2\/product"}],"about":[{"href":"https:\/\/klimavex.eu\/sk\/wp-json\/wp\/v2\/types\/product"}],"version-history":[{"count":0,"href":"https:\/\/klimavex.eu\/sk\/wp-json\/wp\/v2\/product\/477931\/revisions"}],"wp:featuredmedia":[{"embeddable":true,"href":"https:\/\/klimavex.eu\/sk\/wp-json\/wp\/v2\/media\/487482"}],"wp:attachment":[{"href":"https:\/\/klimavex.eu\/sk\/wp-json\/wp\/v2\/media?parent=477931"}],"wp:term":[{"taxonomy":"product_cat","embeddable":true,"href":"https:\/\/klimavex.eu\/sk\/wp-json\/wp\/v2\/product_cat?post=477931"},{"taxonomy":"product_tag","embeddable":true,"href":"https:\/\/klimavex.eu\/sk\/wp-json\/wp\/v2\/product_tag?post=477931"}],"curies":[{"name":"wp","href":"https:\/\/api.w.org\/{rel}","templated":true}]}}