{"id":477947,"date":"2026-03-31T19:00:45","date_gmt":"2026-03-31T17:00:45","guid":{"rendered":"https:\/\/klimavex.eu\/sk\/katalog\/odvlhcovac-dantherm-ad-995\/"},"modified":"2026-03-31T19:01:14","modified_gmt":"2026-03-31T17:01:14","slug":"odvlhcovac-dantherm-mobilny-priemyselny-230v-ad-995","status":"publish","type":"product","link":"https:\/\/klimavex.eu\/sk\/katalog\/odvlhcovac-dantherm-mobilny-priemyselny-230v-ad-995\/","title":{"rendered":"Odvlh\u010dova\u010d Dantherm mobiln\u00fd priemyseln\u00fd 230V AD 995"},"content":{"rendered":"<p style=\"text-align: justify;\"><strong>K\u013e&uacute;\u010dov&eacute; vlastnosti<\/strong><\/p>\n<ul style=\"text-align: justify;\">\n<li>Odvlh\u010dovac&iacute; v&yacute;kon 95 l\/24h (pri teplote 30 &deg;C a vlhkosti 80% RH)<\/li>\n<li>Prev&aacute;dzkov&yacute; teplotn&yacute; rozsah 5-30 &deg;C<\/li>\n<li>Vzduchov&yacute; v&yacute;kon 750 a\u017e 900 m&sup3;\/h<\/li>\n<li>Ekologick&eacute; chladivo R454C<\/li>\n<li>Zabudovan&eacute; \u010derpadlo kondenz&aacute;tu s v&yacute;tlakom 4m<\/li>\n<li>Vysok&aacute; odolnos\u0165 vo\u010di kor&oacute;zii<\/li>\n<li>Dotykov&yacute; ovl&aacute;dac&iacute; panel<\/li>\n<li>Po\u010d&iacute;tadlo spotreby energie v kWh<\/li>\n<li>2 v&yacute;konov&eacute; stupne ventil&aacute;tora<\/li>\n<li>Zabudovan&yacute; filter a Jack pr&iacute;pojka pre priestorov&yacute; hygrostat<\/li>\n<li>Ve\u013ek&eacute; koles&aacute; pre \u013eahk&uacute; manipul&aacute;ciu<\/li>\n<li>V&yacute;&scaron;kovo nastavite\u013en&aacute; r&uacute;\u010dka<\/li>\n<li>Krytie IP22<\/li>\n<li>nap&aacute;janie 1 x 230 V\/50 Hz (5m nap&aacute;jac&iacute; k&aacute;bel)<\/li>\n<li>Aktualiz&aacute;cia program cez SD kartu<\/li>\n<li>Vzdialen&eacute; monitorovanie a ovl&aacute;danie cez aplik&aacute;ciu Simplify<\/li>\n<\/ul>\n<p style=\"text-align: justify;\"><strong>Pr&iacute;slu&scaron;enstvo<\/strong><\/p>\n<ul>\n<li style=\"text-align: justify;\">Priestorov&yacute; hygrostat s 3m k&aacute;blom a Jack pr&iacute;pojkou<\/li>\n<li style=\"text-align: justify;\">Sn&iacute;ma\u010d rosn&eacute;ho bodu<\/li>\n<li style=\"text-align: justify;\">N&aacute;hradn&yacute; vzduchov&yacute; filter<\/li>\n<li style=\"text-align: justify;\">S&uacute;prava s \u010derpadlom kondenz&aacute;tu<\/li>\n<li style=\"text-align: justify;\">Hadica na odvod kondenz&aacute;tu &Phi;9mm<\/li>\n<\/ul>\n","protected":false},"excerpt":{"rendered":"<p style=\"text-align: justify;\">Odvlh\u010dova\u010d <strong>Dantherm AD 995 <\/strong>je <strong>mobiln&aacute; odvlh\u010dovacia jednotka<\/strong>, ktor&aacute; je ide&aacute;lnym rie&scaron;en&iacute;m pre profesion&aacute;lov zaoberaj&uacute;cich sa <strong>likvid&aacute;ciou povod\u0148ov&yacute;ch &scaron;k&ocirc;d, &scaron;k&ocirc;d plyn&uacute;cich z prasknutia vodovodn&eacute;ho potrubia <\/strong>a vysu&scaron;ovan&iacute;m stavebn&yacute;ch procesov. Je vhodn&yacute; na vysu&scaron;ovanie priestorov v novostavb&aacute;ch a \u010derstvo zrekon&scaron;truovan&yacute;ch priestoroch.<\/p>\n","protected":false},"featured_media":487523,"template":"","meta":[],"product_cat":[2612,2609],"product_tag":[],"class_list":{"0":"post-477947","1":"product","2":"type-product","3":"status-publish","4":"has-post-thumbnail","6":"product_cat-mobilne-priemyselne-odvlhcovace","7":"product_cat-odvlhcovace","8":"pa_akusticky-tlak-lp-1m-6140","9":"pa_odvlhcovaci-vykon-pri-30c-6142","10":"pa_prevadzkovy-rozsah-teplota-c-5c-30c","11":"pa_prevedenie-mobilny-priemyselny","12":"pa_typ-ad-9","13":"pa_vzduchovy-vykon-qv-m3-4180","14":"pa_znacka-dantherm","16":"first","17":"instock","18":"taxable","19":"shipping-taxable","20":"purchasable","21":"product-type-simple"},"yoast_head":"<!-- This site is optimized with the Yoast SEO plugin v23.9 - https:\/\/yoast.com\/wordpress\/plugins\/seo\/ -->\n<title>Odvlh\u010dova\u010d Dantherm mobiln\u00fd priemyseln\u00fd 230V AD 995 - KLIMAVEX GROUP - Slovensko<\/title>\n<meta name=\"robots\" content=\"index, follow, max-snippet:-1, max-image-preview:large, max-video-preview:-1\" \/>\n<link rel=\"canonical\" href=\"https:\/\/klimavex.eu\/sk\/katalog\/odvlhcovac-dantherm-ad-995\/\" \/>\n<meta property=\"og:locale\" content=\"sk_SK\" \/>\n<meta property=\"og:type\" content=\"article\" \/>\n<meta property=\"og:title\" content=\"Odvlh\u010dova\u010d Dantherm mobiln\u00fd priemyseln\u00fd 230V AD 995 - KLIMAVEX GROUP - Slovensko\" \/>\n<meta property=\"og:description\" content=\"Odvlh\u010dova\u010d Dantherm AD 995 je mobiln&aacute; odvlh\u010dovacia jednotka, ktor&aacute; je ide&aacute;lnym rie&scaron;en&iacute;m pre profesion&aacute;lov zaoberaj&uacute;cich sa likvid&aacute;ciou povod\u0148ov&yacute;ch &scaron;k&ocirc;d, &scaron;k&ocirc;d plyn&uacute;cich z prasknutia vodovodn&eacute;ho potrubia a vysu&scaron;ovan&iacute;m stavebn&yacute;ch procesov. Je vhodn&yacute; na vysu&scaron;ovanie priestorov v novostavb&aacute;ch a \u010derstvo zrekon&scaron;truovan&yacute;ch priestoroch.\" \/>\n<meta property=\"og:url\" content=\"https:\/\/klimavex.eu\/sk\/katalog\/odvlhcovac-dantherm-ad-995\/\" \/>\n<meta property=\"og:site_name\" content=\"KLIMAVEX GROUP - Slovensko\" \/>\n<meta property=\"article:publisher\" content=\"https:\/\/www.facebook.com\/klimavex\" \/>\n<meta property=\"article:modified_time\" content=\"2026-03-31T17:01:14+00:00\" \/>\n<meta property=\"og:image\" content=\"https:\/\/klimavex.eu\/sk\/wp-content\/uploads\/2025\/09\/nTmNSjHUWj5cABN3UEH4qH5lU72nkphHjqMC6wrG8OI-2.jpeg\" \/>\n\t<meta property=\"og:image:width\" content=\"512\" \/>\n\t<meta property=\"og:image:height\" content=\"512\" \/>\n\t<meta property=\"og:image:type\" content=\"image\/jpeg\" \/>\n<meta name=\"twitter:card\" content=\"summary_large_image\" \/>\n<meta name=\"twitter:label1\" content=\"Predpokladan\u00fd \u010das \u010d\u00edtania\" \/>\n\t<meta name=\"twitter:data1\" content=\"1 min\u00fata\" \/>\n<script type=\"application\/ld+json\" class=\"yoast-schema-graph\">{\"@context\":\"https:\/\/schema.org\",\"@graph\":[{\"@type\":\"WebPage\",\"@id\":\"https:\/\/klimavex.eu\/sk\/katalog\/odvlhcovac-dantherm-ad-995\/\",\"url\":\"https:\/\/klimavex.eu\/sk\/katalog\/odvlhcovac-dantherm-ad-995\/\",\"name\":\"Odvlh\u010dova\u010d Dantherm mobiln\u00fd priemyseln\u00fd 230V AD 995 - KLIMAVEX GROUP - Slovensko\",\"isPartOf\":{\"@id\":\"https:\/\/klimavex.eu\/sk\/#website\"},\"primaryImageOfPage\":{\"@id\":\"https:\/\/klimavex.eu\/sk\/katalog\/odvlhcovac-dantherm-ad-995\/#primaryimage\"},\"image\":{\"@id\":\"https:\/\/klimavex.eu\/sk\/katalog\/odvlhcovac-dantherm-ad-995\/#primaryimage\"},\"thumbnailUrl\":\"https:\/\/klimavex.eu\/sk\/wp-content\/uploads\/2025\/09\/nTmNSjHUWj5cABN3UEH4qH5lU72nkphHjqMC6wrG8OI-2.jpeg\",\"datePublished\":\"2026-03-31T17:00:45+00:00\",\"dateModified\":\"2026-03-31T17:01:14+00:00\",\"breadcrumb\":{\"@id\":\"https:\/\/klimavex.eu\/sk\/katalog\/odvlhcovac-dantherm-ad-995\/#breadcrumb\"},\"inLanguage\":\"sk-SK\",\"potentialAction\":[{\"@type\":\"ReadAction\",\"target\":[\"https:\/\/klimavex.eu\/sk\/katalog\/odvlhcovac-dantherm-ad-995\/\"]}]},{\"@type\":\"ImageObject\",\"inLanguage\":\"sk-SK\",\"@id\":\"https:\/\/klimavex.eu\/sk\/katalog\/odvlhcovac-dantherm-ad-995\/#primaryimage\",\"url\":\"https:\/\/klimavex.eu\/sk\/wp-content\/uploads\/2025\/09\/nTmNSjHUWj5cABN3UEH4qH5lU72nkphHjqMC6wrG8OI-2.jpeg\",\"contentUrl\":\"https:\/\/klimavex.eu\/sk\/wp-content\/uploads\/2025\/09\/nTmNSjHUWj5cABN3UEH4qH5lU72nkphHjqMC6wrG8OI-2.jpeg\",\"width\":512,\"height\":512},{\"@type\":\"BreadcrumbList\",\"@id\":\"https:\/\/klimavex.eu\/sk\/katalog\/odvlhcovac-dantherm-ad-995\/#breadcrumb\",\"itemListElement\":[{\"@type\":\"ListItem\",\"position\":1,\"name\":\"Domovsk\u00e1 str\u00e1nka\",\"item\":\"https:\/\/klimavex.eu\/sk\/\"},{\"@type\":\"ListItem\",\"position\":2,\"name\":\"Eshop\",\"item\":\"https:\/\/klimavex.eu\/sk\/eshop\/\"},{\"@type\":\"ListItem\",\"position\":3,\"name\":\"Odvlh\u010dova\u010d Dantherm AD 995\"}]},{\"@type\":\"WebSite\",\"@id\":\"https:\/\/klimavex.eu\/sk\/#website\",\"url\":\"https:\/\/klimavex.eu\/sk\/\",\"name\":\"KLIMAVEX GROUP - Slovensko\",\"description\":\"\",\"publisher\":{\"@id\":\"https:\/\/klimavex.eu\/sk\/#organization\"},\"alternateName\":\"KLIMAVEX a.s.\",\"potentialAction\":[{\"@type\":\"SearchAction\",\"target\":{\"@type\":\"EntryPoint\",\"urlTemplate\":\"https:\/\/klimavex.eu\/sk\/?s={search_term_string}\"},\"query-input\":{\"@type\":\"PropertyValueSpecification\",\"valueRequired\":true,\"valueName\":\"search_term_string\"}}],\"inLanguage\":\"sk-SK\"},{\"@type\":\"Organization\",\"@id\":\"https:\/\/klimavex.eu\/sk\/#organization\",\"name\":\"KLIMAVEX GROUP\",\"alternateName\":\"KLIMAVEX a.s.\",\"url\":\"https:\/\/klimavex.eu\/sk\/\",\"logo\":{\"@type\":\"ImageObject\",\"inLanguage\":\"sk-SK\",\"@id\":\"https:\/\/klimavex.eu\/sk\/#\/schema\/logo\/image\/\",\"url\":\"https:\/\/klimavex.eu\/sk\/wp-content\/uploads\/2024\/04\/Klimavex-Group-logo.png\",\"contentUrl\":\"https:\/\/klimavex.eu\/sk\/wp-content\/uploads\/2024\/04\/Klimavex-Group-logo.png\",\"width\":1681,\"height\":472,\"caption\":\"KLIMAVEX GROUP\"},\"image\":{\"@id\":\"https:\/\/klimavex.eu\/sk\/#\/schema\/logo\/image\/\"},\"sameAs\":[\"https:\/\/www.facebook.com\/klimavex\",\"https:\/\/www.instagram.com\/klimavex_sk\/\"]}]}<\/script>\n<!-- \/ Yoast SEO plugin. -->","yoast_head_json":{"title":"Odvlh\u010dova\u010d Dantherm mobiln\u00fd priemyseln\u00fd 230V AD 995 - KLIMAVEX GROUP - Slovensko","robots":{"index":"index","follow":"follow","max-snippet":"max-snippet:-1","max-image-preview":"max-image-preview:large","max-video-preview":"max-video-preview:-1"},"canonical":"https:\/\/klimavex.eu\/sk\/katalog\/odvlhcovac-dantherm-ad-995\/","og_locale":"sk_SK","og_type":"article","og_title":"Odvlh\u010dova\u010d Dantherm mobiln\u00fd priemyseln\u00fd 230V AD 995 - KLIMAVEX GROUP - Slovensko","og_description":"Odvlh\u010dova\u010d Dantherm AD 995 je mobiln&aacute; odvlh\u010dovacia jednotka, ktor&aacute; je ide&aacute;lnym rie&scaron;en&iacute;m pre profesion&aacute;lov zaoberaj&uacute;cich sa likvid&aacute;ciou povod\u0148ov&yacute;ch &scaron;k&ocirc;d, &scaron;k&ocirc;d plyn&uacute;cich z prasknutia vodovodn&eacute;ho potrubia a vysu&scaron;ovan&iacute;m stavebn&yacute;ch procesov. Je vhodn&yacute; na vysu&scaron;ovanie priestorov v novostavb&aacute;ch a \u010derstvo zrekon&scaron;truovan&yacute;ch priestoroch.","og_url":"https:\/\/klimavex.eu\/sk\/katalog\/odvlhcovac-dantherm-ad-995\/","og_site_name":"KLIMAVEX GROUP - Slovensko","article_publisher":"https:\/\/www.facebook.com\/klimavex","article_modified_time":"2026-03-31T17:01:14+00:00","og_image":[{"width":512,"height":512,"url":"https:\/\/klimavex.eu\/sk\/wp-content\/uploads\/2025\/09\/nTmNSjHUWj5cABN3UEH4qH5lU72nkphHjqMC6wrG8OI-2.jpeg","type":"image\/jpeg"}],"twitter_card":"summary_large_image","twitter_misc":{"Predpokladan\u00fd \u010das \u010d\u00edtania":"1 min\u00fata"},"schema":{"@context":"https:\/\/schema.org","@graph":[{"@type":"WebPage","@id":"https:\/\/klimavex.eu\/sk\/katalog\/odvlhcovac-dantherm-ad-995\/","url":"https:\/\/klimavex.eu\/sk\/katalog\/odvlhcovac-dantherm-ad-995\/","name":"Odvlh\u010dova\u010d Dantherm mobiln\u00fd priemyseln\u00fd 230V AD 995 - KLIMAVEX GROUP - Slovensko","isPartOf":{"@id":"https:\/\/klimavex.eu\/sk\/#website"},"primaryImageOfPage":{"@id":"https:\/\/klimavex.eu\/sk\/katalog\/odvlhcovac-dantherm-ad-995\/#primaryimage"},"image":{"@id":"https:\/\/klimavex.eu\/sk\/katalog\/odvlhcovac-dantherm-ad-995\/#primaryimage"},"thumbnailUrl":"https:\/\/klimavex.eu\/sk\/wp-content\/uploads\/2025\/09\/nTmNSjHUWj5cABN3UEH4qH5lU72nkphHjqMC6wrG8OI-2.jpeg","datePublished":"2026-03-31T17:00:45+00:00","dateModified":"2026-03-31T17:01:14+00:00","breadcrumb":{"@id":"https:\/\/klimavex.eu\/sk\/katalog\/odvlhcovac-dantherm-ad-995\/#breadcrumb"},"inLanguage":"sk-SK","potentialAction":[{"@type":"ReadAction","target":["https:\/\/klimavex.eu\/sk\/katalog\/odvlhcovac-dantherm-ad-995\/"]}]},{"@type":"ImageObject","inLanguage":"sk-SK","@id":"https:\/\/klimavex.eu\/sk\/katalog\/odvlhcovac-dantherm-ad-995\/#primaryimage","url":"https:\/\/klimavex.eu\/sk\/wp-content\/uploads\/2025\/09\/nTmNSjHUWj5cABN3UEH4qH5lU72nkphHjqMC6wrG8OI-2.jpeg","contentUrl":"https:\/\/klimavex.eu\/sk\/wp-content\/uploads\/2025\/09\/nTmNSjHUWj5cABN3UEH4qH5lU72nkphHjqMC6wrG8OI-2.jpeg","width":512,"height":512},{"@type":"BreadcrumbList","@id":"https:\/\/klimavex.eu\/sk\/katalog\/odvlhcovac-dantherm-ad-995\/#breadcrumb","itemListElement":[{"@type":"ListItem","position":1,"name":"Domovsk\u00e1 str\u00e1nka","item":"https:\/\/klimavex.eu\/sk\/"},{"@type":"ListItem","position":2,"name":"Eshop","item":"https:\/\/klimavex.eu\/sk\/eshop\/"},{"@type":"ListItem","position":3,"name":"Odvlh\u010dova\u010d Dantherm AD 995"}]},{"@type":"WebSite","@id":"https:\/\/klimavex.eu\/sk\/#website","url":"https:\/\/klimavex.eu\/sk\/","name":"KLIMAVEX GROUP - Slovensko","description":"","publisher":{"@id":"https:\/\/klimavex.eu\/sk\/#organization"},"alternateName":"KLIMAVEX a.s.","potentialAction":[{"@type":"SearchAction","target":{"@type":"EntryPoint","urlTemplate":"https:\/\/klimavex.eu\/sk\/?s={search_term_string}"},"query-input":{"@type":"PropertyValueSpecification","valueRequired":true,"valueName":"search_term_string"}}],"inLanguage":"sk-SK"},{"@type":"Organization","@id":"https:\/\/klimavex.eu\/sk\/#organization","name":"KLIMAVEX GROUP","alternateName":"KLIMAVEX a.s.","url":"https:\/\/klimavex.eu\/sk\/","logo":{"@type":"ImageObject","inLanguage":"sk-SK","@id":"https:\/\/klimavex.eu\/sk\/#\/schema\/logo\/image\/","url":"https:\/\/klimavex.eu\/sk\/wp-content\/uploads\/2024\/04\/Klimavex-Group-logo.png","contentUrl":"https:\/\/klimavex.eu\/sk\/wp-content\/uploads\/2024\/04\/Klimavex-Group-logo.png","width":1681,"height":472,"caption":"KLIMAVEX GROUP"},"image":{"@id":"https:\/\/klimavex.eu\/sk\/#\/schema\/logo\/image\/"},"sameAs":["https:\/\/www.facebook.com\/klimavex","https:\/\/www.instagram.com\/klimavex_sk\/"]}]}},"_links":{"self":[{"href":"https:\/\/klimavex.eu\/sk\/wp-json\/wp\/v2\/product\/477947","targetHints":{"allow":["GET"]}}],"collection":[{"href":"https:\/\/klimavex.eu\/sk\/wp-json\/wp\/v2\/product"}],"about":[{"href":"https:\/\/klimavex.eu\/sk\/wp-json\/wp\/v2\/types\/product"}],"version-history":[{"count":0,"href":"https:\/\/klimavex.eu\/sk\/wp-json\/wp\/v2\/product\/477947\/revisions"}],"wp:featuredmedia":[{"embeddable":true,"href":"https:\/\/klimavex.eu\/sk\/wp-json\/wp\/v2\/media\/487523"}],"wp:attachment":[{"href":"https:\/\/klimavex.eu\/sk\/wp-json\/wp\/v2\/media?parent=477947"}],"wp:term":[{"taxonomy":"product_cat","embeddable":true,"href":"https:\/\/klimavex.eu\/sk\/wp-json\/wp\/v2\/product_cat?post=477947"},{"taxonomy":"product_tag","embeddable":true,"href":"https:\/\/klimavex.eu\/sk\/wp-json\/wp\/v2\/product_tag?post=477947"}],"curies":[{"name":"wp","href":"https:\/\/api.w.org\/{rel}","templated":true}]}}