{"id":477967,"date":"2026-03-31T19:00:45","date_gmt":"2026-03-31T17:00:45","guid":{"rendered":"https:\/\/klimavex.eu\/sk\/katalog\/odvlhcovac-dantherm-ad-300\/"},"modified":"2026-03-31T19:01:42","modified_gmt":"2026-03-31T17:01:42","slug":"odvlhcovac-dantherm-mobilny-adsorpcny-230v-ad-300","status":"publish","type":"product","link":"https:\/\/klimavex.eu\/sk\/katalog\/odvlhcovac-dantherm-mobilny-adsorpcny-230v-ad-300\/","title":{"rendered":"Odvlh\u010dova\u010d Dantherm mobiln\u00fd adsorp\u010dn\u00fd 230V AD 300"},"content":{"rendered":"<p style=\"text-align:justify\"><span style=\"font-size:11pt\"><span style=\"font-family:Calibri,sans-serif\"><strong><span style=\"color:black\">K\u013e&uacute;\u010dov&eacute; vlastnosti<\/span><\/strong><\/span><\/span><\/p>\n<ul>\n<li style=\"text-align:justify\"><span style=\"font-size:11pt\"><span style=\"font-family:Calibri,sans-serif\"><span style=\"color:black\">Odvlh\u010dovac&iacute; v&yacute;kon 25,7 l\/24h (pri teplote 20&deg;C a vlhkosti 60% RH)<\/span><\/span><\/span><\/li>\n<li style=\"text-align:justify\"><span style=\"font-size:11pt\"><span style=\"font-family:Calibri,sans-serif\"><span style=\"color:black\">Prev&aacute;dzkov&yacute; teplotn&yacute; rozsah -10-35&deg;C<\/span><\/span><\/span><\/li>\n<li style=\"text-align:justify\"><span style=\"font-size:11pt\"><span style=\"font-family:Calibri,sans-serif\"><span style=\"color:black\">Vzduchov&yacute; v&yacute;kon 300 m&sup3;\/h (such&yacute; vzduch), 110 m&sup3;\/h (regener. vzduch)<\/span><\/span><\/span><\/li>\n<li><span style=\"font-size:11pt\"><span style=\"font-family:Calibri,sans-serif\"><span style=\"color:black\">Vysok&yacute; v&yacute;kon pri n&iacute;zkych teplot&aacute;ch<\/span><\/span><\/span><\/li>\n<li><span style=\"font-size:11pt\"><span style=\"font-family:Calibri,sans-serif\"><span style=\"color:black\">Odvlh\u010dovanie a\u017e na 10% RH pri teplot&aacute;ch a\u017e do -10&deg;C<\/span><\/span><\/span><\/li>\n<li><span style=\"font-size:11pt\"><span style=\"font-family:Calibri,sans-serif\"><span style=\"color:black\">Rukov&auml;\u0165 pre zjednodu&scaron;en&uacute; manipul&aacute;ciu<\/span><\/span><\/span><\/li>\n<li><span style=\"font-size:11pt\"><span style=\"font-family:Calibri,sans-serif\"><span style=\"color:black\">Skrinka z nehrdzavej&uacute;cej ocele AISI 304<\/span><\/span><\/span><\/li>\n<li><span style=\"font-size:11pt\"><span style=\"font-family:Calibri,sans-serif\"><span style=\"color:black\">Po\u010d&iacute;tadlo prev&aacute;dzkov&yacute;ch hod&iacute;n<\/span><\/span><\/span><\/li>\n<li><span style=\"font-size:11pt\"><span style=\"font-family:Calibri,sans-serif\"><span style=\"color:black\">Po\u010d&iacute;tadlo spotreby energie v kWh<\/span><\/span><\/span><\/li>\n<li><span style=\"font-size:11pt\"><span style=\"font-family:Calibri,sans-serif\"><span style=\"color:black\">N&iacute;zka hmotnos\u0165 a kompaktn&eacute; rozmery<\/span><\/span><\/span><\/li>\n<li><span style=\"font-size:11pt\"><span style=\"font-family:Calibri,sans-serif\"><span style=\"color:black\">Zabudovan&yacute; hygrostat<\/span><\/span><\/span><\/li>\n<li><span style=\"font-size:11pt\"><span style=\"font-family:Calibri,sans-serif\"><span style=\"color:black\">Nas&aacute;vanie vzduchu &Phi;125mm<\/span><\/span><\/span><\/li>\n<li><span style=\"font-size:11pt\"><span style=\"font-family:Calibri,sans-serif\"><span style=\"color:black\">Regenera\u010dn&yacute; vzduch &Phi;80mm<\/span><\/span><\/span><\/li>\n<li><span style=\"font-size:11pt\"><span style=\"font-family:Calibri,sans-serif\"><span style=\"color:black\">Zabudovan&yacute; vzduchov&yacute; filter<\/span><\/span><\/span><\/li>\n<li><span style=\"font-size:11pt\"><span style=\"font-family:Calibri,sans-serif\"><span style=\"color:black\">Krytie IP23<\/span><\/span><\/span><\/li>\n<li><span style=\"font-size:11pt\"><span style=\"font-family:Calibri,sans-serif\"><span style=\"color:black\">El. nap&aacute;janie 1x230V\/50Hz (4,5m nap&aacute;jac&iacute; k&aacute;bel)<\/span><\/span><\/span><\/li>\n<\/ul>\n<p><span style=\"font-size:11pt\"><span style=\"font-family:Calibri,sans-serif\"><strong><span style=\"color:black\">Volite\u013en&eacute; pr&iacute;slu&scaron;enstvo<\/span><\/strong><\/span><\/span><\/p>\n<ul>\n<li><span style=\"font-size:11pt\"><span style=\"font-family:Calibri,sans-serif\"><span style=\"color:black\">Predn&yacute; panel<\/span><\/span><\/span><\/li>\n<li><span style=\"font-size:11pt\"><span style=\"font-family:Calibri,sans-serif\"><span style=\"color:black\">S&uacute;prava filtrov<\/span><\/span><\/span><\/li>\n<li><span style=\"font-size:11pt\"><span style=\"font-family:Calibri,sans-serif\"><span style=\"color:black\">Konzola pre n&aacute;stenn&uacute; mont&aacute;\u017e<\/span><\/span><\/span><\/li>\n<\/ul>\n","protected":false},"excerpt":{"rendered":"<p style=\"text-align:justify\"><span style=\"font-size:11pt\"><span style=\"font-family:Calibri,sans-serif\">Odvlh\u010dova\u010d <strong>Dantherm AD 300<\/strong> je <strong>mobiln&yacute; adsorp\u010dn&yacute; odvlh\u010dova\u010d<\/strong> pre pr&iacute;pady nutnosti odvlh\u010denia <strong>pri ve\u013emi n&iacute;zkych teplot&aacute;ch<\/strong>. Tento odvlh\u010dova\u010d je v t&yacute;chto teplotn&yacute;ch podmienkach ove\u013ea &uacute;\u010dinnej&scaron;&iacute; ako odvlh\u010dova\u010d kondenza\u010dn&yacute;. Je vhodn&yacute; <strong>na vysu&scaron;ovanie miest po&scaron;koden&yacute;ch vodou<\/strong> alebo odstra\u0148ovanie vlhkosti v nov&yacute;ch \u010di zrekon&scaron;truovan&yacute;ch budov&aacute;ch, a to <strong>aj v zimn&yacute;ch mesiacoch<\/strong>.<\/span><\/span><\/p>\n","protected":false},"featured_media":487562,"template":"","meta":[],"product_cat":[2611,2609],"product_tag":[],"class_list":{"0":"post-477967","1":"product","2":"type-product","3":"status-publish","4":"has-post-thumbnail","6":"product_cat-adsorpcne-odvlhcovace","7":"product_cat-odvlhcovace","8":"pa_odvlhcovaci-vykon-pri-30c-4131","9":"pa_prevadzkovy-rozsah-teplota-c-10c-35c","10":"pa_prevedenie-adsorpcny","11":"pa_typ-ad","12":"pa_vzduchovy-vykon-qv-m3-4130","13":"pa_znacka-dantherm","15":"first","16":"instock","17":"taxable","18":"shipping-taxable","19":"purchasable","20":"product-type-simple"},"yoast_head":"<!-- This site is optimized with the Yoast SEO plugin v23.9 - https:\/\/yoast.com\/wordpress\/plugins\/seo\/ -->\n<title>Odvlh\u010dova\u010d Dantherm mobiln\u00fd adsorp\u010dn\u00fd 230V AD 300 - KLIMAVEX GROUP - Slovensko<\/title>\n<meta name=\"robots\" content=\"index, follow, max-snippet:-1, max-image-preview:large, max-video-preview:-1\" \/>\n<link rel=\"canonical\" href=\"https:\/\/klimavex.eu\/sk\/katalog\/odvlhcovac-dantherm-ad-300\/\" \/>\n<meta property=\"og:locale\" content=\"sk_SK\" \/>\n<meta property=\"og:type\" content=\"article\" \/>\n<meta property=\"og:title\" content=\"Odvlh\u010dova\u010d Dantherm mobiln\u00fd adsorp\u010dn\u00fd 230V AD 300 - KLIMAVEX GROUP - Slovensko\" \/>\n<meta property=\"og:description\" content=\"Odvlh\u010dova\u010d Dantherm AD 300 je mobiln&yacute; adsorp\u010dn&yacute; odvlh\u010dova\u010d pre pr&iacute;pady nutnosti odvlh\u010denia pri ve\u013emi n&iacute;zkych teplot&aacute;ch. Tento odvlh\u010dova\u010d je v t&yacute;chto teplotn&yacute;ch podmienkach ove\u013ea &uacute;\u010dinnej&scaron;&iacute; ako odvlh\u010dova\u010d kondenza\u010dn&yacute;. Je vhodn&yacute; na vysu&scaron;ovanie miest po&scaron;koden&yacute;ch vodou alebo odstra\u0148ovanie vlhkosti v nov&yacute;ch \u010di zrekon&scaron;truovan&yacute;ch budov&aacute;ch, a to aj v zimn&yacute;ch mesiacoch.\" \/>\n<meta property=\"og:url\" content=\"https:\/\/klimavex.eu\/sk\/katalog\/odvlhcovac-dantherm-ad-300\/\" \/>\n<meta property=\"og:site_name\" content=\"KLIMAVEX GROUP - Slovensko\" \/>\n<meta property=\"article:publisher\" content=\"https:\/\/www.facebook.com\/klimavex\" \/>\n<meta property=\"article:modified_time\" content=\"2026-03-31T17:01:42+00:00\" \/>\n<meta property=\"og:image\" content=\"https:\/\/klimavex.eu\/sk\/wp-content\/uploads\/2024\/02\/LOGO-KLIMAVEX-modra-kostka-1.png\" \/>\n\t<meta property=\"og:image:width\" content=\"9184\" \/>\n\t<meta property=\"og:image:height\" content=\"9184\" \/>\n\t<meta property=\"og:image:type\" content=\"image\/png\" \/>\n<meta name=\"twitter:card\" content=\"summary_large_image\" \/>\n<meta name=\"twitter:label1\" content=\"Predpokladan\u00fd \u010das \u010d\u00edtania\" \/>\n\t<meta name=\"twitter:data1\" content=\"1 min\u00fata\" \/>\n<script type=\"application\/ld+json\" class=\"yoast-schema-graph\">{\"@context\":\"https:\/\/schema.org\",\"@graph\":[{\"@type\":\"WebPage\",\"@id\":\"https:\/\/klimavex.eu\/sk\/katalog\/odvlhcovac-dantherm-ad-300\/\",\"url\":\"https:\/\/klimavex.eu\/sk\/katalog\/odvlhcovac-dantherm-ad-300\/\",\"name\":\"Odvlh\u010dova\u010d Dantherm mobiln\u00fd adsorp\u010dn\u00fd 230V AD 300 - KLIMAVEX GROUP - Slovensko\",\"isPartOf\":{\"@id\":\"https:\/\/klimavex.eu\/sk\/#website\"},\"primaryImageOfPage\":{\"@id\":\"https:\/\/klimavex.eu\/sk\/katalog\/odvlhcovac-dantherm-ad-300\/#primaryimage\"},\"image\":{\"@id\":\"https:\/\/klimavex.eu\/sk\/katalog\/odvlhcovac-dantherm-ad-300\/#primaryimage\"},\"thumbnailUrl\":\"https:\/\/klimavex.eu\/sk\/wp-content\/uploads\/2025\/09\/jJsQAbyFB7U8HhRyEs1cbp-H9BqI1e-p3aNELJqTAWQ-1.jpeg\",\"datePublished\":\"2026-03-31T17:00:45+00:00\",\"dateModified\":\"2026-03-31T17:01:42+00:00\",\"breadcrumb\":{\"@id\":\"https:\/\/klimavex.eu\/sk\/katalog\/odvlhcovac-dantherm-ad-300\/#breadcrumb\"},\"inLanguage\":\"sk-SK\",\"potentialAction\":[{\"@type\":\"ReadAction\",\"target\":[\"https:\/\/klimavex.eu\/sk\/katalog\/odvlhcovac-dantherm-ad-300\/\"]}]},{\"@type\":\"ImageObject\",\"inLanguage\":\"sk-SK\",\"@id\":\"https:\/\/klimavex.eu\/sk\/katalog\/odvlhcovac-dantherm-ad-300\/#primaryimage\",\"url\":\"https:\/\/klimavex.eu\/sk\/wp-content\/uploads\/2025\/09\/jJsQAbyFB7U8HhRyEs1cbp-H9BqI1e-p3aNELJqTAWQ-1.jpeg\",\"contentUrl\":\"https:\/\/klimavex.eu\/sk\/wp-content\/uploads\/2025\/09\/jJsQAbyFB7U8HhRyEs1cbp-H9BqI1e-p3aNELJqTAWQ-1.jpeg\",\"width\":609,\"height\":512},{\"@type\":\"BreadcrumbList\",\"@id\":\"https:\/\/klimavex.eu\/sk\/katalog\/odvlhcovac-dantherm-ad-300\/#breadcrumb\",\"itemListElement\":[{\"@type\":\"ListItem\",\"position\":1,\"name\":\"Domovsk\u00e1 str\u00e1nka\",\"item\":\"https:\/\/klimavex.eu\/sk\/\"},{\"@type\":\"ListItem\",\"position\":2,\"name\":\"Eshop\",\"item\":\"https:\/\/klimavex.eu\/sk\/eshop\/\"},{\"@type\":\"ListItem\",\"position\":3,\"name\":\"Odvlh\u010dova\u010d Dantherm AD 300\"}]},{\"@type\":\"WebSite\",\"@id\":\"https:\/\/klimavex.eu\/sk\/#website\",\"url\":\"https:\/\/klimavex.eu\/sk\/\",\"name\":\"KLIMAVEX GROUP - Slovensko\",\"description\":\"\",\"publisher\":{\"@id\":\"https:\/\/klimavex.eu\/sk\/#organization\"},\"alternateName\":\"KLIMAVEX a.s.\",\"potentialAction\":[{\"@type\":\"SearchAction\",\"target\":{\"@type\":\"EntryPoint\",\"urlTemplate\":\"https:\/\/klimavex.eu\/sk\/?s={search_term_string}\"},\"query-input\":{\"@type\":\"PropertyValueSpecification\",\"valueRequired\":true,\"valueName\":\"search_term_string\"}}],\"inLanguage\":\"sk-SK\"},{\"@type\":\"Organization\",\"@id\":\"https:\/\/klimavex.eu\/sk\/#organization\",\"name\":\"KLIMAVEX GROUP\",\"alternateName\":\"KLIMAVEX a.s.\",\"url\":\"https:\/\/klimavex.eu\/sk\/\",\"logo\":{\"@type\":\"ImageObject\",\"inLanguage\":\"sk-SK\",\"@id\":\"https:\/\/klimavex.eu\/sk\/#\/schema\/logo\/image\/\",\"url\":\"https:\/\/klimavex.eu\/sk\/wp-content\/uploads\/2024\/04\/Klimavex-Group-logo.png\",\"contentUrl\":\"https:\/\/klimavex.eu\/sk\/wp-content\/uploads\/2024\/04\/Klimavex-Group-logo.png\",\"width\":1681,\"height\":472,\"caption\":\"KLIMAVEX GROUP\"},\"image\":{\"@id\":\"https:\/\/klimavex.eu\/sk\/#\/schema\/logo\/image\/\"},\"sameAs\":[\"https:\/\/www.facebook.com\/klimavex\",\"https:\/\/www.instagram.com\/klimavex_sk\/\"]}]}<\/script>\n<!-- \/ Yoast SEO plugin. -->","yoast_head_json":{"title":"Odvlh\u010dova\u010d Dantherm mobiln\u00fd adsorp\u010dn\u00fd 230V AD 300 - KLIMAVEX GROUP - Slovensko","robots":{"index":"index","follow":"follow","max-snippet":"max-snippet:-1","max-image-preview":"max-image-preview:large","max-video-preview":"max-video-preview:-1"},"canonical":"https:\/\/klimavex.eu\/sk\/katalog\/odvlhcovac-dantherm-ad-300\/","og_locale":"sk_SK","og_type":"article","og_title":"Odvlh\u010dova\u010d Dantherm mobiln\u00fd adsorp\u010dn\u00fd 230V AD 300 - KLIMAVEX GROUP - Slovensko","og_description":"Odvlh\u010dova\u010d Dantherm AD 300 je mobiln&yacute; adsorp\u010dn&yacute; odvlh\u010dova\u010d pre pr&iacute;pady nutnosti odvlh\u010denia pri ve\u013emi n&iacute;zkych teplot&aacute;ch. Tento odvlh\u010dova\u010d je v t&yacute;chto teplotn&yacute;ch podmienkach ove\u013ea &uacute;\u010dinnej&scaron;&iacute; ako odvlh\u010dova\u010d kondenza\u010dn&yacute;. Je vhodn&yacute; na vysu&scaron;ovanie miest po&scaron;koden&yacute;ch vodou alebo odstra\u0148ovanie vlhkosti v nov&yacute;ch \u010di zrekon&scaron;truovan&yacute;ch budov&aacute;ch, a to aj v zimn&yacute;ch mesiacoch.","og_url":"https:\/\/klimavex.eu\/sk\/katalog\/odvlhcovac-dantherm-ad-300\/","og_site_name":"KLIMAVEX GROUP - Slovensko","article_publisher":"https:\/\/www.facebook.com\/klimavex","article_modified_time":"2026-03-31T17:01:42+00:00","og_image":[{"width":9184,"height":9184,"url":"https:\/\/klimavex.eu\/sk\/wp-content\/uploads\/2024\/02\/LOGO-KLIMAVEX-modra-kostka-1.png","type":"image\/png"}],"twitter_card":"summary_large_image","twitter_misc":{"Predpokladan\u00fd \u010das \u010d\u00edtania":"1 min\u00fata"},"schema":{"@context":"https:\/\/schema.org","@graph":[{"@type":"WebPage","@id":"https:\/\/klimavex.eu\/sk\/katalog\/odvlhcovac-dantherm-ad-300\/","url":"https:\/\/klimavex.eu\/sk\/katalog\/odvlhcovac-dantherm-ad-300\/","name":"Odvlh\u010dova\u010d Dantherm mobiln\u00fd adsorp\u010dn\u00fd 230V AD 300 - KLIMAVEX GROUP - Slovensko","isPartOf":{"@id":"https:\/\/klimavex.eu\/sk\/#website"},"primaryImageOfPage":{"@id":"https:\/\/klimavex.eu\/sk\/katalog\/odvlhcovac-dantherm-ad-300\/#primaryimage"},"image":{"@id":"https:\/\/klimavex.eu\/sk\/katalog\/odvlhcovac-dantherm-ad-300\/#primaryimage"},"thumbnailUrl":"https:\/\/klimavex.eu\/sk\/wp-content\/uploads\/2025\/09\/jJsQAbyFB7U8HhRyEs1cbp-H9BqI1e-p3aNELJqTAWQ-1.jpeg","datePublished":"2026-03-31T17:00:45+00:00","dateModified":"2026-03-31T17:01:42+00:00","breadcrumb":{"@id":"https:\/\/klimavex.eu\/sk\/katalog\/odvlhcovac-dantherm-ad-300\/#breadcrumb"},"inLanguage":"sk-SK","potentialAction":[{"@type":"ReadAction","target":["https:\/\/klimavex.eu\/sk\/katalog\/odvlhcovac-dantherm-ad-300\/"]}]},{"@type":"ImageObject","inLanguage":"sk-SK","@id":"https:\/\/klimavex.eu\/sk\/katalog\/odvlhcovac-dantherm-ad-300\/#primaryimage","url":"https:\/\/klimavex.eu\/sk\/wp-content\/uploads\/2025\/09\/jJsQAbyFB7U8HhRyEs1cbp-H9BqI1e-p3aNELJqTAWQ-1.jpeg","contentUrl":"https:\/\/klimavex.eu\/sk\/wp-content\/uploads\/2025\/09\/jJsQAbyFB7U8HhRyEs1cbp-H9BqI1e-p3aNELJqTAWQ-1.jpeg","width":609,"height":512},{"@type":"BreadcrumbList","@id":"https:\/\/klimavex.eu\/sk\/katalog\/odvlhcovac-dantherm-ad-300\/#breadcrumb","itemListElement":[{"@type":"ListItem","position":1,"name":"Domovsk\u00e1 str\u00e1nka","item":"https:\/\/klimavex.eu\/sk\/"},{"@type":"ListItem","position":2,"name":"Eshop","item":"https:\/\/klimavex.eu\/sk\/eshop\/"},{"@type":"ListItem","position":3,"name":"Odvlh\u010dova\u010d Dantherm AD 300"}]},{"@type":"WebSite","@id":"https:\/\/klimavex.eu\/sk\/#website","url":"https:\/\/klimavex.eu\/sk\/","name":"KLIMAVEX GROUP - Slovensko","description":"","publisher":{"@id":"https:\/\/klimavex.eu\/sk\/#organization"},"alternateName":"KLIMAVEX a.s.","potentialAction":[{"@type":"SearchAction","target":{"@type":"EntryPoint","urlTemplate":"https:\/\/klimavex.eu\/sk\/?s={search_term_string}"},"query-input":{"@type":"PropertyValueSpecification","valueRequired":true,"valueName":"search_term_string"}}],"inLanguage":"sk-SK"},{"@type":"Organization","@id":"https:\/\/klimavex.eu\/sk\/#organization","name":"KLIMAVEX GROUP","alternateName":"KLIMAVEX a.s.","url":"https:\/\/klimavex.eu\/sk\/","logo":{"@type":"ImageObject","inLanguage":"sk-SK","@id":"https:\/\/klimavex.eu\/sk\/#\/schema\/logo\/image\/","url":"https:\/\/klimavex.eu\/sk\/wp-content\/uploads\/2024\/04\/Klimavex-Group-logo.png","contentUrl":"https:\/\/klimavex.eu\/sk\/wp-content\/uploads\/2024\/04\/Klimavex-Group-logo.png","width":1681,"height":472,"caption":"KLIMAVEX GROUP"},"image":{"@id":"https:\/\/klimavex.eu\/sk\/#\/schema\/logo\/image\/"},"sameAs":["https:\/\/www.facebook.com\/klimavex","https:\/\/www.instagram.com\/klimavex_sk\/"]}]}},"_links":{"self":[{"href":"https:\/\/klimavex.eu\/sk\/wp-json\/wp\/v2\/product\/477967","targetHints":{"allow":["GET"]}}],"collection":[{"href":"https:\/\/klimavex.eu\/sk\/wp-json\/wp\/v2\/product"}],"about":[{"href":"https:\/\/klimavex.eu\/sk\/wp-json\/wp\/v2\/types\/product"}],"version-history":[{"count":0,"href":"https:\/\/klimavex.eu\/sk\/wp-json\/wp\/v2\/product\/477967\/revisions"}],"wp:featuredmedia":[{"embeddable":true,"href":"https:\/\/klimavex.eu\/sk\/wp-json\/wp\/v2\/media\/487562"}],"wp:attachment":[{"href":"https:\/\/klimavex.eu\/sk\/wp-json\/wp\/v2\/media?parent=477967"}],"wp:term":[{"taxonomy":"product_cat","embeddable":true,"href":"https:\/\/klimavex.eu\/sk\/wp-json\/wp\/v2\/product_cat?post=477967"},{"taxonomy":"product_tag","embeddable":true,"href":"https:\/\/klimavex.eu\/sk\/wp-json\/wp\/v2\/product_tag?post=477967"}],"curies":[{"name":"wp","href":"https:\/\/api.w.org\/{rel}","templated":true}]}}