{"id":477968,"date":"2026-03-31T19:00:45","date_gmt":"2026-03-31T17:00:45","guid":{"rendered":"https:\/\/klimavex.eu\/sk\/katalog\/odvlhcovac-vortice-deumido-14-evo\/"},"modified":"2026-03-31T19:01:44","modified_gmt":"2026-03-31T17:01:44","slug":"odvlhcovac-vortice-mobilny-deumido-14-evo","status":"publish","type":"product","link":"https:\/\/klimavex.eu\/sk\/katalog\/odvlhcovac-vortice-mobilny-deumido-14-evo\/","title":{"rendered":"Odvlh\u010dova\u010d Vortice mobiln\u00fd DEUMIDO 14 EVO"},"content":{"rendered":"<p style=\"text-align:justify\"><span style=\"font-size:11pt\"><span style=\"font-family:Calibri,sans-serif\"><strong><span style=\"color:black\">K\u013e&uacute;\u010dov&eacute; vlastnosti<\/span><\/strong><\/span><\/span><\/p>\n<ul>\n<li style=\"text-align:justify\"><span style=\"font-size:11pt\"><span style=\"font-family:Calibri,sans-serif\"><span style=\"color:black\">Odvlh\u010dovac&iacute; v&yacute;kon 14l\/24h (pri teplote 30&deg;C a vlhkosti 80% RH)<\/span><\/span><\/span><\/li>\n<li style=\"text-align:justify\"><span style=\"font-size:11pt\"><span style=\"font-family:Calibri,sans-serif\"><span style=\"color:black\">Prev&aacute;dzkov&yacute; teplotn&yacute; rozsah 5-32&deg;C<\/span><\/span><\/span><\/li>\n<li style=\"text-align:justify\"><span style=\"font-size:11pt\"><span style=\"font-family:Calibri,sans-serif\"><span style=\"color:black\">Jednoduch&eacute; ovl&aacute;danie<\/span><\/span><\/span><\/li>\n<li style=\"text-align:justify\"><span style=\"font-size:11pt\"><span style=\"font-family:Calibri,sans-serif\"><span style=\"color:black\">Nastavenie po\u017eadovanej vlhkosti 40-70% RH alebo nepretr\u017eit&eacute; odvlh\u010dovanie<\/span><\/span><\/span><\/li>\n<li style=\"text-align:justify\"><span style=\"font-size:11pt\"><span style=\"font-family:Calibri,sans-serif\"><span style=\"color:black\">Indik&aacute;cia plnej n&aacute;dr\u017ee na kondenz&aacute;t, automatick&eacute; vypnutie pri naplnen&iacute; n&aacute;dr\u017ee<\/span><\/span><\/span><\/li>\n<li style=\"text-align:justify\"><span style=\"font-size:11pt\"><span style=\"font-family:Calibri,sans-serif\"><span style=\"color:black\">Tich&yacute; a &uacute;\u010dinn&yacute; radi&aacute;lny ventil&aacute;tor<\/span><\/span><\/span><\/li>\n<li style=\"text-align:justify\"><span style=\"font-size:11pt\"><span style=\"font-family:Calibri,sans-serif\"><span style=\"color:black\">Priesvitn&aacute; n&aacute;dr\u017e na kondenz&aacute;t 2,5l<\/span><\/span><\/span><\/li>\n<li style=\"text-align:justify\"><span style=\"font-size:11pt\"><span style=\"font-family:Calibri,sans-serif\"><span style=\"color:black\">Nastavite\u013en&yacute; \u010dasova\u010d pre oneskoren&eacute; vypnutie<\/span><\/span><\/span><\/li>\n<li style=\"text-align:justify\"><span style=\"font-size:11pt\"><span style=\"font-family:Calibri,sans-serif\"><span style=\"color:black\">Um&yacute;vate\u013en&yacute; predfilter a akt&iacute;vny uhl&iacute;kov&yacute; filter na elimin&aacute;ciu pachov<\/span><\/span><\/span><\/li>\n<li style=\"text-align:justify\"><span style=\"font-size:11pt\"><span style=\"font-family:Calibri,sans-serif\"><span style=\"color:black\">Krytie IP20<\/span><\/span><\/span><\/li>\n<li style=\"text-align:justify\"><span style=\"font-size:11pt\"><span style=\"font-family:Calibri,sans-serif\"><span style=\"color:black\">Elektrick&yacute; nap&aacute;jac&iacute; k&aacute;bel (230V)<\/span><\/span><\/span><\/li>\n<\/ul>\n","protected":false},"excerpt":{"rendered":"<p style=\"text-align:justify\"><span style=\"font-size:11pt\"><span style=\"font-family:Calibri,sans-serif\"><strong><span style=\"color:black\">Vortice DEUMIDO EVO 14<\/span><\/strong><span style=\"color:black\"> je dom&aacute;ci mobiln&yacute; odvlh\u010dova\u010d pre men&scaron;ie a stredne ve\u013ek&eacute; miestnosti, ako s&uacute; napr. suter&eacute;ny, pivnice, sklady, &scaron;atne, kuchyne, ob&yacute;vacie izby a sp&aacute;lne. Tento odvlh\u010dova\u010d disponuje <strong>pojazdn&yacute;mi kolieskami<\/strong>, preto je mo\u017en&eacute; ho pod\u013ea potreby premiestni\u0165 do miestnosti, kde je moment&aacute;lne najv&auml;\u010d&scaron;ia potreba odvlh\u010denia.<\/span><\/span><\/span><\/p>\n","protected":false},"featured_media":487568,"template":"","meta":[],"product_cat":[2616,2609],"product_tag":[],"class_list":{"0":"post-477968","1":"product","2":"type-product","3":"status-publish","4":"has-post-thumbnail","6":"product_cat-domace-mobilne-odvlhcovace","7":"product_cat-odvlhcovace","8":"pa_objem-nadrze-l-4262","9":"pa_odvlhcovaci-vykon-pri-30c-4266","10":"pa_prevadzkovy-rozsah-teplota-c-5c-32c","11":"pa_prevedenie-domaci-mobilny","12":"pa_typ-deumido","13":"pa_vzduchovy-vykon-qv-m3-4261","14":"pa_znacka-vortice","16":"first","17":"instock","18":"taxable","19":"shipping-taxable","20":"purchasable","21":"product-type-simple"},"yoast_head":"<!-- This site is optimized with the Yoast SEO plugin v23.9 - https:\/\/yoast.com\/wordpress\/plugins\/seo\/ -->\n<title>Odvlh\u010dova\u010d Vortice mobiln\u00fd DEUMIDO 14 EVO - KLIMAVEX GROUP - Slovensko<\/title>\n<meta name=\"robots\" content=\"index, follow, max-snippet:-1, max-image-preview:large, max-video-preview:-1\" \/>\n<link rel=\"canonical\" href=\"https:\/\/klimavex.eu\/sk\/katalog\/odvlhcovac-vortice-deumido-14-evo\/\" \/>\n<meta property=\"og:locale\" content=\"sk_SK\" \/>\n<meta property=\"og:type\" content=\"article\" \/>\n<meta property=\"og:title\" content=\"Odvlh\u010dova\u010d Vortice mobiln\u00fd DEUMIDO 14 EVO - KLIMAVEX GROUP - Slovensko\" \/>\n<meta property=\"og:description\" content=\"Vortice DEUMIDO EVO 14 je dom&aacute;ci mobiln&yacute; odvlh\u010dova\u010d pre men&scaron;ie a stredne ve\u013ek&eacute; miestnosti, ako s&uacute; napr. suter&eacute;ny, pivnice, sklady, &scaron;atne, kuchyne, ob&yacute;vacie izby a sp&aacute;lne. Tento odvlh\u010dova\u010d disponuje pojazdn&yacute;mi kolieskami, preto je mo\u017en&eacute; ho pod\u013ea potreby premiestni\u0165 do miestnosti, kde je moment&aacute;lne najv&auml;\u010d&scaron;ia potreba odvlh\u010denia.\" \/>\n<meta property=\"og:url\" content=\"https:\/\/klimavex.eu\/sk\/katalog\/odvlhcovac-vortice-deumido-14-evo\/\" \/>\n<meta property=\"og:site_name\" content=\"KLIMAVEX GROUP - Slovensko\" \/>\n<meta property=\"article:publisher\" content=\"https:\/\/www.facebook.com\/klimavex\" \/>\n<meta property=\"article:modified_time\" content=\"2026-03-31T17:01:44+00:00\" \/>\n<meta property=\"og:image\" content=\"https:\/\/klimavex.eu\/sk\/wp-content\/uploads\/2025\/09\/8G0pPjObaKjPu6J60SN3l7KkS4QEqaI7ex32aD5kAy8.png\" \/>\n\t<meta property=\"og:image:width\" content=\"572\" \/>\n\t<meta property=\"og:image:height\" content=\"512\" \/>\n\t<meta property=\"og:image:type\" content=\"image\/png\" \/>\n<meta name=\"twitter:card\" content=\"summary_large_image\" \/>\n<meta name=\"twitter:label1\" content=\"Predpokladan\u00fd \u010das \u010d\u00edtania\" \/>\n\t<meta name=\"twitter:data1\" content=\"1 min\u00fata\" \/>\n<script type=\"application\/ld+json\" class=\"yoast-schema-graph\">{\"@context\":\"https:\/\/schema.org\",\"@graph\":[{\"@type\":\"WebPage\",\"@id\":\"https:\/\/klimavex.eu\/sk\/katalog\/odvlhcovac-vortice-deumido-14-evo\/\",\"url\":\"https:\/\/klimavex.eu\/sk\/katalog\/odvlhcovac-vortice-deumido-14-evo\/\",\"name\":\"Odvlh\u010dova\u010d Vortice mobiln\u00fd DEUMIDO 14 EVO - KLIMAVEX GROUP - Slovensko\",\"isPartOf\":{\"@id\":\"https:\/\/klimavex.eu\/sk\/#website\"},\"primaryImageOfPage\":{\"@id\":\"https:\/\/klimavex.eu\/sk\/katalog\/odvlhcovac-vortice-deumido-14-evo\/#primaryimage\"},\"image\":{\"@id\":\"https:\/\/klimavex.eu\/sk\/katalog\/odvlhcovac-vortice-deumido-14-evo\/#primaryimage\"},\"thumbnailUrl\":\"https:\/\/klimavex.eu\/sk\/wp-content\/uploads\/2025\/09\/8G0pPjObaKjPu6J60SN3l7KkS4QEqaI7ex32aD5kAy8.png\",\"datePublished\":\"2026-03-31T17:00:45+00:00\",\"dateModified\":\"2026-03-31T17:01:44+00:00\",\"breadcrumb\":{\"@id\":\"https:\/\/klimavex.eu\/sk\/katalog\/odvlhcovac-vortice-deumido-14-evo\/#breadcrumb\"},\"inLanguage\":\"sk-SK\",\"potentialAction\":[{\"@type\":\"ReadAction\",\"target\":[\"https:\/\/klimavex.eu\/sk\/katalog\/odvlhcovac-vortice-deumido-14-evo\/\"]}]},{\"@type\":\"ImageObject\",\"inLanguage\":\"sk-SK\",\"@id\":\"https:\/\/klimavex.eu\/sk\/katalog\/odvlhcovac-vortice-deumido-14-evo\/#primaryimage\",\"url\":\"https:\/\/klimavex.eu\/sk\/wp-content\/uploads\/2025\/09\/8G0pPjObaKjPu6J60SN3l7KkS4QEqaI7ex32aD5kAy8.png\",\"contentUrl\":\"https:\/\/klimavex.eu\/sk\/wp-content\/uploads\/2025\/09\/8G0pPjObaKjPu6J60SN3l7KkS4QEqaI7ex32aD5kAy8.png\",\"width\":572,\"height\":512},{\"@type\":\"BreadcrumbList\",\"@id\":\"https:\/\/klimavex.eu\/sk\/katalog\/odvlhcovac-vortice-deumido-14-evo\/#breadcrumb\",\"itemListElement\":[{\"@type\":\"ListItem\",\"position\":1,\"name\":\"Domovsk\u00e1 str\u00e1nka\",\"item\":\"https:\/\/klimavex.eu\/sk\/\"},{\"@type\":\"ListItem\",\"position\":2,\"name\":\"Eshop\",\"item\":\"https:\/\/klimavex.eu\/sk\/eshop\/\"},{\"@type\":\"ListItem\",\"position\":3,\"name\":\"Odvlh\u010dova\u010d Vortice Deumido 14 EVO\"}]},{\"@type\":\"WebSite\",\"@id\":\"https:\/\/klimavex.eu\/sk\/#website\",\"url\":\"https:\/\/klimavex.eu\/sk\/\",\"name\":\"KLIMAVEX GROUP - Slovensko\",\"description\":\"\",\"publisher\":{\"@id\":\"https:\/\/klimavex.eu\/sk\/#organization\"},\"alternateName\":\"KLIMAVEX a.s.\",\"potentialAction\":[{\"@type\":\"SearchAction\",\"target\":{\"@type\":\"EntryPoint\",\"urlTemplate\":\"https:\/\/klimavex.eu\/sk\/?s={search_term_string}\"},\"query-input\":{\"@type\":\"PropertyValueSpecification\",\"valueRequired\":true,\"valueName\":\"search_term_string\"}}],\"inLanguage\":\"sk-SK\"},{\"@type\":\"Organization\",\"@id\":\"https:\/\/klimavex.eu\/sk\/#organization\",\"name\":\"KLIMAVEX GROUP\",\"alternateName\":\"KLIMAVEX a.s.\",\"url\":\"https:\/\/klimavex.eu\/sk\/\",\"logo\":{\"@type\":\"ImageObject\",\"inLanguage\":\"sk-SK\",\"@id\":\"https:\/\/klimavex.eu\/sk\/#\/schema\/logo\/image\/\",\"url\":\"https:\/\/klimavex.eu\/sk\/wp-content\/uploads\/2024\/04\/Klimavex-Group-logo.png\",\"contentUrl\":\"https:\/\/klimavex.eu\/sk\/wp-content\/uploads\/2024\/04\/Klimavex-Group-logo.png\",\"width\":1681,\"height\":472,\"caption\":\"KLIMAVEX GROUP\"},\"image\":{\"@id\":\"https:\/\/klimavex.eu\/sk\/#\/schema\/logo\/image\/\"},\"sameAs\":[\"https:\/\/www.facebook.com\/klimavex\",\"https:\/\/www.instagram.com\/klimavex_sk\/\"]}]}<\/script>\n<!-- \/ Yoast SEO plugin. -->","yoast_head_json":{"title":"Odvlh\u010dova\u010d Vortice mobiln\u00fd DEUMIDO 14 EVO - KLIMAVEX GROUP - Slovensko","robots":{"index":"index","follow":"follow","max-snippet":"max-snippet:-1","max-image-preview":"max-image-preview:large","max-video-preview":"max-video-preview:-1"},"canonical":"https:\/\/klimavex.eu\/sk\/katalog\/odvlhcovac-vortice-deumido-14-evo\/","og_locale":"sk_SK","og_type":"article","og_title":"Odvlh\u010dova\u010d Vortice mobiln\u00fd DEUMIDO 14 EVO - KLIMAVEX GROUP - Slovensko","og_description":"Vortice DEUMIDO EVO 14 je dom&aacute;ci mobiln&yacute; odvlh\u010dova\u010d pre men&scaron;ie a stredne ve\u013ek&eacute; miestnosti, ako s&uacute; napr. suter&eacute;ny, pivnice, sklady, &scaron;atne, kuchyne, ob&yacute;vacie izby a sp&aacute;lne. Tento odvlh\u010dova\u010d disponuje pojazdn&yacute;mi kolieskami, preto je mo\u017en&eacute; ho pod\u013ea potreby premiestni\u0165 do miestnosti, kde je moment&aacute;lne najv&auml;\u010d&scaron;ia potreba odvlh\u010denia.","og_url":"https:\/\/klimavex.eu\/sk\/katalog\/odvlhcovac-vortice-deumido-14-evo\/","og_site_name":"KLIMAVEX GROUP - Slovensko","article_publisher":"https:\/\/www.facebook.com\/klimavex","article_modified_time":"2026-03-31T17:01:44+00:00","og_image":[{"width":572,"height":512,"url":"https:\/\/klimavex.eu\/sk\/wp-content\/uploads\/2025\/09\/8G0pPjObaKjPu6J60SN3l7KkS4QEqaI7ex32aD5kAy8.png","type":"image\/png"}],"twitter_card":"summary_large_image","twitter_misc":{"Predpokladan\u00fd \u010das \u010d\u00edtania":"1 min\u00fata"},"schema":{"@context":"https:\/\/schema.org","@graph":[{"@type":"WebPage","@id":"https:\/\/klimavex.eu\/sk\/katalog\/odvlhcovac-vortice-deumido-14-evo\/","url":"https:\/\/klimavex.eu\/sk\/katalog\/odvlhcovac-vortice-deumido-14-evo\/","name":"Odvlh\u010dova\u010d Vortice mobiln\u00fd DEUMIDO 14 EVO - KLIMAVEX GROUP - Slovensko","isPartOf":{"@id":"https:\/\/klimavex.eu\/sk\/#website"},"primaryImageOfPage":{"@id":"https:\/\/klimavex.eu\/sk\/katalog\/odvlhcovac-vortice-deumido-14-evo\/#primaryimage"},"image":{"@id":"https:\/\/klimavex.eu\/sk\/katalog\/odvlhcovac-vortice-deumido-14-evo\/#primaryimage"},"thumbnailUrl":"https:\/\/klimavex.eu\/sk\/wp-content\/uploads\/2025\/09\/8G0pPjObaKjPu6J60SN3l7KkS4QEqaI7ex32aD5kAy8.png","datePublished":"2026-03-31T17:00:45+00:00","dateModified":"2026-03-31T17:01:44+00:00","breadcrumb":{"@id":"https:\/\/klimavex.eu\/sk\/katalog\/odvlhcovac-vortice-deumido-14-evo\/#breadcrumb"},"inLanguage":"sk-SK","potentialAction":[{"@type":"ReadAction","target":["https:\/\/klimavex.eu\/sk\/katalog\/odvlhcovac-vortice-deumido-14-evo\/"]}]},{"@type":"ImageObject","inLanguage":"sk-SK","@id":"https:\/\/klimavex.eu\/sk\/katalog\/odvlhcovac-vortice-deumido-14-evo\/#primaryimage","url":"https:\/\/klimavex.eu\/sk\/wp-content\/uploads\/2025\/09\/8G0pPjObaKjPu6J60SN3l7KkS4QEqaI7ex32aD5kAy8.png","contentUrl":"https:\/\/klimavex.eu\/sk\/wp-content\/uploads\/2025\/09\/8G0pPjObaKjPu6J60SN3l7KkS4QEqaI7ex32aD5kAy8.png","width":572,"height":512},{"@type":"BreadcrumbList","@id":"https:\/\/klimavex.eu\/sk\/katalog\/odvlhcovac-vortice-deumido-14-evo\/#breadcrumb","itemListElement":[{"@type":"ListItem","position":1,"name":"Domovsk\u00e1 str\u00e1nka","item":"https:\/\/klimavex.eu\/sk\/"},{"@type":"ListItem","position":2,"name":"Eshop","item":"https:\/\/klimavex.eu\/sk\/eshop\/"},{"@type":"ListItem","position":3,"name":"Odvlh\u010dova\u010d Vortice Deumido 14 EVO"}]},{"@type":"WebSite","@id":"https:\/\/klimavex.eu\/sk\/#website","url":"https:\/\/klimavex.eu\/sk\/","name":"KLIMAVEX GROUP - Slovensko","description":"","publisher":{"@id":"https:\/\/klimavex.eu\/sk\/#organization"},"alternateName":"KLIMAVEX a.s.","potentialAction":[{"@type":"SearchAction","target":{"@type":"EntryPoint","urlTemplate":"https:\/\/klimavex.eu\/sk\/?s={search_term_string}"},"query-input":{"@type":"PropertyValueSpecification","valueRequired":true,"valueName":"search_term_string"}}],"inLanguage":"sk-SK"},{"@type":"Organization","@id":"https:\/\/klimavex.eu\/sk\/#organization","name":"KLIMAVEX GROUP","alternateName":"KLIMAVEX a.s.","url":"https:\/\/klimavex.eu\/sk\/","logo":{"@type":"ImageObject","inLanguage":"sk-SK","@id":"https:\/\/klimavex.eu\/sk\/#\/schema\/logo\/image\/","url":"https:\/\/klimavex.eu\/sk\/wp-content\/uploads\/2024\/04\/Klimavex-Group-logo.png","contentUrl":"https:\/\/klimavex.eu\/sk\/wp-content\/uploads\/2024\/04\/Klimavex-Group-logo.png","width":1681,"height":472,"caption":"KLIMAVEX GROUP"},"image":{"@id":"https:\/\/klimavex.eu\/sk\/#\/schema\/logo\/image\/"},"sameAs":["https:\/\/www.facebook.com\/klimavex","https:\/\/www.instagram.com\/klimavex_sk\/"]}]}},"_links":{"self":[{"href":"https:\/\/klimavex.eu\/sk\/wp-json\/wp\/v2\/product\/477968","targetHints":{"allow":["GET"]}}],"collection":[{"href":"https:\/\/klimavex.eu\/sk\/wp-json\/wp\/v2\/product"}],"about":[{"href":"https:\/\/klimavex.eu\/sk\/wp-json\/wp\/v2\/types\/product"}],"version-history":[{"count":0,"href":"https:\/\/klimavex.eu\/sk\/wp-json\/wp\/v2\/product\/477968\/revisions"}],"wp:featuredmedia":[{"embeddable":true,"href":"https:\/\/klimavex.eu\/sk\/wp-json\/wp\/v2\/media\/487568"}],"wp:attachment":[{"href":"https:\/\/klimavex.eu\/sk\/wp-json\/wp\/v2\/media?parent=477968"}],"wp:term":[{"taxonomy":"product_cat","embeddable":true,"href":"https:\/\/klimavex.eu\/sk\/wp-json\/wp\/v2\/product_cat?post=477968"},{"taxonomy":"product_tag","embeddable":true,"href":"https:\/\/klimavex.eu\/sk\/wp-json\/wp\/v2\/product_tag?post=477968"}],"curies":[{"name":"wp","href":"https:\/\/api.w.org\/{rel}","templated":true}]}}