{"id":477992,"date":"2026-03-31T19:02:04","date_gmt":"2026-03-31T17:02:04","guid":{"rendered":"https:\/\/klimavex.eu\/sk\/katalog\/odvlhcovac-dantherm-cd-15\/"},"modified":"2026-03-31T19:02:23","modified_gmt":"2026-03-31T17:02:23","slug":"odvlhcovac-dantherm-nastenny-do-priestoru-230v-cd-15","status":"publish","type":"product","link":"https:\/\/klimavex.eu\/sk\/katalog\/odvlhcovac-dantherm-nastenny-do-priestoru-230v-cd-15\/","title":{"rendered":"Odvlh\u010dova\u010d Dantherm n\u00e1stenn\u00fd do priestoru 230V CD 15"},"content":{"rendered":"<p style=\"text-align:justify\"><span style=\"font-size:11pt\"><span style=\"font-family:Calibri,sans-serif\"><strong>K\u013e&uacute;\u010dov&eacute; vlastnosti<\/strong><\/span><\/span><\/p>\n<ul>\n<li style=\"text-align: justify;\"><span style=\"font-size:11pt\"><span style=\"font-family:Calibri,sans-serif\"><span style=\"color:black\">Odvlh\u010dovac&iacute; v&yacute;kon 15l\/24h (pri teplote 30 &deg; C a vlhkosti 80% RH)<\/span><\/span><\/span><\/li>\n<li style=\"text-align: justify;\"><span style=\"font-size:11pt\"><span style=\"font-family:Calibri,sans-serif\"><span style=\"color:black\">Prev&aacute;dzkov&yacute; teplotn&yacute; rozsah 5-30&deg;C<\/span><\/span><\/span><\/li>\n<li style=\"text-align: justify;\"><span style=\"font-size:11pt\"><span style=\"font-family:Calibri,sans-serif\"><span style=\"color:black\">Vzduchov&yacute; v&yacute;kon 225 m&sup3;\/h<\/span><\/span><\/span><\/li>\n<li style=\"text-align: justify;\"><span style=\"font-size:11pt\"><span style=\"font-family:Calibri,sans-serif\">Skri\u0148a z nehrdzavej&uacute;cej ocele<\/span><\/span><\/li>\n<li style=\"text-align: justify;\"><span style=\"font-size:11pt\"><span style=\"font-family:Calibri,sans-serif\">Po\u010d&iacute;tadlo prev&aacute;dzkov&yacute;ch hod&iacute;n<\/span><\/span><\/li>\n<li style=\"text-align: justify;\"><span style=\"font-size:11pt\"><span style=\"font-family:Calibri,sans-serif\">N&iacute;zka hmotnos\u0165 a kompaktn&eacute; rozmery<\/span><\/span><\/li>\n<li style=\"text-align: justify;\"><span style=\"font-size:11pt\"><span style=\"font-family:Calibri,sans-serif\">Zabudovan&yacute; hygrostat<\/span><\/span><\/li>\n<li style=\"text-align: justify;\"><span style=\"font-size:11pt\"><span style=\"font-family:Calibri,sans-serif\">Zabudovan&yacute; vzduchov&yacute; filter<\/span><\/span><\/li>\n<li style=\"text-align: justify;\"><span style=\"font-size:11pt\"><span style=\"font-family:Calibri,sans-serif\">LED signaliz&aacute;cia por&uacute;ch<\/span><\/span><\/li>\n<li style=\"text-align: justify;\"><span style=\"font-size:11pt\"><span style=\"font-family:Calibri,sans-serif\">Krytie IPX4<\/span><\/span><\/li>\n<li style=\"text-align: justify;\"><span style=\"font-size:11pt\"><span style=\"font-family:Calibri,sans-serif\">El. nap&aacute;janie 1x230V\/50Hz (bez nap&aacute;jacieho k&aacute;bla)<\/span><\/span><\/li>\n<\/ul>\n","protected":false},"excerpt":{"rendered":"<p style=\"text-align:justify\"><span style=\"font-size:11pt\"><span style=\"font-family:Calibri,sans-serif\"><span style=\"color:black\">Odvlh\u010dova\u010d <strong>Dantherm CD 15<\/strong> je <strong>n&aacute;stenn&aacute; odvlh\u010dovacia jednotka<\/strong>, ktor&aacute; je v\u010faka kompaktn&eacute;mu dizajnu a robustnej kon&scaron;trukcii vhodn&aacute; do r&ocirc;znych priestorov, ako s&uacute; <strong>dom&aacute;cnosti, arch&iacute;vy, m&uacute;ze&aacute;, pivni\u010dn&eacute; priestory \u010di sklady<\/strong>. Jej obal z nehrdzavej&uacute;cej ocele zaru\u010duje dlh&uacute; \u017eivotnos\u0165 a odolnos\u0165 vo\u010di kor&oacute;zii.<\/span><\/span><\/span><\/p>\n","protected":false},"featured_media":487623,"template":"","meta":[],"product_cat":[2616,2609],"product_tag":[],"class_list":{"0":"post-477992","1":"product","2":"type-product","3":"status-publish","4":"has-post-thumbnail","6":"product_cat-domace-mobilne-odvlhcovace","7":"product_cat-odvlhcovace","8":"pa_prevedenie-domaci-mobilny","9":"pa_typ-cd","10":"pa_znacka-dantherm","12":"first","13":"instock","14":"taxable","15":"shipping-taxable","16":"purchasable","17":"product-type-simple"},"yoast_head":"<!-- This site is optimized with the Yoast SEO plugin v23.9 - https:\/\/yoast.com\/wordpress\/plugins\/seo\/ -->\n<title>Odvlh\u010dova\u010d Dantherm n\u00e1stenn\u00fd do priestoru 230V CD 15 - KLIMAVEX GROUP - Slovensko<\/title>\n<meta name=\"robots\" content=\"index, follow, max-snippet:-1, max-image-preview:large, max-video-preview:-1\" \/>\n<link rel=\"canonical\" href=\"https:\/\/klimavex.eu\/sk\/katalog\/odvlhcovac-dantherm-cd-15\/\" \/>\n<meta property=\"og:locale\" content=\"sk_SK\" \/>\n<meta property=\"og:type\" content=\"article\" \/>\n<meta property=\"og:title\" content=\"Odvlh\u010dova\u010d Dantherm n\u00e1stenn\u00fd do priestoru 230V CD 15 - KLIMAVEX GROUP - Slovensko\" \/>\n<meta property=\"og:description\" content=\"Odvlh\u010dova\u010d Dantherm CD 15 je n&aacute;stenn&aacute; odvlh\u010dovacia jednotka, ktor&aacute; je v\u010faka kompaktn&eacute;mu dizajnu a robustnej kon&scaron;trukcii vhodn&aacute; do r&ocirc;znych priestorov, ako s&uacute; dom&aacute;cnosti, arch&iacute;vy, m&uacute;ze&aacute;, pivni\u010dn&eacute; priestory \u010di sklady. Jej obal z nehrdzavej&uacute;cej ocele zaru\u010duje dlh&uacute; \u017eivotnos\u0165 a odolnos\u0165 vo\u010di kor&oacute;zii.\" \/>\n<meta property=\"og:url\" content=\"https:\/\/klimavex.eu\/sk\/katalog\/odvlhcovac-dantherm-cd-15\/\" \/>\n<meta property=\"og:site_name\" content=\"KLIMAVEX GROUP - Slovensko\" \/>\n<meta property=\"article:publisher\" content=\"https:\/\/www.facebook.com\/klimavex\" \/>\n<meta property=\"article:modified_time\" content=\"2026-03-31T17:02:23+00:00\" \/>\n<meta property=\"og:image\" content=\"https:\/\/klimavex.eu\/sk\/wp-content\/uploads\/2025\/09\/9W9wj-ss-tvCvhWxqFJwjCqZo9G1KG-202XRsQcI5lo.jpeg\" \/>\n\t<meta property=\"og:image:width\" content=\"512\" \/>\n\t<meta property=\"og:image:height\" content=\"512\" \/>\n\t<meta property=\"og:image:type\" content=\"image\/jpeg\" \/>\n<meta name=\"twitter:card\" content=\"summary_large_image\" \/>\n<script type=\"application\/ld+json\" class=\"yoast-schema-graph\">{\"@context\":\"https:\/\/schema.org\",\"@graph\":[{\"@type\":\"WebPage\",\"@id\":\"https:\/\/klimavex.eu\/sk\/katalog\/odvlhcovac-dantherm-cd-15\/\",\"url\":\"https:\/\/klimavex.eu\/sk\/katalog\/odvlhcovac-dantherm-cd-15\/\",\"name\":\"Odvlh\u010dova\u010d Dantherm n\u00e1stenn\u00fd do priestoru 230V CD 15 - KLIMAVEX GROUP - Slovensko\",\"isPartOf\":{\"@id\":\"https:\/\/klimavex.eu\/sk\/#website\"},\"primaryImageOfPage\":{\"@id\":\"https:\/\/klimavex.eu\/sk\/katalog\/odvlhcovac-dantherm-cd-15\/#primaryimage\"},\"image\":{\"@id\":\"https:\/\/klimavex.eu\/sk\/katalog\/odvlhcovac-dantherm-cd-15\/#primaryimage\"},\"thumbnailUrl\":\"https:\/\/klimavex.eu\/sk\/wp-content\/uploads\/2025\/09\/9W9wj-ss-tvCvhWxqFJwjCqZo9G1KG-202XRsQcI5lo.jpeg\",\"datePublished\":\"2026-03-31T17:02:04+00:00\",\"dateModified\":\"2026-03-31T17:02:23+00:00\",\"breadcrumb\":{\"@id\":\"https:\/\/klimavex.eu\/sk\/katalog\/odvlhcovac-dantherm-cd-15\/#breadcrumb\"},\"inLanguage\":\"sk-SK\",\"potentialAction\":[{\"@type\":\"ReadAction\",\"target\":[\"https:\/\/klimavex.eu\/sk\/katalog\/odvlhcovac-dantherm-cd-15\/\"]}]},{\"@type\":\"ImageObject\",\"inLanguage\":\"sk-SK\",\"@id\":\"https:\/\/klimavex.eu\/sk\/katalog\/odvlhcovac-dantherm-cd-15\/#primaryimage\",\"url\":\"https:\/\/klimavex.eu\/sk\/wp-content\/uploads\/2025\/09\/9W9wj-ss-tvCvhWxqFJwjCqZo9G1KG-202XRsQcI5lo.jpeg\",\"contentUrl\":\"https:\/\/klimavex.eu\/sk\/wp-content\/uploads\/2025\/09\/9W9wj-ss-tvCvhWxqFJwjCqZo9G1KG-202XRsQcI5lo.jpeg\",\"width\":512,\"height\":512},{\"@type\":\"BreadcrumbList\",\"@id\":\"https:\/\/klimavex.eu\/sk\/katalog\/odvlhcovac-dantherm-cd-15\/#breadcrumb\",\"itemListElement\":[{\"@type\":\"ListItem\",\"position\":1,\"name\":\"Domovsk\u00e1 str\u00e1nka\",\"item\":\"https:\/\/klimavex.eu\/sk\/\"},{\"@type\":\"ListItem\",\"position\":2,\"name\":\"Eshop\",\"item\":\"https:\/\/klimavex.eu\/sk\/eshop\/\"},{\"@type\":\"ListItem\",\"position\":3,\"name\":\"Odvlh\u010dova\u010d Dantherm CD 15\"}]},{\"@type\":\"WebSite\",\"@id\":\"https:\/\/klimavex.eu\/sk\/#website\",\"url\":\"https:\/\/klimavex.eu\/sk\/\",\"name\":\"KLIMAVEX GROUP - Slovensko\",\"description\":\"\",\"publisher\":{\"@id\":\"https:\/\/klimavex.eu\/sk\/#organization\"},\"alternateName\":\"KLIMAVEX a.s.\",\"potentialAction\":[{\"@type\":\"SearchAction\",\"target\":{\"@type\":\"EntryPoint\",\"urlTemplate\":\"https:\/\/klimavex.eu\/sk\/?s={search_term_string}\"},\"query-input\":{\"@type\":\"PropertyValueSpecification\",\"valueRequired\":true,\"valueName\":\"search_term_string\"}}],\"inLanguage\":\"sk-SK\"},{\"@type\":\"Organization\",\"@id\":\"https:\/\/klimavex.eu\/sk\/#organization\",\"name\":\"KLIMAVEX GROUP\",\"alternateName\":\"KLIMAVEX a.s.\",\"url\":\"https:\/\/klimavex.eu\/sk\/\",\"logo\":{\"@type\":\"ImageObject\",\"inLanguage\":\"sk-SK\",\"@id\":\"https:\/\/klimavex.eu\/sk\/#\/schema\/logo\/image\/\",\"url\":\"https:\/\/klimavex.eu\/sk\/wp-content\/uploads\/2024\/04\/Klimavex-Group-logo.png\",\"contentUrl\":\"https:\/\/klimavex.eu\/sk\/wp-content\/uploads\/2024\/04\/Klimavex-Group-logo.png\",\"width\":1681,\"height\":472,\"caption\":\"KLIMAVEX GROUP\"},\"image\":{\"@id\":\"https:\/\/klimavex.eu\/sk\/#\/schema\/logo\/image\/\"},\"sameAs\":[\"https:\/\/www.facebook.com\/klimavex\",\"https:\/\/www.instagram.com\/klimavex_sk\/\"]}]}<\/script>\n<!-- \/ Yoast SEO plugin. -->","yoast_head_json":{"title":"Odvlh\u010dova\u010d Dantherm n\u00e1stenn\u00fd do priestoru 230V CD 15 - KLIMAVEX GROUP - Slovensko","robots":{"index":"index","follow":"follow","max-snippet":"max-snippet:-1","max-image-preview":"max-image-preview:large","max-video-preview":"max-video-preview:-1"},"canonical":"https:\/\/klimavex.eu\/sk\/katalog\/odvlhcovac-dantherm-cd-15\/","og_locale":"sk_SK","og_type":"article","og_title":"Odvlh\u010dova\u010d Dantherm n\u00e1stenn\u00fd do priestoru 230V CD 15 - KLIMAVEX GROUP - Slovensko","og_description":"Odvlh\u010dova\u010d Dantherm CD 15 je n&aacute;stenn&aacute; odvlh\u010dovacia jednotka, ktor&aacute; je v\u010faka kompaktn&eacute;mu dizajnu a robustnej kon&scaron;trukcii vhodn&aacute; do r&ocirc;znych priestorov, ako s&uacute; dom&aacute;cnosti, arch&iacute;vy, m&uacute;ze&aacute;, pivni\u010dn&eacute; priestory \u010di sklady. Jej obal z nehrdzavej&uacute;cej ocele zaru\u010duje dlh&uacute; \u017eivotnos\u0165 a odolnos\u0165 vo\u010di kor&oacute;zii.","og_url":"https:\/\/klimavex.eu\/sk\/katalog\/odvlhcovac-dantherm-cd-15\/","og_site_name":"KLIMAVEX GROUP - Slovensko","article_publisher":"https:\/\/www.facebook.com\/klimavex","article_modified_time":"2026-03-31T17:02:23+00:00","og_image":[{"width":512,"height":512,"url":"https:\/\/klimavex.eu\/sk\/wp-content\/uploads\/2025\/09\/9W9wj-ss-tvCvhWxqFJwjCqZo9G1KG-202XRsQcI5lo.jpeg","type":"image\/jpeg"}],"twitter_card":"summary_large_image","schema":{"@context":"https:\/\/schema.org","@graph":[{"@type":"WebPage","@id":"https:\/\/klimavex.eu\/sk\/katalog\/odvlhcovac-dantherm-cd-15\/","url":"https:\/\/klimavex.eu\/sk\/katalog\/odvlhcovac-dantherm-cd-15\/","name":"Odvlh\u010dova\u010d Dantherm n\u00e1stenn\u00fd do priestoru 230V CD 15 - KLIMAVEX GROUP - Slovensko","isPartOf":{"@id":"https:\/\/klimavex.eu\/sk\/#website"},"primaryImageOfPage":{"@id":"https:\/\/klimavex.eu\/sk\/katalog\/odvlhcovac-dantherm-cd-15\/#primaryimage"},"image":{"@id":"https:\/\/klimavex.eu\/sk\/katalog\/odvlhcovac-dantherm-cd-15\/#primaryimage"},"thumbnailUrl":"https:\/\/klimavex.eu\/sk\/wp-content\/uploads\/2025\/09\/9W9wj-ss-tvCvhWxqFJwjCqZo9G1KG-202XRsQcI5lo.jpeg","datePublished":"2026-03-31T17:02:04+00:00","dateModified":"2026-03-31T17:02:23+00:00","breadcrumb":{"@id":"https:\/\/klimavex.eu\/sk\/katalog\/odvlhcovac-dantherm-cd-15\/#breadcrumb"},"inLanguage":"sk-SK","potentialAction":[{"@type":"ReadAction","target":["https:\/\/klimavex.eu\/sk\/katalog\/odvlhcovac-dantherm-cd-15\/"]}]},{"@type":"ImageObject","inLanguage":"sk-SK","@id":"https:\/\/klimavex.eu\/sk\/katalog\/odvlhcovac-dantherm-cd-15\/#primaryimage","url":"https:\/\/klimavex.eu\/sk\/wp-content\/uploads\/2025\/09\/9W9wj-ss-tvCvhWxqFJwjCqZo9G1KG-202XRsQcI5lo.jpeg","contentUrl":"https:\/\/klimavex.eu\/sk\/wp-content\/uploads\/2025\/09\/9W9wj-ss-tvCvhWxqFJwjCqZo9G1KG-202XRsQcI5lo.jpeg","width":512,"height":512},{"@type":"BreadcrumbList","@id":"https:\/\/klimavex.eu\/sk\/katalog\/odvlhcovac-dantherm-cd-15\/#breadcrumb","itemListElement":[{"@type":"ListItem","position":1,"name":"Domovsk\u00e1 str\u00e1nka","item":"https:\/\/klimavex.eu\/sk\/"},{"@type":"ListItem","position":2,"name":"Eshop","item":"https:\/\/klimavex.eu\/sk\/eshop\/"},{"@type":"ListItem","position":3,"name":"Odvlh\u010dova\u010d Dantherm CD 15"}]},{"@type":"WebSite","@id":"https:\/\/klimavex.eu\/sk\/#website","url":"https:\/\/klimavex.eu\/sk\/","name":"KLIMAVEX GROUP - Slovensko","description":"","publisher":{"@id":"https:\/\/klimavex.eu\/sk\/#organization"},"alternateName":"KLIMAVEX a.s.","potentialAction":[{"@type":"SearchAction","target":{"@type":"EntryPoint","urlTemplate":"https:\/\/klimavex.eu\/sk\/?s={search_term_string}"},"query-input":{"@type":"PropertyValueSpecification","valueRequired":true,"valueName":"search_term_string"}}],"inLanguage":"sk-SK"},{"@type":"Organization","@id":"https:\/\/klimavex.eu\/sk\/#organization","name":"KLIMAVEX GROUP","alternateName":"KLIMAVEX a.s.","url":"https:\/\/klimavex.eu\/sk\/","logo":{"@type":"ImageObject","inLanguage":"sk-SK","@id":"https:\/\/klimavex.eu\/sk\/#\/schema\/logo\/image\/","url":"https:\/\/klimavex.eu\/sk\/wp-content\/uploads\/2024\/04\/Klimavex-Group-logo.png","contentUrl":"https:\/\/klimavex.eu\/sk\/wp-content\/uploads\/2024\/04\/Klimavex-Group-logo.png","width":1681,"height":472,"caption":"KLIMAVEX GROUP"},"image":{"@id":"https:\/\/klimavex.eu\/sk\/#\/schema\/logo\/image\/"},"sameAs":["https:\/\/www.facebook.com\/klimavex","https:\/\/www.instagram.com\/klimavex_sk\/"]}]}},"_links":{"self":[{"href":"https:\/\/klimavex.eu\/sk\/wp-json\/wp\/v2\/product\/477992","targetHints":{"allow":["GET"]}}],"collection":[{"href":"https:\/\/klimavex.eu\/sk\/wp-json\/wp\/v2\/product"}],"about":[{"href":"https:\/\/klimavex.eu\/sk\/wp-json\/wp\/v2\/types\/product"}],"version-history":[{"count":0,"href":"https:\/\/klimavex.eu\/sk\/wp-json\/wp\/v2\/product\/477992\/revisions"}],"wp:featuredmedia":[{"embeddable":true,"href":"https:\/\/klimavex.eu\/sk\/wp-json\/wp\/v2\/media\/487623"}],"wp:attachment":[{"href":"https:\/\/klimavex.eu\/sk\/wp-json\/wp\/v2\/media?parent=477992"}],"wp:term":[{"taxonomy":"product_cat","embeddable":true,"href":"https:\/\/klimavex.eu\/sk\/wp-json\/wp\/v2\/product_cat?post=477992"},{"taxonomy":"product_tag","embeddable":true,"href":"https:\/\/klimavex.eu\/sk\/wp-json\/wp\/v2\/product_tag?post=477992"}],"curies":[{"name":"wp","href":"https:\/\/api.w.org\/{rel}","templated":true}]}}