{"id":477993,"date":"2026-03-31T19:02:04","date_gmt":"2026-03-31T17:02:04","guid":{"rendered":"https:\/\/klimavex.eu\/sk\/katalog\/odvlhcovac-dantherm-cdf-40\/"},"modified":"2026-03-31T19:02:24","modified_gmt":"2026-03-31T17:02:24","slug":"odvlhcovac-dantherm-nastenny-do-priestoru-230v-cdf-40","status":"publish","type":"product","link":"https:\/\/klimavex.eu\/sk\/katalog\/odvlhcovac-dantherm-nastenny-do-priestoru-230v-cdf-40\/","title":{"rendered":"Odvlh\u010dova\u010d Dantherm n\u00e1stenn\u00fd do priestoru 230V CDF 40"},"content":{"rendered":"<p style=\"text-align:justify\"><span style=\"font-size:11pt\"><span style=\"font-family:Calibri,sans-serif\"><strong><span style=\"color:black\">K\u013e&uacute;\u010dov&eacute; vlastnosti<\/span><\/strong><\/span><\/span><\/p>\n<ul>\n<li style=\"text-align:justify\"><span style=\"font-size:11pt\"><span style=\"font-family:Calibri,sans-serif\"><span style=\"color:black\">Odvlh\u010dovac&iacute; v&yacute;kon 28,8 l\/24h (pri teplote 30&deg;C a vlhkosti 80% RH)<\/span><\/span><\/span><\/li>\n<li style=\"text-align:justify\"><span style=\"font-size:11pt\"><span style=\"font-family:Calibri,sans-serif\"><span style=\"color:black\">Prev&aacute;dzkov&yacute; teplotn&yacute; rozsah 3-32&deg;C<\/span><\/span><\/span><\/li>\n<li style=\"text-align:justify\"><span style=\"font-size:11pt\"><span style=\"font-family:Calibri,sans-serif\"><span style=\"color:black\">Vzduchov&yacute; v&yacute;kon 400 m&sup3;\/h<\/span><\/span><\/span><\/li>\n<li style=\"text-align:justify\"><span style=\"font-size:11pt\"><span style=\"font-family:Calibri,sans-serif\"><span style=\"color:black\">Ide&aacute;lne pre dlhodob&uacute; prev&aacute;dzku<\/span><\/span><\/span><\/li>\n<li style=\"text-align:justify\"><span style=\"font-size:11pt\"><span style=\"font-family:Calibri,sans-serif\"><span style=\"color:black\">Jednoduch&eacute; nastavenie a ovl&aacute;danie<\/span><\/span><\/span><\/li>\n<li style=\"text-align:justify\"><span style=\"font-size:11pt\"><span style=\"font-family:Calibri,sans-serif\"><span style=\"color:black\">Zabudovan&yacute; hygrostat, termostat, radi&aacute;lny ventil&aacute;tor<\/span><\/span><\/span><\/li>\n<li style=\"text-align:justify\"><span style=\"font-size:11pt\"><span style=\"font-family:Calibri,sans-serif\"><span style=\"color:black\">Volite\u013en&eacute; bezdr&ocirc;tov&eacute; ovl&aacute;danie<\/span><\/span><\/span><\/li>\n<li style=\"text-align:justify\"><span style=\"font-size:11pt\"><span style=\"font-family:Calibri,sans-serif\"><span style=\"color:black\">V&yacute;menn&iacute;ky o&scaron;etren&eacute; epoxidov&yacute;m n&aacute;terom<\/span><\/span><\/span><\/li>\n<li style=\"text-align:justify\"><span style=\"font-size:11pt\"><span style=\"font-family:Calibri,sans-serif\"><span style=\"color:black\">Trieda odolnosti vo\u010di kor&oacute;zii C4<\/span><\/span><\/span><\/li>\n<li style=\"text-align:justify\"><span style=\"font-size:11pt\"><span style=\"font-family:Calibri,sans-serif\"><span style=\"color:black\">Servisn&yacute; ventil na chladiacom okruhu<\/span><\/span><\/span><\/li>\n<li style=\"text-align:justify\"><span style=\"font-size:11pt\"><span style=\"font-family:Calibri,sans-serif\"><span style=\"color:black\">Kompatibilita s BMS (ModBus) a USB pripojenie pre PC diagnostiku<\/span><\/span><\/span><\/li>\n<li style=\"text-align:justify\"><span style=\"font-size:11pt\"><span style=\"font-family:Calibri,sans-serif\"><span style=\"color:black\">V&yacute;stup pre gener&aacute;lny alarm<\/span><\/span><\/span><\/li>\n<li style=\"text-align:justify\"><span style=\"font-size:11pt\"><span style=\"font-family:Calibri,sans-serif\"><span style=\"color:black\">Zabudovan&yacute; filter na sanie (G3)<\/span><\/span><\/span><\/li>\n<li style=\"text-align:justify\"><span style=\"font-size:11pt\"><span style=\"font-family:Calibri,sans-serif\"><span style=\"color:black\">Krytie IPX4<\/span><\/span><\/span><\/li>\n<li style=\"text-align:justify\"><span style=\"font-size:11pt\"><span style=\"font-family:Calibri,sans-serif\"><span style=\"color:black\">3\/4&rdquo; konektor na pripojenie hadice na odvod kondenz&aacute;tu<\/span><\/span><\/span><\/li>\n<li style=\"text-align:justify\"><span style=\"font-size:11pt\"><span style=\"font-family:Calibri,sans-serif\"><span style=\"color:black\">El. nap&aacute;janie 1x230V\/50Hz<\/span><\/span><\/span><\/li>\n<\/ul>\n<p style=\"text-align:justify\"><span style=\"font-size:11pt\"><span style=\"font-family:Calibri,sans-serif\"><strong><span style=\"color:black\">Pr&iacute;slu&scaron;enstvo<\/span><\/strong><\/span><\/span><\/p>\n<ul>\n<li style=\"text-align:justify\"><span style=\"font-size:11pt\"><span style=\"font-family:Calibri,sans-serif\"><span style=\"color:black\">Dia\u013ekov&yacute; bezdr&ocirc;tov&yacute; ovl&aacute;da\u010d DRC1<\/span><\/span><\/span><\/li>\n<li style=\"text-align:justify\"><span style=\"font-size:11pt\"><span style=\"font-family:Calibri,sans-serif\"><span style=\"color:black\">S&uacute;prava na uchytenie na podlahu<\/span><\/span><\/span><\/li>\n<li style=\"text-align:justify\"><span style=\"font-size:11pt\"><span style=\"font-family:Calibri,sans-serif\"><span style=\"color:black\">Vykurovac&iacute; vodn&yacute; v&yacute;menn&iacute;k<\/span><\/span><\/span><\/li>\n<li style=\"text-align:justify\"><span style=\"font-size:11pt\"><span style=\"font-family:Calibri,sans-serif\"><span style=\"color:black\">Elektrick&yacute; ohrev<\/span><\/span><\/span><\/li>\n<li style=\"text-align:justify\"><span style=\"font-size:11pt\"><span style=\"font-family:Calibri,sans-serif\"><span style=\"color:black\">Axi&aacute;lny ods&aacute;vac&iacute; ventil&aacute;tor<\/span><\/span><\/span><\/li>\n<li style=\"text-align:justify\"><span style=\"font-size:11pt\"><span style=\"font-family:Calibri,sans-serif\"><span style=\"color:black\">2cestn&yacute; ventil s pohonom pre vykurovac&iacute; vodn&yacute; v&yacute;menn&iacute;k<\/span><\/span><\/span><\/li>\n<\/ul>\n","protected":false},"excerpt":{"rendered":"<p style=\"text-align:justify\"><span style=\"font-size:11pt\"><span style=\"font-family:Calibri,sans-serif\"><span style=\"color:black\">Odvlh\u010dova\u010d <strong>Dantherm CDF 40<\/strong> je v&yacute;konn&yacute; <strong>n&aacute;stenn&yacute; odvlh\u010dova\u010d<\/strong>, ktor&yacute; je efekt&iacute;vnym rie&scaron;en&iacute;m na ochranu majetku pred po&scaron;koden&iacute;m alebo zni\u010den&iacute;m vlhkos\u0165ou. Je vhodn&yacute; na &uacute;pravu vlhkosti <strong>v skladoch, pivniciach, arch&iacute;voch, historick&yacute;ch budov&aacute;ch<\/strong> alebo priestoroch, kde je pravdepodobn&yacute; kontakt s vodou alebo zv&yacute;&scaron;enou vlhkos\u0165ou a nebezpe\u010denstvom tvorby plesn&iacute; a kor&oacute;zie.<\/span><\/span><\/span><\/p>\n","protected":false},"featured_media":487625,"template":"","meta":[],"product_cat":[2614,2609],"product_tag":[],"class_list":{"0":"post-477993","1":"product","2":"type-product","3":"status-publish","4":"has-post-thumbnail","6":"product_cat-nastenne-komercne-odvlhcovace","7":"product_cat-odvlhcovace","8":"pa_odvlhcovaci-vykon-pri-30c-6749","9":"pa_prevadzkovy-rozsah-teplota-c-3c-32c","10":"pa_prevedenie-nastenny-komercny","11":"pa_typ-cdf","12":"pa_vzduchovy-vykon-qv-m3-4171","13":"pa_znacka-dantherm","15":"first","16":"instock","17":"taxable","18":"shipping-taxable","19":"purchasable","20":"product-type-simple"},"yoast_head":"<!-- This site is optimized with the Yoast SEO plugin v23.9 - https:\/\/yoast.com\/wordpress\/plugins\/seo\/ -->\n<title>Odvlh\u010dova\u010d Dantherm n\u00e1stenn\u00fd do priestoru 230V CDF 40 - KLIMAVEX GROUP - Slovensko<\/title>\n<meta name=\"robots\" content=\"index, follow, max-snippet:-1, max-image-preview:large, max-video-preview:-1\" \/>\n<link rel=\"canonical\" href=\"https:\/\/klimavex.eu\/sk\/katalog\/odvlhcovac-dantherm-cdf-40\/\" \/>\n<meta property=\"og:locale\" content=\"sk_SK\" \/>\n<meta property=\"og:type\" content=\"article\" \/>\n<meta property=\"og:title\" content=\"Odvlh\u010dova\u010d Dantherm n\u00e1stenn\u00fd do priestoru 230V CDF 40 - KLIMAVEX GROUP - Slovensko\" \/>\n<meta property=\"og:description\" content=\"Odvlh\u010dova\u010d Dantherm CDF 40 je v&yacute;konn&yacute; n&aacute;stenn&yacute; odvlh\u010dova\u010d, ktor&yacute; je efekt&iacute;vnym rie&scaron;en&iacute;m na ochranu majetku pred po&scaron;koden&iacute;m alebo zni\u010den&iacute;m vlhkos\u0165ou. Je vhodn&yacute; na &uacute;pravu vlhkosti v skladoch, pivniciach, arch&iacute;voch, historick&yacute;ch budov&aacute;ch alebo priestoroch, kde je pravdepodobn&yacute; kontakt s vodou alebo zv&yacute;&scaron;enou vlhkos\u0165ou a nebezpe\u010denstvom tvorby plesn&iacute; a kor&oacute;zie.\" \/>\n<meta property=\"og:url\" content=\"https:\/\/klimavex.eu\/sk\/katalog\/odvlhcovac-dantherm-cdf-40\/\" \/>\n<meta property=\"og:site_name\" content=\"KLIMAVEX GROUP - Slovensko\" \/>\n<meta property=\"article:publisher\" content=\"https:\/\/www.facebook.com\/klimavex\" \/>\n<meta property=\"article:modified_time\" content=\"2026-03-31T17:02:24+00:00\" \/>\n<meta property=\"og:image\" content=\"https:\/\/klimavex.eu\/sk\/wp-content\/uploads\/2024\/02\/LOGO-KLIMAVEX-modra-kostka-1.png\" \/>\n\t<meta property=\"og:image:width\" content=\"9184\" \/>\n\t<meta property=\"og:image:height\" content=\"9184\" \/>\n\t<meta property=\"og:image:type\" content=\"image\/png\" \/>\n<meta name=\"twitter:card\" content=\"summary_large_image\" \/>\n<meta name=\"twitter:label1\" content=\"Predpokladan\u00fd \u010das \u010d\u00edtania\" \/>\n\t<meta name=\"twitter:data1\" content=\"1 min\u00fata\" \/>\n<script type=\"application\/ld+json\" class=\"yoast-schema-graph\">{\"@context\":\"https:\/\/schema.org\",\"@graph\":[{\"@type\":\"WebPage\",\"@id\":\"https:\/\/klimavex.eu\/sk\/katalog\/odvlhcovac-dantherm-cdf-40\/\",\"url\":\"https:\/\/klimavex.eu\/sk\/katalog\/odvlhcovac-dantherm-cdf-40\/\",\"name\":\"Odvlh\u010dova\u010d Dantherm n\u00e1stenn\u00fd do priestoru 230V CDF 40 - KLIMAVEX GROUP - Slovensko\",\"isPartOf\":{\"@id\":\"https:\/\/klimavex.eu\/sk\/#website\"},\"primaryImageOfPage\":{\"@id\":\"https:\/\/klimavex.eu\/sk\/katalog\/odvlhcovac-dantherm-cdf-40\/#primaryimage\"},\"image\":{\"@id\":\"https:\/\/klimavex.eu\/sk\/katalog\/odvlhcovac-dantherm-cdf-40\/#primaryimage\"},\"thumbnailUrl\":\"https:\/\/klimavex.eu\/sk\/wp-content\/uploads\/2025\/09\/Fpt36Kaa9ud9bYvNokUZvOHfFqrJo39SYokJQ6RpSCk-2.jpeg\",\"datePublished\":\"2026-03-31T17:02:04+00:00\",\"dateModified\":\"2026-03-31T17:02:24+00:00\",\"breadcrumb\":{\"@id\":\"https:\/\/klimavex.eu\/sk\/katalog\/odvlhcovac-dantherm-cdf-40\/#breadcrumb\"},\"inLanguage\":\"sk-SK\",\"potentialAction\":[{\"@type\":\"ReadAction\",\"target\":[\"https:\/\/klimavex.eu\/sk\/katalog\/odvlhcovac-dantherm-cdf-40\/\"]}]},{\"@type\":\"ImageObject\",\"inLanguage\":\"sk-SK\",\"@id\":\"https:\/\/klimavex.eu\/sk\/katalog\/odvlhcovac-dantherm-cdf-40\/#primaryimage\",\"url\":\"https:\/\/klimavex.eu\/sk\/wp-content\/uploads\/2025\/09\/Fpt36Kaa9ud9bYvNokUZvOHfFqrJo39SYokJQ6RpSCk-2.jpeg\",\"contentUrl\":\"https:\/\/klimavex.eu\/sk\/wp-content\/uploads\/2025\/09\/Fpt36Kaa9ud9bYvNokUZvOHfFqrJo39SYokJQ6RpSCk-2.jpeg\",\"width\":330,\"height\":268},{\"@type\":\"BreadcrumbList\",\"@id\":\"https:\/\/klimavex.eu\/sk\/katalog\/odvlhcovac-dantherm-cdf-40\/#breadcrumb\",\"itemListElement\":[{\"@type\":\"ListItem\",\"position\":1,\"name\":\"Domovsk\u00e1 str\u00e1nka\",\"item\":\"https:\/\/klimavex.eu\/sk\/\"},{\"@type\":\"ListItem\",\"position\":2,\"name\":\"Eshop\",\"item\":\"https:\/\/klimavex.eu\/sk\/eshop\/\"},{\"@type\":\"ListItem\",\"position\":3,\"name\":\"Odvlh\u010dova\u010d Dantherm CDF 40\"}]},{\"@type\":\"WebSite\",\"@id\":\"https:\/\/klimavex.eu\/sk\/#website\",\"url\":\"https:\/\/klimavex.eu\/sk\/\",\"name\":\"KLIMAVEX GROUP - Slovensko\",\"description\":\"\",\"publisher\":{\"@id\":\"https:\/\/klimavex.eu\/sk\/#organization\"},\"alternateName\":\"KLIMAVEX a.s.\",\"potentialAction\":[{\"@type\":\"SearchAction\",\"target\":{\"@type\":\"EntryPoint\",\"urlTemplate\":\"https:\/\/klimavex.eu\/sk\/?s={search_term_string}\"},\"query-input\":{\"@type\":\"PropertyValueSpecification\",\"valueRequired\":true,\"valueName\":\"search_term_string\"}}],\"inLanguage\":\"sk-SK\"},{\"@type\":\"Organization\",\"@id\":\"https:\/\/klimavex.eu\/sk\/#organization\",\"name\":\"KLIMAVEX GROUP\",\"alternateName\":\"KLIMAVEX a.s.\",\"url\":\"https:\/\/klimavex.eu\/sk\/\",\"logo\":{\"@type\":\"ImageObject\",\"inLanguage\":\"sk-SK\",\"@id\":\"https:\/\/klimavex.eu\/sk\/#\/schema\/logo\/image\/\",\"url\":\"https:\/\/klimavex.eu\/sk\/wp-content\/uploads\/2024\/04\/Klimavex-Group-logo.png\",\"contentUrl\":\"https:\/\/klimavex.eu\/sk\/wp-content\/uploads\/2024\/04\/Klimavex-Group-logo.png\",\"width\":1681,\"height\":472,\"caption\":\"KLIMAVEX GROUP\"},\"image\":{\"@id\":\"https:\/\/klimavex.eu\/sk\/#\/schema\/logo\/image\/\"},\"sameAs\":[\"https:\/\/www.facebook.com\/klimavex\",\"https:\/\/www.instagram.com\/klimavex_sk\/\"]}]}<\/script>\n<!-- \/ Yoast SEO plugin. -->","yoast_head_json":{"title":"Odvlh\u010dova\u010d Dantherm n\u00e1stenn\u00fd do priestoru 230V CDF 40 - KLIMAVEX GROUP - Slovensko","robots":{"index":"index","follow":"follow","max-snippet":"max-snippet:-1","max-image-preview":"max-image-preview:large","max-video-preview":"max-video-preview:-1"},"canonical":"https:\/\/klimavex.eu\/sk\/katalog\/odvlhcovac-dantherm-cdf-40\/","og_locale":"sk_SK","og_type":"article","og_title":"Odvlh\u010dova\u010d Dantherm n\u00e1stenn\u00fd do priestoru 230V CDF 40 - KLIMAVEX GROUP - Slovensko","og_description":"Odvlh\u010dova\u010d Dantherm CDF 40 je v&yacute;konn&yacute; n&aacute;stenn&yacute; odvlh\u010dova\u010d, ktor&yacute; je efekt&iacute;vnym rie&scaron;en&iacute;m na ochranu majetku pred po&scaron;koden&iacute;m alebo zni\u010den&iacute;m vlhkos\u0165ou. Je vhodn&yacute; na &uacute;pravu vlhkosti v skladoch, pivniciach, arch&iacute;voch, historick&yacute;ch budov&aacute;ch alebo priestoroch, kde je pravdepodobn&yacute; kontakt s vodou alebo zv&yacute;&scaron;enou vlhkos\u0165ou a nebezpe\u010denstvom tvorby plesn&iacute; a kor&oacute;zie.","og_url":"https:\/\/klimavex.eu\/sk\/katalog\/odvlhcovac-dantherm-cdf-40\/","og_site_name":"KLIMAVEX GROUP - Slovensko","article_publisher":"https:\/\/www.facebook.com\/klimavex","article_modified_time":"2026-03-31T17:02:24+00:00","og_image":[{"width":9184,"height":9184,"url":"https:\/\/klimavex.eu\/sk\/wp-content\/uploads\/2024\/02\/LOGO-KLIMAVEX-modra-kostka-1.png","type":"image\/png"}],"twitter_card":"summary_large_image","twitter_misc":{"Predpokladan\u00fd \u010das \u010d\u00edtania":"1 min\u00fata"},"schema":{"@context":"https:\/\/schema.org","@graph":[{"@type":"WebPage","@id":"https:\/\/klimavex.eu\/sk\/katalog\/odvlhcovac-dantherm-cdf-40\/","url":"https:\/\/klimavex.eu\/sk\/katalog\/odvlhcovac-dantherm-cdf-40\/","name":"Odvlh\u010dova\u010d Dantherm n\u00e1stenn\u00fd do priestoru 230V CDF 40 - KLIMAVEX GROUP - Slovensko","isPartOf":{"@id":"https:\/\/klimavex.eu\/sk\/#website"},"primaryImageOfPage":{"@id":"https:\/\/klimavex.eu\/sk\/katalog\/odvlhcovac-dantherm-cdf-40\/#primaryimage"},"image":{"@id":"https:\/\/klimavex.eu\/sk\/katalog\/odvlhcovac-dantherm-cdf-40\/#primaryimage"},"thumbnailUrl":"https:\/\/klimavex.eu\/sk\/wp-content\/uploads\/2025\/09\/Fpt36Kaa9ud9bYvNokUZvOHfFqrJo39SYokJQ6RpSCk-2.jpeg","datePublished":"2026-03-31T17:02:04+00:00","dateModified":"2026-03-31T17:02:24+00:00","breadcrumb":{"@id":"https:\/\/klimavex.eu\/sk\/katalog\/odvlhcovac-dantherm-cdf-40\/#breadcrumb"},"inLanguage":"sk-SK","potentialAction":[{"@type":"ReadAction","target":["https:\/\/klimavex.eu\/sk\/katalog\/odvlhcovac-dantherm-cdf-40\/"]}]},{"@type":"ImageObject","inLanguage":"sk-SK","@id":"https:\/\/klimavex.eu\/sk\/katalog\/odvlhcovac-dantherm-cdf-40\/#primaryimage","url":"https:\/\/klimavex.eu\/sk\/wp-content\/uploads\/2025\/09\/Fpt36Kaa9ud9bYvNokUZvOHfFqrJo39SYokJQ6RpSCk-2.jpeg","contentUrl":"https:\/\/klimavex.eu\/sk\/wp-content\/uploads\/2025\/09\/Fpt36Kaa9ud9bYvNokUZvOHfFqrJo39SYokJQ6RpSCk-2.jpeg","width":330,"height":268},{"@type":"BreadcrumbList","@id":"https:\/\/klimavex.eu\/sk\/katalog\/odvlhcovac-dantherm-cdf-40\/#breadcrumb","itemListElement":[{"@type":"ListItem","position":1,"name":"Domovsk\u00e1 str\u00e1nka","item":"https:\/\/klimavex.eu\/sk\/"},{"@type":"ListItem","position":2,"name":"Eshop","item":"https:\/\/klimavex.eu\/sk\/eshop\/"},{"@type":"ListItem","position":3,"name":"Odvlh\u010dova\u010d Dantherm CDF 40"}]},{"@type":"WebSite","@id":"https:\/\/klimavex.eu\/sk\/#website","url":"https:\/\/klimavex.eu\/sk\/","name":"KLIMAVEX GROUP - Slovensko","description":"","publisher":{"@id":"https:\/\/klimavex.eu\/sk\/#organization"},"alternateName":"KLIMAVEX a.s.","potentialAction":[{"@type":"SearchAction","target":{"@type":"EntryPoint","urlTemplate":"https:\/\/klimavex.eu\/sk\/?s={search_term_string}"},"query-input":{"@type":"PropertyValueSpecification","valueRequired":true,"valueName":"search_term_string"}}],"inLanguage":"sk-SK"},{"@type":"Organization","@id":"https:\/\/klimavex.eu\/sk\/#organization","name":"KLIMAVEX GROUP","alternateName":"KLIMAVEX a.s.","url":"https:\/\/klimavex.eu\/sk\/","logo":{"@type":"ImageObject","inLanguage":"sk-SK","@id":"https:\/\/klimavex.eu\/sk\/#\/schema\/logo\/image\/","url":"https:\/\/klimavex.eu\/sk\/wp-content\/uploads\/2024\/04\/Klimavex-Group-logo.png","contentUrl":"https:\/\/klimavex.eu\/sk\/wp-content\/uploads\/2024\/04\/Klimavex-Group-logo.png","width":1681,"height":472,"caption":"KLIMAVEX GROUP"},"image":{"@id":"https:\/\/klimavex.eu\/sk\/#\/schema\/logo\/image\/"},"sameAs":["https:\/\/www.facebook.com\/klimavex","https:\/\/www.instagram.com\/klimavex_sk\/"]}]}},"_links":{"self":[{"href":"https:\/\/klimavex.eu\/sk\/wp-json\/wp\/v2\/product\/477993","targetHints":{"allow":["GET"]}}],"collection":[{"href":"https:\/\/klimavex.eu\/sk\/wp-json\/wp\/v2\/product"}],"about":[{"href":"https:\/\/klimavex.eu\/sk\/wp-json\/wp\/v2\/types\/product"}],"version-history":[{"count":0,"href":"https:\/\/klimavex.eu\/sk\/wp-json\/wp\/v2\/product\/477993\/revisions"}],"wp:featuredmedia":[{"embeddable":true,"href":"https:\/\/klimavex.eu\/sk\/wp-json\/wp\/v2\/media\/487625"}],"wp:attachment":[{"href":"https:\/\/klimavex.eu\/sk\/wp-json\/wp\/v2\/media?parent=477993"}],"wp:term":[{"taxonomy":"product_cat","embeddable":true,"href":"https:\/\/klimavex.eu\/sk\/wp-json\/wp\/v2\/product_cat?post=477993"},{"taxonomy":"product_tag","embeddable":true,"href":"https:\/\/klimavex.eu\/sk\/wp-json\/wp\/v2\/product_tag?post=477993"}],"curies":[{"name":"wp","href":"https:\/\/api.w.org\/{rel}","templated":true}]}}