{"id":478012,"date":"2026-03-31T19:02:04","date_gmt":"2026-03-31T17:02:04","guid":{"rendered":"https:\/\/klimavex.eu\/sk\/katalog\/rekuperacna-jednotka-dantherm-hcc-360-e1-enthalpy\/"},"modified":"2026-03-31T19:02:54","modified_gmt":"2026-03-31T17:02:54","slug":"rekuperacna-jednotka-dantherm-hcc-360-e1","status":"publish","type":"product","link":"https:\/\/klimavex.eu\/sk\/katalog\/rekuperacna-jednotka-dantherm-hcc-360-e1\/","title":{"rendered":"Rekupera\u010dn\u00e1 jednotka Dantherm HCC 360 E1"},"content":{"rendered":"<p style=\"text-align:justify\"><span style=\"font-size:11pt\"><span style=\"font-family:Calibri,sans-serif\"><strong><span style=\"color:black\">K\u013e&uacute;\u010dov&eacute; vlastnosti<\/span><\/strong><\/span><\/span><\/p>\n<ul>\n<li style=\"text-align:justify\"><span style=\"font-size:11pt\"><span style=\"font-family:Calibri,sans-serif\"><span style=\"color:black\">Vzduchov&yacute; v&yacute;kon<\/span><\/span><\/span>\n<ul style=\"list-style-type:circle\">\n<li style=\"text-align:justify\"><span style=\"font-size:11pt\"><span style=\"font-family:Calibri,sans-serif\"><span style=\"color:black\">Prev&aacute;dzkov&yacute; rozsah 50 a\u017e 360 m<sup>3<\/sup>\/h<\/span><\/span><\/span><\/li>\n<li style=\"text-align:justify\"><span style=\"font-size:11pt\"><span style=\"font-family:Calibri,sans-serif\"><span style=\"color:black\">Max 360 m<sup>3<\/sup>\/h pri 100 Pa<\/span><\/span><\/span><\/li>\n<\/ul>\n<\/li>\n<li style=\"text-align:justify\"><span style=\"font-size:11pt\"><span style=\"font-family:Calibri,sans-serif\"><span style=\"color:black\">Protipr&uacute;dov&yacute; entalpick&yacute; v&yacute;menn&iacute;k<\/span><\/span><\/span><\/li>\n<li style=\"text-align:justify\"><span style=\"font-size:11pt\"><span style=\"font-family:Calibri,sans-serif\"><span style=\"color:black\">Mo\u017eno podstropn&aacute; skryt&aacute; in&scaron;tal&aacute;cia<\/span><\/span><\/span><\/li>\n<li style=\"text-align:justify\"><span style=\"font-size:11pt\"><span style=\"font-family:Calibri,sans-serif\"><span style=\"color:black\">EC motory ventil&aacute;torov s n&iacute;zkou spotrebou energie (n&iacute;zke SPI)<\/span><\/span><\/span><\/li>\n<li style=\"text-align:justify\"><span style=\"font-size:11pt\"><span style=\"font-family:Calibri,sans-serif\"><span style=\"color:black\">Pripojenie potrubia &ndash; 2x &Oslash;125mm na oboch koncoch<\/span><\/span><\/span><\/li>\n<li style=\"text-align:justify\"><span style=\"font-size:11pt\"><span style=\"font-family:Calibri,sans-serif\"><span style=\"color:black\">Obsahuje vzduchov&eacute; filtre G4 50mm (\u010derstv&yacute; aj odvodn&yacute; vzduch)<\/span><\/span><\/span><\/li>\n<li style=\"text-align:justify\"><span style=\"font-size:11pt\"><span style=\"font-family:Calibri,sans-serif\"><span style=\"color:black\">Zabudovan&yacute; sn&iacute;ma\u010d vlhkosti RH<\/span><\/span><\/span><\/li>\n<li style=\"text-align:justify\"><span style=\"font-size:11pt\"><span style=\"font-family:Calibri,sans-serif\"><span style=\"color:black\">Nezah\u0155\u0148a ovl&aacute;danie (potrebn&eacute; objedna\u0165 ovl&aacute;da\u010d)<\/span><\/span><\/span><\/li>\n<li style=\"text-align:justify\"><span style=\"font-size:11pt\"><span style=\"font-family:Calibri,sans-serif\"><span style=\"color:black\">Vysoko &uacute;\u010dinn&aacute; rekuper&aacute;cia tepla (a\u017e 85%)<\/span><\/span><\/span><\/li>\n<li style=\"text-align:justify\"><span style=\"font-size:11pt\"><span style=\"font-family:Calibri,sans-serif\"><span style=\"color:black\">V&yacute;&scaron;ka jednotky iba 300mm<\/span><\/span><\/span><\/li>\n<li style=\"text-align:justify\"><span style=\"font-size:11pt\"><span style=\"font-family:Calibri,sans-serif\"><span style=\"color:black\">\u010casovo riaden&aacute; &uacute;rove\u0148 ventil&aacute;cie, zalo\u017een&aacute; na 11 r&ocirc;znych prednastaven&yacute;ch t&yacute;\u017edenn&yacute;ch programoch, zni\u017euje spotrebu energie v obdobiach s n&iacute;zkymi n&aacute;rokmi na ventil&aacute;ciu<\/span><\/span><\/span><\/li>\n<li style=\"text-align:justify\"><span style=\"font-size:11pt\"><span style=\"font-family:Calibri,sans-serif\"><span style=\"color:black\">Re\u017eim letn&eacute; chladenie<\/span><\/span><\/span><\/li>\n<li style=\"text-align:justify\"><span style=\"font-size:11pt\"><span style=\"font-family:Calibri,sans-serif\"><span style=\"color:black\">Re\u017eim krbu, vytv&aacute;raj&uacute;ci moment&aacute;lny vn&uacute;torn&yacute; pretlak, na zlep&scaron;enie funk\u010dnosti kom&iacute;na<\/span><\/span><\/span><\/li>\n<li style=\"text-align:justify\"><span style=\"font-size:11pt\"><span style=\"font-family:Calibri,sans-serif\"><span style=\"color:black\">Elektronick&eacute; prep&iacute;nanie smeru ventil&aacute;tora v\u013eavo\/vpravo, \u010do umo\u017e\u0148uje rovnak&eacute;mu typu jednotky prisp&ocirc;sobi\u0165 ak&eacute;ko\u013evek fyzick&eacute; po\u017eiadavky na in&scaron;tal&aacute;ciu, bez oh\u013eadu na v&yacute;ber stropu a steny<\/span><\/span><\/span><\/li>\n<li style=\"text-align:justify\"><span style=\"font-size:11pt\"><span style=\"font-family:Calibri,sans-serif\"><span style=\"color:black\">TCP\/IP ModBus pripojenie, pre spolupr&aacute;cu s Building Management System<\/span><\/span><\/span><\/li>\n<li style=\"text-align:justify\"><span style=\"font-size:11pt\"><span style=\"font-family:Calibri,sans-serif\"><span style=\"color:black\">Elektrick&eacute; pr&iacute;pojky je mo\u017en&eacute; pripoji\u0165 z\u013eava alebo sprava<\/span><\/span><\/span><\/li>\n<\/ul>\n<p style=\"text-align:justify\"><span style=\"font-size:11pt\"><span style=\"font-family:Calibri,sans-serif\"><strong><span style=\"color:black\">Odpor&uacute;\u010dan&eacute; pr&iacute;slu&scaron;enstvo<\/span><\/strong><\/span><\/span><\/p>\n<ul>\n<li style=\"text-align:justify\"><span style=\"font-size:11pt\"><span style=\"font-family:Calibri,sans-serif\"><span style=\"color:black\">Sn&iacute;ma\u010d kvality vzduchu VOC, 700mm<\/span><\/span><\/span>\n<ul style=\"list-style-type:circle\">\n<li style=\"text-align:justify\"><span style=\"font-size:11pt\"><span style=\"font-family:Calibri,sans-serif\"><span style=\"color:black\">In&scaron;tal&aacute;cia do jednotky &#8211; Monitorovanie VOC (prchav&yacute;ch organick&yacute;ch l&aacute;tok) v odvodnom vzduchu a na z&aacute;klade nameran&yacute;ch hodn&ocirc;t automatick&eacute; prisp&ocirc;sobenie vzduchov&eacute;ho v&yacute;konu pre dosiahnutie \u010do najvy&scaron;&scaron;ej kvality ovdzu&scaron;ia.<\/span><\/span><\/span><\/li>\n<\/ul>\n<\/li>\n<li style=\"text-align:justify\"><span style=\"font-size:11pt\"><span style=\"font-family:Calibri,sans-serif\"><span style=\"color:black\">Potrubn&yacute; elektrick&yacute; predohrev, &Oslash;125mm, 900W<\/span><\/span><\/span>\n<ul style=\"list-style-type:circle\">\n<li style=\"text-align:justify\"><span style=\"font-size:11pt\"><span style=\"font-family:Calibri,sans-serif\"><span style=\"color:black\">In&scaron;tal&aacute;cia do potrubia &ndash; ohrev nas&aacute;van&eacute;ho vzduchu, na zaistenie vyv&aacute;\u017een&eacute;ho a spo\u013eahliv&eacute;ho rie&scaron;enia pri n&iacute;zkych vonkaj&scaron;&iacute;ch teplot&aacute;ch, ohrieva\u010d je riaden&yacute; a nap&aacute;jan&yacute; z hlavnej riadiacej dosky<\/span><\/span><\/span><\/li>\n<\/ul>\n<\/li>\n<\/ul>\n","protected":false},"excerpt":{"rendered":"<p style=\"text-align:justify\"><span style=\"font-size:11pt\"><span style=\"font-family:Calibri,sans-serif\"><strong><span style=\"color:black\">Centr&aacute;lna<\/span><\/strong><span style=\"color:black\"> rekupera\u010dn&aacute; jednotka <strong>Dantherm HCC 360 E1<\/strong> je jedine\u010dn&eacute; a flexibiln&eacute; rie&scaron;enie vetrania obytn&yacute;ch priestorov. S <strong>v&yacute;&scaron;kou iba 30 cm<\/strong> je ide&aacute;lna pre <strong>in&scaron;tal&aacute;ciu do podh\u013eadov alebo na stenu<\/strong>, dokonca aj skryt&uacute; v skrini. Jednotka je elektronicky <strong>reverzibiln&aacute;<\/strong>. To umo\u017e\u0148uje namontova\u0165 rovnak&yacute; typ jednotky s vn&uacute;torn&yacute;m\/vonkaj&scaron;&iacute;m potrub&iacute;m pripojen&yacute;m na prav&uacute; alebo \u013eav&uacute; stranu jednotky. Elektrick&eacute; pr&iacute;pojky je mo\u017en&eacute; pripoji\u0165 z\u013eava alebo sprava.<\/span><\/span><\/span><\/p>\n","protected":false},"featured_media":487679,"template":"","meta":[],"product_cat":[1182,1200,1206,1171],"product_tag":[],"class_list":{"0":"post-478012","1":"product","2":"type-product","3":"status-publish","4":"has-post-thumbnail","6":"product_cat-centralna-rekuperacia","7":"product_cat-stropne-prevedenie","8":"product_cat-hcc","9":"product_cat-rekuperacne-jednotky","10":"pa_app-wifi-ano-lokalne","11":"pa_bms-modbus-ano","12":"pa_bypass-ano","13":"pa_el-prik-w-b-ohr-s-ohr-161-1061","14":"pa_filtracia-g4-g4","15":"pa_prevedenie-centralne","16":"pa_prie-nap-vent-mm-4069","17":"pa_snimac-vlhkosti-hcs-ano","18":"pa_snimac-voc-volitelne","19":"pa_typ-stropne","20":"pa_ucinnost-rekuperacie-4174","21":"pa_vzduchovy-vykon-qv-m3-360-m3-h-100pa","22":"pa_znacka-dantherm","24":"first","25":"instock","26":"taxable","27":"shipping-taxable","28":"purchasable","29":"product-type-simple"},"yoast_head":"<!-- This site is optimized with the Yoast SEO plugin v23.9 - https:\/\/yoast.com\/wordpress\/plugins\/seo\/ -->\n<title>Rekupera\u010dn\u00e1 jednotka Dantherm HCC 360 E1 - KLIMAVEX GROUP - Slovensko<\/title>\n<meta name=\"robots\" content=\"index, follow, max-snippet:-1, max-image-preview:large, max-video-preview:-1\" \/>\n<link rel=\"canonical\" href=\"https:\/\/klimavex.eu\/sk\/katalog\/rekuperacna-jednotka-dantherm-hcc-360-e1-enthalpy\/\" \/>\n<meta property=\"og:locale\" content=\"sk_SK\" \/>\n<meta property=\"og:type\" content=\"article\" \/>\n<meta property=\"og:title\" content=\"Rekupera\u010dn\u00e1 jednotka Dantherm HCC 360 E1 - KLIMAVEX GROUP - Slovensko\" \/>\n<meta property=\"og:description\" content=\"Centr&aacute;lna rekupera\u010dn&aacute; jednotka Dantherm HCC 360 E1 je jedine\u010dn&eacute; a flexibiln&eacute; rie&scaron;enie vetrania obytn&yacute;ch priestorov. S v&yacute;&scaron;kou iba 30 cm je ide&aacute;lna pre in&scaron;tal&aacute;ciu do podh\u013eadov alebo na stenu, dokonca aj skryt&uacute; v skrini. Jednotka je elektronicky reverzibiln&aacute;. To umo\u017e\u0148uje namontova\u0165 rovnak&yacute; typ jednotky s vn&uacute;torn&yacute;m\/vonkaj&scaron;&iacute;m potrub&iacute;m pripojen&yacute;m na prav&uacute; alebo \u013eav&uacute; stranu jednotky. Elektrick&eacute; pr&iacute;pojky je mo\u017en&eacute; pripoji\u0165 z\u013eava alebo sprava.\" \/>\n<meta property=\"og:url\" content=\"https:\/\/klimavex.eu\/sk\/katalog\/rekuperacna-jednotka-dantherm-hcc-360-e1-enthalpy\/\" \/>\n<meta property=\"og:site_name\" content=\"KLIMAVEX GROUP - Slovensko\" \/>\n<meta property=\"article:publisher\" content=\"https:\/\/www.facebook.com\/klimavex\" \/>\n<meta property=\"article:modified_time\" content=\"2026-03-31T17:02:54+00:00\" \/>\n<meta property=\"og:image\" content=\"https:\/\/klimavex.eu\/sk\/wp-content\/uploads\/2025\/09\/YRBIVQkZrlD-n95bo2zLKWmghxx1WH9Bhsx5OrBecR0.jpeg\" \/>\n\t<meta property=\"og:image:width\" content=\"512\" \/>\n\t<meta property=\"og:image:height\" content=\"512\" \/>\n\t<meta property=\"og:image:type\" content=\"image\/jpeg\" \/>\n<meta name=\"twitter:card\" content=\"summary_large_image\" \/>\n<meta name=\"twitter:label1\" content=\"Predpokladan\u00fd \u010das \u010d\u00edtania\" \/>\n\t<meta name=\"twitter:data1\" content=\"2 min\u00faty\" \/>\n<script type=\"application\/ld+json\" class=\"yoast-schema-graph\">{\"@context\":\"https:\/\/schema.org\",\"@graph\":[{\"@type\":\"WebPage\",\"@id\":\"https:\/\/klimavex.eu\/sk\/katalog\/rekuperacna-jednotka-dantherm-hcc-360-e1-enthalpy\/\",\"url\":\"https:\/\/klimavex.eu\/sk\/katalog\/rekuperacna-jednotka-dantherm-hcc-360-e1-enthalpy\/\",\"name\":\"Rekupera\u010dn\u00e1 jednotka Dantherm HCC 360 E1 - KLIMAVEX GROUP - Slovensko\",\"isPartOf\":{\"@id\":\"https:\/\/klimavex.eu\/sk\/#website\"},\"primaryImageOfPage\":{\"@id\":\"https:\/\/klimavex.eu\/sk\/katalog\/rekuperacna-jednotka-dantherm-hcc-360-e1-enthalpy\/#primaryimage\"},\"image\":{\"@id\":\"https:\/\/klimavex.eu\/sk\/katalog\/rekuperacna-jednotka-dantherm-hcc-360-e1-enthalpy\/#primaryimage\"},\"thumbnailUrl\":\"https:\/\/klimavex.eu\/sk\/wp-content\/uploads\/2025\/09\/YRBIVQkZrlD-n95bo2zLKWmghxx1WH9Bhsx5OrBecR0.jpeg\",\"datePublished\":\"2026-03-31T17:02:04+00:00\",\"dateModified\":\"2026-03-31T17:02:54+00:00\",\"breadcrumb\":{\"@id\":\"https:\/\/klimavex.eu\/sk\/katalog\/rekuperacna-jednotka-dantherm-hcc-360-e1-enthalpy\/#breadcrumb\"},\"inLanguage\":\"sk-SK\",\"potentialAction\":[{\"@type\":\"ReadAction\",\"target\":[\"https:\/\/klimavex.eu\/sk\/katalog\/rekuperacna-jednotka-dantherm-hcc-360-e1-enthalpy\/\"]}]},{\"@type\":\"ImageObject\",\"inLanguage\":\"sk-SK\",\"@id\":\"https:\/\/klimavex.eu\/sk\/katalog\/rekuperacna-jednotka-dantherm-hcc-360-e1-enthalpy\/#primaryimage\",\"url\":\"https:\/\/klimavex.eu\/sk\/wp-content\/uploads\/2025\/09\/YRBIVQkZrlD-n95bo2zLKWmghxx1WH9Bhsx5OrBecR0.jpeg\",\"contentUrl\":\"https:\/\/klimavex.eu\/sk\/wp-content\/uploads\/2025\/09\/YRBIVQkZrlD-n95bo2zLKWmghxx1WH9Bhsx5OrBecR0.jpeg\",\"width\":512,\"height\":512},{\"@type\":\"BreadcrumbList\",\"@id\":\"https:\/\/klimavex.eu\/sk\/katalog\/rekuperacna-jednotka-dantherm-hcc-360-e1-enthalpy\/#breadcrumb\",\"itemListElement\":[{\"@type\":\"ListItem\",\"position\":1,\"name\":\"Domovsk\u00e1 str\u00e1nka\",\"item\":\"https:\/\/klimavex.eu\/sk\/\"},{\"@type\":\"ListItem\",\"position\":2,\"name\":\"Eshop\",\"item\":\"https:\/\/klimavex.eu\/sk\/eshop\/\"},{\"@type\":\"ListItem\",\"position\":3,\"name\":\"Rekupera\u010dn\u00e1 jednotka Dantherm HCC 360 E1 (Enthalpy)\"}]},{\"@type\":\"WebSite\",\"@id\":\"https:\/\/klimavex.eu\/sk\/#website\",\"url\":\"https:\/\/klimavex.eu\/sk\/\",\"name\":\"KLIMAVEX GROUP - Slovensko\",\"description\":\"\",\"publisher\":{\"@id\":\"https:\/\/klimavex.eu\/sk\/#organization\"},\"alternateName\":\"KLIMAVEX a.s.\",\"potentialAction\":[{\"@type\":\"SearchAction\",\"target\":{\"@type\":\"EntryPoint\",\"urlTemplate\":\"https:\/\/klimavex.eu\/sk\/?s={search_term_string}\"},\"query-input\":{\"@type\":\"PropertyValueSpecification\",\"valueRequired\":true,\"valueName\":\"search_term_string\"}}],\"inLanguage\":\"sk-SK\"},{\"@type\":\"Organization\",\"@id\":\"https:\/\/klimavex.eu\/sk\/#organization\",\"name\":\"KLIMAVEX GROUP\",\"alternateName\":\"KLIMAVEX a.s.\",\"url\":\"https:\/\/klimavex.eu\/sk\/\",\"logo\":{\"@type\":\"ImageObject\",\"inLanguage\":\"sk-SK\",\"@id\":\"https:\/\/klimavex.eu\/sk\/#\/schema\/logo\/image\/\",\"url\":\"https:\/\/klimavex.eu\/sk\/wp-content\/uploads\/2024\/04\/Klimavex-Group-logo.png\",\"contentUrl\":\"https:\/\/klimavex.eu\/sk\/wp-content\/uploads\/2024\/04\/Klimavex-Group-logo.png\",\"width\":1681,\"height\":472,\"caption\":\"KLIMAVEX GROUP\"},\"image\":{\"@id\":\"https:\/\/klimavex.eu\/sk\/#\/schema\/logo\/image\/\"},\"sameAs\":[\"https:\/\/www.facebook.com\/klimavex\",\"https:\/\/www.instagram.com\/klimavex_sk\/\"]}]}<\/script>\n<!-- \/ Yoast SEO plugin. -->","yoast_head_json":{"title":"Rekupera\u010dn\u00e1 jednotka Dantherm HCC 360 E1 - KLIMAVEX GROUP - Slovensko","robots":{"index":"index","follow":"follow","max-snippet":"max-snippet:-1","max-image-preview":"max-image-preview:large","max-video-preview":"max-video-preview:-1"},"canonical":"https:\/\/klimavex.eu\/sk\/katalog\/rekuperacna-jednotka-dantherm-hcc-360-e1-enthalpy\/","og_locale":"sk_SK","og_type":"article","og_title":"Rekupera\u010dn\u00e1 jednotka Dantherm HCC 360 E1 - KLIMAVEX GROUP - Slovensko","og_description":"Centr&aacute;lna rekupera\u010dn&aacute; jednotka Dantherm HCC 360 E1 je jedine\u010dn&eacute; a flexibiln&eacute; rie&scaron;enie vetrania obytn&yacute;ch priestorov. S v&yacute;&scaron;kou iba 30 cm je ide&aacute;lna pre in&scaron;tal&aacute;ciu do podh\u013eadov alebo na stenu, dokonca aj skryt&uacute; v skrini. Jednotka je elektronicky reverzibiln&aacute;. To umo\u017e\u0148uje namontova\u0165 rovnak&yacute; typ jednotky s vn&uacute;torn&yacute;m\/vonkaj&scaron;&iacute;m potrub&iacute;m pripojen&yacute;m na prav&uacute; alebo \u013eav&uacute; stranu jednotky. Elektrick&eacute; pr&iacute;pojky je mo\u017en&eacute; pripoji\u0165 z\u013eava alebo sprava.","og_url":"https:\/\/klimavex.eu\/sk\/katalog\/rekuperacna-jednotka-dantherm-hcc-360-e1-enthalpy\/","og_site_name":"KLIMAVEX GROUP - Slovensko","article_publisher":"https:\/\/www.facebook.com\/klimavex","article_modified_time":"2026-03-31T17:02:54+00:00","og_image":[{"width":512,"height":512,"url":"https:\/\/klimavex.eu\/sk\/wp-content\/uploads\/2025\/09\/YRBIVQkZrlD-n95bo2zLKWmghxx1WH9Bhsx5OrBecR0.jpeg","type":"image\/jpeg"}],"twitter_card":"summary_large_image","twitter_misc":{"Predpokladan\u00fd \u010das \u010d\u00edtania":"2 min\u00faty"},"schema":{"@context":"https:\/\/schema.org","@graph":[{"@type":"WebPage","@id":"https:\/\/klimavex.eu\/sk\/katalog\/rekuperacna-jednotka-dantherm-hcc-360-e1-enthalpy\/","url":"https:\/\/klimavex.eu\/sk\/katalog\/rekuperacna-jednotka-dantherm-hcc-360-e1-enthalpy\/","name":"Rekupera\u010dn\u00e1 jednotka Dantherm HCC 360 E1 - KLIMAVEX GROUP - Slovensko","isPartOf":{"@id":"https:\/\/klimavex.eu\/sk\/#website"},"primaryImageOfPage":{"@id":"https:\/\/klimavex.eu\/sk\/katalog\/rekuperacna-jednotka-dantherm-hcc-360-e1-enthalpy\/#primaryimage"},"image":{"@id":"https:\/\/klimavex.eu\/sk\/katalog\/rekuperacna-jednotka-dantherm-hcc-360-e1-enthalpy\/#primaryimage"},"thumbnailUrl":"https:\/\/klimavex.eu\/sk\/wp-content\/uploads\/2025\/09\/YRBIVQkZrlD-n95bo2zLKWmghxx1WH9Bhsx5OrBecR0.jpeg","datePublished":"2026-03-31T17:02:04+00:00","dateModified":"2026-03-31T17:02:54+00:00","breadcrumb":{"@id":"https:\/\/klimavex.eu\/sk\/katalog\/rekuperacna-jednotka-dantherm-hcc-360-e1-enthalpy\/#breadcrumb"},"inLanguage":"sk-SK","potentialAction":[{"@type":"ReadAction","target":["https:\/\/klimavex.eu\/sk\/katalog\/rekuperacna-jednotka-dantherm-hcc-360-e1-enthalpy\/"]}]},{"@type":"ImageObject","inLanguage":"sk-SK","@id":"https:\/\/klimavex.eu\/sk\/katalog\/rekuperacna-jednotka-dantherm-hcc-360-e1-enthalpy\/#primaryimage","url":"https:\/\/klimavex.eu\/sk\/wp-content\/uploads\/2025\/09\/YRBIVQkZrlD-n95bo2zLKWmghxx1WH9Bhsx5OrBecR0.jpeg","contentUrl":"https:\/\/klimavex.eu\/sk\/wp-content\/uploads\/2025\/09\/YRBIVQkZrlD-n95bo2zLKWmghxx1WH9Bhsx5OrBecR0.jpeg","width":512,"height":512},{"@type":"BreadcrumbList","@id":"https:\/\/klimavex.eu\/sk\/katalog\/rekuperacna-jednotka-dantherm-hcc-360-e1-enthalpy\/#breadcrumb","itemListElement":[{"@type":"ListItem","position":1,"name":"Domovsk\u00e1 str\u00e1nka","item":"https:\/\/klimavex.eu\/sk\/"},{"@type":"ListItem","position":2,"name":"Eshop","item":"https:\/\/klimavex.eu\/sk\/eshop\/"},{"@type":"ListItem","position":3,"name":"Rekupera\u010dn\u00e1 jednotka Dantherm HCC 360 E1 (Enthalpy)"}]},{"@type":"WebSite","@id":"https:\/\/klimavex.eu\/sk\/#website","url":"https:\/\/klimavex.eu\/sk\/","name":"KLIMAVEX GROUP - Slovensko","description":"","publisher":{"@id":"https:\/\/klimavex.eu\/sk\/#organization"},"alternateName":"KLIMAVEX a.s.","potentialAction":[{"@type":"SearchAction","target":{"@type":"EntryPoint","urlTemplate":"https:\/\/klimavex.eu\/sk\/?s={search_term_string}"},"query-input":{"@type":"PropertyValueSpecification","valueRequired":true,"valueName":"search_term_string"}}],"inLanguage":"sk-SK"},{"@type":"Organization","@id":"https:\/\/klimavex.eu\/sk\/#organization","name":"KLIMAVEX GROUP","alternateName":"KLIMAVEX a.s.","url":"https:\/\/klimavex.eu\/sk\/","logo":{"@type":"ImageObject","inLanguage":"sk-SK","@id":"https:\/\/klimavex.eu\/sk\/#\/schema\/logo\/image\/","url":"https:\/\/klimavex.eu\/sk\/wp-content\/uploads\/2024\/04\/Klimavex-Group-logo.png","contentUrl":"https:\/\/klimavex.eu\/sk\/wp-content\/uploads\/2024\/04\/Klimavex-Group-logo.png","width":1681,"height":472,"caption":"KLIMAVEX GROUP"},"image":{"@id":"https:\/\/klimavex.eu\/sk\/#\/schema\/logo\/image\/"},"sameAs":["https:\/\/www.facebook.com\/klimavex","https:\/\/www.instagram.com\/klimavex_sk\/"]}]}},"_links":{"self":[{"href":"https:\/\/klimavex.eu\/sk\/wp-json\/wp\/v2\/product\/478012","targetHints":{"allow":["GET"]}}],"collection":[{"href":"https:\/\/klimavex.eu\/sk\/wp-json\/wp\/v2\/product"}],"about":[{"href":"https:\/\/klimavex.eu\/sk\/wp-json\/wp\/v2\/types\/product"}],"version-history":[{"count":0,"href":"https:\/\/klimavex.eu\/sk\/wp-json\/wp\/v2\/product\/478012\/revisions"}],"wp:featuredmedia":[{"embeddable":true,"href":"https:\/\/klimavex.eu\/sk\/wp-json\/wp\/v2\/media\/487679"}],"wp:attachment":[{"href":"https:\/\/klimavex.eu\/sk\/wp-json\/wp\/v2\/media?parent=478012"}],"wp:term":[{"taxonomy":"product_cat","embeddable":true,"href":"https:\/\/klimavex.eu\/sk\/wp-json\/wp\/v2\/product_cat?post=478012"},{"taxonomy":"product_tag","embeddable":true,"href":"https:\/\/klimavex.eu\/sk\/wp-json\/wp\/v2\/product_tag?post=478012"}],"curies":[{"name":"wp","href":"https:\/\/api.w.org\/{rel}","templated":true}]}}