{"id":478072,"date":"2026-04-02T16:09:37","date_gmt":"2026-04-02T14:09:37","guid":{"rendered":"https:\/\/klimavex.eu\/sk\/katalog\/rekuperacna-jednotka-dantherm-hch-5-mk-ii\/"},"modified":"2026-04-02T16:10:22","modified_gmt":"2026-04-02T14:10:22","slug":"rekuperacna-jednotka-dantherm-hch-5","status":"publish","type":"product","link":"https:\/\/klimavex.eu\/sk\/katalog\/rekuperacna-jednotka-dantherm-hch-5\/","title":{"rendered":"Rekupera\u010dn\u00e1 jednotka Dantherm HCH 5"},"content":{"rendered":"<p style=\"text-align:justify\"><span style=\"font-size:11pt\"><span style=\"font-family:Calibri,sans-serif\"><strong><span style=\"color:black\">K\u013e&uacute;\u010dov&eacute; vlastnosti<\/span><\/strong><\/span><\/span><\/p>\n<ul>\n<li style=\"text-align:justify\"><span style=\"font-size:11pt\"><span style=\"font-family:Calibri,sans-serif\"><span style=\"color:black\">Vzduchov&yacute; v&yacute;kon<\/span><\/span><\/span>\n<ul style=\"list-style-type:circle\">\n<li style=\"text-align:justify\"><span style=\"font-size:11pt\"><span style=\"font-family:Calibri,sans-serif\"><span style=\"color:black\">Prev&aacute;dzkov&yacute; rozsah 80 a\u017e 420 m<sup>3<\/sup>\/h<\/span><\/span><\/span><\/li>\n<li style=\"text-align:justify\"><span style=\"font-size:11pt\"><span style=\"font-family:Calibri,sans-serif\"><span style=\"color:black\">Max 350 m<sup>3<\/sup>\/h pri 100 Pa<\/span><\/span><\/span><\/li>\n<\/ul>\n<\/li>\n<li style=\"text-align:justify\"><span style=\"font-size:11pt\"><span style=\"font-family:Calibri,sans-serif\"><span style=\"color:black\">Protipr&uacute;dov&yacute; hlin&iacute;kov&yacute; v&yacute;menn&iacute;k<\/span><\/span><\/span><\/li>\n<li style=\"text-align:justify\"><span style=\"font-size:11pt\"><span style=\"font-family:Calibri,sans-serif\"><span style=\"color:black\">Horizont&aacute;lna in&scaron;tal&aacute;cia<\/span><\/span><\/span><\/li>\n<li style=\"text-align:justify\"><span style=\"font-size:11pt\"><span style=\"font-family:Calibri,sans-serif\"><span style=\"color:black\">EC motory s extr&eacute;mne n&iacute;zkou spotrebou energie (n&iacute;zke SPI)<\/span><\/span><\/span><\/li>\n<li style=\"text-align:justify\"><span style=\"font-size:11pt\"><span style=\"font-family:Calibri,sans-serif\"><span style=\"color:black\">Pripojenie potrubia &ndash; 2x &Oslash;160mm na oboch koncoch<\/span><\/span><\/span><\/li>\n<li style=\"text-align:justify\"><span style=\"font-size:11pt\"><span style=\"font-family:Calibri,sans-serif\"><span style=\"color:black\">Obsahuje vzduchov&eacute; filtre G4 50mm (\u010derstv&yacute; aj odvodn&yacute; vzduch)<\/span><\/span><\/span><\/li>\n<li style=\"text-align:justify\"><span style=\"font-size:11pt\"><span style=\"font-family:Calibri,sans-serif\"><span style=\"color:black\">Zabudovan&yacute; sn&iacute;ma\u010d vlhkosti RH<\/span><\/span><\/span><\/li>\n<li style=\"text-align:justify\"><span style=\"font-size:11pt\"><span style=\"font-family:Calibri,sans-serif\"><span style=\"color:black\">Zabudovan&yacute; ovl&aacute;dac&iacute; panel<\/span><\/span><\/span><\/li>\n<li style=\"text-align:justify\"><span style=\"font-size:11pt\"><span style=\"font-family:Calibri,sans-serif\"><span style=\"color:black\">Vysoko &uacute;\u010dinn&aacute; rekuper&aacute;cia tepla (a\u017e 94%)<\/span><\/span><\/span><\/li>\n<li style=\"text-align:justify\"><span style=\"font-size:11pt\"><span style=\"font-family:Calibri,sans-serif\"><span style=\"color:black\">Vhodn&eacute; na in&scaron;tal&aacute;ciu do nezateplen&eacute;ho podkrovia s okolitou teplotou -20&deg;C a\u017e 50&deg;C<\/span><\/span><\/span><\/li>\n<\/ul>\n","protected":false},"excerpt":{"rendered":"<p style=\"text-align:justify\"><span style=\"font-size:11pt\"><span style=\"font-family:Calibri,sans-serif\"><strong><span style=\"color:black\">Centr&aacute;lna<\/span><\/strong><span style=\"color:black\"> reziden\u010dn&aacute; rekupera\u010dn&aacute; jednotka <strong>Dantherm HCH 5<\/strong> je prim&aacute;rne ur\u010den&aacute; <strong>pre jedno \u010di dvojgenera\u010dn&eacute; domy so stropnou in&scaron;tal&aacute;ciou do podkrovia<\/strong>. Jednotka je dod&aacute;van&aacute; so vstavan&yacute;m riaden&iacute;m pod\u013ea potreby a ovl&aacute;dac&iacute;m panelom. Jednotka je vybaven&aacute; <strong>vysoko &uacute;\u010dinn&yacute;m protipr&uacute;dov&yacute;m v&yacute;menn&iacute;kom tepla<\/strong>, ktor&yacute; je optimalizovan&yacute; na ve\u013emi vysok&uacute; &uacute;rove\u0148 &uacute;\u010dinnosti a dosahuje tak ve\u013emi n&iacute;zky &scaron;pecifick&yacute; v&yacute;kon ventil&aacute;tora (hodnota SPI) pre cel&uacute; jednotku.<\/span><\/span><\/span><\/p>\n","protected":false},"featured_media":487817,"template":"","meta":[],"product_cat":[6057,6063,6056],"product_tag":[],"class_list":{"0":"post-478072","1":"product","2":"type-product","3":"status-publish","4":"has-post-thumbnail","6":"product_cat-rekuperacne-jednotky-archivovane-produkty","7":"product_cat-archivovane-produkty-rekuperacne-jednotky","8":"product_cat-archivovane-produkty","9":"pa_app-wifi-ano-lokalne","10":"pa_bms-modbus-ano","11":"pa_bypass-ano","12":"pa_el-prik-w-b-ohr-s-ohr-154-1554","13":"pa_filtracia-g4-g4","14":"pa_prevedenie-centralne","15":"pa_prie-nap-vent-mm-4078","16":"pa_snimac-vlhkosti-hcs-ano","17":"pa_snimac-voc-volitelne","18":"pa_typ-stropne","19":"pa_ucinnost-rekuperacie-4137","20":"pa_vzduchovy-vykon-qv-m3-350-m3-h-100pa","21":"pa_znacka-dantherm","23":"first","24":"outofstock","25":"taxable","26":"shipping-taxable","27":"purchasable","28":"product-type-simple"},"yoast_head":"<!-- This site is optimized with the Yoast SEO plugin v23.9 - https:\/\/yoast.com\/wordpress\/plugins\/seo\/ -->\n<title>Rekupera\u010dn\u00e1 jednotka Dantherm HCH 5 - KLIMAVEX GROUP - Slovensko<\/title>\n<meta name=\"robots\" content=\"index, follow, max-snippet:-1, max-image-preview:large, max-video-preview:-1\" \/>\n<link rel=\"canonical\" href=\"https:\/\/klimavex.eu\/sk\/katalog\/rekuperacna-jednotka-dantherm-hch-5-mk-ii\/\" \/>\n<meta property=\"og:locale\" content=\"sk_SK\" \/>\n<meta property=\"og:type\" content=\"article\" \/>\n<meta property=\"og:title\" content=\"Rekupera\u010dn\u00e1 jednotka Dantherm HCH 5 - KLIMAVEX GROUP - Slovensko\" \/>\n<meta property=\"og:description\" content=\"Centr&aacute;lna reziden\u010dn&aacute; rekupera\u010dn&aacute; jednotka Dantherm HCH 5 je prim&aacute;rne ur\u010den&aacute; pre jedno \u010di dvojgenera\u010dn&eacute; domy so stropnou in&scaron;tal&aacute;ciou do podkrovia. Jednotka je dod&aacute;van&aacute; so vstavan&yacute;m riaden&iacute;m pod\u013ea potreby a ovl&aacute;dac&iacute;m panelom. Jednotka je vybaven&aacute; vysoko &uacute;\u010dinn&yacute;m protipr&uacute;dov&yacute;m v&yacute;menn&iacute;kom tepla, ktor&yacute; je optimalizovan&yacute; na ve\u013emi vysok&uacute; &uacute;rove\u0148 &uacute;\u010dinnosti a dosahuje tak ve\u013emi n&iacute;zky &scaron;pecifick&yacute; v&yacute;kon ventil&aacute;tora (hodnota SPI) pre cel&uacute; jednotku.\" \/>\n<meta property=\"og:url\" content=\"https:\/\/klimavex.eu\/sk\/katalog\/rekuperacna-jednotka-dantherm-hch-5-mk-ii\/\" \/>\n<meta property=\"og:site_name\" content=\"KLIMAVEX GROUP - Slovensko\" \/>\n<meta property=\"article:publisher\" content=\"https:\/\/www.facebook.com\/klimavex\" \/>\n<meta property=\"article:modified_time\" content=\"2026-04-02T14:10:22+00:00\" \/>\n<meta property=\"og:image\" content=\"https:\/\/klimavex.eu\/sk\/wp-content\/uploads\/2025\/09\/m3lF_g5B7RVtIGFVyQbITJQ68sxRITr82W-O_1IrbQc.jpeg\" \/>\n\t<meta property=\"og:image:width\" content=\"512\" \/>\n\t<meta property=\"og:image:height\" content=\"512\" \/>\n\t<meta property=\"og:image:type\" content=\"image\/jpeg\" \/>\n<meta name=\"twitter:card\" content=\"summary_large_image\" \/>\n<meta name=\"twitter:label1\" content=\"Predpokladan\u00fd \u010das \u010d\u00edtania\" \/>\n\t<meta name=\"twitter:data1\" content=\"1 min\u00fata\" \/>\n<script type=\"application\/ld+json\" class=\"yoast-schema-graph\">{\"@context\":\"https:\/\/schema.org\",\"@graph\":[{\"@type\":\"WebPage\",\"@id\":\"https:\/\/klimavex.eu\/sk\/katalog\/rekuperacna-jednotka-dantherm-hch-5-mk-ii\/\",\"url\":\"https:\/\/klimavex.eu\/sk\/katalog\/rekuperacna-jednotka-dantherm-hch-5-mk-ii\/\",\"name\":\"Rekupera\u010dn\u00e1 jednotka Dantherm HCH 5 - KLIMAVEX GROUP - Slovensko\",\"isPartOf\":{\"@id\":\"https:\/\/klimavex.eu\/sk\/#website\"},\"primaryImageOfPage\":{\"@id\":\"https:\/\/klimavex.eu\/sk\/katalog\/rekuperacna-jednotka-dantherm-hch-5-mk-ii\/#primaryimage\"},\"image\":{\"@id\":\"https:\/\/klimavex.eu\/sk\/katalog\/rekuperacna-jednotka-dantherm-hch-5-mk-ii\/#primaryimage\"},\"thumbnailUrl\":\"https:\/\/klimavex.eu\/sk\/wp-content\/uploads\/2025\/09\/m3lF_g5B7RVtIGFVyQbITJQ68sxRITr82W-O_1IrbQc.jpeg\",\"datePublished\":\"2026-04-02T14:09:37+00:00\",\"dateModified\":\"2026-04-02T14:10:22+00:00\",\"breadcrumb\":{\"@id\":\"https:\/\/klimavex.eu\/sk\/katalog\/rekuperacna-jednotka-dantherm-hch-5-mk-ii\/#breadcrumb\"},\"inLanguage\":\"sk-SK\",\"potentialAction\":[{\"@type\":\"ReadAction\",\"target\":[\"https:\/\/klimavex.eu\/sk\/katalog\/rekuperacna-jednotka-dantherm-hch-5-mk-ii\/\"]}]},{\"@type\":\"ImageObject\",\"inLanguage\":\"sk-SK\",\"@id\":\"https:\/\/klimavex.eu\/sk\/katalog\/rekuperacna-jednotka-dantherm-hch-5-mk-ii\/#primaryimage\",\"url\":\"https:\/\/klimavex.eu\/sk\/wp-content\/uploads\/2025\/09\/m3lF_g5B7RVtIGFVyQbITJQ68sxRITr82W-O_1IrbQc.jpeg\",\"contentUrl\":\"https:\/\/klimavex.eu\/sk\/wp-content\/uploads\/2025\/09\/m3lF_g5B7RVtIGFVyQbITJQ68sxRITr82W-O_1IrbQc.jpeg\",\"width\":512,\"height\":512},{\"@type\":\"BreadcrumbList\",\"@id\":\"https:\/\/klimavex.eu\/sk\/katalog\/rekuperacna-jednotka-dantherm-hch-5-mk-ii\/#breadcrumb\",\"itemListElement\":[{\"@type\":\"ListItem\",\"position\":1,\"name\":\"Domovsk\u00e1 str\u00e1nka\",\"item\":\"https:\/\/klimavex.eu\/sk\/\"},{\"@type\":\"ListItem\",\"position\":2,\"name\":\"Eshop\",\"item\":\"https:\/\/klimavex.eu\/sk\/eshop\/\"},{\"@type\":\"ListItem\",\"position\":3,\"name\":\"Rekupera\u010dn\u00e1 jednotka Dantherm HCH 5 Mk II\"}]},{\"@type\":\"WebSite\",\"@id\":\"https:\/\/klimavex.eu\/sk\/#website\",\"url\":\"https:\/\/klimavex.eu\/sk\/\",\"name\":\"KLIMAVEX GROUP - Slovensko\",\"description\":\"\",\"publisher\":{\"@id\":\"https:\/\/klimavex.eu\/sk\/#organization\"},\"alternateName\":\"KLIMAVEX a.s.\",\"potentialAction\":[{\"@type\":\"SearchAction\",\"target\":{\"@type\":\"EntryPoint\",\"urlTemplate\":\"https:\/\/klimavex.eu\/sk\/?s={search_term_string}\"},\"query-input\":{\"@type\":\"PropertyValueSpecification\",\"valueRequired\":true,\"valueName\":\"search_term_string\"}}],\"inLanguage\":\"sk-SK\"},{\"@type\":\"Organization\",\"@id\":\"https:\/\/klimavex.eu\/sk\/#organization\",\"name\":\"KLIMAVEX GROUP\",\"alternateName\":\"KLIMAVEX a.s.\",\"url\":\"https:\/\/klimavex.eu\/sk\/\",\"logo\":{\"@type\":\"ImageObject\",\"inLanguage\":\"sk-SK\",\"@id\":\"https:\/\/klimavex.eu\/sk\/#\/schema\/logo\/image\/\",\"url\":\"https:\/\/klimavex.eu\/sk\/wp-content\/uploads\/2024\/04\/Klimavex-Group-logo.png\",\"contentUrl\":\"https:\/\/klimavex.eu\/sk\/wp-content\/uploads\/2024\/04\/Klimavex-Group-logo.png\",\"width\":1681,\"height\":472,\"caption\":\"KLIMAVEX GROUP\"},\"image\":{\"@id\":\"https:\/\/klimavex.eu\/sk\/#\/schema\/logo\/image\/\"},\"sameAs\":[\"https:\/\/www.facebook.com\/klimavex\",\"https:\/\/www.instagram.com\/klimavex_sk\/\"]}]}<\/script>\n<!-- \/ Yoast SEO plugin. -->","yoast_head_json":{"title":"Rekupera\u010dn\u00e1 jednotka Dantherm HCH 5 - KLIMAVEX GROUP - Slovensko","robots":{"index":"index","follow":"follow","max-snippet":"max-snippet:-1","max-image-preview":"max-image-preview:large","max-video-preview":"max-video-preview:-1"},"canonical":"https:\/\/klimavex.eu\/sk\/katalog\/rekuperacna-jednotka-dantherm-hch-5-mk-ii\/","og_locale":"sk_SK","og_type":"article","og_title":"Rekupera\u010dn\u00e1 jednotka Dantherm HCH 5 - KLIMAVEX GROUP - Slovensko","og_description":"Centr&aacute;lna reziden\u010dn&aacute; rekupera\u010dn&aacute; jednotka Dantherm HCH 5 je prim&aacute;rne ur\u010den&aacute; pre jedno \u010di dvojgenera\u010dn&eacute; domy so stropnou in&scaron;tal&aacute;ciou do podkrovia. Jednotka je dod&aacute;van&aacute; so vstavan&yacute;m riaden&iacute;m pod\u013ea potreby a ovl&aacute;dac&iacute;m panelom. Jednotka je vybaven&aacute; vysoko &uacute;\u010dinn&yacute;m protipr&uacute;dov&yacute;m v&yacute;menn&iacute;kom tepla, ktor&yacute; je optimalizovan&yacute; na ve\u013emi vysok&uacute; &uacute;rove\u0148 &uacute;\u010dinnosti a dosahuje tak ve\u013emi n&iacute;zky &scaron;pecifick&yacute; v&yacute;kon ventil&aacute;tora (hodnota SPI) pre cel&uacute; jednotku.","og_url":"https:\/\/klimavex.eu\/sk\/katalog\/rekuperacna-jednotka-dantherm-hch-5-mk-ii\/","og_site_name":"KLIMAVEX GROUP - Slovensko","article_publisher":"https:\/\/www.facebook.com\/klimavex","article_modified_time":"2026-04-02T14:10:22+00:00","og_image":[{"width":512,"height":512,"url":"https:\/\/klimavex.eu\/sk\/wp-content\/uploads\/2025\/09\/m3lF_g5B7RVtIGFVyQbITJQ68sxRITr82W-O_1IrbQc.jpeg","type":"image\/jpeg"}],"twitter_card":"summary_large_image","twitter_misc":{"Predpokladan\u00fd \u010das \u010d\u00edtania":"1 min\u00fata"},"schema":{"@context":"https:\/\/schema.org","@graph":[{"@type":"WebPage","@id":"https:\/\/klimavex.eu\/sk\/katalog\/rekuperacna-jednotka-dantherm-hch-5-mk-ii\/","url":"https:\/\/klimavex.eu\/sk\/katalog\/rekuperacna-jednotka-dantherm-hch-5-mk-ii\/","name":"Rekupera\u010dn\u00e1 jednotka Dantherm HCH 5 - KLIMAVEX GROUP - Slovensko","isPartOf":{"@id":"https:\/\/klimavex.eu\/sk\/#website"},"primaryImageOfPage":{"@id":"https:\/\/klimavex.eu\/sk\/katalog\/rekuperacna-jednotka-dantherm-hch-5-mk-ii\/#primaryimage"},"image":{"@id":"https:\/\/klimavex.eu\/sk\/katalog\/rekuperacna-jednotka-dantherm-hch-5-mk-ii\/#primaryimage"},"thumbnailUrl":"https:\/\/klimavex.eu\/sk\/wp-content\/uploads\/2025\/09\/m3lF_g5B7RVtIGFVyQbITJQ68sxRITr82W-O_1IrbQc.jpeg","datePublished":"2026-04-02T14:09:37+00:00","dateModified":"2026-04-02T14:10:22+00:00","breadcrumb":{"@id":"https:\/\/klimavex.eu\/sk\/katalog\/rekuperacna-jednotka-dantherm-hch-5-mk-ii\/#breadcrumb"},"inLanguage":"sk-SK","potentialAction":[{"@type":"ReadAction","target":["https:\/\/klimavex.eu\/sk\/katalog\/rekuperacna-jednotka-dantherm-hch-5-mk-ii\/"]}]},{"@type":"ImageObject","inLanguage":"sk-SK","@id":"https:\/\/klimavex.eu\/sk\/katalog\/rekuperacna-jednotka-dantherm-hch-5-mk-ii\/#primaryimage","url":"https:\/\/klimavex.eu\/sk\/wp-content\/uploads\/2025\/09\/m3lF_g5B7RVtIGFVyQbITJQ68sxRITr82W-O_1IrbQc.jpeg","contentUrl":"https:\/\/klimavex.eu\/sk\/wp-content\/uploads\/2025\/09\/m3lF_g5B7RVtIGFVyQbITJQ68sxRITr82W-O_1IrbQc.jpeg","width":512,"height":512},{"@type":"BreadcrumbList","@id":"https:\/\/klimavex.eu\/sk\/katalog\/rekuperacna-jednotka-dantherm-hch-5-mk-ii\/#breadcrumb","itemListElement":[{"@type":"ListItem","position":1,"name":"Domovsk\u00e1 str\u00e1nka","item":"https:\/\/klimavex.eu\/sk\/"},{"@type":"ListItem","position":2,"name":"Eshop","item":"https:\/\/klimavex.eu\/sk\/eshop\/"},{"@type":"ListItem","position":3,"name":"Rekupera\u010dn\u00e1 jednotka Dantherm HCH 5 Mk II"}]},{"@type":"WebSite","@id":"https:\/\/klimavex.eu\/sk\/#website","url":"https:\/\/klimavex.eu\/sk\/","name":"KLIMAVEX GROUP - Slovensko","description":"","publisher":{"@id":"https:\/\/klimavex.eu\/sk\/#organization"},"alternateName":"KLIMAVEX a.s.","potentialAction":[{"@type":"SearchAction","target":{"@type":"EntryPoint","urlTemplate":"https:\/\/klimavex.eu\/sk\/?s={search_term_string}"},"query-input":{"@type":"PropertyValueSpecification","valueRequired":true,"valueName":"search_term_string"}}],"inLanguage":"sk-SK"},{"@type":"Organization","@id":"https:\/\/klimavex.eu\/sk\/#organization","name":"KLIMAVEX GROUP","alternateName":"KLIMAVEX a.s.","url":"https:\/\/klimavex.eu\/sk\/","logo":{"@type":"ImageObject","inLanguage":"sk-SK","@id":"https:\/\/klimavex.eu\/sk\/#\/schema\/logo\/image\/","url":"https:\/\/klimavex.eu\/sk\/wp-content\/uploads\/2024\/04\/Klimavex-Group-logo.png","contentUrl":"https:\/\/klimavex.eu\/sk\/wp-content\/uploads\/2024\/04\/Klimavex-Group-logo.png","width":1681,"height":472,"caption":"KLIMAVEX GROUP"},"image":{"@id":"https:\/\/klimavex.eu\/sk\/#\/schema\/logo\/image\/"},"sameAs":["https:\/\/www.facebook.com\/klimavex","https:\/\/www.instagram.com\/klimavex_sk\/"]}]}},"_links":{"self":[{"href":"https:\/\/klimavex.eu\/sk\/wp-json\/wp\/v2\/product\/478072","targetHints":{"allow":["GET"]}}],"collection":[{"href":"https:\/\/klimavex.eu\/sk\/wp-json\/wp\/v2\/product"}],"about":[{"href":"https:\/\/klimavex.eu\/sk\/wp-json\/wp\/v2\/types\/product"}],"version-history":[{"count":0,"href":"https:\/\/klimavex.eu\/sk\/wp-json\/wp\/v2\/product\/478072\/revisions"}],"wp:featuredmedia":[{"embeddable":true,"href":"https:\/\/klimavex.eu\/sk\/wp-json\/wp\/v2\/media\/487817"}],"wp:attachment":[{"href":"https:\/\/klimavex.eu\/sk\/wp-json\/wp\/v2\/media?parent=478072"}],"wp:term":[{"taxonomy":"product_cat","embeddable":true,"href":"https:\/\/klimavex.eu\/sk\/wp-json\/wp\/v2\/product_cat?post=478072"},{"taxonomy":"product_tag","embeddable":true,"href":"https:\/\/klimavex.eu\/sk\/wp-json\/wp\/v2\/product_tag?post=478072"}],"curies":[{"name":"wp","href":"https:\/\/api.w.org\/{rel}","templated":true}]}}