{"id":478092,"date":"2026-04-07T16:33:05","date_gmt":"2026-04-07T14:33:05","guid":{"rendered":"https:\/\/klimavex.eu\/sk\/katalog\/mini-rekuperacna-jednotka-vortice-vort-hrw-30-mono-evo\/"},"modified":"2026-04-07T16:33:17","modified_gmt":"2026-04-07T14:33:17","slug":"mini-rekuperacna-jednotka-vortice-vort-hrw-30-mono-evo","status":"publish","type":"product","link":"https:\/\/klimavex.eu\/sk\/katalog\/mini-rekuperacna-jednotka-vortice-vort-hrw-30-mono-evo\/","title":{"rendered":"Mini rekupera\u010dn\u00e1 jednotka Vortice VORT HRW 30 MONO EVO"},"content":{"rendered":"<p style=\"text-align:justify\"><span style=\"font-size:11pt\"><span style=\"font-family:Calibri,sans-serif\"><strong>K\u013e&uacute;\u010dov&eacute; vlastnosti<\/strong><\/span><\/span><\/p>\n<ul>\n<li><span style=\"font-size:11pt\"><span style=\"background-color:white\"><span style=\"font-family:Calibri,sans-serif\"><span style=\"color:black\">&Uacute;\u010dinnos\u0165 rekuper&aacute;cie 90%<\/span><\/span><\/span><\/span><\/li>\n<li><span style=\"font-size:11pt\"><span style=\"background-color:white\"><span style=\"font-family:Calibri,sans-serif\"><span style=\"color:black\">&Uacute;sporn&yacute; <a href=\"https:\/\/www.ventishop.cz\/slovnik-pojmu\/ec-motor\/\"><span style=\"color:black\">EC motor<\/span><\/a><\/span><\/span><\/span><\/span><\/li>\n<li><span style=\"font-size:11pt\"><span style=\"background-color:white\"><span style=\"font-family:Calibri,sans-serif\"><span style=\"color:black\">Keramick&yacute; v&yacute;menn&iacute;k tepla<\/span><\/span><\/span><\/span><\/li>\n<li><span style=\"font-size:11pt\"><span style=\"background-color:white\"><span style=\"font-family:Calibri,sans-serif\"><span style=\"color:black\">N&iacute;zka hlu\u010dnos\u0165<\/span><\/span><\/span><\/span><\/li>\n<li><span style=\"font-size:11pt\"><span style=\"background-color:white\"><span style=\"font-family:Calibri,sans-serif\"><span style=\"color:black\">N&iacute;zka hmotnos\u0165<\/span><\/span><\/span><\/span><\/li>\n<li><span style=\"font-size:11pt\"><span style=\"background-color:white\"><span style=\"font-family:Calibri,sans-serif\"><span style=\"color:black\">Model 30 pre otvor s priemerom 100 mm<\/span><\/span><\/span><\/span><\/li>\n<li><span style=\"font-size:11pt\"><span style=\"background-color:white\"><span style=\"font-family:Calibri,sans-serif\"><span style=\"color:black\">In&scaron;tal&aacute;cia do obvodov&eacute;ho m&uacute;ru 260 a\u017e 700 mm<\/span><\/span><\/span><\/span><\/li>\n<li><span style=\"font-size:11pt\"><span style=\"background-color:white\"><span style=\"font-family:Calibri,sans-serif\"><span style=\"color:black\">Nie je nutn&eacute; rie&scaron;i\u0165 odvod <a href=\"https:\/\/www.ventishop.cz\/slovnik-pojmu\/kondenzat\/\"><span style=\"color:black\">kondenz&aacute;tu<\/span><\/a><\/span><\/span><\/span><\/span><\/li>\n<li><span style=\"font-size:11pt\"><span style=\"background-color:white\"><span style=\"font-family:Calibri,sans-serif\"><span style=\"color:black\">Funguje pri vonkaj&scaron;&iacute;ch teplot&aacute;ch od -20 &deg;C do 50 &deg;C<\/span><\/span><\/span><\/span><\/li>\n<li><span style=\"font-size:11pt\"><span style=\"background-color:white\"><span style=\"font-family:Calibri,sans-serif\"><span style=\"color:black\">\u013dahko dostupn&eacute;, vyberate\u013en&eacute; komponenty<\/span><\/span><\/span><\/span><\/li>\n<\/ul>\n","protected":false},"excerpt":{"rendered":"<p style=\"text-align:justify\"><span style=\"font-size:11pt\"><span style=\"font-family:Calibri,sans-serif\">Decentr&aacute;lna rekupera\u010dn&aacute; jednotka <strong>VORT HRW 30 MONO EVO <\/strong>je vylep&scaron;enou verziou p&ocirc;vodn&yacute;ch jednotiek VORT HRW MONO. Vysoko &uacute;\u010dinn&aacute; (<strong>90% &uacute;\u010dinnos\u0165 rekuper&aacute;cie<\/strong>) a &uacute;sporn&aacute; jednotka s <strong>EC motorom <\/strong>ur\u010den&aacute; na vetranie a rekuper&aacute;ciu tepla v bytoch, rodinn&yacute;ch domoch a kancel&aacute;ri&aacute;ch. Ur\u010den&aacute; pre otvor s <strong>priemerom 100 mm<\/strong>.<\/span><\/span><\/p>\n<p style=\"text-align:justify\"><span style=\"font-size:11pt\"><span style=\"font-family:Calibri,sans-serif\">VORT HRW 30 MONO EVO obsahuje filter G2 pre interi&eacute;rov&uacute; stranu, <strong>kvalitn&yacute; keramick&yacute; v&yacute;menn&iacute;k <\/strong>s kan&aacute;likmi &scaron;es\u0165uholn&iacute;kov&eacute;ho tvaru pre maxim&aacute;lnu efektivitu a G3 filtrom pre exteri&eacute;rov&uacute; stranu, vonkaj&scaron;iu plastov&uacute; mrie\u017eku so sie\u0165kou proti hmyzu. Manu&aacute;lne ovl&aacute;danie. Beznap&auml;\u0165ov&yacute; kontakt pre vzdialen&uacute; aktiv&aacute;ciu BOOST re\u017eimu. Svorky pre pripojenie jednotiek (pomocou RS485 komunik&aacute;cie) a synchroniz&aacute;cia prev&aacute;dzky.<\/span><\/span><\/p>\n","protected":false},"featured_media":487869,"template":"","meta":[],"product_cat":[1214,1172,1918,1297,1171],"product_tag":[],"class_list":{"0":"post-478092","1":"product","2":"type-product","3":"status-publish","4":"has-post-thumbnail","6":"product_cat-hrw-mono","7":"product_cat-izbova-rekuperacia","8":"product_cat-decentralne-rekuperacne-ventilatory","9":"product_cat-ventilatory","10":"product_cat-rekuperacne-jednotky","11":"pa_el-prik-w-b-ohr-s-ohr-4324","12":"pa_filtracia-g3","13":"pa_prevedenie-izbove","14":"pa_prie-nap-vent-mm-4056","15":"pa_typ-nastenne","16":"pa_ucinnost-rekuperacie-4303","17":"pa_vzduchovy-vykon-qv-m3-6-38","18":"pa_znacka-vortice","20":"first","21":"instock","22":"taxable","23":"shipping-taxable","24":"purchasable","25":"product-type-simple"},"yoast_head":"<!-- This site is optimized with the Yoast SEO plugin v23.9 - https:\/\/yoast.com\/wordpress\/plugins\/seo\/ -->\n<title>Mini rekupera\u010dn\u00e1 jednotka Vortice VORT HRW 30 MONO EVO - KLIMAVEX GROUP - Slovensko<\/title>\n<meta name=\"robots\" content=\"index, follow, max-snippet:-1, max-image-preview:large, max-video-preview:-1\" \/>\n<link rel=\"canonical\" href=\"https:\/\/klimavex.eu\/sk\/katalog\/mini-rekuperacna-jednotka-vortice-vort-hrw-30-mono-evo\/\" \/>\n<meta property=\"og:locale\" content=\"sk_SK\" \/>\n<meta property=\"og:type\" content=\"article\" \/>\n<meta property=\"og:title\" content=\"Mini rekupera\u010dn\u00e1 jednotka Vortice VORT HRW 30 MONO EVO - KLIMAVEX GROUP - Slovensko\" \/>\n<meta property=\"og:description\" content=\"Decentr&aacute;lna rekupera\u010dn&aacute; jednotka VORT HRW 30 MONO EVO je vylep&scaron;enou verziou p&ocirc;vodn&yacute;ch jednotiek VORT HRW MONO. Vysoko &uacute;\u010dinn&aacute; (90% &uacute;\u010dinnos\u0165 rekuper&aacute;cie) a &uacute;sporn&aacute; jednotka s EC motorom ur\u010den&aacute; na vetranie a rekuper&aacute;ciu tepla v bytoch, rodinn&yacute;ch domoch a kancel&aacute;ri&aacute;ch. Ur\u010den&aacute; pre otvor s priemerom 100 mm. VORT HRW 30 MONO EVO obsahuje filter G2 pre interi&eacute;rov&uacute; stranu, kvalitn&yacute; keramick&yacute; v&yacute;menn&iacute;k s kan&aacute;likmi &scaron;es\u0165uholn&iacute;kov&eacute;ho tvaru pre maxim&aacute;lnu efektivitu a G3 filtrom pre exteri&eacute;rov&uacute; stranu, vonkaj&scaron;iu plastov&uacute; mrie\u017eku so sie\u0165kou proti hmyzu. Manu&aacute;lne ovl&aacute;danie. Beznap&auml;\u0165ov&yacute; kontakt pre vzdialen&uacute; aktiv&aacute;ciu BOOST re\u017eimu. Svorky pre pripojenie jednotiek (pomocou RS485 komunik&aacute;cie) a synchroniz&aacute;cia prev&aacute;dzky.\" \/>\n<meta property=\"og:url\" content=\"https:\/\/klimavex.eu\/sk\/katalog\/mini-rekuperacna-jednotka-vortice-vort-hrw-30-mono-evo\/\" \/>\n<meta property=\"og:site_name\" content=\"KLIMAVEX GROUP - Slovensko\" \/>\n<meta property=\"article:publisher\" content=\"https:\/\/www.facebook.com\/klimavex\" \/>\n<meta property=\"article:modified_time\" content=\"2026-04-07T14:33:17+00:00\" \/>\n<meta property=\"og:image\" content=\"https:\/\/klimavex.eu\/sk\/wp-content\/uploads\/2025\/09\/GF15w8gGr7UXtZxuyuolNcvIqhqByH3gPopfqxDfCAw-2.jpeg\" \/>\n\t<meta property=\"og:image:width\" content=\"572\" \/>\n\t<meta property=\"og:image:height\" content=\"512\" \/>\n\t<meta property=\"og:image:type\" content=\"image\/jpeg\" \/>\n<meta name=\"twitter:card\" content=\"summary_large_image\" \/>\n<script type=\"application\/ld+json\" class=\"yoast-schema-graph\">{\"@context\":\"https:\/\/schema.org\",\"@graph\":[{\"@type\":\"WebPage\",\"@id\":\"https:\/\/klimavex.eu\/sk\/katalog\/mini-rekuperacna-jednotka-vortice-vort-hrw-30-mono-evo\/\",\"url\":\"https:\/\/klimavex.eu\/sk\/katalog\/mini-rekuperacna-jednotka-vortice-vort-hrw-30-mono-evo\/\",\"name\":\"Mini rekupera\u010dn\u00e1 jednotka Vortice VORT HRW 30 MONO EVO - KLIMAVEX GROUP - Slovensko\",\"isPartOf\":{\"@id\":\"https:\/\/klimavex.eu\/sk\/#website\"},\"primaryImageOfPage\":{\"@id\":\"https:\/\/klimavex.eu\/sk\/katalog\/mini-rekuperacna-jednotka-vortice-vort-hrw-30-mono-evo\/#primaryimage\"},\"image\":{\"@id\":\"https:\/\/klimavex.eu\/sk\/katalog\/mini-rekuperacna-jednotka-vortice-vort-hrw-30-mono-evo\/#primaryimage\"},\"thumbnailUrl\":\"https:\/\/klimavex.eu\/sk\/wp-content\/uploads\/2025\/09\/GF15w8gGr7UXtZxuyuolNcvIqhqByH3gPopfqxDfCAw-2.jpeg\",\"datePublished\":\"2026-04-07T14:33:05+00:00\",\"dateModified\":\"2026-04-07T14:33:17+00:00\",\"breadcrumb\":{\"@id\":\"https:\/\/klimavex.eu\/sk\/katalog\/mini-rekuperacna-jednotka-vortice-vort-hrw-30-mono-evo\/#breadcrumb\"},\"inLanguage\":\"sk-SK\",\"potentialAction\":[{\"@type\":\"ReadAction\",\"target\":[\"https:\/\/klimavex.eu\/sk\/katalog\/mini-rekuperacna-jednotka-vortice-vort-hrw-30-mono-evo\/\"]}]},{\"@type\":\"ImageObject\",\"inLanguage\":\"sk-SK\",\"@id\":\"https:\/\/klimavex.eu\/sk\/katalog\/mini-rekuperacna-jednotka-vortice-vort-hrw-30-mono-evo\/#primaryimage\",\"url\":\"https:\/\/klimavex.eu\/sk\/wp-content\/uploads\/2025\/09\/GF15w8gGr7UXtZxuyuolNcvIqhqByH3gPopfqxDfCAw-2.jpeg\",\"contentUrl\":\"https:\/\/klimavex.eu\/sk\/wp-content\/uploads\/2025\/09\/GF15w8gGr7UXtZxuyuolNcvIqhqByH3gPopfqxDfCAw-2.jpeg\",\"width\":572,\"height\":512},{\"@type\":\"BreadcrumbList\",\"@id\":\"https:\/\/klimavex.eu\/sk\/katalog\/mini-rekuperacna-jednotka-vortice-vort-hrw-30-mono-evo\/#breadcrumb\",\"itemListElement\":[{\"@type\":\"ListItem\",\"position\":1,\"name\":\"Domovsk\u00e1 str\u00e1nka\",\"item\":\"https:\/\/klimavex.eu\/sk\/\"},{\"@type\":\"ListItem\",\"position\":2,\"name\":\"Eshop\",\"item\":\"https:\/\/klimavex.eu\/sk\/eshop\/\"},{\"@type\":\"ListItem\",\"position\":3,\"name\":\"Mini rekupera\u010dn\u00e1 jednotka Vortice VORT HRW 30 MONO EVO\"}]},{\"@type\":\"WebSite\",\"@id\":\"https:\/\/klimavex.eu\/sk\/#website\",\"url\":\"https:\/\/klimavex.eu\/sk\/\",\"name\":\"KLIMAVEX GROUP - Slovensko\",\"description\":\"\",\"publisher\":{\"@id\":\"https:\/\/klimavex.eu\/sk\/#organization\"},\"alternateName\":\"KLIMAVEX a.s.\",\"potentialAction\":[{\"@type\":\"SearchAction\",\"target\":{\"@type\":\"EntryPoint\",\"urlTemplate\":\"https:\/\/klimavex.eu\/sk\/?s={search_term_string}\"},\"query-input\":{\"@type\":\"PropertyValueSpecification\",\"valueRequired\":true,\"valueName\":\"search_term_string\"}}],\"inLanguage\":\"sk-SK\"},{\"@type\":\"Organization\",\"@id\":\"https:\/\/klimavex.eu\/sk\/#organization\",\"name\":\"KLIMAVEX GROUP\",\"alternateName\":\"KLIMAVEX a.s.\",\"url\":\"https:\/\/klimavex.eu\/sk\/\",\"logo\":{\"@type\":\"ImageObject\",\"inLanguage\":\"sk-SK\",\"@id\":\"https:\/\/klimavex.eu\/sk\/#\/schema\/logo\/image\/\",\"url\":\"https:\/\/klimavex.eu\/sk\/wp-content\/uploads\/2024\/04\/Klimavex-Group-logo.png\",\"contentUrl\":\"https:\/\/klimavex.eu\/sk\/wp-content\/uploads\/2024\/04\/Klimavex-Group-logo.png\",\"width\":1681,\"height\":472,\"caption\":\"KLIMAVEX GROUP\"},\"image\":{\"@id\":\"https:\/\/klimavex.eu\/sk\/#\/schema\/logo\/image\/\"},\"sameAs\":[\"https:\/\/www.facebook.com\/klimavex\",\"https:\/\/www.instagram.com\/klimavex_sk\/\"]}]}<\/script>\n<!-- \/ Yoast SEO plugin. -->","yoast_head_json":{"title":"Mini rekupera\u010dn\u00e1 jednotka Vortice VORT HRW 30 MONO EVO - KLIMAVEX GROUP - Slovensko","robots":{"index":"index","follow":"follow","max-snippet":"max-snippet:-1","max-image-preview":"max-image-preview:large","max-video-preview":"max-video-preview:-1"},"canonical":"https:\/\/klimavex.eu\/sk\/katalog\/mini-rekuperacna-jednotka-vortice-vort-hrw-30-mono-evo\/","og_locale":"sk_SK","og_type":"article","og_title":"Mini rekupera\u010dn\u00e1 jednotka Vortice VORT HRW 30 MONO EVO - KLIMAVEX GROUP - Slovensko","og_description":"Decentr&aacute;lna rekupera\u010dn&aacute; jednotka VORT HRW 30 MONO EVO je vylep&scaron;enou verziou p&ocirc;vodn&yacute;ch jednotiek VORT HRW MONO. Vysoko &uacute;\u010dinn&aacute; (90% &uacute;\u010dinnos\u0165 rekuper&aacute;cie) a &uacute;sporn&aacute; jednotka s EC motorom ur\u010den&aacute; na vetranie a rekuper&aacute;ciu tepla v bytoch, rodinn&yacute;ch domoch a kancel&aacute;ri&aacute;ch. Ur\u010den&aacute; pre otvor s priemerom 100 mm. VORT HRW 30 MONO EVO obsahuje filter G2 pre interi&eacute;rov&uacute; stranu, kvalitn&yacute; keramick&yacute; v&yacute;menn&iacute;k s kan&aacute;likmi &scaron;es\u0165uholn&iacute;kov&eacute;ho tvaru pre maxim&aacute;lnu efektivitu a G3 filtrom pre exteri&eacute;rov&uacute; stranu, vonkaj&scaron;iu plastov&uacute; mrie\u017eku so sie\u0165kou proti hmyzu. Manu&aacute;lne ovl&aacute;danie. Beznap&auml;\u0165ov&yacute; kontakt pre vzdialen&uacute; aktiv&aacute;ciu BOOST re\u017eimu. Svorky pre pripojenie jednotiek (pomocou RS485 komunik&aacute;cie) a synchroniz&aacute;cia prev&aacute;dzky.","og_url":"https:\/\/klimavex.eu\/sk\/katalog\/mini-rekuperacna-jednotka-vortice-vort-hrw-30-mono-evo\/","og_site_name":"KLIMAVEX GROUP - Slovensko","article_publisher":"https:\/\/www.facebook.com\/klimavex","article_modified_time":"2026-04-07T14:33:17+00:00","og_image":[{"width":572,"height":512,"url":"https:\/\/klimavex.eu\/sk\/wp-content\/uploads\/2025\/09\/GF15w8gGr7UXtZxuyuolNcvIqhqByH3gPopfqxDfCAw-2.jpeg","type":"image\/jpeg"}],"twitter_card":"summary_large_image","schema":{"@context":"https:\/\/schema.org","@graph":[{"@type":"WebPage","@id":"https:\/\/klimavex.eu\/sk\/katalog\/mini-rekuperacna-jednotka-vortice-vort-hrw-30-mono-evo\/","url":"https:\/\/klimavex.eu\/sk\/katalog\/mini-rekuperacna-jednotka-vortice-vort-hrw-30-mono-evo\/","name":"Mini rekupera\u010dn\u00e1 jednotka Vortice VORT HRW 30 MONO EVO - KLIMAVEX GROUP - Slovensko","isPartOf":{"@id":"https:\/\/klimavex.eu\/sk\/#website"},"primaryImageOfPage":{"@id":"https:\/\/klimavex.eu\/sk\/katalog\/mini-rekuperacna-jednotka-vortice-vort-hrw-30-mono-evo\/#primaryimage"},"image":{"@id":"https:\/\/klimavex.eu\/sk\/katalog\/mini-rekuperacna-jednotka-vortice-vort-hrw-30-mono-evo\/#primaryimage"},"thumbnailUrl":"https:\/\/klimavex.eu\/sk\/wp-content\/uploads\/2025\/09\/GF15w8gGr7UXtZxuyuolNcvIqhqByH3gPopfqxDfCAw-2.jpeg","datePublished":"2026-04-07T14:33:05+00:00","dateModified":"2026-04-07T14:33:17+00:00","breadcrumb":{"@id":"https:\/\/klimavex.eu\/sk\/katalog\/mini-rekuperacna-jednotka-vortice-vort-hrw-30-mono-evo\/#breadcrumb"},"inLanguage":"sk-SK","potentialAction":[{"@type":"ReadAction","target":["https:\/\/klimavex.eu\/sk\/katalog\/mini-rekuperacna-jednotka-vortice-vort-hrw-30-mono-evo\/"]}]},{"@type":"ImageObject","inLanguage":"sk-SK","@id":"https:\/\/klimavex.eu\/sk\/katalog\/mini-rekuperacna-jednotka-vortice-vort-hrw-30-mono-evo\/#primaryimage","url":"https:\/\/klimavex.eu\/sk\/wp-content\/uploads\/2025\/09\/GF15w8gGr7UXtZxuyuolNcvIqhqByH3gPopfqxDfCAw-2.jpeg","contentUrl":"https:\/\/klimavex.eu\/sk\/wp-content\/uploads\/2025\/09\/GF15w8gGr7UXtZxuyuolNcvIqhqByH3gPopfqxDfCAw-2.jpeg","width":572,"height":512},{"@type":"BreadcrumbList","@id":"https:\/\/klimavex.eu\/sk\/katalog\/mini-rekuperacna-jednotka-vortice-vort-hrw-30-mono-evo\/#breadcrumb","itemListElement":[{"@type":"ListItem","position":1,"name":"Domovsk\u00e1 str\u00e1nka","item":"https:\/\/klimavex.eu\/sk\/"},{"@type":"ListItem","position":2,"name":"Eshop","item":"https:\/\/klimavex.eu\/sk\/eshop\/"},{"@type":"ListItem","position":3,"name":"Mini rekupera\u010dn\u00e1 jednotka Vortice VORT HRW 30 MONO EVO"}]},{"@type":"WebSite","@id":"https:\/\/klimavex.eu\/sk\/#website","url":"https:\/\/klimavex.eu\/sk\/","name":"KLIMAVEX GROUP - Slovensko","description":"","publisher":{"@id":"https:\/\/klimavex.eu\/sk\/#organization"},"alternateName":"KLIMAVEX a.s.","potentialAction":[{"@type":"SearchAction","target":{"@type":"EntryPoint","urlTemplate":"https:\/\/klimavex.eu\/sk\/?s={search_term_string}"},"query-input":{"@type":"PropertyValueSpecification","valueRequired":true,"valueName":"search_term_string"}}],"inLanguage":"sk-SK"},{"@type":"Organization","@id":"https:\/\/klimavex.eu\/sk\/#organization","name":"KLIMAVEX GROUP","alternateName":"KLIMAVEX a.s.","url":"https:\/\/klimavex.eu\/sk\/","logo":{"@type":"ImageObject","inLanguage":"sk-SK","@id":"https:\/\/klimavex.eu\/sk\/#\/schema\/logo\/image\/","url":"https:\/\/klimavex.eu\/sk\/wp-content\/uploads\/2024\/04\/Klimavex-Group-logo.png","contentUrl":"https:\/\/klimavex.eu\/sk\/wp-content\/uploads\/2024\/04\/Klimavex-Group-logo.png","width":1681,"height":472,"caption":"KLIMAVEX GROUP"},"image":{"@id":"https:\/\/klimavex.eu\/sk\/#\/schema\/logo\/image\/"},"sameAs":["https:\/\/www.facebook.com\/klimavex","https:\/\/www.instagram.com\/klimavex_sk\/"]}]}},"_links":{"self":[{"href":"https:\/\/klimavex.eu\/sk\/wp-json\/wp\/v2\/product\/478092","targetHints":{"allow":["GET"]}}],"collection":[{"href":"https:\/\/klimavex.eu\/sk\/wp-json\/wp\/v2\/product"}],"about":[{"href":"https:\/\/klimavex.eu\/sk\/wp-json\/wp\/v2\/types\/product"}],"version-history":[{"count":0,"href":"https:\/\/klimavex.eu\/sk\/wp-json\/wp\/v2\/product\/478092\/revisions"}],"wp:featuredmedia":[{"embeddable":true,"href":"https:\/\/klimavex.eu\/sk\/wp-json\/wp\/v2\/media\/487869"}],"wp:attachment":[{"href":"https:\/\/klimavex.eu\/sk\/wp-json\/wp\/v2\/media?parent=478092"}],"wp:term":[{"taxonomy":"product_cat","embeddable":true,"href":"https:\/\/klimavex.eu\/sk\/wp-json\/wp\/v2\/product_cat?post=478092"},{"taxonomy":"product_tag","embeddable":true,"href":"https:\/\/klimavex.eu\/sk\/wp-json\/wp\/v2\/product_tag?post=478092"}],"curies":[{"name":"wp","href":"https:\/\/api.w.org\/{rel}","templated":true}]}}