{"id":478106,"date":"2026-03-27T08:12:17","date_gmt":"2026-03-27T07:12:17","guid":{"rendered":"https:\/\/klimavex.eu\/sk\/katalog\/rekuperacna-jednotka-dantherm-rcc-220-p2\/"},"modified":"2026-03-27T08:13:00","modified_gmt":"2026-03-27T07:13:00","slug":"rekuperacna-jednotka-dantherm-rcc-220-p2","status":"publish","type":"product","link":"https:\/\/klimavex.eu\/sk\/katalog\/rekuperacna-jednotka-dantherm-rcc-220-p2\/","title":{"rendered":"Rekupera\u010dn\u00e1 jednotka Dantherm RCC 220 P2"},"content":{"rendered":"<p style=\"text-align: justify;\"><strong>K\u013e&uacute;\u010dov&eacute; vlastnosti<\/strong><\/p>\n<ul style=\"text-align: justify;\">\n<li>Vzduchov&yacute; v&yacute;kon\n<ul>\n<li>Prev&aacute;dzkov&yacute; rozsah 45 a\u017e 220 m<sup>3<\/sup>\/h<\/li>\n<li>Max 170 m<sup>3<\/sup>\/h pri 100 Pa<\/li>\n<\/ul>\n<\/li>\n<li>Protipr&uacute;dov&yacute; plastov&yacute; v&yacute;menn&iacute;k<\/li>\n<li>Mo\u017en&eacute; nastavi\u0165 \u013eav&uacute;, alebo prav&uacute; konfigur&aacute;ciu pr&iacute;vodu \u010derstv&eacute;ho vzduchu<\/li>\n<li>Mo\u017eno podstropn&aacute; skryt&aacute; \/ horizont&aacute;lna alebo vertik&aacute;lna n&aacute;stenn&aacute; in&scaron;tal&aacute;cia<\/li>\n<li>EC motory s extr&eacute;mne n&iacute;zkou spotrebou energie (n&iacute;zke SPI)<\/li>\n<li>Pripojenie potrubia &ndash; 8x &Oslash;125mm (4x spredu\/4x zboku volite\u013en&eacute;)<\/li>\n<li>Obsahuje vzduchov&eacute; filtre G4 50mm (\u010derstv&yacute; aj odvodn&yacute; vzduch)<\/li>\n<li>Zah\u0155\u0148a sn&iacute;ma\u010d vlhkosti RH<\/li>\n<li>Zah\u0155\u0148a ovl&aacute;dac&iacute; panel<\/li>\n<\/ul>\n<p style=\"text-align: justify;\"><strong>Odpor&uacute;\u010dan&eacute; pr&iacute;slu&scaron;enstvo<\/strong><\/p>\n<ul>\n<li style=\"text-align: justify;\"><strong>Sn&iacute;ma\u010d kvality vzduchu VOC, 700mm<\/strong>\n<ul>\n<li>In&scaron;tal&aacute;cia do jednotky &ndash; sledovanie kvality ovzdu&scaron;ia (na z&aacute;klade ekvivalentu CO<sub>2 <\/sub>(v ppm) a VOC (v ppb)) v odvodnom vzduchu a n&aacute;sledne prisp&ocirc;sobenie vzduchov&eacute;ho v&yacute;konu. Potrebn&aacute; na dosiahnutie triedy A+.<\/li>\n<\/ul>\n<\/li>\n<li><strong>Potrubn&yacute; el. predohrev , O125mm, 900W<\/strong>\n<ul>\n<li style=\"text-align: justify;\">In&scaron;tal&aacute;cia do potrubia &ndash; ohrev nas&aacute;van&eacute;ho vzduchu, na zabezpe\u010denie vyv&aacute;\u017een&eacute;ho a spo\u013eahliv&eacute;ho rie&scaron;enia pri n&iacute;zkych vonkaj&scaron;&iacute;ch teplot&aacute;ch, ohrieva\u010d je riaden&yacute; a nap&aacute;jan&yacute; z hlavnej riadiacej dosky.<\/li>\n<\/ul>\n<\/li>\n<\/ul>\n","protected":false},"excerpt":{"rendered":"<p style=\"text-align: justify;\"><strong>Centr&aacute;lna <\/strong>rekupera\u010dn&aacute; jednotka <strong>Dantherm RCC 220 P2 <\/strong>je jedine\u010dn&eacute; a flexibiln&eacute; rie&scaron;enie vetrania obytn&yacute;ch priestorov. S <strong>v&yacute;&scaron;kou iba 20 cm <\/strong>je ide&aacute;lna pre <strong>in&scaron;tal&aacute;ciu do stropn&yacute;ch podh\u013eadov alebo na stenu<\/strong>, dokonca aj skryt&uacute; v skrini. Jednotka je elektronicky <strong>reverzibiln&aacute;<\/strong>. To umo\u017e\u0148uje namontova\u0165 rovnak&yacute; typ jednotky s vn&uacute;torn&yacute;m\/vonkaj&scaron;&iacute;m potrub&iacute;m pripojen&yacute;m na prav&uacute; alebo \u013eav&uacute; stranu jednotky. Elektrick&eacute; pr&iacute;pojky je mo\u017en&eacute; pripoji\u0165 z\u013eava alebo sprava. Z&aacute;kladn&aacute; jednotka sa dod&aacute;va so <strong>zabudovan&yacute;m ovl&aacute;dac&iacute;m panelom<\/strong>.<\/p>\n","protected":false},"featured_media":487892,"template":"","meta":[],"product_cat":[6090,1182,1200,1171],"product_tag":[],"class_list":{"0":"post-478106","1":"product","2":"type-product","3":"status-publish","4":"has-post-thumbnail","6":"product_cat-rcc","7":"product_cat-centralna-rekuperacia","8":"product_cat-stropne-prevedenie","9":"product_cat-rekuperacne-jednotky","10":"pa_app-wifi-ano-lokalne","11":"pa_bms-modbus-ano","12":"pa_bypass-ano","13":"pa_el-prik-w-b-ohr-s-ohr-173-1073","14":"pa_filtracia-g4-g4","15":"pa_prevedenie-centralne","16":"pa_prie-nap-vent-mm-4069","17":"pa_snimac-vlhkosti-hcs-ano","18":"pa_snimac-voc-volitelne","19":"pa_typ-stropne","20":"pa_ucinnost-rekuperacie-4067","21":"pa_vzduchovy-vykon-qv-m3-170-m3-h-100pa","22":"pa_znacka-dantherm","24":"first","25":"instock","26":"taxable","27":"shipping-taxable","28":"purchasable","29":"product-type-simple"},"yoast_head":"<!-- This site is optimized with the Yoast SEO plugin v23.9 - https:\/\/yoast.com\/wordpress\/plugins\/seo\/ -->\n<title>Rekupera\u010dn\u00e1 jednotka Dantherm RCC 220 P2 - KLIMAVEX GROUP - Slovensko<\/title>\n<meta name=\"robots\" content=\"index, follow, max-snippet:-1, max-image-preview:large, max-video-preview:-1\" \/>\n<link rel=\"canonical\" href=\"https:\/\/klimavex.eu\/sk\/katalog\/rekuperacna-jednotka-dantherm-rcc-220-p2\/\" \/>\n<meta property=\"og:locale\" content=\"sk_SK\" \/>\n<meta property=\"og:type\" content=\"article\" \/>\n<meta property=\"og:title\" content=\"Rekupera\u010dn\u00e1 jednotka Dantherm RCC 220 P2 - KLIMAVEX GROUP - Slovensko\" \/>\n<meta property=\"og:description\" content=\"Centr&aacute;lna rekupera\u010dn&aacute; jednotka Dantherm RCC 220 P2 je jedine\u010dn&eacute; a flexibiln&eacute; rie&scaron;enie vetrania obytn&yacute;ch priestorov. S v&yacute;&scaron;kou iba 20 cm je ide&aacute;lna pre in&scaron;tal&aacute;ciu do stropn&yacute;ch podh\u013eadov alebo na stenu, dokonca aj skryt&uacute; v skrini. Jednotka je elektronicky reverzibiln&aacute;. To umo\u017e\u0148uje namontova\u0165 rovnak&yacute; typ jednotky s vn&uacute;torn&yacute;m\/vonkaj&scaron;&iacute;m potrub&iacute;m pripojen&yacute;m na prav&uacute; alebo \u013eav&uacute; stranu jednotky. Elektrick&eacute; pr&iacute;pojky je mo\u017en&eacute; pripoji\u0165 z\u013eava alebo sprava. Z&aacute;kladn&aacute; jednotka sa dod&aacute;va so zabudovan&yacute;m ovl&aacute;dac&iacute;m panelom.\" \/>\n<meta property=\"og:url\" content=\"https:\/\/klimavex.eu\/sk\/katalog\/rekuperacna-jednotka-dantherm-rcc-220-p2\/\" \/>\n<meta property=\"og:site_name\" content=\"KLIMAVEX GROUP - Slovensko\" \/>\n<meta property=\"article:publisher\" content=\"https:\/\/www.facebook.com\/klimavex\" \/>\n<meta property=\"article:modified_time\" content=\"2026-03-27T07:13:00+00:00\" \/>\n<meta property=\"og:image\" content=\"https:\/\/klimavex.eu\/sk\/wp-content\/uploads\/2025\/09\/1bozef6bhhKbGsml8yEp_vB_2mgOCvZ934kaO8JaFoU.png\" \/>\n\t<meta property=\"og:image:width\" content=\"640\" \/>\n\t<meta property=\"og:image:height\" content=\"512\" \/>\n\t<meta property=\"og:image:type\" content=\"image\/png\" \/>\n<meta name=\"twitter:card\" content=\"summary_large_image\" \/>\n<meta name=\"twitter:label1\" content=\"Predpokladan\u00fd \u010das \u010d\u00edtania\" \/>\n\t<meta name=\"twitter:data1\" content=\"1 min\u00fata\" \/>\n<script type=\"application\/ld+json\" class=\"yoast-schema-graph\">{\"@context\":\"https:\/\/schema.org\",\"@graph\":[{\"@type\":\"WebPage\",\"@id\":\"https:\/\/klimavex.eu\/sk\/katalog\/rekuperacna-jednotka-dantherm-rcc-220-p2\/\",\"url\":\"https:\/\/klimavex.eu\/sk\/katalog\/rekuperacna-jednotka-dantherm-rcc-220-p2\/\",\"name\":\"Rekupera\u010dn\u00e1 jednotka Dantherm RCC 220 P2 - KLIMAVEX GROUP - Slovensko\",\"isPartOf\":{\"@id\":\"https:\/\/klimavex.eu\/sk\/#website\"},\"primaryImageOfPage\":{\"@id\":\"https:\/\/klimavex.eu\/sk\/katalog\/rekuperacna-jednotka-dantherm-rcc-220-p2\/#primaryimage\"},\"image\":{\"@id\":\"https:\/\/klimavex.eu\/sk\/katalog\/rekuperacna-jednotka-dantherm-rcc-220-p2\/#primaryimage\"},\"thumbnailUrl\":\"https:\/\/klimavex.eu\/sk\/wp-content\/uploads\/2025\/09\/1bozef6bhhKbGsml8yEp_vB_2mgOCvZ934kaO8JaFoU.png\",\"datePublished\":\"2026-03-27T07:12:17+00:00\",\"dateModified\":\"2026-03-27T07:13:00+00:00\",\"breadcrumb\":{\"@id\":\"https:\/\/klimavex.eu\/sk\/katalog\/rekuperacna-jednotka-dantherm-rcc-220-p2\/#breadcrumb\"},\"inLanguage\":\"sk-SK\",\"potentialAction\":[{\"@type\":\"ReadAction\",\"target\":[\"https:\/\/klimavex.eu\/sk\/katalog\/rekuperacna-jednotka-dantherm-rcc-220-p2\/\"]}]},{\"@type\":\"ImageObject\",\"inLanguage\":\"sk-SK\",\"@id\":\"https:\/\/klimavex.eu\/sk\/katalog\/rekuperacna-jednotka-dantherm-rcc-220-p2\/#primaryimage\",\"url\":\"https:\/\/klimavex.eu\/sk\/wp-content\/uploads\/2025\/09\/1bozef6bhhKbGsml8yEp_vB_2mgOCvZ934kaO8JaFoU.png\",\"contentUrl\":\"https:\/\/klimavex.eu\/sk\/wp-content\/uploads\/2025\/09\/1bozef6bhhKbGsml8yEp_vB_2mgOCvZ934kaO8JaFoU.png\",\"width\":640,\"height\":512},{\"@type\":\"BreadcrumbList\",\"@id\":\"https:\/\/klimavex.eu\/sk\/katalog\/rekuperacna-jednotka-dantherm-rcc-220-p2\/#breadcrumb\",\"itemListElement\":[{\"@type\":\"ListItem\",\"position\":1,\"name\":\"Domovsk\u00e1 str\u00e1nka\",\"item\":\"https:\/\/klimavex.eu\/sk\/\"},{\"@type\":\"ListItem\",\"position\":2,\"name\":\"Eshop\",\"item\":\"https:\/\/klimavex.eu\/sk\/eshop\/\"},{\"@type\":\"ListItem\",\"position\":3,\"name\":\"Rekupera\u010dn\u00e1 jednotka Dantherm RCC 220 P2\"}]},{\"@type\":\"WebSite\",\"@id\":\"https:\/\/klimavex.eu\/sk\/#website\",\"url\":\"https:\/\/klimavex.eu\/sk\/\",\"name\":\"KLIMAVEX GROUP - Slovensko\",\"description\":\"\",\"publisher\":{\"@id\":\"https:\/\/klimavex.eu\/sk\/#organization\"},\"alternateName\":\"KLIMAVEX a.s.\",\"potentialAction\":[{\"@type\":\"SearchAction\",\"target\":{\"@type\":\"EntryPoint\",\"urlTemplate\":\"https:\/\/klimavex.eu\/sk\/?s={search_term_string}\"},\"query-input\":{\"@type\":\"PropertyValueSpecification\",\"valueRequired\":true,\"valueName\":\"search_term_string\"}}],\"inLanguage\":\"sk-SK\"},{\"@type\":\"Organization\",\"@id\":\"https:\/\/klimavex.eu\/sk\/#organization\",\"name\":\"KLIMAVEX GROUP\",\"alternateName\":\"KLIMAVEX a.s.\",\"url\":\"https:\/\/klimavex.eu\/sk\/\",\"logo\":{\"@type\":\"ImageObject\",\"inLanguage\":\"sk-SK\",\"@id\":\"https:\/\/klimavex.eu\/sk\/#\/schema\/logo\/image\/\",\"url\":\"https:\/\/klimavex.eu\/sk\/wp-content\/uploads\/2024\/04\/Klimavex-Group-logo.png\",\"contentUrl\":\"https:\/\/klimavex.eu\/sk\/wp-content\/uploads\/2024\/04\/Klimavex-Group-logo.png\",\"width\":1681,\"height\":472,\"caption\":\"KLIMAVEX GROUP\"},\"image\":{\"@id\":\"https:\/\/klimavex.eu\/sk\/#\/schema\/logo\/image\/\"},\"sameAs\":[\"https:\/\/www.facebook.com\/klimavex\",\"https:\/\/www.instagram.com\/klimavex_sk\/\"]}]}<\/script>\n<!-- \/ Yoast SEO plugin. -->","yoast_head_json":{"title":"Rekupera\u010dn\u00e1 jednotka Dantherm RCC 220 P2 - KLIMAVEX GROUP - Slovensko","robots":{"index":"index","follow":"follow","max-snippet":"max-snippet:-1","max-image-preview":"max-image-preview:large","max-video-preview":"max-video-preview:-1"},"canonical":"https:\/\/klimavex.eu\/sk\/katalog\/rekuperacna-jednotka-dantherm-rcc-220-p2\/","og_locale":"sk_SK","og_type":"article","og_title":"Rekupera\u010dn\u00e1 jednotka Dantherm RCC 220 P2 - KLIMAVEX GROUP - Slovensko","og_description":"Centr&aacute;lna rekupera\u010dn&aacute; jednotka Dantherm RCC 220 P2 je jedine\u010dn&eacute; a flexibiln&eacute; rie&scaron;enie vetrania obytn&yacute;ch priestorov. S v&yacute;&scaron;kou iba 20 cm je ide&aacute;lna pre in&scaron;tal&aacute;ciu do stropn&yacute;ch podh\u013eadov alebo na stenu, dokonca aj skryt&uacute; v skrini. Jednotka je elektronicky reverzibiln&aacute;. To umo\u017e\u0148uje namontova\u0165 rovnak&yacute; typ jednotky s vn&uacute;torn&yacute;m\/vonkaj&scaron;&iacute;m potrub&iacute;m pripojen&yacute;m na prav&uacute; alebo \u013eav&uacute; stranu jednotky. Elektrick&eacute; pr&iacute;pojky je mo\u017en&eacute; pripoji\u0165 z\u013eava alebo sprava. Z&aacute;kladn&aacute; jednotka sa dod&aacute;va so zabudovan&yacute;m ovl&aacute;dac&iacute;m panelom.","og_url":"https:\/\/klimavex.eu\/sk\/katalog\/rekuperacna-jednotka-dantherm-rcc-220-p2\/","og_site_name":"KLIMAVEX GROUP - Slovensko","article_publisher":"https:\/\/www.facebook.com\/klimavex","article_modified_time":"2026-03-27T07:13:00+00:00","og_image":[{"width":640,"height":512,"url":"https:\/\/klimavex.eu\/sk\/wp-content\/uploads\/2025\/09\/1bozef6bhhKbGsml8yEp_vB_2mgOCvZ934kaO8JaFoU.png","type":"image\/png"}],"twitter_card":"summary_large_image","twitter_misc":{"Predpokladan\u00fd \u010das \u010d\u00edtania":"1 min\u00fata"},"schema":{"@context":"https:\/\/schema.org","@graph":[{"@type":"WebPage","@id":"https:\/\/klimavex.eu\/sk\/katalog\/rekuperacna-jednotka-dantherm-rcc-220-p2\/","url":"https:\/\/klimavex.eu\/sk\/katalog\/rekuperacna-jednotka-dantherm-rcc-220-p2\/","name":"Rekupera\u010dn\u00e1 jednotka Dantherm RCC 220 P2 - KLIMAVEX GROUP - Slovensko","isPartOf":{"@id":"https:\/\/klimavex.eu\/sk\/#website"},"primaryImageOfPage":{"@id":"https:\/\/klimavex.eu\/sk\/katalog\/rekuperacna-jednotka-dantherm-rcc-220-p2\/#primaryimage"},"image":{"@id":"https:\/\/klimavex.eu\/sk\/katalog\/rekuperacna-jednotka-dantherm-rcc-220-p2\/#primaryimage"},"thumbnailUrl":"https:\/\/klimavex.eu\/sk\/wp-content\/uploads\/2025\/09\/1bozef6bhhKbGsml8yEp_vB_2mgOCvZ934kaO8JaFoU.png","datePublished":"2026-03-27T07:12:17+00:00","dateModified":"2026-03-27T07:13:00+00:00","breadcrumb":{"@id":"https:\/\/klimavex.eu\/sk\/katalog\/rekuperacna-jednotka-dantherm-rcc-220-p2\/#breadcrumb"},"inLanguage":"sk-SK","potentialAction":[{"@type":"ReadAction","target":["https:\/\/klimavex.eu\/sk\/katalog\/rekuperacna-jednotka-dantherm-rcc-220-p2\/"]}]},{"@type":"ImageObject","inLanguage":"sk-SK","@id":"https:\/\/klimavex.eu\/sk\/katalog\/rekuperacna-jednotka-dantherm-rcc-220-p2\/#primaryimage","url":"https:\/\/klimavex.eu\/sk\/wp-content\/uploads\/2025\/09\/1bozef6bhhKbGsml8yEp_vB_2mgOCvZ934kaO8JaFoU.png","contentUrl":"https:\/\/klimavex.eu\/sk\/wp-content\/uploads\/2025\/09\/1bozef6bhhKbGsml8yEp_vB_2mgOCvZ934kaO8JaFoU.png","width":640,"height":512},{"@type":"BreadcrumbList","@id":"https:\/\/klimavex.eu\/sk\/katalog\/rekuperacna-jednotka-dantherm-rcc-220-p2\/#breadcrumb","itemListElement":[{"@type":"ListItem","position":1,"name":"Domovsk\u00e1 str\u00e1nka","item":"https:\/\/klimavex.eu\/sk\/"},{"@type":"ListItem","position":2,"name":"Eshop","item":"https:\/\/klimavex.eu\/sk\/eshop\/"},{"@type":"ListItem","position":3,"name":"Rekupera\u010dn\u00e1 jednotka Dantherm RCC 220 P2"}]},{"@type":"WebSite","@id":"https:\/\/klimavex.eu\/sk\/#website","url":"https:\/\/klimavex.eu\/sk\/","name":"KLIMAVEX GROUP - Slovensko","description":"","publisher":{"@id":"https:\/\/klimavex.eu\/sk\/#organization"},"alternateName":"KLIMAVEX a.s.","potentialAction":[{"@type":"SearchAction","target":{"@type":"EntryPoint","urlTemplate":"https:\/\/klimavex.eu\/sk\/?s={search_term_string}"},"query-input":{"@type":"PropertyValueSpecification","valueRequired":true,"valueName":"search_term_string"}}],"inLanguage":"sk-SK"},{"@type":"Organization","@id":"https:\/\/klimavex.eu\/sk\/#organization","name":"KLIMAVEX GROUP","alternateName":"KLIMAVEX a.s.","url":"https:\/\/klimavex.eu\/sk\/","logo":{"@type":"ImageObject","inLanguage":"sk-SK","@id":"https:\/\/klimavex.eu\/sk\/#\/schema\/logo\/image\/","url":"https:\/\/klimavex.eu\/sk\/wp-content\/uploads\/2024\/04\/Klimavex-Group-logo.png","contentUrl":"https:\/\/klimavex.eu\/sk\/wp-content\/uploads\/2024\/04\/Klimavex-Group-logo.png","width":1681,"height":472,"caption":"KLIMAVEX GROUP"},"image":{"@id":"https:\/\/klimavex.eu\/sk\/#\/schema\/logo\/image\/"},"sameAs":["https:\/\/www.facebook.com\/klimavex","https:\/\/www.instagram.com\/klimavex_sk\/"]}]}},"_links":{"self":[{"href":"https:\/\/klimavex.eu\/sk\/wp-json\/wp\/v2\/product\/478106","targetHints":{"allow":["GET"]}}],"collection":[{"href":"https:\/\/klimavex.eu\/sk\/wp-json\/wp\/v2\/product"}],"about":[{"href":"https:\/\/klimavex.eu\/sk\/wp-json\/wp\/v2\/types\/product"}],"version-history":[{"count":0,"href":"https:\/\/klimavex.eu\/sk\/wp-json\/wp\/v2\/product\/478106\/revisions"}],"wp:featuredmedia":[{"embeddable":true,"href":"https:\/\/klimavex.eu\/sk\/wp-json\/wp\/v2\/media\/487892"}],"wp:attachment":[{"href":"https:\/\/klimavex.eu\/sk\/wp-json\/wp\/v2\/media?parent=478106"}],"wp:term":[{"taxonomy":"product_cat","embeddable":true,"href":"https:\/\/klimavex.eu\/sk\/wp-json\/wp\/v2\/product_cat?post=478106"},{"taxonomy":"product_tag","embeddable":true,"href":"https:\/\/klimavex.eu\/sk\/wp-json\/wp\/v2\/product_tag?post=478106"}],"curies":[{"name":"wp","href":"https:\/\/api.w.org\/{rel}","templated":true}]}}