{"id":478148,"date":"2026-03-31T19:18:05","date_gmt":"2026-03-31T17:18:05","guid":{"rendered":"https:\/\/klimavex.eu\/sk\/katalog\/priechodka-roh-lista90mm\/"},"modified":"2026-03-31T19:18:36","modified_gmt":"2026-03-31T17:18:36","slug":"montazne-prislusenstvo-artiplastic-priechodka-rohova-0909cm-pre-zlab-0912-biela-ral-9001-balenie-6ks","status":"publish","type":"product","link":"https:\/\/klimavex.eu\/sk\/katalog\/montazne-prislusenstvo-artiplastic-priechodka-rohova-0909cm-pre-zlab-0912-biela-ral-9001-balenie-6ks\/","title":{"rendered":"Mont\u00e1\u017ene pr\u00edslu\u0161enstvo Artiplastic priechodka rohov\u00e1 0909CM pre \u017e\u013eab 0912 biela RAL 9001 (balenie 6ks)"},"content":{"rendered":"","protected":false},"excerpt":{"rendered":"<p style=\"text-align:justify\"><span style=\"font-size:11pt\"><span style=\"font-family:Calibri,sans-serif\">Prekrytie otvoru s prechodom v rohu. UV odolnos\u0165. Biela RAL 9001. Vhodn&eacute; pre \u017e\u013eaby 0912. V balen&iacute; 6 ks.<\/span><\/span><\/p>\n","protected":false},"featured_media":487969,"template":"","meta":[],"product_cat":[1270,1276],"product_tag":[],"class_list":{"0":"post-478148","1":"product","2":"type-product","3":"status-publish","4":"has-post-thumbnail","6":"product_cat-prislusenstvo-pre-klimatizacie","7":"product_cat-listy","8":"pa_produkt-krycie-listy-tvarovky","9":"pa_typ-lista-90","10":"pa_znacka-artiplastic","12":"first","13":"instock","14":"taxable","15":"shipping-taxable","16":"purchasable","17":"product-type-simple"},"yoast_head":"<!-- This site is optimized with the Yoast SEO plugin v23.9 - https:\/\/yoast.com\/wordpress\/plugins\/seo\/ -->\n<title>Mont\u00e1\u017ene pr\u00edslu\u0161enstvo Artiplastic priechodka rohov\u00e1 0909CM pre \u017e\u013eab 0912 biela RAL 9001 (balenie 6ks) - KLIMAVEX GROUP - Slovensko<\/title>\n<meta name=\"robots\" content=\"index, follow, max-snippet:-1, max-image-preview:large, max-video-preview:-1\" \/>\n<link rel=\"canonical\" href=\"https:\/\/klimavex.eu\/sk\/katalog\/priechodka-roh-lista90mm\/\" \/>\n<meta property=\"og:locale\" content=\"sk_SK\" \/>\n<meta property=\"og:type\" content=\"article\" \/>\n<meta property=\"og:title\" content=\"Mont\u00e1\u017ene pr\u00edslu\u0161enstvo Artiplastic priechodka rohov\u00e1 0909CM pre \u017e\u013eab 0912 biela RAL 9001 (balenie 6ks) - KLIMAVEX GROUP - Slovensko\" \/>\n<meta property=\"og:description\" content=\"Prekrytie otvoru s prechodom v rohu. UV odolnos\u0165. Biela RAL 9001. Vhodn&eacute; pre \u017e\u013eaby 0912. V balen&iacute; 6 ks.\" \/>\n<meta property=\"og:url\" content=\"https:\/\/klimavex.eu\/sk\/katalog\/priechodka-roh-lista90mm\/\" \/>\n<meta property=\"og:site_name\" content=\"KLIMAVEX GROUP - Slovensko\" \/>\n<meta property=\"article:publisher\" content=\"https:\/\/www.facebook.com\/klimavex\" \/>\n<meta property=\"article:modified_time\" content=\"2026-03-31T17:18:36+00:00\" \/>\n<meta property=\"og:image\" content=\"https:\/\/klimavex.eu\/sk\/wp-content\/uploads\/2025\/09\/cQDA8cu0vs_41ioXaze7AsO728SyePx4JWZEPkzI4CY.png\" \/>\n\t<meta property=\"og:image:width\" content=\"300\" \/>\n\t<meta property=\"og:image:height\" content=\"300\" \/>\n\t<meta property=\"og:image:type\" content=\"image\/png\" \/>\n<meta name=\"twitter:card\" content=\"summary_large_image\" \/>\n<script type=\"application\/ld+json\" class=\"yoast-schema-graph\">{\"@context\":\"https:\/\/schema.org\",\"@graph\":[{\"@type\":\"WebPage\",\"@id\":\"https:\/\/klimavex.eu\/sk\/katalog\/priechodka-roh-lista90mm\/\",\"url\":\"https:\/\/klimavex.eu\/sk\/katalog\/priechodka-roh-lista90mm\/\",\"name\":\"Mont\u00e1\u017ene pr\u00edslu\u0161enstvo Artiplastic priechodka rohov\u00e1 0909CM pre \u017e\u013eab 0912 biela RAL 9001 (balenie 6ks) - KLIMAVEX GROUP - Slovensko\",\"isPartOf\":{\"@id\":\"https:\/\/klimavex.eu\/sk\/#website\"},\"primaryImageOfPage\":{\"@id\":\"https:\/\/klimavex.eu\/sk\/katalog\/priechodka-roh-lista90mm\/#primaryimage\"},\"image\":{\"@id\":\"https:\/\/klimavex.eu\/sk\/katalog\/priechodka-roh-lista90mm\/#primaryimage\"},\"thumbnailUrl\":\"https:\/\/klimavex.eu\/sk\/wp-content\/uploads\/2025\/09\/cQDA8cu0vs_41ioXaze7AsO728SyePx4JWZEPkzI4CY.png\",\"datePublished\":\"2026-03-31T17:18:05+00:00\",\"dateModified\":\"2026-03-31T17:18:36+00:00\",\"breadcrumb\":{\"@id\":\"https:\/\/klimavex.eu\/sk\/katalog\/priechodka-roh-lista90mm\/#breadcrumb\"},\"inLanguage\":\"sk-SK\",\"potentialAction\":[{\"@type\":\"ReadAction\",\"target\":[\"https:\/\/klimavex.eu\/sk\/katalog\/priechodka-roh-lista90mm\/\"]}]},{\"@type\":\"ImageObject\",\"inLanguage\":\"sk-SK\",\"@id\":\"https:\/\/klimavex.eu\/sk\/katalog\/priechodka-roh-lista90mm\/#primaryimage\",\"url\":\"https:\/\/klimavex.eu\/sk\/wp-content\/uploads\/2025\/09\/cQDA8cu0vs_41ioXaze7AsO728SyePx4JWZEPkzI4CY.png\",\"contentUrl\":\"https:\/\/klimavex.eu\/sk\/wp-content\/uploads\/2025\/09\/cQDA8cu0vs_41ioXaze7AsO728SyePx4JWZEPkzI4CY.png\",\"width\":300,\"height\":300},{\"@type\":\"BreadcrumbList\",\"@id\":\"https:\/\/klimavex.eu\/sk\/katalog\/priechodka-roh-lista90mm\/#breadcrumb\",\"itemListElement\":[{\"@type\":\"ListItem\",\"position\":1,\"name\":\"Domovsk\u00e1 str\u00e1nka\",\"item\":\"https:\/\/klimavex.eu\/sk\/\"},{\"@type\":\"ListItem\",\"position\":2,\"name\":\"Eshop\",\"item\":\"https:\/\/klimavex.eu\/sk\/eshop\/\"},{\"@type\":\"ListItem\",\"position\":3,\"name\":\"Priechodka roh (li\u0161ta90mm)\"}]},{\"@type\":\"WebSite\",\"@id\":\"https:\/\/klimavex.eu\/sk\/#website\",\"url\":\"https:\/\/klimavex.eu\/sk\/\",\"name\":\"KLIMAVEX GROUP - Slovensko\",\"description\":\"\",\"publisher\":{\"@id\":\"https:\/\/klimavex.eu\/sk\/#organization\"},\"alternateName\":\"KLIMAVEX a.s.\",\"potentialAction\":[{\"@type\":\"SearchAction\",\"target\":{\"@type\":\"EntryPoint\",\"urlTemplate\":\"https:\/\/klimavex.eu\/sk\/?s={search_term_string}\"},\"query-input\":{\"@type\":\"PropertyValueSpecification\",\"valueRequired\":true,\"valueName\":\"search_term_string\"}}],\"inLanguage\":\"sk-SK\"},{\"@type\":\"Organization\",\"@id\":\"https:\/\/klimavex.eu\/sk\/#organization\",\"name\":\"KLIMAVEX GROUP\",\"alternateName\":\"KLIMAVEX a.s.\",\"url\":\"https:\/\/klimavex.eu\/sk\/\",\"logo\":{\"@type\":\"ImageObject\",\"inLanguage\":\"sk-SK\",\"@id\":\"https:\/\/klimavex.eu\/sk\/#\/schema\/logo\/image\/\",\"url\":\"https:\/\/klimavex.eu\/sk\/wp-content\/uploads\/2024\/04\/Klimavex-Group-logo.png\",\"contentUrl\":\"https:\/\/klimavex.eu\/sk\/wp-content\/uploads\/2024\/04\/Klimavex-Group-logo.png\",\"width\":1681,\"height\":472,\"caption\":\"KLIMAVEX GROUP\"},\"image\":{\"@id\":\"https:\/\/klimavex.eu\/sk\/#\/schema\/logo\/image\/\"},\"sameAs\":[\"https:\/\/www.facebook.com\/klimavex\",\"https:\/\/www.instagram.com\/klimavex_sk\/\"]}]}<\/script>\n<!-- \/ Yoast SEO plugin. -->","yoast_head_json":{"title":"Mont\u00e1\u017ene pr\u00edslu\u0161enstvo Artiplastic priechodka rohov\u00e1 0909CM pre \u017e\u013eab 0912 biela RAL 9001 (balenie 6ks) - KLIMAVEX GROUP - Slovensko","robots":{"index":"index","follow":"follow","max-snippet":"max-snippet:-1","max-image-preview":"max-image-preview:large","max-video-preview":"max-video-preview:-1"},"canonical":"https:\/\/klimavex.eu\/sk\/katalog\/priechodka-roh-lista90mm\/","og_locale":"sk_SK","og_type":"article","og_title":"Mont\u00e1\u017ene pr\u00edslu\u0161enstvo Artiplastic priechodka rohov\u00e1 0909CM pre \u017e\u013eab 0912 biela RAL 9001 (balenie 6ks) - KLIMAVEX GROUP - Slovensko","og_description":"Prekrytie otvoru s prechodom v rohu. UV odolnos\u0165. Biela RAL 9001. Vhodn&eacute; pre \u017e\u013eaby 0912. V balen&iacute; 6 ks.","og_url":"https:\/\/klimavex.eu\/sk\/katalog\/priechodka-roh-lista90mm\/","og_site_name":"KLIMAVEX GROUP - Slovensko","article_publisher":"https:\/\/www.facebook.com\/klimavex","article_modified_time":"2026-03-31T17:18:36+00:00","og_image":[{"width":300,"height":300,"url":"https:\/\/klimavex.eu\/sk\/wp-content\/uploads\/2025\/09\/cQDA8cu0vs_41ioXaze7AsO728SyePx4JWZEPkzI4CY.png","type":"image\/png"}],"twitter_card":"summary_large_image","schema":{"@context":"https:\/\/schema.org","@graph":[{"@type":"WebPage","@id":"https:\/\/klimavex.eu\/sk\/katalog\/priechodka-roh-lista90mm\/","url":"https:\/\/klimavex.eu\/sk\/katalog\/priechodka-roh-lista90mm\/","name":"Mont\u00e1\u017ene pr\u00edslu\u0161enstvo Artiplastic priechodka rohov\u00e1 0909CM pre \u017e\u013eab 0912 biela RAL 9001 (balenie 6ks) - KLIMAVEX GROUP - Slovensko","isPartOf":{"@id":"https:\/\/klimavex.eu\/sk\/#website"},"primaryImageOfPage":{"@id":"https:\/\/klimavex.eu\/sk\/katalog\/priechodka-roh-lista90mm\/#primaryimage"},"image":{"@id":"https:\/\/klimavex.eu\/sk\/katalog\/priechodka-roh-lista90mm\/#primaryimage"},"thumbnailUrl":"https:\/\/klimavex.eu\/sk\/wp-content\/uploads\/2025\/09\/cQDA8cu0vs_41ioXaze7AsO728SyePx4JWZEPkzI4CY.png","datePublished":"2026-03-31T17:18:05+00:00","dateModified":"2026-03-31T17:18:36+00:00","breadcrumb":{"@id":"https:\/\/klimavex.eu\/sk\/katalog\/priechodka-roh-lista90mm\/#breadcrumb"},"inLanguage":"sk-SK","potentialAction":[{"@type":"ReadAction","target":["https:\/\/klimavex.eu\/sk\/katalog\/priechodka-roh-lista90mm\/"]}]},{"@type":"ImageObject","inLanguage":"sk-SK","@id":"https:\/\/klimavex.eu\/sk\/katalog\/priechodka-roh-lista90mm\/#primaryimage","url":"https:\/\/klimavex.eu\/sk\/wp-content\/uploads\/2025\/09\/cQDA8cu0vs_41ioXaze7AsO728SyePx4JWZEPkzI4CY.png","contentUrl":"https:\/\/klimavex.eu\/sk\/wp-content\/uploads\/2025\/09\/cQDA8cu0vs_41ioXaze7AsO728SyePx4JWZEPkzI4CY.png","width":300,"height":300},{"@type":"BreadcrumbList","@id":"https:\/\/klimavex.eu\/sk\/katalog\/priechodka-roh-lista90mm\/#breadcrumb","itemListElement":[{"@type":"ListItem","position":1,"name":"Domovsk\u00e1 str\u00e1nka","item":"https:\/\/klimavex.eu\/sk\/"},{"@type":"ListItem","position":2,"name":"Eshop","item":"https:\/\/klimavex.eu\/sk\/eshop\/"},{"@type":"ListItem","position":3,"name":"Priechodka roh (li\u0161ta90mm)"}]},{"@type":"WebSite","@id":"https:\/\/klimavex.eu\/sk\/#website","url":"https:\/\/klimavex.eu\/sk\/","name":"KLIMAVEX GROUP - Slovensko","description":"","publisher":{"@id":"https:\/\/klimavex.eu\/sk\/#organization"},"alternateName":"KLIMAVEX a.s.","potentialAction":[{"@type":"SearchAction","target":{"@type":"EntryPoint","urlTemplate":"https:\/\/klimavex.eu\/sk\/?s={search_term_string}"},"query-input":{"@type":"PropertyValueSpecification","valueRequired":true,"valueName":"search_term_string"}}],"inLanguage":"sk-SK"},{"@type":"Organization","@id":"https:\/\/klimavex.eu\/sk\/#organization","name":"KLIMAVEX GROUP","alternateName":"KLIMAVEX a.s.","url":"https:\/\/klimavex.eu\/sk\/","logo":{"@type":"ImageObject","inLanguage":"sk-SK","@id":"https:\/\/klimavex.eu\/sk\/#\/schema\/logo\/image\/","url":"https:\/\/klimavex.eu\/sk\/wp-content\/uploads\/2024\/04\/Klimavex-Group-logo.png","contentUrl":"https:\/\/klimavex.eu\/sk\/wp-content\/uploads\/2024\/04\/Klimavex-Group-logo.png","width":1681,"height":472,"caption":"KLIMAVEX GROUP"},"image":{"@id":"https:\/\/klimavex.eu\/sk\/#\/schema\/logo\/image\/"},"sameAs":["https:\/\/www.facebook.com\/klimavex","https:\/\/www.instagram.com\/klimavex_sk\/"]}]}},"_links":{"self":[{"href":"https:\/\/klimavex.eu\/sk\/wp-json\/wp\/v2\/product\/478148","targetHints":{"allow":["GET"]}}],"collection":[{"href":"https:\/\/klimavex.eu\/sk\/wp-json\/wp\/v2\/product"}],"about":[{"href":"https:\/\/klimavex.eu\/sk\/wp-json\/wp\/v2\/types\/product"}],"version-history":[{"count":0,"href":"https:\/\/klimavex.eu\/sk\/wp-json\/wp\/v2\/product\/478148\/revisions"}],"wp:featuredmedia":[{"embeddable":true,"href":"https:\/\/klimavex.eu\/sk\/wp-json\/wp\/v2\/media\/487969"}],"wp:attachment":[{"href":"https:\/\/klimavex.eu\/sk\/wp-json\/wp\/v2\/media?parent=478148"}],"wp:term":[{"taxonomy":"product_cat","embeddable":true,"href":"https:\/\/klimavex.eu\/sk\/wp-json\/wp\/v2\/product_cat?post=478148"},{"taxonomy":"product_tag","embeddable":true,"href":"https:\/\/klimavex.eu\/sk\/wp-json\/wp\/v2\/product_tag?post=478148"}],"curies":[{"name":"wp","href":"https:\/\/api.w.org\/{rel}","templated":true}]}}