{"id":490425,"date":"2026-03-31T16:33:30","date_gmt":"2026-03-31T14:33:30","guid":{"rendered":"https:\/\/klimavex.eu\/sk\/katalog\/prislusenstvo-sabiana-nasavaci-filter-fvm-170\/"},"modified":"2026-03-31T16:33:56","modified_gmt":"2026-03-31T14:33:56","slug":"prislusenstvo-sabiana-nasavaci-filter-fvm-170","status":"publish","type":"product","link":"https:\/\/klimavex.eu\/sk\/katalog\/prislusenstvo-sabiana-nasavaci-filter-fvm-170\/","title":{"rendered":"Pr\u00edslu\u0161enstvo Sabiana nas\u00e1vac\u00ed filter FVM-170"},"content":{"rendered":"","protected":false},"excerpt":{"rendered":"","protected":false},"featured_media":507083,"template":"","meta":[],"product_cat":[5905],"product_tag":[],"class_list":{"0":"post-490425","1":"product","2":"type-product","3":"status-publish","4":"has-post-thumbnail","6":"product_cat-prislusenstvo-pre-fancoily","7":"pa_znacka-sabiana","9":"first","10":"instock","11":"taxable","12":"shipping-taxable","13":"purchasable","14":"product-type-simple"},"yoast_head":"<!-- This site is optimized with the Yoast SEO plugin v23.9 - https:\/\/yoast.com\/wordpress\/plugins\/seo\/ -->\n<title>Pr\u00edslu\u0161enstvo Sabiana nas\u00e1vac\u00ed filter FVM-170 - KLIMAVEX GROUP - Slovensko<\/title>\n<meta name=\"robots\" content=\"index, follow, max-snippet:-1, max-image-preview:large, max-video-preview:-1\" \/>\n<link rel=\"canonical\" href=\"https:\/\/klimavex.eu\/sk\/katalog\/prislusenstvo-sabiana-nasavaci-filter-fvm-170\/\" \/>\n<meta property=\"og:locale\" content=\"sk_SK\" \/>\n<meta property=\"og:type\" content=\"article\" \/>\n<meta property=\"og:title\" content=\"Pr\u00edslu\u0161enstvo Sabiana nas\u00e1vac\u00ed filter FVM-170 - KLIMAVEX GROUP - Slovensko\" \/>\n<meta property=\"og:url\" content=\"https:\/\/klimavex.eu\/sk\/katalog\/prislusenstvo-sabiana-nasavaci-filter-fvm-170\/\" \/>\n<meta property=\"og:site_name\" content=\"KLIMAVEX GROUP - Slovensko\" \/>\n<meta property=\"article:publisher\" content=\"https:\/\/www.facebook.com\/klimavex\" \/>\n<meta property=\"article:modified_time\" content=\"2026-03-31T14:33:56+00:00\" \/>\n<meta property=\"og:image\" content=\"https:\/\/klimavex.eu\/sk\/wp-content\/uploads\/2025\/09\/wS1jN2VtJ-hHWlDwp-9Wva8NI-RsmKZMgwqpcKW4XOg-178.jpeg\" \/>\n\t<meta property=\"og:image:width\" content=\"512\" \/>\n\t<meta property=\"og:image:height\" content=\"512\" \/>\n\t<meta property=\"og:image:type\" content=\"image\/jpeg\" \/>\n<meta name=\"twitter:card\" content=\"summary_large_image\" \/>\n<script type=\"application\/ld+json\" class=\"yoast-schema-graph\">{\"@context\":\"https:\/\/schema.org\",\"@graph\":[{\"@type\":\"WebPage\",\"@id\":\"https:\/\/klimavex.eu\/sk\/katalog\/prislusenstvo-sabiana-nasavaci-filter-fvm-170\/\",\"url\":\"https:\/\/klimavex.eu\/sk\/katalog\/prislusenstvo-sabiana-nasavaci-filter-fvm-170\/\",\"name\":\"Pr\u00edslu\u0161enstvo Sabiana nas\u00e1vac\u00ed filter FVM-170 - KLIMAVEX GROUP - Slovensko\",\"isPartOf\":{\"@id\":\"https:\/\/klimavex.eu\/sk\/#website\"},\"primaryImageOfPage\":{\"@id\":\"https:\/\/klimavex.eu\/sk\/katalog\/prislusenstvo-sabiana-nasavaci-filter-fvm-170\/#primaryimage\"},\"image\":{\"@id\":\"https:\/\/klimavex.eu\/sk\/katalog\/prislusenstvo-sabiana-nasavaci-filter-fvm-170\/#primaryimage\"},\"thumbnailUrl\":\"https:\/\/klimavex.eu\/sk\/wp-content\/uploads\/2026\/02\/tGgxNxTzZ-SXt-1zrAlafLM-ZPDOLKXFYFv_icll5c0-186.jpeg\",\"datePublished\":\"2026-03-31T14:33:30+00:00\",\"dateModified\":\"2026-03-31T14:33:56+00:00\",\"breadcrumb\":{\"@id\":\"https:\/\/klimavex.eu\/sk\/katalog\/prislusenstvo-sabiana-nasavaci-filter-fvm-170\/#breadcrumb\"},\"inLanguage\":\"sk-SK\",\"potentialAction\":[{\"@type\":\"ReadAction\",\"target\":[\"https:\/\/klimavex.eu\/sk\/katalog\/prislusenstvo-sabiana-nasavaci-filter-fvm-170\/\"]}]},{\"@type\":\"ImageObject\",\"inLanguage\":\"sk-SK\",\"@id\":\"https:\/\/klimavex.eu\/sk\/katalog\/prislusenstvo-sabiana-nasavaci-filter-fvm-170\/#primaryimage\",\"url\":\"https:\/\/klimavex.eu\/sk\/wp-content\/uploads\/2026\/02\/tGgxNxTzZ-SXt-1zrAlafLM-ZPDOLKXFYFv_icll5c0-186.jpeg\",\"contentUrl\":\"https:\/\/klimavex.eu\/sk\/wp-content\/uploads\/2026\/02\/tGgxNxTzZ-SXt-1zrAlafLM-ZPDOLKXFYFv_icll5c0-186.jpeg\",\"width\":512,\"height\":512},{\"@type\":\"BreadcrumbList\",\"@id\":\"https:\/\/klimavex.eu\/sk\/katalog\/prislusenstvo-sabiana-nasavaci-filter-fvm-170\/#breadcrumb\",\"itemListElement\":[{\"@type\":\"ListItem\",\"position\":1,\"name\":\"Domovsk\u00e1 str\u00e1nka\",\"item\":\"https:\/\/klimavex.eu\/sk\/\"},{\"@type\":\"ListItem\",\"position\":2,\"name\":\"Eshop\",\"item\":\"https:\/\/klimavex.eu\/sk\/eshop\/\"},{\"@type\":\"ListItem\",\"position\":3,\"name\":\"Pr\u00edslu\u0161enstvo Sabiana nas\u00e1vac\u00ed filter FVM-170\"}]},{\"@type\":\"WebSite\",\"@id\":\"https:\/\/klimavex.eu\/sk\/#website\",\"url\":\"https:\/\/klimavex.eu\/sk\/\",\"name\":\"KLIMAVEX GROUP - Slovensko\",\"description\":\"\",\"publisher\":{\"@id\":\"https:\/\/klimavex.eu\/sk\/#organization\"},\"alternateName\":\"KLIMAVEX a.s.\",\"potentialAction\":[{\"@type\":\"SearchAction\",\"target\":{\"@type\":\"EntryPoint\",\"urlTemplate\":\"https:\/\/klimavex.eu\/sk\/?s={search_term_string}\"},\"query-input\":{\"@type\":\"PropertyValueSpecification\",\"valueRequired\":true,\"valueName\":\"search_term_string\"}}],\"inLanguage\":\"sk-SK\"},{\"@type\":\"Organization\",\"@id\":\"https:\/\/klimavex.eu\/sk\/#organization\",\"name\":\"KLIMAVEX GROUP\",\"alternateName\":\"KLIMAVEX a.s.\",\"url\":\"https:\/\/klimavex.eu\/sk\/\",\"logo\":{\"@type\":\"ImageObject\",\"inLanguage\":\"sk-SK\",\"@id\":\"https:\/\/klimavex.eu\/sk\/#\/schema\/logo\/image\/\",\"url\":\"https:\/\/klimavex.eu\/sk\/wp-content\/uploads\/2024\/04\/Klimavex-Group-logo.png\",\"contentUrl\":\"https:\/\/klimavex.eu\/sk\/wp-content\/uploads\/2024\/04\/Klimavex-Group-logo.png\",\"width\":1681,\"height\":472,\"caption\":\"KLIMAVEX GROUP\"},\"image\":{\"@id\":\"https:\/\/klimavex.eu\/sk\/#\/schema\/logo\/image\/\"},\"sameAs\":[\"https:\/\/www.facebook.com\/klimavex\",\"https:\/\/www.instagram.com\/klimavex_sk\/\"]}]}<\/script>\n<!-- \/ Yoast SEO plugin. -->","yoast_head_json":{"title":"Pr\u00edslu\u0161enstvo Sabiana nas\u00e1vac\u00ed filter FVM-170 - KLIMAVEX GROUP - Slovensko","robots":{"index":"index","follow":"follow","max-snippet":"max-snippet:-1","max-image-preview":"max-image-preview:large","max-video-preview":"max-video-preview:-1"},"canonical":"https:\/\/klimavex.eu\/sk\/katalog\/prislusenstvo-sabiana-nasavaci-filter-fvm-170\/","og_locale":"sk_SK","og_type":"article","og_title":"Pr\u00edslu\u0161enstvo Sabiana nas\u00e1vac\u00ed filter FVM-170 - KLIMAVEX GROUP - Slovensko","og_url":"https:\/\/klimavex.eu\/sk\/katalog\/prislusenstvo-sabiana-nasavaci-filter-fvm-170\/","og_site_name":"KLIMAVEX GROUP - Slovensko","article_publisher":"https:\/\/www.facebook.com\/klimavex","article_modified_time":"2026-03-31T14:33:56+00:00","og_image":[{"width":512,"height":512,"url":"https:\/\/klimavex.eu\/sk\/wp-content\/uploads\/2025\/09\/wS1jN2VtJ-hHWlDwp-9Wva8NI-RsmKZMgwqpcKW4XOg-178.jpeg","type":"image\/jpeg"}],"twitter_card":"summary_large_image","schema":{"@context":"https:\/\/schema.org","@graph":[{"@type":"WebPage","@id":"https:\/\/klimavex.eu\/sk\/katalog\/prislusenstvo-sabiana-nasavaci-filter-fvm-170\/","url":"https:\/\/klimavex.eu\/sk\/katalog\/prislusenstvo-sabiana-nasavaci-filter-fvm-170\/","name":"Pr\u00edslu\u0161enstvo Sabiana nas\u00e1vac\u00ed filter FVM-170 - KLIMAVEX GROUP - Slovensko","isPartOf":{"@id":"https:\/\/klimavex.eu\/sk\/#website"},"primaryImageOfPage":{"@id":"https:\/\/klimavex.eu\/sk\/katalog\/prislusenstvo-sabiana-nasavaci-filter-fvm-170\/#primaryimage"},"image":{"@id":"https:\/\/klimavex.eu\/sk\/katalog\/prislusenstvo-sabiana-nasavaci-filter-fvm-170\/#primaryimage"},"thumbnailUrl":"https:\/\/klimavex.eu\/sk\/wp-content\/uploads\/2026\/02\/tGgxNxTzZ-SXt-1zrAlafLM-ZPDOLKXFYFv_icll5c0-186.jpeg","datePublished":"2026-03-31T14:33:30+00:00","dateModified":"2026-03-31T14:33:56+00:00","breadcrumb":{"@id":"https:\/\/klimavex.eu\/sk\/katalog\/prislusenstvo-sabiana-nasavaci-filter-fvm-170\/#breadcrumb"},"inLanguage":"sk-SK","potentialAction":[{"@type":"ReadAction","target":["https:\/\/klimavex.eu\/sk\/katalog\/prislusenstvo-sabiana-nasavaci-filter-fvm-170\/"]}]},{"@type":"ImageObject","inLanguage":"sk-SK","@id":"https:\/\/klimavex.eu\/sk\/katalog\/prislusenstvo-sabiana-nasavaci-filter-fvm-170\/#primaryimage","url":"https:\/\/klimavex.eu\/sk\/wp-content\/uploads\/2026\/02\/tGgxNxTzZ-SXt-1zrAlafLM-ZPDOLKXFYFv_icll5c0-186.jpeg","contentUrl":"https:\/\/klimavex.eu\/sk\/wp-content\/uploads\/2026\/02\/tGgxNxTzZ-SXt-1zrAlafLM-ZPDOLKXFYFv_icll5c0-186.jpeg","width":512,"height":512},{"@type":"BreadcrumbList","@id":"https:\/\/klimavex.eu\/sk\/katalog\/prislusenstvo-sabiana-nasavaci-filter-fvm-170\/#breadcrumb","itemListElement":[{"@type":"ListItem","position":1,"name":"Domovsk\u00e1 str\u00e1nka","item":"https:\/\/klimavex.eu\/sk\/"},{"@type":"ListItem","position":2,"name":"Eshop","item":"https:\/\/klimavex.eu\/sk\/eshop\/"},{"@type":"ListItem","position":3,"name":"Pr\u00edslu\u0161enstvo Sabiana nas\u00e1vac\u00ed filter FVM-170"}]},{"@type":"WebSite","@id":"https:\/\/klimavex.eu\/sk\/#website","url":"https:\/\/klimavex.eu\/sk\/","name":"KLIMAVEX GROUP - Slovensko","description":"","publisher":{"@id":"https:\/\/klimavex.eu\/sk\/#organization"},"alternateName":"KLIMAVEX a.s.","potentialAction":[{"@type":"SearchAction","target":{"@type":"EntryPoint","urlTemplate":"https:\/\/klimavex.eu\/sk\/?s={search_term_string}"},"query-input":{"@type":"PropertyValueSpecification","valueRequired":true,"valueName":"search_term_string"}}],"inLanguage":"sk-SK"},{"@type":"Organization","@id":"https:\/\/klimavex.eu\/sk\/#organization","name":"KLIMAVEX GROUP","alternateName":"KLIMAVEX a.s.","url":"https:\/\/klimavex.eu\/sk\/","logo":{"@type":"ImageObject","inLanguage":"sk-SK","@id":"https:\/\/klimavex.eu\/sk\/#\/schema\/logo\/image\/","url":"https:\/\/klimavex.eu\/sk\/wp-content\/uploads\/2024\/04\/Klimavex-Group-logo.png","contentUrl":"https:\/\/klimavex.eu\/sk\/wp-content\/uploads\/2024\/04\/Klimavex-Group-logo.png","width":1681,"height":472,"caption":"KLIMAVEX GROUP"},"image":{"@id":"https:\/\/klimavex.eu\/sk\/#\/schema\/logo\/image\/"},"sameAs":["https:\/\/www.facebook.com\/klimavex","https:\/\/www.instagram.com\/klimavex_sk\/"]}]}},"_links":{"self":[{"href":"https:\/\/klimavex.eu\/sk\/wp-json\/wp\/v2\/product\/490425","targetHints":{"allow":["GET"]}}],"collection":[{"href":"https:\/\/klimavex.eu\/sk\/wp-json\/wp\/v2\/product"}],"about":[{"href":"https:\/\/klimavex.eu\/sk\/wp-json\/wp\/v2\/types\/product"}],"version-history":[{"count":0,"href":"https:\/\/klimavex.eu\/sk\/wp-json\/wp\/v2\/product\/490425\/revisions"}],"wp:featuredmedia":[{"embeddable":true,"href":"https:\/\/klimavex.eu\/sk\/wp-json\/wp\/v2\/media\/507083"}],"wp:attachment":[{"href":"https:\/\/klimavex.eu\/sk\/wp-json\/wp\/v2\/media?parent=490425"}],"wp:term":[{"taxonomy":"product_cat","embeddable":true,"href":"https:\/\/klimavex.eu\/sk\/wp-json\/wp\/v2\/product_cat?post=490425"},{"taxonomy":"product_tag","embeddable":true,"href":"https:\/\/klimavex.eu\/sk\/wp-json\/wp\/v2\/product_tag?post=490425"}],"curies":[{"name":"wp","href":"https:\/\/api.w.org\/{rel}","templated":true}]}}