{"id":499402,"date":"2026-03-31T19:29:26","date_gmt":"2026-03-31T17:29:26","guid":{"rendered":"https:\/\/klimavex.eu\/sk\/katalog\/fancoil-sabiana-2-rurkovy-parapetny-oplasteny-carisma-pravy-s-ac-motorom-crc-44-mv\/"},"modified":"2026-03-31T19:29:56","modified_gmt":"2026-03-31T17:29:56","slug":"fancoil-sabiana-2-rurkovy-parapetny-oplasteny-carisma-pravy-s-ac-motorom-crc-44-mv","status":"publish","type":"product","link":"https:\/\/klimavex.eu\/sk\/katalog\/fancoil-sabiana-2-rurkovy-parapetny-oplasteny-carisma-pravy-s-ac-motorom-crc-44-mv\/","title":{"rendered":"Fancoil Sabiana 2-r\u00farkov\u00fd parapetn\u00fd opl\u00e1\u0161ten\u00fd CARISMA prav\u00fd s AC motorom CRC 44 MV"},"content":{"rendered":"","protected":false},"excerpt":{"rendered":"","protected":false},"featured_media":507625,"template":"","meta":[],"product_cat":[2380,2417],"product_tag":[],"class_list":{"0":"post-499402","1":"product","2":"type-product","3":"status-publish","4":"has-post-thumbnail","6":"product_cat-fancoily-sabiana","7":"product_cat-parapetne-podstropne-crc","8":"pa_chladiaci-vykon-7-12-27c-w-4419","9":"pa_hlucnost-max-lp-dba-4400","10":"pa_napajanie-1f-230v","11":"pa_prevedenie-parapetny-oplasteny","12":"pa_typ-crc-mv","13":"pa_typ-chladiva-voda","14":"pa_typ-motora-ac","15":"pa_vyhotovenie-2-rurkove","16":"pa_vykonovy-model-4334","17":"pa_vykurovaci-vykon-45-50-20c-w-6623","18":"pa_vzd-vyk-m3-h-max-otac-5974","19":"pa_znacka-sabiana","21":"first","22":"instock","23":"taxable","24":"shipping-taxable","25":"purchasable","26":"product-type-simple"},"yoast_head":"<!-- This site is optimized with the Yoast SEO plugin v23.9 - https:\/\/yoast.com\/wordpress\/plugins\/seo\/ -->\n<title>Fancoil Sabiana 2-r\u00farkov\u00fd parapetn\u00fd opl\u00e1\u0161ten\u00fd CARISMA prav\u00fd s AC motorom CRC 44 MV - KLIMAVEX GROUP - Slovensko<\/title>\n<meta name=\"robots\" content=\"index, follow, max-snippet:-1, max-image-preview:large, max-video-preview:-1\" \/>\n<link rel=\"canonical\" href=\"https:\/\/klimavex.eu\/sk\/katalog\/fancoil-sabiana-2-rurkovy-parapetny-oplasteny-carisma-pravy-s-ac-motorom-crc-44-mv\/\" \/>\n<meta property=\"og:locale\" content=\"sk_SK\" \/>\n<meta property=\"og:type\" content=\"article\" \/>\n<meta property=\"og:title\" content=\"Fancoil Sabiana 2-r\u00farkov\u00fd parapetn\u00fd opl\u00e1\u0161ten\u00fd CARISMA prav\u00fd s AC motorom CRC 44 MV - KLIMAVEX GROUP - Slovensko\" \/>\n<meta property=\"og:url\" content=\"https:\/\/klimavex.eu\/sk\/katalog\/fancoil-sabiana-2-rurkovy-parapetny-oplasteny-carisma-pravy-s-ac-motorom-crc-44-mv\/\" \/>\n<meta property=\"og:site_name\" content=\"KLIMAVEX GROUP - Slovensko\" \/>\n<meta property=\"article:publisher\" content=\"https:\/\/www.facebook.com\/klimavex\" \/>\n<meta property=\"article:modified_time\" content=\"2026-03-31T17:29:56+00:00\" \/>\n<meta property=\"og:image\" content=\"https:\/\/klimavex.eu\/sk\/wp-content\/uploads\/2024\/02\/LOGO-KLIMAVEX-modra-kostka-1.png\" \/>\n\t<meta property=\"og:image:width\" content=\"9184\" \/>\n\t<meta property=\"og:image:height\" content=\"9184\" \/>\n\t<meta property=\"og:image:type\" content=\"image\/png\" \/>\n<meta name=\"twitter:card\" content=\"summary_large_image\" \/>\n<script type=\"application\/ld+json\" class=\"yoast-schema-graph\">{\"@context\":\"https:\/\/schema.org\",\"@graph\":[{\"@type\":\"WebPage\",\"@id\":\"https:\/\/klimavex.eu\/sk\/katalog\/fancoil-sabiana-2-rurkovy-parapetny-oplasteny-carisma-pravy-s-ac-motorom-crc-44-mv\/\",\"url\":\"https:\/\/klimavex.eu\/sk\/katalog\/fancoil-sabiana-2-rurkovy-parapetny-oplasteny-carisma-pravy-s-ac-motorom-crc-44-mv\/\",\"name\":\"Fancoil Sabiana 2-r\u00farkov\u00fd parapetn\u00fd opl\u00e1\u0161ten\u00fd CARISMA prav\u00fd s AC motorom CRC 44 MV - KLIMAVEX GROUP - Slovensko\",\"isPartOf\":{\"@id\":\"https:\/\/klimavex.eu\/sk\/#website\"},\"primaryImageOfPage\":{\"@id\":\"https:\/\/klimavex.eu\/sk\/katalog\/fancoil-sabiana-2-rurkovy-parapetny-oplasteny-carisma-pravy-s-ac-motorom-crc-44-mv\/#primaryimage\"},\"image\":{\"@id\":\"https:\/\/klimavex.eu\/sk\/katalog\/fancoil-sabiana-2-rurkovy-parapetny-oplasteny-carisma-pravy-s-ac-motorom-crc-44-mv\/#primaryimage\"},\"thumbnailUrl\":\"https:\/\/klimavex.eu\/sk\/wp-content\/uploads\/2026\/02\/gZL-BHJKkLCL2HqajapcgnOFuW93_0EcgWcejLq1ji0-133.jpeg\",\"datePublished\":\"2026-03-31T17:29:26+00:00\",\"dateModified\":\"2026-03-31T17:29:56+00:00\",\"breadcrumb\":{\"@id\":\"https:\/\/klimavex.eu\/sk\/katalog\/fancoil-sabiana-2-rurkovy-parapetny-oplasteny-carisma-pravy-s-ac-motorom-crc-44-mv\/#breadcrumb\"},\"inLanguage\":\"sk-SK\",\"potentialAction\":[{\"@type\":\"ReadAction\",\"target\":[\"https:\/\/klimavex.eu\/sk\/katalog\/fancoil-sabiana-2-rurkovy-parapetny-oplasteny-carisma-pravy-s-ac-motorom-crc-44-mv\/\"]}]},{\"@type\":\"ImageObject\",\"inLanguage\":\"sk-SK\",\"@id\":\"https:\/\/klimavex.eu\/sk\/katalog\/fancoil-sabiana-2-rurkovy-parapetny-oplasteny-carisma-pravy-s-ac-motorom-crc-44-mv\/#primaryimage\",\"url\":\"https:\/\/klimavex.eu\/sk\/wp-content\/uploads\/2026\/02\/gZL-BHJKkLCL2HqajapcgnOFuW93_0EcgWcejLq1ji0-133.jpeg\",\"contentUrl\":\"https:\/\/klimavex.eu\/sk\/wp-content\/uploads\/2026\/02\/gZL-BHJKkLCL2HqajapcgnOFuW93_0EcgWcejLq1ji0-133.jpeg\",\"width\":589,\"height\":512},{\"@type\":\"BreadcrumbList\",\"@id\":\"https:\/\/klimavex.eu\/sk\/katalog\/fancoil-sabiana-2-rurkovy-parapetny-oplasteny-carisma-pravy-s-ac-motorom-crc-44-mv\/#breadcrumb\",\"itemListElement\":[{\"@type\":\"ListItem\",\"position\":1,\"name\":\"Domovsk\u00e1 str\u00e1nka\",\"item\":\"https:\/\/klimavex.eu\/sk\/\"},{\"@type\":\"ListItem\",\"position\":2,\"name\":\"Eshop\",\"item\":\"https:\/\/klimavex.eu\/sk\/eshop\/\"},{\"@type\":\"ListItem\",\"position\":3,\"name\":\"Fancoil Sabiana 2-r\u00farkov\u00fd parapetn\u00fd opl\u00e1\u0161ten\u00fd CARISMA prav\u00fd s AC motorom CRC 44 MV\"}]},{\"@type\":\"WebSite\",\"@id\":\"https:\/\/klimavex.eu\/sk\/#website\",\"url\":\"https:\/\/klimavex.eu\/sk\/\",\"name\":\"KLIMAVEX GROUP - Slovensko\",\"description\":\"\",\"publisher\":{\"@id\":\"https:\/\/klimavex.eu\/sk\/#organization\"},\"alternateName\":\"KLIMAVEX a.s.\",\"potentialAction\":[{\"@type\":\"SearchAction\",\"target\":{\"@type\":\"EntryPoint\",\"urlTemplate\":\"https:\/\/klimavex.eu\/sk\/?s={search_term_string}\"},\"query-input\":{\"@type\":\"PropertyValueSpecification\",\"valueRequired\":true,\"valueName\":\"search_term_string\"}}],\"inLanguage\":\"sk-SK\"},{\"@type\":\"Organization\",\"@id\":\"https:\/\/klimavex.eu\/sk\/#organization\",\"name\":\"KLIMAVEX GROUP\",\"alternateName\":\"KLIMAVEX a.s.\",\"url\":\"https:\/\/klimavex.eu\/sk\/\",\"logo\":{\"@type\":\"ImageObject\",\"inLanguage\":\"sk-SK\",\"@id\":\"https:\/\/klimavex.eu\/sk\/#\/schema\/logo\/image\/\",\"url\":\"https:\/\/klimavex.eu\/sk\/wp-content\/uploads\/2024\/04\/Klimavex-Group-logo.png\",\"contentUrl\":\"https:\/\/klimavex.eu\/sk\/wp-content\/uploads\/2024\/04\/Klimavex-Group-logo.png\",\"width\":1681,\"height\":472,\"caption\":\"KLIMAVEX GROUP\"},\"image\":{\"@id\":\"https:\/\/klimavex.eu\/sk\/#\/schema\/logo\/image\/\"},\"sameAs\":[\"https:\/\/www.facebook.com\/klimavex\",\"https:\/\/www.instagram.com\/klimavex_sk\/\"]}]}<\/script>\n<!-- \/ Yoast SEO plugin. -->","yoast_head_json":{"title":"Fancoil Sabiana 2-r\u00farkov\u00fd parapetn\u00fd opl\u00e1\u0161ten\u00fd CARISMA prav\u00fd s AC motorom CRC 44 MV - KLIMAVEX GROUP - Slovensko","robots":{"index":"index","follow":"follow","max-snippet":"max-snippet:-1","max-image-preview":"max-image-preview:large","max-video-preview":"max-video-preview:-1"},"canonical":"https:\/\/klimavex.eu\/sk\/katalog\/fancoil-sabiana-2-rurkovy-parapetny-oplasteny-carisma-pravy-s-ac-motorom-crc-44-mv\/","og_locale":"sk_SK","og_type":"article","og_title":"Fancoil Sabiana 2-r\u00farkov\u00fd parapetn\u00fd opl\u00e1\u0161ten\u00fd CARISMA prav\u00fd s AC motorom CRC 44 MV - KLIMAVEX GROUP - Slovensko","og_url":"https:\/\/klimavex.eu\/sk\/katalog\/fancoil-sabiana-2-rurkovy-parapetny-oplasteny-carisma-pravy-s-ac-motorom-crc-44-mv\/","og_site_name":"KLIMAVEX GROUP - Slovensko","article_publisher":"https:\/\/www.facebook.com\/klimavex","article_modified_time":"2026-03-31T17:29:56+00:00","og_image":[{"width":9184,"height":9184,"url":"https:\/\/klimavex.eu\/sk\/wp-content\/uploads\/2024\/02\/LOGO-KLIMAVEX-modra-kostka-1.png","type":"image\/png"}],"twitter_card":"summary_large_image","schema":{"@context":"https:\/\/schema.org","@graph":[{"@type":"WebPage","@id":"https:\/\/klimavex.eu\/sk\/katalog\/fancoil-sabiana-2-rurkovy-parapetny-oplasteny-carisma-pravy-s-ac-motorom-crc-44-mv\/","url":"https:\/\/klimavex.eu\/sk\/katalog\/fancoil-sabiana-2-rurkovy-parapetny-oplasteny-carisma-pravy-s-ac-motorom-crc-44-mv\/","name":"Fancoil Sabiana 2-r\u00farkov\u00fd parapetn\u00fd opl\u00e1\u0161ten\u00fd CARISMA prav\u00fd s AC motorom CRC 44 MV - KLIMAVEX GROUP - Slovensko","isPartOf":{"@id":"https:\/\/klimavex.eu\/sk\/#website"},"primaryImageOfPage":{"@id":"https:\/\/klimavex.eu\/sk\/katalog\/fancoil-sabiana-2-rurkovy-parapetny-oplasteny-carisma-pravy-s-ac-motorom-crc-44-mv\/#primaryimage"},"image":{"@id":"https:\/\/klimavex.eu\/sk\/katalog\/fancoil-sabiana-2-rurkovy-parapetny-oplasteny-carisma-pravy-s-ac-motorom-crc-44-mv\/#primaryimage"},"thumbnailUrl":"https:\/\/klimavex.eu\/sk\/wp-content\/uploads\/2026\/02\/gZL-BHJKkLCL2HqajapcgnOFuW93_0EcgWcejLq1ji0-133.jpeg","datePublished":"2026-03-31T17:29:26+00:00","dateModified":"2026-03-31T17:29:56+00:00","breadcrumb":{"@id":"https:\/\/klimavex.eu\/sk\/katalog\/fancoil-sabiana-2-rurkovy-parapetny-oplasteny-carisma-pravy-s-ac-motorom-crc-44-mv\/#breadcrumb"},"inLanguage":"sk-SK","potentialAction":[{"@type":"ReadAction","target":["https:\/\/klimavex.eu\/sk\/katalog\/fancoil-sabiana-2-rurkovy-parapetny-oplasteny-carisma-pravy-s-ac-motorom-crc-44-mv\/"]}]},{"@type":"ImageObject","inLanguage":"sk-SK","@id":"https:\/\/klimavex.eu\/sk\/katalog\/fancoil-sabiana-2-rurkovy-parapetny-oplasteny-carisma-pravy-s-ac-motorom-crc-44-mv\/#primaryimage","url":"https:\/\/klimavex.eu\/sk\/wp-content\/uploads\/2026\/02\/gZL-BHJKkLCL2HqajapcgnOFuW93_0EcgWcejLq1ji0-133.jpeg","contentUrl":"https:\/\/klimavex.eu\/sk\/wp-content\/uploads\/2026\/02\/gZL-BHJKkLCL2HqajapcgnOFuW93_0EcgWcejLq1ji0-133.jpeg","width":589,"height":512},{"@type":"BreadcrumbList","@id":"https:\/\/klimavex.eu\/sk\/katalog\/fancoil-sabiana-2-rurkovy-parapetny-oplasteny-carisma-pravy-s-ac-motorom-crc-44-mv\/#breadcrumb","itemListElement":[{"@type":"ListItem","position":1,"name":"Domovsk\u00e1 str\u00e1nka","item":"https:\/\/klimavex.eu\/sk\/"},{"@type":"ListItem","position":2,"name":"Eshop","item":"https:\/\/klimavex.eu\/sk\/eshop\/"},{"@type":"ListItem","position":3,"name":"Fancoil Sabiana 2-r\u00farkov\u00fd parapetn\u00fd opl\u00e1\u0161ten\u00fd CARISMA prav\u00fd s AC motorom CRC 44 MV"}]},{"@type":"WebSite","@id":"https:\/\/klimavex.eu\/sk\/#website","url":"https:\/\/klimavex.eu\/sk\/","name":"KLIMAVEX GROUP - Slovensko","description":"","publisher":{"@id":"https:\/\/klimavex.eu\/sk\/#organization"},"alternateName":"KLIMAVEX a.s.","potentialAction":[{"@type":"SearchAction","target":{"@type":"EntryPoint","urlTemplate":"https:\/\/klimavex.eu\/sk\/?s={search_term_string}"},"query-input":{"@type":"PropertyValueSpecification","valueRequired":true,"valueName":"search_term_string"}}],"inLanguage":"sk-SK"},{"@type":"Organization","@id":"https:\/\/klimavex.eu\/sk\/#organization","name":"KLIMAVEX GROUP","alternateName":"KLIMAVEX a.s.","url":"https:\/\/klimavex.eu\/sk\/","logo":{"@type":"ImageObject","inLanguage":"sk-SK","@id":"https:\/\/klimavex.eu\/sk\/#\/schema\/logo\/image\/","url":"https:\/\/klimavex.eu\/sk\/wp-content\/uploads\/2024\/04\/Klimavex-Group-logo.png","contentUrl":"https:\/\/klimavex.eu\/sk\/wp-content\/uploads\/2024\/04\/Klimavex-Group-logo.png","width":1681,"height":472,"caption":"KLIMAVEX GROUP"},"image":{"@id":"https:\/\/klimavex.eu\/sk\/#\/schema\/logo\/image\/"},"sameAs":["https:\/\/www.facebook.com\/klimavex","https:\/\/www.instagram.com\/klimavex_sk\/"]}]}},"_links":{"self":[{"href":"https:\/\/klimavex.eu\/sk\/wp-json\/wp\/v2\/product\/499402","targetHints":{"allow":["GET"]}}],"collection":[{"href":"https:\/\/klimavex.eu\/sk\/wp-json\/wp\/v2\/product"}],"about":[{"href":"https:\/\/klimavex.eu\/sk\/wp-json\/wp\/v2\/types\/product"}],"version-history":[{"count":0,"href":"https:\/\/klimavex.eu\/sk\/wp-json\/wp\/v2\/product\/499402\/revisions"}],"wp:featuredmedia":[{"embeddable":true,"href":"https:\/\/klimavex.eu\/sk\/wp-json\/wp\/v2\/media\/507625"}],"wp:attachment":[{"href":"https:\/\/klimavex.eu\/sk\/wp-json\/wp\/v2\/media?parent=499402"}],"wp:term":[{"taxonomy":"product_cat","embeddable":true,"href":"https:\/\/klimavex.eu\/sk\/wp-json\/wp\/v2\/product_cat?post=499402"},{"taxonomy":"product_tag","embeddable":true,"href":"https:\/\/klimavex.eu\/sk\/wp-json\/wp\/v2\/product_tag?post=499402"}],"curies":[{"name":"wp","href":"https:\/\/api.w.org\/{rel}","templated":true}]}}