{"id":500900,"date":"2026-04-10T22:50:07","date_gmt":"2026-04-10T20:50:07","guid":{"rendered":"https:\/\/klimavex.eu\/sk\/katalog\/klimatizacia-hyundai-kondenzacna-jednotka-lcac-pre-vzt-s-ahu-kitom-0-10v-modbus-riadenie-vykonu-hcu-m55ou-3-climakit-r32-400v-158kw\/"},"modified":"2026-04-10T22:50:38","modified_gmt":"2026-04-10T20:50:38","slug":"klimatizacia-hyundai-kondenzacna-jednotka-lcac-pre-vzt-s-ahu-kitom-0-10v-modbus-riadenie-vykonu-hcu-m55ou-3-climakit-r32-400v-158kw","status":"publish","type":"product","link":"https:\/\/klimavex.eu\/sk\/katalog\/klimatizacia-hyundai-kondenzacna-jednotka-lcac-pre-vzt-s-ahu-kitom-0-10v-modbus-riadenie-vykonu-hcu-m55ou-3-climakit-r32-400v-158kw\/","title":{"rendered":"Klimatiz\u00e1cia Hyundai kondenza\u010dn\u00e1 jednotka LCAC pre VZT s AHU kitom (0-10V, modbus) riadenie v\u00fdkonu HCU-M55OU\/3\/CLIMAKIT R32 400V 15,8kW"},"content":{"rendered":"<p style=\"text-align: justify;\"><strong>K\u013e&uacute;\u010dov&eacute; vlastnosti<\/strong><\/p>\n<ul>\n<li style=\"text-align: justify;\">Chladenie -15 &deg;C a\u017e +50 &deg;C vonkaj&scaron;ej teploty<\/li>\n<li style=\"text-align: justify;\">Vykurovanie -20 &deg;C a\u017e +24 &deg;C vonkaj&scaron;ej teploty<\/li>\n<li style=\"text-align: justify;\">Zabudovan&yacute; ohrev kompresora a vane vonkaj&scaron;ej jednotky<\/li>\n<li>AHU kit\n<ul>\n<li style=\"text-align: justify;\">Riadenie sign&aacute;lom 0-10V alebo cez Modbus<\/li>\n<li style=\"text-align: justify;\">2-miestny digit&aacute;lny displej<\/li>\n<li style=\"text-align: justify;\">2x beznap&auml;\u0165ov&yacute; vstup (chladenie, vykurovanie)<\/li>\n<li style=\"text-align: justify;\">2x beznap&auml;\u0165ov&yacute; v&yacute;stup (odmrazovanie, alarm)<\/li>\n<\/ul>\n<\/li>\n<\/ul>\n","protected":false},"excerpt":{"rendered":"<p style=\"text-align: justify;\">Kondenza\u010dn&aacute; jednotka <strong>Hyundai HCU <\/strong>je vonkaj&scaron;ia klimatiza\u010dn&aacute; jednotka predov&scaron;etk&yacute;m pre <strong>komer\u010dn&eacute; &uacute;\u010dely<\/strong>. V re\u017eime <strong>chladenia <\/strong>sp\u013a\u0148a svoju funkciu <strong>a\u017e do 50 &deg;C <\/strong>vonkaj&scaron;ej teploty, teplota vzduchu na san&iacute; je 18 a\u017e 32 &deg;C. V re\u017eime <strong>vykurovania <\/strong>pracuje <strong>a\u017e do -20 &deg;C <\/strong>vonkaj&scaron;ej teploty v d&ocirc;sledku <strong>zabudovan&eacute;ho ohrevu kompresora a vane vonkaj&scaron;ej jednotky<\/strong>, teplota vzduchu na san&iacute; je 16 a\u017e 30 &deg;C. Vn&uacute;torn&uacute; jednotku supluje tzv. <strong>AHU kit<\/strong>, \u010do je komunika\u010dn&yacute; modul pre pripojenie kondenza\u010dnej jednotky Hyundai na extern&yacute; v&yacute;menn&iacute;k s mo\u017enos\u0165ou vzdialen&eacute;ho prep&iacute;nania pracovn&eacute;ho re\u017eimu a riadenia v&yacute;konu.<\/p>\n","protected":false},"featured_media":505692,"template":"","meta":[],"product_cat":[526,198,6726],"product_tag":[],"class_list":{"0":"post-500900","1":"product","2":"type-product","3":"status-publish","4":"has-post-thumbnail","6":"product_cat-hyundai-podla-znacky","7":"product_cat-podla-typu","8":"product_cat-kondenzacne-jednotky-hcu-s-ahu-kitom","9":"pa_chlad-do-von-tep-c-15c","10":"pa_chladiaci-vykon-6720","11":"pa_napajanie-3f-400v","12":"pa_prevedenie-lcac-ahu-kit","13":"pa_prikon-chladenie-3399","14":"pa_prikon-vykurovanie-3434","15":"pa_typ-chladiva-r32","16":"pa_vyk-do-von-tepl-c-20c","17":"pa_vykonovy-model-5868","18":"pa_vykurovaci-vykon-6721","19":"pa_znacka-hyundai","21":"first","22":"instock","23":"taxable","24":"shipping-taxable","25":"purchasable","26":"product-type-simple"},"yoast_head":"<!-- This site is optimized with the Yoast SEO plugin v23.9 - https:\/\/yoast.com\/wordpress\/plugins\/seo\/ -->\n<title>Klimatiz\u00e1cia Hyundai kondenza\u010dn\u00e1 jednotka LCAC pre VZT s AHU kitom (0-10V, modbus) riadenie v\u00fdkonu HCU-M55OU\/3\/CLIMAKIT R32 400V 15,8kW - KLIMAVEX GROUP - Slovensko<\/title>\n<meta name=\"robots\" content=\"index, follow, max-snippet:-1, max-image-preview:large, max-video-preview:-1\" \/>\n<link rel=\"canonical\" href=\"https:\/\/klimavex.eu\/sk\/katalog\/klimatizacia-hyundai-kondenzacna-jednotka-lcac-pre-vzt-s-ahu-kitom-0-10v-modbus-riadenie-vykonu-hcu-m55ou-3-climakit-r32-400v-158kw\/\" \/>\n<meta property=\"og:locale\" content=\"sk_SK\" \/>\n<meta property=\"og:type\" content=\"article\" \/>\n<meta property=\"og:title\" content=\"Klimatiz\u00e1cia Hyundai kondenza\u010dn\u00e1 jednotka LCAC pre VZT s AHU kitom (0-10V, modbus) riadenie v\u00fdkonu HCU-M55OU\/3\/CLIMAKIT R32 400V 15,8kW - KLIMAVEX GROUP - Slovensko\" \/>\n<meta property=\"og:description\" content=\"Kondenza\u010dn&aacute; jednotka Hyundai HCU je vonkaj&scaron;ia klimatiza\u010dn&aacute; jednotka predov&scaron;etk&yacute;m pre komer\u010dn&eacute; &uacute;\u010dely. V re\u017eime chladenia sp\u013a\u0148a svoju funkciu a\u017e do 50 &deg;C vonkaj&scaron;ej teploty, teplota vzduchu na san&iacute; je 18 a\u017e 32 &deg;C. V re\u017eime vykurovania pracuje a\u017e do -20 &deg;C vonkaj&scaron;ej teploty v d&ocirc;sledku zabudovan&eacute;ho ohrevu kompresora a vane vonkaj&scaron;ej jednotky, teplota vzduchu na san&iacute; je 16 a\u017e 30 &deg;C. Vn&uacute;torn&uacute; jednotku supluje tzv. AHU kit, \u010do je komunika\u010dn&yacute; modul pre pripojenie kondenza\u010dnej jednotky Hyundai na extern&yacute; v&yacute;menn&iacute;k s mo\u017enos\u0165ou vzdialen&eacute;ho prep&iacute;nania pracovn&eacute;ho re\u017eimu a riadenia v&yacute;konu.\" \/>\n<meta property=\"og:url\" content=\"https:\/\/klimavex.eu\/sk\/katalog\/klimatizacia-hyundai-kondenzacna-jednotka-lcac-pre-vzt-s-ahu-kitom-0-10v-modbus-riadenie-vykonu-hcu-m55ou-3-climakit-r32-400v-158kw\/\" \/>\n<meta property=\"og:site_name\" content=\"KLIMAVEX GROUP - Slovensko\" \/>\n<meta property=\"article:publisher\" content=\"https:\/\/www.facebook.com\/klimavex\" \/>\n<meta property=\"article:modified_time\" content=\"2026-04-10T20:50:38+00:00\" \/>\n<meta property=\"og:image\" content=\"https:\/\/klimavex.eu\/sk\/wp-content\/uploads\/2025\/10\/HGOou0QbJauX87WjH6-cjRFAsLIUzny3I_AOYclTGI-3.png\" \/>\n\t<meta property=\"og:image:width\" content=\"813\" \/>\n\t<meta property=\"og:image:height\" content=\"511\" \/>\n\t<meta property=\"og:image:type\" content=\"image\/png\" \/>\n<meta name=\"twitter:card\" content=\"summary_large_image\" \/>\n<script type=\"application\/ld+json\" class=\"yoast-schema-graph\">{\"@context\":\"https:\/\/schema.org\",\"@graph\":[{\"@type\":\"WebPage\",\"@id\":\"https:\/\/klimavex.eu\/sk\/katalog\/klimatizacia-hyundai-kondenzacna-jednotka-lcac-pre-vzt-s-ahu-kitom-0-10v-modbus-riadenie-vykonu-hcu-m55ou-3-climakit-r32-400v-158kw\/\",\"url\":\"https:\/\/klimavex.eu\/sk\/katalog\/klimatizacia-hyundai-kondenzacna-jednotka-lcac-pre-vzt-s-ahu-kitom-0-10v-modbus-riadenie-vykonu-hcu-m55ou-3-climakit-r32-400v-158kw\/\",\"name\":\"Klimatiz\u00e1cia Hyundai kondenza\u010dn\u00e1 jednotka LCAC pre VZT s AHU kitom (0-10V, modbus) riadenie v\u00fdkonu HCU-M55OU\/3\/CLIMAKIT R32 400V 15,8kW - KLIMAVEX GROUP - Slovensko\",\"isPartOf\":{\"@id\":\"https:\/\/klimavex.eu\/sk\/#website\"},\"primaryImageOfPage\":{\"@id\":\"https:\/\/klimavex.eu\/sk\/katalog\/klimatizacia-hyundai-kondenzacna-jednotka-lcac-pre-vzt-s-ahu-kitom-0-10v-modbus-riadenie-vykonu-hcu-m55ou-3-climakit-r32-400v-158kw\/#primaryimage\"},\"image\":{\"@id\":\"https:\/\/klimavex.eu\/sk\/katalog\/klimatizacia-hyundai-kondenzacna-jednotka-lcac-pre-vzt-s-ahu-kitom-0-10v-modbus-riadenie-vykonu-hcu-m55ou-3-climakit-r32-400v-158kw\/#primaryimage\"},\"thumbnailUrl\":\"https:\/\/klimavex.eu\/sk\/wp-content\/uploads\/2026\/02\/b-x1dVQqc8paMwc-ExeBri-hFp2h0yw2qemEmdCNCCA-3.png\",\"datePublished\":\"2026-04-10T20:50:07+00:00\",\"dateModified\":\"2026-04-10T20:50:38+00:00\",\"breadcrumb\":{\"@id\":\"https:\/\/klimavex.eu\/sk\/katalog\/klimatizacia-hyundai-kondenzacna-jednotka-lcac-pre-vzt-s-ahu-kitom-0-10v-modbus-riadenie-vykonu-hcu-m55ou-3-climakit-r32-400v-158kw\/#breadcrumb\"},\"inLanguage\":\"sk-SK\",\"potentialAction\":[{\"@type\":\"ReadAction\",\"target\":[\"https:\/\/klimavex.eu\/sk\/katalog\/klimatizacia-hyundai-kondenzacna-jednotka-lcac-pre-vzt-s-ahu-kitom-0-10v-modbus-riadenie-vykonu-hcu-m55ou-3-climakit-r32-400v-158kw\/\"]}]},{\"@type\":\"ImageObject\",\"inLanguage\":\"sk-SK\",\"@id\":\"https:\/\/klimavex.eu\/sk\/katalog\/klimatizacia-hyundai-kondenzacna-jednotka-lcac-pre-vzt-s-ahu-kitom-0-10v-modbus-riadenie-vykonu-hcu-m55ou-3-climakit-r32-400v-158kw\/#primaryimage\",\"url\":\"https:\/\/klimavex.eu\/sk\/wp-content\/uploads\/2026\/02\/b-x1dVQqc8paMwc-ExeBri-hFp2h0yw2qemEmdCNCCA-3.png\",\"contentUrl\":\"https:\/\/klimavex.eu\/sk\/wp-content\/uploads\/2026\/02\/b-x1dVQqc8paMwc-ExeBri-hFp2h0yw2qemEmdCNCCA-3.png\",\"width\":813,\"height\":511},{\"@type\":\"BreadcrumbList\",\"@id\":\"https:\/\/klimavex.eu\/sk\/katalog\/klimatizacia-hyundai-kondenzacna-jednotka-lcac-pre-vzt-s-ahu-kitom-0-10v-modbus-riadenie-vykonu-hcu-m55ou-3-climakit-r32-400v-158kw\/#breadcrumb\",\"itemListElement\":[{\"@type\":\"ListItem\",\"position\":1,\"name\":\"Domovsk\u00e1 str\u00e1nka\",\"item\":\"https:\/\/klimavex.eu\/sk\/\"},{\"@type\":\"ListItem\",\"position\":2,\"name\":\"Eshop\",\"item\":\"https:\/\/klimavex.eu\/sk\/eshop\/\"},{\"@type\":\"ListItem\",\"position\":3,\"name\":\"Klimatiz\u00e1cia Hyundai kondenza\u010dn\u00e1 jednotka LCAC pre VZT s AHU kitom (0-10V, modbus) riadenie v\u00fdkonu HCU-M55OU\/3\/CLIMAKIT R32 400V 15,8kW\"}]},{\"@type\":\"WebSite\",\"@id\":\"https:\/\/klimavex.eu\/sk\/#website\",\"url\":\"https:\/\/klimavex.eu\/sk\/\",\"name\":\"KLIMAVEX GROUP - Slovensko\",\"description\":\"\",\"publisher\":{\"@id\":\"https:\/\/klimavex.eu\/sk\/#organization\"},\"alternateName\":\"KLIMAVEX a.s.\",\"potentialAction\":[{\"@type\":\"SearchAction\",\"target\":{\"@type\":\"EntryPoint\",\"urlTemplate\":\"https:\/\/klimavex.eu\/sk\/?s={search_term_string}\"},\"query-input\":{\"@type\":\"PropertyValueSpecification\",\"valueRequired\":true,\"valueName\":\"search_term_string\"}}],\"inLanguage\":\"sk-SK\"},{\"@type\":\"Organization\",\"@id\":\"https:\/\/klimavex.eu\/sk\/#organization\",\"name\":\"KLIMAVEX GROUP\",\"alternateName\":\"KLIMAVEX a.s.\",\"url\":\"https:\/\/klimavex.eu\/sk\/\",\"logo\":{\"@type\":\"ImageObject\",\"inLanguage\":\"sk-SK\",\"@id\":\"https:\/\/klimavex.eu\/sk\/#\/schema\/logo\/image\/\",\"url\":\"https:\/\/klimavex.eu\/sk\/wp-content\/uploads\/2024\/04\/Klimavex-Group-logo.png\",\"contentUrl\":\"https:\/\/klimavex.eu\/sk\/wp-content\/uploads\/2024\/04\/Klimavex-Group-logo.png\",\"width\":1681,\"height\":472,\"caption\":\"KLIMAVEX GROUP\"},\"image\":{\"@id\":\"https:\/\/klimavex.eu\/sk\/#\/schema\/logo\/image\/\"},\"sameAs\":[\"https:\/\/www.facebook.com\/klimavex\",\"https:\/\/www.instagram.com\/klimavex_sk\/\"]}]}<\/script>\n<!-- \/ Yoast SEO plugin. -->","yoast_head_json":{"title":"Klimatiz\u00e1cia Hyundai kondenza\u010dn\u00e1 jednotka LCAC pre VZT s AHU kitom (0-10V, modbus) riadenie v\u00fdkonu HCU-M55OU\/3\/CLIMAKIT R32 400V 15,8kW - KLIMAVEX GROUP - Slovensko","robots":{"index":"index","follow":"follow","max-snippet":"max-snippet:-1","max-image-preview":"max-image-preview:large","max-video-preview":"max-video-preview:-1"},"canonical":"https:\/\/klimavex.eu\/sk\/katalog\/klimatizacia-hyundai-kondenzacna-jednotka-lcac-pre-vzt-s-ahu-kitom-0-10v-modbus-riadenie-vykonu-hcu-m55ou-3-climakit-r32-400v-158kw\/","og_locale":"sk_SK","og_type":"article","og_title":"Klimatiz\u00e1cia Hyundai kondenza\u010dn\u00e1 jednotka LCAC pre VZT s AHU kitom (0-10V, modbus) riadenie v\u00fdkonu HCU-M55OU\/3\/CLIMAKIT R32 400V 15,8kW - KLIMAVEX GROUP - Slovensko","og_description":"Kondenza\u010dn&aacute; jednotka Hyundai HCU je vonkaj&scaron;ia klimatiza\u010dn&aacute; jednotka predov&scaron;etk&yacute;m pre komer\u010dn&eacute; &uacute;\u010dely. V re\u017eime chladenia sp\u013a\u0148a svoju funkciu a\u017e do 50 &deg;C vonkaj&scaron;ej teploty, teplota vzduchu na san&iacute; je 18 a\u017e 32 &deg;C. V re\u017eime vykurovania pracuje a\u017e do -20 &deg;C vonkaj&scaron;ej teploty v d&ocirc;sledku zabudovan&eacute;ho ohrevu kompresora a vane vonkaj&scaron;ej jednotky, teplota vzduchu na san&iacute; je 16 a\u017e 30 &deg;C. Vn&uacute;torn&uacute; jednotku supluje tzv. AHU kit, \u010do je komunika\u010dn&yacute; modul pre pripojenie kondenza\u010dnej jednotky Hyundai na extern&yacute; v&yacute;menn&iacute;k s mo\u017enos\u0165ou vzdialen&eacute;ho prep&iacute;nania pracovn&eacute;ho re\u017eimu a riadenia v&yacute;konu.","og_url":"https:\/\/klimavex.eu\/sk\/katalog\/klimatizacia-hyundai-kondenzacna-jednotka-lcac-pre-vzt-s-ahu-kitom-0-10v-modbus-riadenie-vykonu-hcu-m55ou-3-climakit-r32-400v-158kw\/","og_site_name":"KLIMAVEX GROUP - Slovensko","article_publisher":"https:\/\/www.facebook.com\/klimavex","article_modified_time":"2026-04-10T20:50:38+00:00","og_image":[{"width":813,"height":511,"url":"https:\/\/klimavex.eu\/sk\/wp-content\/uploads\/2025\/10\/HGOou0QbJauX87WjH6-cjRFAsLIUzny3I_AOYclTGI-3.png","type":"image\/png"}],"twitter_card":"summary_large_image","schema":{"@context":"https:\/\/schema.org","@graph":[{"@type":"WebPage","@id":"https:\/\/klimavex.eu\/sk\/katalog\/klimatizacia-hyundai-kondenzacna-jednotka-lcac-pre-vzt-s-ahu-kitom-0-10v-modbus-riadenie-vykonu-hcu-m55ou-3-climakit-r32-400v-158kw\/","url":"https:\/\/klimavex.eu\/sk\/katalog\/klimatizacia-hyundai-kondenzacna-jednotka-lcac-pre-vzt-s-ahu-kitom-0-10v-modbus-riadenie-vykonu-hcu-m55ou-3-climakit-r32-400v-158kw\/","name":"Klimatiz\u00e1cia Hyundai kondenza\u010dn\u00e1 jednotka LCAC pre VZT s AHU kitom (0-10V, modbus) riadenie v\u00fdkonu HCU-M55OU\/3\/CLIMAKIT R32 400V 15,8kW - KLIMAVEX GROUP - Slovensko","isPartOf":{"@id":"https:\/\/klimavex.eu\/sk\/#website"},"primaryImageOfPage":{"@id":"https:\/\/klimavex.eu\/sk\/katalog\/klimatizacia-hyundai-kondenzacna-jednotka-lcac-pre-vzt-s-ahu-kitom-0-10v-modbus-riadenie-vykonu-hcu-m55ou-3-climakit-r32-400v-158kw\/#primaryimage"},"image":{"@id":"https:\/\/klimavex.eu\/sk\/katalog\/klimatizacia-hyundai-kondenzacna-jednotka-lcac-pre-vzt-s-ahu-kitom-0-10v-modbus-riadenie-vykonu-hcu-m55ou-3-climakit-r32-400v-158kw\/#primaryimage"},"thumbnailUrl":"https:\/\/klimavex.eu\/sk\/wp-content\/uploads\/2026\/02\/b-x1dVQqc8paMwc-ExeBri-hFp2h0yw2qemEmdCNCCA-3.png","datePublished":"2026-04-10T20:50:07+00:00","dateModified":"2026-04-10T20:50:38+00:00","breadcrumb":{"@id":"https:\/\/klimavex.eu\/sk\/katalog\/klimatizacia-hyundai-kondenzacna-jednotka-lcac-pre-vzt-s-ahu-kitom-0-10v-modbus-riadenie-vykonu-hcu-m55ou-3-climakit-r32-400v-158kw\/#breadcrumb"},"inLanguage":"sk-SK","potentialAction":[{"@type":"ReadAction","target":["https:\/\/klimavex.eu\/sk\/katalog\/klimatizacia-hyundai-kondenzacna-jednotka-lcac-pre-vzt-s-ahu-kitom-0-10v-modbus-riadenie-vykonu-hcu-m55ou-3-climakit-r32-400v-158kw\/"]}]},{"@type":"ImageObject","inLanguage":"sk-SK","@id":"https:\/\/klimavex.eu\/sk\/katalog\/klimatizacia-hyundai-kondenzacna-jednotka-lcac-pre-vzt-s-ahu-kitom-0-10v-modbus-riadenie-vykonu-hcu-m55ou-3-climakit-r32-400v-158kw\/#primaryimage","url":"https:\/\/klimavex.eu\/sk\/wp-content\/uploads\/2026\/02\/b-x1dVQqc8paMwc-ExeBri-hFp2h0yw2qemEmdCNCCA-3.png","contentUrl":"https:\/\/klimavex.eu\/sk\/wp-content\/uploads\/2026\/02\/b-x1dVQqc8paMwc-ExeBri-hFp2h0yw2qemEmdCNCCA-3.png","width":813,"height":511},{"@type":"BreadcrumbList","@id":"https:\/\/klimavex.eu\/sk\/katalog\/klimatizacia-hyundai-kondenzacna-jednotka-lcac-pre-vzt-s-ahu-kitom-0-10v-modbus-riadenie-vykonu-hcu-m55ou-3-climakit-r32-400v-158kw\/#breadcrumb","itemListElement":[{"@type":"ListItem","position":1,"name":"Domovsk\u00e1 str\u00e1nka","item":"https:\/\/klimavex.eu\/sk\/"},{"@type":"ListItem","position":2,"name":"Eshop","item":"https:\/\/klimavex.eu\/sk\/eshop\/"},{"@type":"ListItem","position":3,"name":"Klimatiz\u00e1cia Hyundai kondenza\u010dn\u00e1 jednotka LCAC pre VZT s AHU kitom (0-10V, modbus) riadenie v\u00fdkonu HCU-M55OU\/3\/CLIMAKIT R32 400V 15,8kW"}]},{"@type":"WebSite","@id":"https:\/\/klimavex.eu\/sk\/#website","url":"https:\/\/klimavex.eu\/sk\/","name":"KLIMAVEX GROUP - Slovensko","description":"","publisher":{"@id":"https:\/\/klimavex.eu\/sk\/#organization"},"alternateName":"KLIMAVEX a.s.","potentialAction":[{"@type":"SearchAction","target":{"@type":"EntryPoint","urlTemplate":"https:\/\/klimavex.eu\/sk\/?s={search_term_string}"},"query-input":{"@type":"PropertyValueSpecification","valueRequired":true,"valueName":"search_term_string"}}],"inLanguage":"sk-SK"},{"@type":"Organization","@id":"https:\/\/klimavex.eu\/sk\/#organization","name":"KLIMAVEX GROUP","alternateName":"KLIMAVEX a.s.","url":"https:\/\/klimavex.eu\/sk\/","logo":{"@type":"ImageObject","inLanguage":"sk-SK","@id":"https:\/\/klimavex.eu\/sk\/#\/schema\/logo\/image\/","url":"https:\/\/klimavex.eu\/sk\/wp-content\/uploads\/2024\/04\/Klimavex-Group-logo.png","contentUrl":"https:\/\/klimavex.eu\/sk\/wp-content\/uploads\/2024\/04\/Klimavex-Group-logo.png","width":1681,"height":472,"caption":"KLIMAVEX GROUP"},"image":{"@id":"https:\/\/klimavex.eu\/sk\/#\/schema\/logo\/image\/"},"sameAs":["https:\/\/www.facebook.com\/klimavex","https:\/\/www.instagram.com\/klimavex_sk\/"]}]}},"_links":{"self":[{"href":"https:\/\/klimavex.eu\/sk\/wp-json\/wp\/v2\/product\/500900","targetHints":{"allow":["GET"]}}],"collection":[{"href":"https:\/\/klimavex.eu\/sk\/wp-json\/wp\/v2\/product"}],"about":[{"href":"https:\/\/klimavex.eu\/sk\/wp-json\/wp\/v2\/types\/product"}],"version-history":[{"count":0,"href":"https:\/\/klimavex.eu\/sk\/wp-json\/wp\/v2\/product\/500900\/revisions"}],"wp:featuredmedia":[{"embeddable":true,"href":"https:\/\/klimavex.eu\/sk\/wp-json\/wp\/v2\/media\/505692"}],"wp:attachment":[{"href":"https:\/\/klimavex.eu\/sk\/wp-json\/wp\/v2\/media?parent=500900"}],"wp:term":[{"taxonomy":"product_cat","embeddable":true,"href":"https:\/\/klimavex.eu\/sk\/wp-json\/wp\/v2\/product_cat?post=500900"},{"taxonomy":"product_tag","embeddable":true,"href":"https:\/\/klimavex.eu\/sk\/wp-json\/wp\/v2\/product_tag?post=500900"}],"curies":[{"name":"wp","href":"https:\/\/api.w.org\/{rel}","templated":true}]}}