{"id":508717,"date":"2026-04-24T22:51:57","date_gmt":"2026-04-24T20:51:57","guid":{"rendered":"https:\/\/klimavex.eu\/sk\/katalog\/klimatizacia-panasonic-paci-nx_rac-vnutorna-kazetova-mini-25py3e-25kw-2\/"},"modified":"2026-04-24T22:52:52","modified_gmt":"2026-04-24T20:52:52","slug":"klimatizacia-panasonic-paci-nx_rac-vnutorna-kazetova-mini-25py3e-25kw-2","status":"publish","type":"product","link":"https:\/\/klimavex.eu\/sk\/katalog\/klimatizacia-panasonic-paci-nx_rac-vnutorna-kazetova-mini-25py3e-25kw-2\/","title":{"rendered":"Klimatiz\u00e1cia Panasonic PACi NX_RAC vn\u00fatorn\u00e1 kazetov\u00e1 MINI 25PY3E 2,5kW"},"content":{"rendered":"<p style=\"text-align: justify;\"><strong>K\u013e&uacute;\u010dov&eacute; vlastnosti:<\/strong><\/p>\n<ul>\n<li style=\"text-align: justify;\">Vn&uacute;torn&aacute; jednotka<\/li>\n<li style=\"text-align: justify;\">4-cestn&aacute; kazetov&aacute; jednotka 60 &times; 60 &#8211; PY3<\/li>\n<li style=\"text-align: justify;\">Panel (v &times; &scaron; &times; h \/ \u010dist&aacute; hmotnos\u0165): 30 &times; 625 &times; 625 mm \/ 2,8 kg<\/li>\n<li style=\"text-align: justify;\">Gener&aacute;tor nanoe&trade; X Mark 2<\/li>\n<li style=\"text-align: justify;\">Volite\u013en&yacute; panel CZ-KPY4<\/li>\n<li style=\"text-align: justify;\">Rad Elite: Prev&aacute;dzkov&yacute; rozsah a\u017e do 46&deg;C pri chladen&iacute; a do -20&deg;C pri vykurovan&iacute;<\/li>\n<li style=\"text-align: justify;\">Rad &Scaron;tandard: Prev&aacute;dzkov&yacute; rozsah a\u017e do 43&deg;C pri chladen&iacute; a do -15&deg;C pri vykurovan&iacute;<\/li>\n<li style=\"text-align: justify;\">Chladivo R32<\/li>\n<\/ul>\n","protected":false},"excerpt":{"rendered":"<p style=\"text-align: justify;\">Komer\u010dn&eacute; klimatiza\u010dn&eacute; syst&eacute;my <strong>Panasonic PACi NX v kazetovom preveden&iacute; <\/strong>s chladivom R32 boli vyvinut&eacute; s cie\u013eom uspokoji\u0165 dopyt po mo\u017enostiach jednoduchej rekon&scaron;trukcie v\u010faka 3-vodi\u010dov&eacute;mu pripojeniu. Umo\u017e\u0148uj&uacute; tie\u017e integr&aacute;ciu do rie&scaron;enia internetu vec&iacute; a &scaron;tandardne pon&uacute;kaj&uacute; funkciu nanoe&trade; X.<\/p>\n<p style=\"text-align: justify;\"><strong>Vn&uacute;torn&aacute; kazetov&aacute; jednotka PACi NX <\/strong>&scaron;tandardne pon&uacute;ka <strong>technol&oacute;giu nanoe&trade; X<\/strong>, ktor&aacute; poskytuje v&yacute;nimo\u010dn&uacute; &uacute;rove\u0148 kvality vzduchu v interi&eacute;ri.<\/p>\n","protected":false},"featured_media":0,"template":"","meta":[],"product_cat":[974],"product_tag":[],"class_list":{"0":"post-508717","1":"product","2":"type-product","3":"status-publish","5":"product_cat-vnutorne-jednotky","6":"pa_chladiaci-vykon-3459","7":"pa_hlucnost-vnutornej-jednotky-3372","8":"pa_napajanie-1f-230v","9":"pa_typ-chladiva-r32","10":"pa_vykonovy-model-3331","11":"pa_wifi-ovladanie-volitelne","12":"pa_znacka-panasonic","14":"first","15":"instock","16":"taxable","17":"shipping-taxable","18":"purchasable","19":"product-type-simple"},"yoast_head":"<!-- This site is optimized with the Yoast SEO plugin v23.9 - https:\/\/yoast.com\/wordpress\/plugins\/seo\/ -->\n<title>Klimatiz\u00e1cia Panasonic PACi NX_RAC vn\u00fatorn\u00e1 kazetov\u00e1 MINI 25PY3E 2,5kW - KLIMAVEX GROUP - Slovensko<\/title>\n<meta name=\"robots\" content=\"index, follow, max-snippet:-1, max-image-preview:large, max-video-preview:-1\" \/>\n<link rel=\"canonical\" href=\"https:\/\/klimavex.eu\/sk\/katalog\/klimatizacia-panasonic-paci-nx_rac-vnutorna-kazetova-mini-25py3e-25kw-2\/\" \/>\n<meta property=\"og:locale\" content=\"sk_SK\" \/>\n<meta property=\"og:type\" content=\"article\" \/>\n<meta property=\"og:title\" content=\"Klimatiz\u00e1cia Panasonic PACi NX_RAC vn\u00fatorn\u00e1 kazetov\u00e1 MINI 25PY3E 2,5kW - KLIMAVEX GROUP - Slovensko\" \/>\n<meta property=\"og:description\" content=\"Komer\u010dn&eacute; klimatiza\u010dn&eacute; syst&eacute;my Panasonic PACi NX v kazetovom preveden&iacute; s chladivom R32 boli vyvinut&eacute; s cie\u013eom uspokoji\u0165 dopyt po mo\u017enostiach jednoduchej rekon&scaron;trukcie v\u010faka 3-vodi\u010dov&eacute;mu pripojeniu. Umo\u017e\u0148uj&uacute; tie\u017e integr&aacute;ciu do rie&scaron;enia internetu vec&iacute; a &scaron;tandardne pon&uacute;kaj&uacute; funkciu nanoe&trade; X. Vn&uacute;torn&aacute; kazetov&aacute; jednotka PACi NX &scaron;tandardne pon&uacute;ka technol&oacute;giu nanoe&trade; X, ktor&aacute; poskytuje v&yacute;nimo\u010dn&uacute; &uacute;rove\u0148 kvality vzduchu v interi&eacute;ri.\" \/>\n<meta property=\"og:url\" content=\"https:\/\/klimavex.eu\/sk\/katalog\/klimatizacia-panasonic-paci-nx_rac-vnutorna-kazetova-mini-25py3e-25kw-2\/\" \/>\n<meta property=\"og:site_name\" content=\"KLIMAVEX GROUP - Slovensko\" \/>\n<meta property=\"article:publisher\" content=\"https:\/\/www.facebook.com\/klimavex\" \/>\n<meta property=\"article:modified_time\" content=\"2026-04-24T20:52:52+00:00\" \/>\n<meta property=\"og:image\" content=\"https:\/\/klimavex.eu\/sk\/wp-content\/uploads\/2024\/02\/LOGO-KLIMAVEX-modra-kostka-1.png\" \/>\n\t<meta property=\"og:image:width\" content=\"9184\" \/>\n\t<meta property=\"og:image:height\" content=\"9184\" \/>\n\t<meta property=\"og:image:type\" content=\"image\/png\" \/>\n<meta name=\"twitter:card\" content=\"summary_large_image\" \/>\n<script type=\"application\/ld+json\" class=\"yoast-schema-graph\">{\"@context\":\"https:\/\/schema.org\",\"@graph\":[{\"@type\":\"WebPage\",\"@id\":\"https:\/\/klimavex.eu\/sk\/katalog\/klimatizacia-panasonic-paci-nx_rac-vnutorna-kazetova-mini-25py3e-25kw-2\/\",\"url\":\"https:\/\/klimavex.eu\/sk\/katalog\/klimatizacia-panasonic-paci-nx_rac-vnutorna-kazetova-mini-25py3e-25kw-2\/\",\"name\":\"Klimatiz\u00e1cia Panasonic PACi NX_RAC vn\u00fatorn\u00e1 kazetov\u00e1 MINI 25PY3E 2,5kW - KLIMAVEX GROUP - Slovensko\",\"isPartOf\":{\"@id\":\"https:\/\/klimavex.eu\/sk\/#website\"},\"datePublished\":\"2026-04-24T20:51:57+00:00\",\"dateModified\":\"2026-04-24T20:52:52+00:00\",\"breadcrumb\":{\"@id\":\"https:\/\/klimavex.eu\/sk\/katalog\/klimatizacia-panasonic-paci-nx_rac-vnutorna-kazetova-mini-25py3e-25kw-2\/#breadcrumb\"},\"inLanguage\":\"sk-SK\",\"potentialAction\":[{\"@type\":\"ReadAction\",\"target\":[\"https:\/\/klimavex.eu\/sk\/katalog\/klimatizacia-panasonic-paci-nx_rac-vnutorna-kazetova-mini-25py3e-25kw-2\/\"]}]},{\"@type\":\"BreadcrumbList\",\"@id\":\"https:\/\/klimavex.eu\/sk\/katalog\/klimatizacia-panasonic-paci-nx_rac-vnutorna-kazetova-mini-25py3e-25kw-2\/#breadcrumb\",\"itemListElement\":[{\"@type\":\"ListItem\",\"position\":1,\"name\":\"Domovsk\u00e1 str\u00e1nka\",\"item\":\"https:\/\/klimavex.eu\/sk\/\"},{\"@type\":\"ListItem\",\"position\":2,\"name\":\"Eshop\",\"item\":\"https:\/\/klimavex.eu\/sk\/eshop\/\"},{\"@type\":\"ListItem\",\"position\":3,\"name\":\"Klimatiz\u00e1cia Panasonic PACi NX_RAC vn\u00fatorn\u00e1 kazetov\u00e1 MINI 25PY3E 2,5kW\"}]},{\"@type\":\"WebSite\",\"@id\":\"https:\/\/klimavex.eu\/sk\/#website\",\"url\":\"https:\/\/klimavex.eu\/sk\/\",\"name\":\"KLIMAVEX GROUP - Slovensko\",\"description\":\"\",\"publisher\":{\"@id\":\"https:\/\/klimavex.eu\/sk\/#organization\"},\"alternateName\":\"KLIMAVEX a.s.\",\"potentialAction\":[{\"@type\":\"SearchAction\",\"target\":{\"@type\":\"EntryPoint\",\"urlTemplate\":\"https:\/\/klimavex.eu\/sk\/?s={search_term_string}\"},\"query-input\":{\"@type\":\"PropertyValueSpecification\",\"valueRequired\":true,\"valueName\":\"search_term_string\"}}],\"inLanguage\":\"sk-SK\"},{\"@type\":\"Organization\",\"@id\":\"https:\/\/klimavex.eu\/sk\/#organization\",\"name\":\"KLIMAVEX GROUP\",\"alternateName\":\"KLIMAVEX a.s.\",\"url\":\"https:\/\/klimavex.eu\/sk\/\",\"logo\":{\"@type\":\"ImageObject\",\"inLanguage\":\"sk-SK\",\"@id\":\"https:\/\/klimavex.eu\/sk\/#\/schema\/logo\/image\/\",\"url\":\"https:\/\/klimavex.eu\/sk\/wp-content\/uploads\/2024\/04\/Klimavex-Group-logo.png\",\"contentUrl\":\"https:\/\/klimavex.eu\/sk\/wp-content\/uploads\/2024\/04\/Klimavex-Group-logo.png\",\"width\":1681,\"height\":472,\"caption\":\"KLIMAVEX GROUP\"},\"image\":{\"@id\":\"https:\/\/klimavex.eu\/sk\/#\/schema\/logo\/image\/\"},\"sameAs\":[\"https:\/\/www.facebook.com\/klimavex\",\"https:\/\/www.instagram.com\/klimavex_sk\/\"]}]}<\/script>\n<!-- \/ Yoast SEO plugin. -->","yoast_head_json":{"title":"Klimatiz\u00e1cia Panasonic PACi NX_RAC vn\u00fatorn\u00e1 kazetov\u00e1 MINI 25PY3E 2,5kW - KLIMAVEX GROUP - Slovensko","robots":{"index":"index","follow":"follow","max-snippet":"max-snippet:-1","max-image-preview":"max-image-preview:large","max-video-preview":"max-video-preview:-1"},"canonical":"https:\/\/klimavex.eu\/sk\/katalog\/klimatizacia-panasonic-paci-nx_rac-vnutorna-kazetova-mini-25py3e-25kw-2\/","og_locale":"sk_SK","og_type":"article","og_title":"Klimatiz\u00e1cia Panasonic PACi NX_RAC vn\u00fatorn\u00e1 kazetov\u00e1 MINI 25PY3E 2,5kW - KLIMAVEX GROUP - Slovensko","og_description":"Komer\u010dn&eacute; klimatiza\u010dn&eacute; syst&eacute;my Panasonic PACi NX v kazetovom preveden&iacute; s chladivom R32 boli vyvinut&eacute; s cie\u013eom uspokoji\u0165 dopyt po mo\u017enostiach jednoduchej rekon&scaron;trukcie v\u010faka 3-vodi\u010dov&eacute;mu pripojeniu. Umo\u017e\u0148uj&uacute; tie\u017e integr&aacute;ciu do rie&scaron;enia internetu vec&iacute; a &scaron;tandardne pon&uacute;kaj&uacute; funkciu nanoe&trade; X. Vn&uacute;torn&aacute; kazetov&aacute; jednotka PACi NX &scaron;tandardne pon&uacute;ka technol&oacute;giu nanoe&trade; X, ktor&aacute; poskytuje v&yacute;nimo\u010dn&uacute; &uacute;rove\u0148 kvality vzduchu v interi&eacute;ri.","og_url":"https:\/\/klimavex.eu\/sk\/katalog\/klimatizacia-panasonic-paci-nx_rac-vnutorna-kazetova-mini-25py3e-25kw-2\/","og_site_name":"KLIMAVEX GROUP - Slovensko","article_publisher":"https:\/\/www.facebook.com\/klimavex","article_modified_time":"2026-04-24T20:52:52+00:00","og_image":[{"width":9184,"height":9184,"url":"https:\/\/klimavex.eu\/sk\/wp-content\/uploads\/2024\/02\/LOGO-KLIMAVEX-modra-kostka-1.png","type":"image\/png"}],"twitter_card":"summary_large_image","schema":{"@context":"https:\/\/schema.org","@graph":[{"@type":"WebPage","@id":"https:\/\/klimavex.eu\/sk\/katalog\/klimatizacia-panasonic-paci-nx_rac-vnutorna-kazetova-mini-25py3e-25kw-2\/","url":"https:\/\/klimavex.eu\/sk\/katalog\/klimatizacia-panasonic-paci-nx_rac-vnutorna-kazetova-mini-25py3e-25kw-2\/","name":"Klimatiz\u00e1cia Panasonic PACi NX_RAC vn\u00fatorn\u00e1 kazetov\u00e1 MINI 25PY3E 2,5kW - KLIMAVEX GROUP - Slovensko","isPartOf":{"@id":"https:\/\/klimavex.eu\/sk\/#website"},"datePublished":"2026-04-24T20:51:57+00:00","dateModified":"2026-04-24T20:52:52+00:00","breadcrumb":{"@id":"https:\/\/klimavex.eu\/sk\/katalog\/klimatizacia-panasonic-paci-nx_rac-vnutorna-kazetova-mini-25py3e-25kw-2\/#breadcrumb"},"inLanguage":"sk-SK","potentialAction":[{"@type":"ReadAction","target":["https:\/\/klimavex.eu\/sk\/katalog\/klimatizacia-panasonic-paci-nx_rac-vnutorna-kazetova-mini-25py3e-25kw-2\/"]}]},{"@type":"BreadcrumbList","@id":"https:\/\/klimavex.eu\/sk\/katalog\/klimatizacia-panasonic-paci-nx_rac-vnutorna-kazetova-mini-25py3e-25kw-2\/#breadcrumb","itemListElement":[{"@type":"ListItem","position":1,"name":"Domovsk\u00e1 str\u00e1nka","item":"https:\/\/klimavex.eu\/sk\/"},{"@type":"ListItem","position":2,"name":"Eshop","item":"https:\/\/klimavex.eu\/sk\/eshop\/"},{"@type":"ListItem","position":3,"name":"Klimatiz\u00e1cia Panasonic PACi NX_RAC vn\u00fatorn\u00e1 kazetov\u00e1 MINI 25PY3E 2,5kW"}]},{"@type":"WebSite","@id":"https:\/\/klimavex.eu\/sk\/#website","url":"https:\/\/klimavex.eu\/sk\/","name":"KLIMAVEX GROUP - Slovensko","description":"","publisher":{"@id":"https:\/\/klimavex.eu\/sk\/#organization"},"alternateName":"KLIMAVEX a.s.","potentialAction":[{"@type":"SearchAction","target":{"@type":"EntryPoint","urlTemplate":"https:\/\/klimavex.eu\/sk\/?s={search_term_string}"},"query-input":{"@type":"PropertyValueSpecification","valueRequired":true,"valueName":"search_term_string"}}],"inLanguage":"sk-SK"},{"@type":"Organization","@id":"https:\/\/klimavex.eu\/sk\/#organization","name":"KLIMAVEX GROUP","alternateName":"KLIMAVEX a.s.","url":"https:\/\/klimavex.eu\/sk\/","logo":{"@type":"ImageObject","inLanguage":"sk-SK","@id":"https:\/\/klimavex.eu\/sk\/#\/schema\/logo\/image\/","url":"https:\/\/klimavex.eu\/sk\/wp-content\/uploads\/2024\/04\/Klimavex-Group-logo.png","contentUrl":"https:\/\/klimavex.eu\/sk\/wp-content\/uploads\/2024\/04\/Klimavex-Group-logo.png","width":1681,"height":472,"caption":"KLIMAVEX GROUP"},"image":{"@id":"https:\/\/klimavex.eu\/sk\/#\/schema\/logo\/image\/"},"sameAs":["https:\/\/www.facebook.com\/klimavex","https:\/\/www.instagram.com\/klimavex_sk\/"]}]}},"_links":{"self":[{"href":"https:\/\/klimavex.eu\/sk\/wp-json\/wp\/v2\/product\/508717","targetHints":{"allow":["GET"]}}],"collection":[{"href":"https:\/\/klimavex.eu\/sk\/wp-json\/wp\/v2\/product"}],"about":[{"href":"https:\/\/klimavex.eu\/sk\/wp-json\/wp\/v2\/types\/product"}],"version-history":[{"count":0,"href":"https:\/\/klimavex.eu\/sk\/wp-json\/wp\/v2\/product\/508717\/revisions"}],"wp:attachment":[{"href":"https:\/\/klimavex.eu\/sk\/wp-json\/wp\/v2\/media?parent=508717"}],"wp:term":[{"taxonomy":"product_cat","embeddable":true,"href":"https:\/\/klimavex.eu\/sk\/wp-json\/wp\/v2\/product_cat?post=508717"},{"taxonomy":"product_tag","embeddable":true,"href":"https:\/\/klimavex.eu\/sk\/wp-json\/wp\/v2\/product_tag?post=508717"}],"curies":[{"name":"wp","href":"https:\/\/api.w.org\/{rel}","templated":true}]}}