{"id":508719,"date":"2026-04-27T22:52:49","date_gmt":"2026-04-27T20:52:49","guid":{"rendered":"https:\/\/klimavex.eu\/sk\/katalog\/klimatizacia-panasonic-paci-nx_rac-vnutorna-kazetova-mini-36py3e-35kw-2\/"},"modified":"2026-04-27T22:53:32","modified_gmt":"2026-04-27T20:53:32","slug":"klimatizacia-panasonic-paci-nx_rac-vnutorna-kazetova-mini-36py3e-35kw-2","status":"publish","type":"product","link":"https:\/\/klimavex.eu\/sk\/katalog\/klimatizacia-panasonic-paci-nx_rac-vnutorna-kazetova-mini-36py3e-35kw-2\/","title":{"rendered":"Klimatiz\u00e1cia Panasonic PACi NX_RAC vn\u00fatorn\u00e1 kazetov\u00e1 MINI 36PY3E 3,5kW"},"content":{"rendered":"<p style=\"text-align:justify\"><span style=\"font-size:11pt\"><span style=\"font-family:Calibri,sans-serif\"><strong>K\u013e&uacute;\u010dov&eacute; vlastnosti<\/strong><\/span><\/span><\/p>\n<ul>\n<li style=\"text-align: justify;\"><span style=\"font-size:11pt\"><span style=\"font-family:Calibri,sans-serif\">Od 2,0 kW do 6,0 kW (5 v&yacute;konov&yacute;ch variant)<\/span><\/span><\/li>\n<li style=\"text-align: justify;\"><span style=\"font-size:11pt\"><span style=\"font-family:Calibri,sans-serif\">Energetick&aacute; &uacute;\u010dinnos\u0165 A++ v re\u017eime chladenia a k&uacute;renia<\/span><\/span><\/li>\n<li style=\"text-align: justify;\"><span style=\"font-size:11pt\"><span style=\"font-family:Calibri,sans-serif\">Vstavan&eacute; \u010derpadlo kondenz&aacute;tu<\/span><\/span><\/li>\n<li style=\"text-align: justify;\"><span style=\"font-size:11pt\"><span style=\"font-family:Calibri,sans-serif\">Jednosmern&eacute; \u010derpadlo kondenz&aacute;tu s plav&aacute;kov&yacute;m sp&iacute;na\u010dom pre zn&iacute;\u017eenie hluku<\/span><\/span><\/li>\n<li style=\"text-align: justify;\"><span style=\"font-size:11pt\"><span style=\"font-family:Calibri,sans-serif\">Technol&oacute;gia nanoe&trade; X pre neust&aacute;le zlep&scaron;ovanie ochrany zdravia v interi&eacute;ri, a to v\u010faka gener&aacute;toru nanoe&trade; X Mark 2, ktor&yacute; produkuje a\u017e 9,6 bili&oacute;nov hydroxylov&yacute;ch radik&aacute;lov za sekundu, ktor&eacute; ni\u010dia &scaron;kodliv&eacute; l&aacute;tky<\/span><\/span><\/li>\n<li style=\"text-align: justify;\"><span style=\"font-size:11pt\"><span style=\"font-family:Calibri,sans-serif\">Ovl&aacute;danie jednotliv&yacute;ch vzduchov&yacute;ch klapiek &ndash; lep&scaron;ie ovl&aacute;danie prietoku vzduchu v\u010faka 2 motorom klapiek<\/span><\/span><\/li>\n<li style=\"text-align: justify;\"><span style=\"font-size:11pt\"><span style=\"font-family:Calibri,sans-serif\">H\u013abka stropnej in&scaron;tal&aacute;cie len 243 mm. Odhalen&aacute; \u010das\u0165 len 30 mm<\/span><\/span><\/li>\n<li style=\"text-align: justify;\"><span style=\"font-size:11pt\"><span style=\"font-family:Calibri,sans-serif\">Volite\u013en&eacute; ovl&aacute;danie cez Wi-Fi prostredn&iacute;ctvom aplik&aacute;cie Panasonic Comfort Cloud (vy\u017eaduje CZ-TACG1) a ovl&aacute;danie hlasom<\/span><\/span><\/li>\n<li style=\"text-align: justify;\"><span style=\"font-size:11pt\"><span style=\"font-family:Calibri,sans-serif\">Ekologick&eacute; chladivo R32<\/span><\/span><\/li>\n<li style=\"text-align: justify;\"><span style=\"font-size:11pt\"><span style=\"font-family:Calibri,sans-serif\">Kompatibiln&yacute; s multisplit<\/span><\/span><\/li>\n<\/ul>\n","protected":false},"excerpt":{"rendered":"<p style=\"text-align:justify\"><span style=\"font-size:11pt\"><span style=\"font-family:Calibri,sans-serif\">Vn&uacute;torn&aacute; jednotka <strong>Panasonic kazetovej klimatiz&aacute;cie pre multisplit <\/strong>aplik&aacute;cie je &scaron;peci&aacute;lne navrhnut&aacute; pre dom&aacute;cnosti, kancel&aacute;rie, maloobchody a re&scaron;taur&aacute;cie. T&aacute;to kompaktn&aacute; kazetov&aacute; jednotka sa dokonale hod&iacute; <strong>do stropn&yacute;ch mrie\u017eok s rozmermi 60&#215;60 cm<\/strong>.<\/span><\/span><\/p>\n","protected":false},"featured_media":0,"template":"","meta":[],"product_cat":[196,198,403,343,195,734],"product_tag":[],"class_list":{"0":"post-508719","1":"product","2":"type-product","3":"status-publish","5":"product_cat-podla-znacky","6":"product_cat-podla-typu","7":"product_cat-panasonic-podla-znacky","8":"product_cat-multisplity","9":"product_cat-klimatizacie","10":"product_cat-multisplit-panasonic-podla-znacky","11":"pa_chladiaci-vykon-3464","12":"pa_farba-vnutornej-jednotky-biela","13":"pa_filtracia-vzduchu-nanoex","14":"pa_hlucnost-vnutornej-jednotky-3356","15":"pa_multisplit-vnutorna-kazeta-35","16":"pa_prevedenie-multisplit-vnutorna","17":"pa_typ-chladiva-r32","18":"pa_vykonovy-model-3344","19":"pa_vykurovaci-vykon-3615","20":"pa_wifi-ovladanie-volitelne","21":"pa_znacka-panasonic","23":"first","24":"instock","25":"taxable","26":"shipping-taxable","27":"purchasable","28":"product-type-simple"},"yoast_head":"<!-- This site is optimized with the Yoast SEO plugin v23.9 - https:\/\/yoast.com\/wordpress\/plugins\/seo\/ -->\n<title>Klimatiz\u00e1cia Panasonic PACi NX_RAC vn\u00fatorn\u00e1 kazetov\u00e1 MINI 36PY3E 3,5kW - KLIMAVEX GROUP - Slovensko<\/title>\n<meta name=\"robots\" content=\"index, follow, max-snippet:-1, max-image-preview:large, max-video-preview:-1\" \/>\n<link rel=\"canonical\" href=\"https:\/\/klimavex.eu\/sk\/katalog\/klimatizacia-panasonic-paci-nx_rac-vnutorna-kazetova-mini-36py3e-35kw-2\/\" \/>\n<meta property=\"og:locale\" content=\"sk_SK\" \/>\n<meta property=\"og:type\" content=\"article\" \/>\n<meta property=\"og:title\" content=\"Klimatiz\u00e1cia Panasonic PACi NX_RAC vn\u00fatorn\u00e1 kazetov\u00e1 MINI 36PY3E 3,5kW - KLIMAVEX GROUP - Slovensko\" \/>\n<meta property=\"og:description\" content=\"Vn&uacute;torn&aacute; jednotka Panasonic kazetovej klimatiz&aacute;cie pre multisplit aplik&aacute;cie je &scaron;peci&aacute;lne navrhnut&aacute; pre dom&aacute;cnosti, kancel&aacute;rie, maloobchody a re&scaron;taur&aacute;cie. T&aacute;to kompaktn&aacute; kazetov&aacute; jednotka sa dokonale hod&iacute; do stropn&yacute;ch mrie\u017eok s rozmermi 60x60 cm.\" \/>\n<meta property=\"og:url\" content=\"https:\/\/klimavex.eu\/sk\/katalog\/klimatizacia-panasonic-paci-nx_rac-vnutorna-kazetova-mini-36py3e-35kw-2\/\" \/>\n<meta property=\"og:site_name\" content=\"KLIMAVEX GROUP - Slovensko\" \/>\n<meta property=\"article:publisher\" content=\"https:\/\/www.facebook.com\/klimavex\" \/>\n<meta property=\"article:modified_time\" content=\"2026-04-27T20:53:32+00:00\" \/>\n<meta property=\"og:image\" content=\"https:\/\/klimavex.eu\/sk\/wp-content\/uploads\/2024\/02\/LOGO-KLIMAVEX-modra-kostka-1.png\" \/>\n\t<meta property=\"og:image:width\" content=\"9184\" \/>\n\t<meta property=\"og:image:height\" content=\"9184\" \/>\n\t<meta property=\"og:image:type\" content=\"image\/png\" \/>\n<meta name=\"twitter:card\" content=\"summary_large_image\" \/>\n<meta name=\"twitter:label1\" content=\"Predpokladan\u00fd \u010das \u010d\u00edtania\" \/>\n\t<meta name=\"twitter:data1\" content=\"1 min\u00fata\" \/>\n<script type=\"application\/ld+json\" class=\"yoast-schema-graph\">{\"@context\":\"https:\/\/schema.org\",\"@graph\":[{\"@type\":\"WebPage\",\"@id\":\"https:\/\/klimavex.eu\/sk\/katalog\/klimatizacia-panasonic-paci-nx_rac-vnutorna-kazetova-mini-36py3e-35kw-2\/\",\"url\":\"https:\/\/klimavex.eu\/sk\/katalog\/klimatizacia-panasonic-paci-nx_rac-vnutorna-kazetova-mini-36py3e-35kw-2\/\",\"name\":\"Klimatiz\u00e1cia Panasonic PACi NX_RAC vn\u00fatorn\u00e1 kazetov\u00e1 MINI 36PY3E 3,5kW - KLIMAVEX GROUP - Slovensko\",\"isPartOf\":{\"@id\":\"https:\/\/klimavex.eu\/sk\/#website\"},\"datePublished\":\"2026-04-27T20:52:49+00:00\",\"dateModified\":\"2026-04-27T20:53:32+00:00\",\"breadcrumb\":{\"@id\":\"https:\/\/klimavex.eu\/sk\/katalog\/klimatizacia-panasonic-paci-nx_rac-vnutorna-kazetova-mini-36py3e-35kw-2\/#breadcrumb\"},\"inLanguage\":\"sk-SK\",\"potentialAction\":[{\"@type\":\"ReadAction\",\"target\":[\"https:\/\/klimavex.eu\/sk\/katalog\/klimatizacia-panasonic-paci-nx_rac-vnutorna-kazetova-mini-36py3e-35kw-2\/\"]}]},{\"@type\":\"BreadcrumbList\",\"@id\":\"https:\/\/klimavex.eu\/sk\/katalog\/klimatizacia-panasonic-paci-nx_rac-vnutorna-kazetova-mini-36py3e-35kw-2\/#breadcrumb\",\"itemListElement\":[{\"@type\":\"ListItem\",\"position\":1,\"name\":\"Domovsk\u00e1 str\u00e1nka\",\"item\":\"https:\/\/klimavex.eu\/sk\/\"},{\"@type\":\"ListItem\",\"position\":2,\"name\":\"Eshop\",\"item\":\"https:\/\/klimavex.eu\/sk\/eshop\/\"},{\"@type\":\"ListItem\",\"position\":3,\"name\":\"Klimatiz\u00e1cia Panasonic PACi NX_RAC vn\u00fatorn\u00e1 kazetov\u00e1 MINI 36PY3E 3,5kW\"}]},{\"@type\":\"WebSite\",\"@id\":\"https:\/\/klimavex.eu\/sk\/#website\",\"url\":\"https:\/\/klimavex.eu\/sk\/\",\"name\":\"KLIMAVEX GROUP - Slovensko\",\"description\":\"\",\"publisher\":{\"@id\":\"https:\/\/klimavex.eu\/sk\/#organization\"},\"alternateName\":\"KLIMAVEX a.s.\",\"potentialAction\":[{\"@type\":\"SearchAction\",\"target\":{\"@type\":\"EntryPoint\",\"urlTemplate\":\"https:\/\/klimavex.eu\/sk\/?s={search_term_string}\"},\"query-input\":{\"@type\":\"PropertyValueSpecification\",\"valueRequired\":true,\"valueName\":\"search_term_string\"}}],\"inLanguage\":\"sk-SK\"},{\"@type\":\"Organization\",\"@id\":\"https:\/\/klimavex.eu\/sk\/#organization\",\"name\":\"KLIMAVEX GROUP\",\"alternateName\":\"KLIMAVEX a.s.\",\"url\":\"https:\/\/klimavex.eu\/sk\/\",\"logo\":{\"@type\":\"ImageObject\",\"inLanguage\":\"sk-SK\",\"@id\":\"https:\/\/klimavex.eu\/sk\/#\/schema\/logo\/image\/\",\"url\":\"https:\/\/klimavex.eu\/sk\/wp-content\/uploads\/2024\/04\/Klimavex-Group-logo.png\",\"contentUrl\":\"https:\/\/klimavex.eu\/sk\/wp-content\/uploads\/2024\/04\/Klimavex-Group-logo.png\",\"width\":1681,\"height\":472,\"caption\":\"KLIMAVEX GROUP\"},\"image\":{\"@id\":\"https:\/\/klimavex.eu\/sk\/#\/schema\/logo\/image\/\"},\"sameAs\":[\"https:\/\/www.facebook.com\/klimavex\",\"https:\/\/www.instagram.com\/klimavex_sk\/\"]}]}<\/script>\n<!-- \/ Yoast SEO plugin. -->","yoast_head_json":{"title":"Klimatiz\u00e1cia Panasonic PACi NX_RAC vn\u00fatorn\u00e1 kazetov\u00e1 MINI 36PY3E 3,5kW - KLIMAVEX GROUP - Slovensko","robots":{"index":"index","follow":"follow","max-snippet":"max-snippet:-1","max-image-preview":"max-image-preview:large","max-video-preview":"max-video-preview:-1"},"canonical":"https:\/\/klimavex.eu\/sk\/katalog\/klimatizacia-panasonic-paci-nx_rac-vnutorna-kazetova-mini-36py3e-35kw-2\/","og_locale":"sk_SK","og_type":"article","og_title":"Klimatiz\u00e1cia Panasonic PACi NX_RAC vn\u00fatorn\u00e1 kazetov\u00e1 MINI 36PY3E 3,5kW - KLIMAVEX GROUP - Slovensko","og_description":"Vn&uacute;torn&aacute; jednotka Panasonic kazetovej klimatiz&aacute;cie pre multisplit aplik&aacute;cie je &scaron;peci&aacute;lne navrhnut&aacute; pre dom&aacute;cnosti, kancel&aacute;rie, maloobchody a re&scaron;taur&aacute;cie. T&aacute;to kompaktn&aacute; kazetov&aacute; jednotka sa dokonale hod&iacute; do stropn&yacute;ch mrie\u017eok s rozmermi 60x60 cm.","og_url":"https:\/\/klimavex.eu\/sk\/katalog\/klimatizacia-panasonic-paci-nx_rac-vnutorna-kazetova-mini-36py3e-35kw-2\/","og_site_name":"KLIMAVEX GROUP - Slovensko","article_publisher":"https:\/\/www.facebook.com\/klimavex","article_modified_time":"2026-04-27T20:53:32+00:00","og_image":[{"width":9184,"height":9184,"url":"https:\/\/klimavex.eu\/sk\/wp-content\/uploads\/2024\/02\/LOGO-KLIMAVEX-modra-kostka-1.png","type":"image\/png"}],"twitter_card":"summary_large_image","twitter_misc":{"Predpokladan\u00fd \u010das \u010d\u00edtania":"1 min\u00fata"},"schema":{"@context":"https:\/\/schema.org","@graph":[{"@type":"WebPage","@id":"https:\/\/klimavex.eu\/sk\/katalog\/klimatizacia-panasonic-paci-nx_rac-vnutorna-kazetova-mini-36py3e-35kw-2\/","url":"https:\/\/klimavex.eu\/sk\/katalog\/klimatizacia-panasonic-paci-nx_rac-vnutorna-kazetova-mini-36py3e-35kw-2\/","name":"Klimatiz\u00e1cia Panasonic PACi NX_RAC vn\u00fatorn\u00e1 kazetov\u00e1 MINI 36PY3E 3,5kW - KLIMAVEX GROUP - Slovensko","isPartOf":{"@id":"https:\/\/klimavex.eu\/sk\/#website"},"datePublished":"2026-04-27T20:52:49+00:00","dateModified":"2026-04-27T20:53:32+00:00","breadcrumb":{"@id":"https:\/\/klimavex.eu\/sk\/katalog\/klimatizacia-panasonic-paci-nx_rac-vnutorna-kazetova-mini-36py3e-35kw-2\/#breadcrumb"},"inLanguage":"sk-SK","potentialAction":[{"@type":"ReadAction","target":["https:\/\/klimavex.eu\/sk\/katalog\/klimatizacia-panasonic-paci-nx_rac-vnutorna-kazetova-mini-36py3e-35kw-2\/"]}]},{"@type":"BreadcrumbList","@id":"https:\/\/klimavex.eu\/sk\/katalog\/klimatizacia-panasonic-paci-nx_rac-vnutorna-kazetova-mini-36py3e-35kw-2\/#breadcrumb","itemListElement":[{"@type":"ListItem","position":1,"name":"Domovsk\u00e1 str\u00e1nka","item":"https:\/\/klimavex.eu\/sk\/"},{"@type":"ListItem","position":2,"name":"Eshop","item":"https:\/\/klimavex.eu\/sk\/eshop\/"},{"@type":"ListItem","position":3,"name":"Klimatiz\u00e1cia Panasonic PACi NX_RAC vn\u00fatorn\u00e1 kazetov\u00e1 MINI 36PY3E 3,5kW"}]},{"@type":"WebSite","@id":"https:\/\/klimavex.eu\/sk\/#website","url":"https:\/\/klimavex.eu\/sk\/","name":"KLIMAVEX GROUP - Slovensko","description":"","publisher":{"@id":"https:\/\/klimavex.eu\/sk\/#organization"},"alternateName":"KLIMAVEX a.s.","potentialAction":[{"@type":"SearchAction","target":{"@type":"EntryPoint","urlTemplate":"https:\/\/klimavex.eu\/sk\/?s={search_term_string}"},"query-input":{"@type":"PropertyValueSpecification","valueRequired":true,"valueName":"search_term_string"}}],"inLanguage":"sk-SK"},{"@type":"Organization","@id":"https:\/\/klimavex.eu\/sk\/#organization","name":"KLIMAVEX GROUP","alternateName":"KLIMAVEX a.s.","url":"https:\/\/klimavex.eu\/sk\/","logo":{"@type":"ImageObject","inLanguage":"sk-SK","@id":"https:\/\/klimavex.eu\/sk\/#\/schema\/logo\/image\/","url":"https:\/\/klimavex.eu\/sk\/wp-content\/uploads\/2024\/04\/Klimavex-Group-logo.png","contentUrl":"https:\/\/klimavex.eu\/sk\/wp-content\/uploads\/2024\/04\/Klimavex-Group-logo.png","width":1681,"height":472,"caption":"KLIMAVEX GROUP"},"image":{"@id":"https:\/\/klimavex.eu\/sk\/#\/schema\/logo\/image\/"},"sameAs":["https:\/\/www.facebook.com\/klimavex","https:\/\/www.instagram.com\/klimavex_sk\/"]}]}},"_links":{"self":[{"href":"https:\/\/klimavex.eu\/sk\/wp-json\/wp\/v2\/product\/508719","targetHints":{"allow":["GET"]}}],"collection":[{"href":"https:\/\/klimavex.eu\/sk\/wp-json\/wp\/v2\/product"}],"about":[{"href":"https:\/\/klimavex.eu\/sk\/wp-json\/wp\/v2\/types\/product"}],"version-history":[{"count":0,"href":"https:\/\/klimavex.eu\/sk\/wp-json\/wp\/v2\/product\/508719\/revisions"}],"wp:attachment":[{"href":"https:\/\/klimavex.eu\/sk\/wp-json\/wp\/v2\/media?parent=508719"}],"wp:term":[{"taxonomy":"product_cat","embeddable":true,"href":"https:\/\/klimavex.eu\/sk\/wp-json\/wp\/v2\/product_cat?post=508719"},{"taxonomy":"product_tag","embeddable":true,"href":"https:\/\/klimavex.eu\/sk\/wp-json\/wp\/v2\/product_tag?post=508719"}],"curies":[{"name":"wp","href":"https:\/\/api.w.org\/{rel}","templated":true}]}}