{"id":511865,"date":"2026-04-13T14:03:05","date_gmt":"2026-04-13T12:03:05","guid":{"rendered":"https:\/\/klimavex.eu\/sk\/?post_type=product&#038;p=511865"},"modified":"2026-04-13T14:03:12","modified_gmt":"2026-04-13T12:03:12","slug":"klimatizacia-xiaomi-split-nastenna-mijia-eco-a-12-r32-230v-37kw","status":"publish","type":"product","link":"https:\/\/klimavex.eu\/sk\/katalog\/klimatizacia-xiaomi-split-nastenna-mijia-eco-a-12-r32-230v-37kw\/","title":{"rendered":"Klimatiz\u00e1cia Xiaomi split n\u00e1stenn\u00e1 MIJIA ECO A 12 R32 230V 3,7kW"},"content":{"rendered":"<p style=\"text-align: justify;\"><strong>K\u013e\u00fa\u010dov\u00e9 vlastnosti<\/strong><\/p>\n<ul>\n<li style=\"text-align: justify;\">Tich\u00e1 prev\u00e1dzka \u2013 od 20 dB(A)<\/li>\n<li style=\"text-align: justify;\">Tich\u00fd re\u017eim, re\u017eim sp\u00e1nku, re\u017eim turbo, re\u017eim odmrazovania a odvlh\u010dovania<\/li>\n<li style=\"text-align: justify;\">Vysok\u00e1 energetick\u00e1 \u00fa\u010dinnos\u0165 A++<\/li>\n<li style=\"text-align: justify;\">Rozsah chladenia a\u017e do 60 \u00b0C vonkaj\u0161ej teploty<\/li>\n<li style=\"text-align: justify;\">Rozsah vykurovania a\u017e do -20 \u00b0C vonkaj\u0161ej teploty<\/li>\n<li style=\"text-align: justify;\">R\u00fdchle chladenie (do 30 s) a ohrev (do 60 s)<\/li>\n<li style=\"text-align: justify;\">AI re\u017eim \u00faspory energie (a\u017e o 27 % ni\u017e\u0161ia spotreba)<\/li>\n<li style=\"text-align: justify;\">Hlasov\u00e9 ovl\u00e1danie (Google Assistant)<\/li>\n<li style=\"text-align: justify;\">Funkcia Auto-clean<\/li>\n<li style=\"text-align: justify;\">Temper\u00e1cia na 8 \u00b0C<\/li>\n<li style=\"text-align: justify;\">Automatick\u00fd re\u0161tart<\/li>\n<li style=\"text-align: justify;\">Wi-Fi ovl\u00e1danie a aplik\u00e1cie Xiaomi Home<\/li>\n<\/ul>\n","protected":false},"excerpt":{"rendered":"<p style=\"text-align: justify;\"><strong>Xiaomi Mijia Eco <\/strong>je n\u00e1stenn\u00e1 split klimatiz\u00e1cia, ktor\u00e1 kombinuje <strong>modern\u00fd dizajn<\/strong>, <strong>r\u00fdchly n\u00e1beh v\u00fdkonu a<\/strong> <strong>inteligentn\u00e9 riadenie spotreby<\/strong>. Oproti be\u017en\u00fdm jednotk\u00e1m prin\u00e1\u0161a vy\u0161\u0161\u00ed u\u017e\u00edvate\u013esk\u00fd komfort v\u010faka <strong>AI optimaliz\u00e1cii prev\u00e1dzky <\/strong>a plnej integr\u00e1cii do ekosyst\u00e9mu chytrej dom\u00e1cnosti <strong>Xiaomi Home<\/strong>. Umo\u017e\u0148uje vykurova\u0165 a\u017e do <strong>-20 \u00b0C <\/strong>vonkaj\u0161ej teploty. V\u010faka v\u00fdbornej energetickej \u00fa\u010dinnosti <strong>A++ <\/strong>a optimaliz\u00e1cii v\u00fdkonu v re\u00e1lnom \u010dase predstavuje ide\u00e1lne rie\u0161enie pre modern\u00e9 in\u0161tal\u00e1cie s d\u00f4razom na \u00fasporu energie a komfort pou\u017e\u00edvate\u013ea.<\/p>\n","protected":false},"featured_media":511946,"template":"","meta":[],"product_cat":[6805,196,198,199,6776,195],"product_tag":[],"class_list":{"0":"post-511865","1":"product","2":"type-product","3":"status-publish","4":"has-post-thumbnail","6":"product_cat-nastenne-mijia-eco-a","7":"product_cat-podla-znacky","8":"product_cat-podla-typu","9":"product_cat-nastenne","10":"product_cat-xiaomi","11":"product_cat-klimatizacie","12":"pa_chlad-do-von-tep-c-18c","13":"pa_chladiaci-vykon-6797","14":"pa_energeticka-trieda-scop-40-a","15":"pa_energeticka-trieda-seer-63-a","16":"pa_farba-vnutornej-jednotky-biela-matna","17":"pa_hlucnost-vnutornej-jednotky-3350","18":"pa_napajanie-1f-230v","19":"pa_prevedenie-nastenny-split","20":"pa_prikon-chladenie-3724","21":"pa_prikon-vykurovanie-6803","22":"pa_typ-chladiva-r32","23":"pa_vyk-do-von-tepl-c-20c","24":"pa_vykonovy-model-3344","25":"pa_vykurovaci-vykon-3642","26":"pa_wifi-ovladanie-zabudovane","27":"pa_znacka-xiaomi","29":"first","30":"instock","31":"taxable","32":"shipping-taxable","33":"purchasable","34":"product-type-simple"},"yoast_head":"<!-- This site is optimized with the Yoast SEO plugin v23.9 - https:\/\/yoast.com\/wordpress\/plugins\/seo\/ -->\n<title>Klimatiz\u00e1cia Xiaomi split n\u00e1stenn\u00e1 MIJIA ECO A 12 R32 230V 3,7kW - KLIMAVEX GROUP - Slovensko<\/title>\n<meta name=\"robots\" content=\"index, follow, max-snippet:-1, max-image-preview:large, max-video-preview:-1\" \/>\n<link rel=\"canonical\" href=\"https:\/\/klimavex.eu\/sk\/?post_type=product&p=511865\" \/>\n<meta property=\"og:locale\" content=\"sk_SK\" \/>\n<meta property=\"og:type\" content=\"article\" \/>\n<meta property=\"og:title\" content=\"Klimatiz\u00e1cia Xiaomi split n\u00e1stenn\u00e1 MIJIA ECO A 12 R32 230V 3,7kW - KLIMAVEX GROUP - Slovensko\" \/>\n<meta property=\"og:description\" content=\"Xiaomi Mijia Eco je n\u00e1stenn\u00e1 split klimatiz\u00e1cia, ktor\u00e1 kombinuje modern\u00fd dizajn, r\u00fdchly n\u00e1beh v\u00fdkonu a inteligentn\u00e9 riadenie spotreby. Oproti be\u017en\u00fdm jednotk\u00e1m prin\u00e1\u0161a vy\u0161\u0161\u00ed u\u017e\u00edvate\u013esk\u00fd komfort v\u010faka AI optimaliz\u00e1cii prev\u00e1dzky a plnej integr\u00e1cii do ekosyst\u00e9mu chytrej dom\u00e1cnosti Xiaomi Home. Umo\u017e\u0148uje vykurova\u0165 a\u017e do -20 \u00b0C vonkaj\u0161ej teploty. V\u010faka v\u00fdbornej energetickej \u00fa\u010dinnosti A++ a optimaliz\u00e1cii v\u00fdkonu v re\u00e1lnom \u010dase predstavuje ide\u00e1lne rie\u0161enie pre modern\u00e9 in\u0161tal\u00e1cie s d\u00f4razom na \u00fasporu energie a komfort pou\u017e\u00edvate\u013ea.\" \/>\n<meta property=\"og:url\" content=\"https:\/\/klimavex.eu\/sk\/?post_type=product&amp;p=511865\" \/>\n<meta property=\"og:site_name\" content=\"KLIMAVEX GROUP - Slovensko\" \/>\n<meta property=\"article:publisher\" content=\"https:\/\/www.facebook.com\/klimavex\" \/>\n<meta property=\"article:modified_time\" content=\"2026-04-13T12:03:12+00:00\" \/>\n<meta property=\"og:image\" content=\"https:\/\/klimavex.eu\/sk\/wp-content\/uploads\/2024\/02\/LOGO-KLIMAVEX-modra-kostka-1.png\" \/>\n\t<meta property=\"og:image:width\" content=\"9184\" \/>\n\t<meta property=\"og:image:height\" content=\"9184\" \/>\n\t<meta property=\"og:image:type\" content=\"image\/png\" \/>\n<meta name=\"twitter:card\" content=\"summary_large_image\" \/>\n<script type=\"application\/ld+json\" class=\"yoast-schema-graph\">{\"@context\":\"https:\/\/schema.org\",\"@graph\":[{\"@type\":\"WebPage\",\"@id\":\"https:\/\/klimavex.eu\/sk\/?post_type=product&p=511865\",\"url\":\"https:\/\/klimavex.eu\/sk\/?post_type=product&p=511865\",\"name\":\"Klimatiz\u00e1cia Xiaomi split n\u00e1stenn\u00e1 MIJIA ECO A 12 R32 230V 3,7kW - KLIMAVEX GROUP - Slovensko\",\"isPartOf\":{\"@id\":\"https:\/\/klimavex.eu\/sk\/#website\"},\"primaryImageOfPage\":{\"@id\":\"https:\/\/klimavex.eu\/sk\/?post_type=product&p=511865#primaryimage\"},\"image\":{\"@id\":\"https:\/\/klimavex.eu\/sk\/?post_type=product&p=511865#primaryimage\"},\"thumbnailUrl\":\"https:\/\/klimavex.eu\/sk\/wp-content\/uploads\/2026\/04\/suhMCy_DG8_yCLGsSVfnlw_UCVvftXmxBj-H2R3QeuI.png\",\"datePublished\":\"2026-04-13T12:03:05+00:00\",\"dateModified\":\"2026-04-13T12:03:12+00:00\",\"breadcrumb\":{\"@id\":\"https:\/\/klimavex.eu\/sk\/?post_type=product&p=511865#breadcrumb\"},\"inLanguage\":\"sk-SK\",\"potentialAction\":[{\"@type\":\"ReadAction\",\"target\":[\"https:\/\/klimavex.eu\/sk\/?post_type=product&p=511865\"]}]},{\"@type\":\"ImageObject\",\"inLanguage\":\"sk-SK\",\"@id\":\"https:\/\/klimavex.eu\/sk\/?post_type=product&p=511865#primaryimage\",\"url\":\"https:\/\/klimavex.eu\/sk\/wp-content\/uploads\/2026\/04\/suhMCy_DG8_yCLGsSVfnlw_UCVvftXmxBj-H2R3QeuI.png\",\"contentUrl\":\"https:\/\/klimavex.eu\/sk\/wp-content\/uploads\/2026\/04\/suhMCy_DG8_yCLGsSVfnlw_UCVvftXmxBj-H2R3QeuI.png\",\"width\":512,\"height\":512},{\"@type\":\"BreadcrumbList\",\"@id\":\"https:\/\/klimavex.eu\/sk\/?post_type=product&p=511865#breadcrumb\",\"itemListElement\":[{\"@type\":\"ListItem\",\"position\":1,\"name\":\"Domovsk\u00e1 str\u00e1nka\",\"item\":\"https:\/\/klimavex.eu\/sk\/\"},{\"@type\":\"ListItem\",\"position\":2,\"name\":\"Eshop\",\"item\":\"https:\/\/klimavex.eu\/sk\/eshop\/\"},{\"@type\":\"ListItem\",\"position\":3,\"name\":\"Klimatiz\u00e1cia Xiaomi split n\u00e1stenn\u00e1 MIJIA ECO A 12 R32 230V 3,7kW\"}]},{\"@type\":\"WebSite\",\"@id\":\"https:\/\/klimavex.eu\/sk\/#website\",\"url\":\"https:\/\/klimavex.eu\/sk\/\",\"name\":\"KLIMAVEX GROUP - Slovensko\",\"description\":\"\",\"publisher\":{\"@id\":\"https:\/\/klimavex.eu\/sk\/#organization\"},\"alternateName\":\"KLIMAVEX a.s.\",\"potentialAction\":[{\"@type\":\"SearchAction\",\"target\":{\"@type\":\"EntryPoint\",\"urlTemplate\":\"https:\/\/klimavex.eu\/sk\/?s={search_term_string}\"},\"query-input\":{\"@type\":\"PropertyValueSpecification\",\"valueRequired\":true,\"valueName\":\"search_term_string\"}}],\"inLanguage\":\"sk-SK\"},{\"@type\":\"Organization\",\"@id\":\"https:\/\/klimavex.eu\/sk\/#organization\",\"name\":\"KLIMAVEX GROUP\",\"alternateName\":\"KLIMAVEX a.s.\",\"url\":\"https:\/\/klimavex.eu\/sk\/\",\"logo\":{\"@type\":\"ImageObject\",\"inLanguage\":\"sk-SK\",\"@id\":\"https:\/\/klimavex.eu\/sk\/#\/schema\/logo\/image\/\",\"url\":\"https:\/\/klimavex.eu\/sk\/wp-content\/uploads\/2024\/04\/Klimavex-Group-logo.png\",\"contentUrl\":\"https:\/\/klimavex.eu\/sk\/wp-content\/uploads\/2024\/04\/Klimavex-Group-logo.png\",\"width\":1681,\"height\":472,\"caption\":\"KLIMAVEX GROUP\"},\"image\":{\"@id\":\"https:\/\/klimavex.eu\/sk\/#\/schema\/logo\/image\/\"},\"sameAs\":[\"https:\/\/www.facebook.com\/klimavex\",\"https:\/\/www.instagram.com\/klimavex_sk\/\"]}]}<\/script>\n<!-- \/ Yoast SEO plugin. -->","yoast_head_json":{"title":"Klimatiz\u00e1cia Xiaomi split n\u00e1stenn\u00e1 MIJIA ECO A 12 R32 230V 3,7kW - KLIMAVEX GROUP - Slovensko","robots":{"index":"index","follow":"follow","max-snippet":"max-snippet:-1","max-image-preview":"max-image-preview:large","max-video-preview":"max-video-preview:-1"},"canonical":"https:\/\/klimavex.eu\/sk\/?post_type=product&p=511865","og_locale":"sk_SK","og_type":"article","og_title":"Klimatiz\u00e1cia Xiaomi split n\u00e1stenn\u00e1 MIJIA ECO A 12 R32 230V 3,7kW - KLIMAVEX GROUP - Slovensko","og_description":"Xiaomi Mijia Eco je n\u00e1stenn\u00e1 split klimatiz\u00e1cia, ktor\u00e1 kombinuje modern\u00fd dizajn, r\u00fdchly n\u00e1beh v\u00fdkonu a inteligentn\u00e9 riadenie spotreby. Oproti be\u017en\u00fdm jednotk\u00e1m prin\u00e1\u0161a vy\u0161\u0161\u00ed u\u017e\u00edvate\u013esk\u00fd komfort v\u010faka AI optimaliz\u00e1cii prev\u00e1dzky a plnej integr\u00e1cii do ekosyst\u00e9mu chytrej dom\u00e1cnosti Xiaomi Home. Umo\u017e\u0148uje vykurova\u0165 a\u017e do -20 \u00b0C vonkaj\u0161ej teploty. V\u010faka v\u00fdbornej energetickej \u00fa\u010dinnosti A++ a optimaliz\u00e1cii v\u00fdkonu v re\u00e1lnom \u010dase predstavuje ide\u00e1lne rie\u0161enie pre modern\u00e9 in\u0161tal\u00e1cie s d\u00f4razom na \u00fasporu energie a komfort pou\u017e\u00edvate\u013ea.","og_url":"https:\/\/klimavex.eu\/sk\/?post_type=product&p=511865","og_site_name":"KLIMAVEX GROUP - Slovensko","article_publisher":"https:\/\/www.facebook.com\/klimavex","article_modified_time":"2026-04-13T12:03:12+00:00","og_image":[{"width":9184,"height":9184,"url":"https:\/\/klimavex.eu\/sk\/wp-content\/uploads\/2024\/02\/LOGO-KLIMAVEX-modra-kostka-1.png","type":"image\/png"}],"twitter_card":"summary_large_image","schema":{"@context":"https:\/\/schema.org","@graph":[{"@type":"WebPage","@id":"https:\/\/klimavex.eu\/sk\/?post_type=product&p=511865","url":"https:\/\/klimavex.eu\/sk\/?post_type=product&p=511865","name":"Klimatiz\u00e1cia Xiaomi split n\u00e1stenn\u00e1 MIJIA ECO A 12 R32 230V 3,7kW - KLIMAVEX GROUP - Slovensko","isPartOf":{"@id":"https:\/\/klimavex.eu\/sk\/#website"},"primaryImageOfPage":{"@id":"https:\/\/klimavex.eu\/sk\/?post_type=product&p=511865#primaryimage"},"image":{"@id":"https:\/\/klimavex.eu\/sk\/?post_type=product&p=511865#primaryimage"},"thumbnailUrl":"https:\/\/klimavex.eu\/sk\/wp-content\/uploads\/2026\/04\/suhMCy_DG8_yCLGsSVfnlw_UCVvftXmxBj-H2R3QeuI.png","datePublished":"2026-04-13T12:03:05+00:00","dateModified":"2026-04-13T12:03:12+00:00","breadcrumb":{"@id":"https:\/\/klimavex.eu\/sk\/?post_type=product&p=511865#breadcrumb"},"inLanguage":"sk-SK","potentialAction":[{"@type":"ReadAction","target":["https:\/\/klimavex.eu\/sk\/?post_type=product&p=511865"]}]},{"@type":"ImageObject","inLanguage":"sk-SK","@id":"https:\/\/klimavex.eu\/sk\/?post_type=product&p=511865#primaryimage","url":"https:\/\/klimavex.eu\/sk\/wp-content\/uploads\/2026\/04\/suhMCy_DG8_yCLGsSVfnlw_UCVvftXmxBj-H2R3QeuI.png","contentUrl":"https:\/\/klimavex.eu\/sk\/wp-content\/uploads\/2026\/04\/suhMCy_DG8_yCLGsSVfnlw_UCVvftXmxBj-H2R3QeuI.png","width":512,"height":512},{"@type":"BreadcrumbList","@id":"https:\/\/klimavex.eu\/sk\/?post_type=product&p=511865#breadcrumb","itemListElement":[{"@type":"ListItem","position":1,"name":"Domovsk\u00e1 str\u00e1nka","item":"https:\/\/klimavex.eu\/sk\/"},{"@type":"ListItem","position":2,"name":"Eshop","item":"https:\/\/klimavex.eu\/sk\/eshop\/"},{"@type":"ListItem","position":3,"name":"Klimatiz\u00e1cia Xiaomi split n\u00e1stenn\u00e1 MIJIA ECO A 12 R32 230V 3,7kW"}]},{"@type":"WebSite","@id":"https:\/\/klimavex.eu\/sk\/#website","url":"https:\/\/klimavex.eu\/sk\/","name":"KLIMAVEX GROUP - Slovensko","description":"","publisher":{"@id":"https:\/\/klimavex.eu\/sk\/#organization"},"alternateName":"KLIMAVEX a.s.","potentialAction":[{"@type":"SearchAction","target":{"@type":"EntryPoint","urlTemplate":"https:\/\/klimavex.eu\/sk\/?s={search_term_string}"},"query-input":{"@type":"PropertyValueSpecification","valueRequired":true,"valueName":"search_term_string"}}],"inLanguage":"sk-SK"},{"@type":"Organization","@id":"https:\/\/klimavex.eu\/sk\/#organization","name":"KLIMAVEX GROUP","alternateName":"KLIMAVEX a.s.","url":"https:\/\/klimavex.eu\/sk\/","logo":{"@type":"ImageObject","inLanguage":"sk-SK","@id":"https:\/\/klimavex.eu\/sk\/#\/schema\/logo\/image\/","url":"https:\/\/klimavex.eu\/sk\/wp-content\/uploads\/2024\/04\/Klimavex-Group-logo.png","contentUrl":"https:\/\/klimavex.eu\/sk\/wp-content\/uploads\/2024\/04\/Klimavex-Group-logo.png","width":1681,"height":472,"caption":"KLIMAVEX GROUP"},"image":{"@id":"https:\/\/klimavex.eu\/sk\/#\/schema\/logo\/image\/"},"sameAs":["https:\/\/www.facebook.com\/klimavex","https:\/\/www.instagram.com\/klimavex_sk\/"]}]}},"_links":{"self":[{"href":"https:\/\/klimavex.eu\/sk\/wp-json\/wp\/v2\/product\/511865","targetHints":{"allow":["GET"]}}],"collection":[{"href":"https:\/\/klimavex.eu\/sk\/wp-json\/wp\/v2\/product"}],"about":[{"href":"https:\/\/klimavex.eu\/sk\/wp-json\/wp\/v2\/types\/product"}],"version-history":[{"count":0,"href":"https:\/\/klimavex.eu\/sk\/wp-json\/wp\/v2\/product\/511865\/revisions"}],"wp:featuredmedia":[{"embeddable":true,"href":"https:\/\/klimavex.eu\/sk\/wp-json\/wp\/v2\/media\/511946"}],"wp:attachment":[{"href":"https:\/\/klimavex.eu\/sk\/wp-json\/wp\/v2\/media?parent=511865"}],"wp:term":[{"taxonomy":"product_cat","embeddable":true,"href":"https:\/\/klimavex.eu\/sk\/wp-json\/wp\/v2\/product_cat?post=511865"},{"taxonomy":"product_tag","embeddable":true,"href":"https:\/\/klimavex.eu\/sk\/wp-json\/wp\/v2\/product_tag?post=511865"}],"curies":[{"name":"wp","href":"https:\/\/api.w.org\/{rel}","templated":true}]}}